{"id":7591,"date":"2023-10-20T12:35:40","date_gmt":"2023-10-20T10:35:40","guid":{"rendered":"https:\/\/molinspares.com\/reati-contro-la-pubblica-amministrazione\/"},"modified":"2025-06-19T22:57:10","modified_gmt":"2025-06-19T20:57:10","slug":"reati-contro-la-pubblica-amministrazione","status":"publish","type":"page","link":"https:\/\/molinspares.com\/it\/reati-contro-la-pubblica-amministrazione\/","title":{"rendered":"Reati contro la pubblica amministrazione"},"content":{"rendered":"\n<ul class=\"wp-block-list\">\n<li><strong>REATO DI PREOCCUPAZIONE<\/strong><strong> (artt. 404-406 PC): <\/strong>punisce quando un&#8217;autorit\u00e0 o un funzionario pubblico emette una decisione arbitraria con la consapevolezza della sua ingiustizia.<\/li>\n\n\n\n<li><strong>REATO DI ABBANDONO DELLA DESTINAZIONE<\/strong> <strong>(art. 407 PC):<\/strong> punisce l&#8217;autorit\u00e0 o il funzionario pubblico che abbandona la propria destinazione per non prevenire\/proseguire alcuni reati specifici <strong>.<\/strong> <\/li>\n\n\n\n<li><strong>REATO DI DISOBBEDIENZA E RIFIUTO DI ASSISTENZA<\/strong> <strong>(artt. 410-412 PC):<\/strong> punisce le autorit\u00e0 o i funzionari pubblici che rifiutano apertamente di rispettare le risoluzioni giudiziarie, le decisioni o gli ordini delle autorit\u00e0 superiori o che, essendo richiesti da un&#8217;autorit\u00e0 competente, non forniscono l&#8217;assistenza dovuta all&#8217;amministrazione della giustizia o di un altro servizio pubblico.<\/li>\n\n\n\n<li><strong>REATO DI INFEDELTA&#8217; NELLA CUSTODIA DEI DOCUMENTI E VIOLAZIONE DEL SEGRETO<\/strong> <strong>(artt. 413-48 PC):<\/strong> punisce le autorit\u00e0 o i funzionari pubblici che sottraggono, distruggono o rendono inutilizzabili i documenti la cui custodia \u00e8 loro affidata in ragione della loro posizione.<\/li>\n\n\n\n<li>Punisce anche le autorit\u00e0 o i funzionari pubblici che rivelano segreti o informazioni di cui sono a conoscenza in virt\u00f9 del loro ufficio o della loro posizione.<\/li>\n\n\n\n<li><strong>CRIMINE DI COHECHO<\/strong><strong> (artt. da 419 a 427 bis PC): <\/strong>si commette quando un&#8217;autorit\u00e0 o un funzionario pubblico, a beneficio proprio o di terzi, riceve o richiede doni, favori o retribuzioni di qualsiasi tipo in cambio del compimento o della promessa di atti contrari o non ai doveri della sua posizione, non eseguendoli o ritardandoli in modo ingiustificato o unicamente in considerazione della sua posizione o funzione.<\/li>\n\n\n\n<li>Anche il comportamento dell&#8217;individuo che fa tali offerte viene criminalizzato.<\/li>\n\n\n\n<li><strong>REATO DI TRAFFICO DI INFLUENZA<\/strong><strong> (artt. 428-431 CP): <\/strong>viene commesso quando un soggetto approfitta della sua superiorit\u00e0 gerarchica o di un rapporto personale per influenzare un&#8217;autorit\u00e0 o un funzionario pubblico a prendere una decisione che generer\u00e0 un vantaggio economico diretto o indiretto.<\/li>\n\n\n\n<li><strong>REATO DI USURA DI SOLDI PUBBLICI<\/strong><strong> (artt. 432-435 CP):<\/strong> punisce il funzionario o l&#8217;autorit\u00e0 pubblica che si appropria o permette ad altri di appropriarsi indebitamente di denaro pubblico o che, dopo averne disposto in modo legittimo, lo utilizza per scopi diversi da quelli per i quali era destinato.<strong><\/strong><\/li>\n<\/ul>\n","protected":false},"excerpt":{"rendered":"<p>Testo in evidenza lorem ipsum dolor sit amet, consectetuer adipiscing eli adipiscing elit.<\/p>\n","protected":false},"author":1,"featured_media":5964,"parent":0,"menu_order":49,"comment_status":"closed","ping_status":"closed","template":"","meta":{"footnotes":""},"categories":[159],"tags":[],"class_list":["post-7591","page","type-page","status-publish","has-post-thumbnail","hentry","category-difesa-penale"],"yoast_head":"<!-- This site is optimized with the Yoast SEO Premium plugin v26.1 (Yoast SEO v27.2) - https:\/\/yoast.com\/product\/yoast-seo-premium-wordpress\/ -->\n<title>Avvocati Appropriazione indebita Barcellona | Molins Par\u00e9s<\/title>\n<meta name=\"description\" content=\"Molins Par\u00e9s, esperti in reati contro la pubblica amministrazione. Consulti i nostri avvocati specializzati in appropriazione indebita a Barcellona.\" \/>\n<meta name=\"robots\" content=\"index, follow, max-snippet:-1, max-image-preview:large, max-video-preview:-1\" \/>\n<link rel=\"canonical\" href=\"https:\/\/molinspares.com\/it\/reati-contro-la-pubblica-amministrazione\/\" \/>\n<meta property=\"og:locale\" content=\"it_IT\" \/>\n<meta property=\"og:type\" content=\"article\" \/>\n<meta property=\"og:title\" content=\"Reati contro la pubblica amministrazione\" \/>\n<meta property=\"og:description\" content=\"Molins Par\u00e9s, esperti in reati contro la pubblica amministrazione. Consulti i nostri avvocati specializzati in appropriazione indebita a Barcellona.\" \/>\n<meta property=\"og:url\" content=\"https:\/\/molinspares.com\/it\/reati-contro-la-pubblica-amministrazione\/\" \/>\n<meta property=\"og:site_name\" content=\"Molins Par\u00e9s - Despacho de Abogados Penalistas en Barcelona | Excelencia y Privacidad\" \/>\n<meta property=\"article:publisher\" content=\"https:\/\/www.facebook.com\/profile.php?id=100067944420137\" \/>\n<meta property=\"article:modified_time\" content=\"2025-06-19T20:57:10+00:00\" \/>\n<meta property=\"og:image\" content=\"https:\/\/molinspares.com\/wp-content\/uploads\/Delitos-contra-el-patrimonio-y-contra-el-orden-socio-economico.jpg\" \/>\n\t<meta property=\"og:image:width\" content=\"600\" \/>\n\t<meta property=\"og:image:height\" content=\"900\" \/>\n\t<meta property=\"og:image:type\" content=\"image\/jpeg\" \/>\n<meta name=\"twitter:card\" content=\"summary_large_image\" \/>\n<meta name=\"twitter:label1\" content=\"Tempo di lettura stimato\" \/>\n\t<meta name=\"twitter:data1\" content=\"2 minuti\" \/>\n<script type=\"application\/ld+json\" class=\"yoast-schema-graph\">{\"@context\":\"https:\/\/schema.org\",\"@graph\":[{\"@type\":\"WebPage\",\"@id\":\"https:\/\/molinspares.com\/it\/reati-contro-la-pubblica-amministrazione\/\",\"url\":\"https:\/\/molinspares.com\/it\/reati-contro-la-pubblica-amministrazione\/\",\"name\":\"Avvocati Appropriazione indebita Barcellona | Molins Par\u00e9s\",\"isPartOf\":{\"@id\":\"https:\/\/molinspares.com\/it\/#website\"},\"primaryImageOfPage\":{\"@id\":\"https:\/\/molinspares.com\/it\/reati-contro-la-pubblica-amministrazione\/#primaryimage\"},\"image\":{\"@id\":\"https:\/\/molinspares.com\/it\/reati-contro-la-pubblica-amministrazione\/#primaryimage\"},\"thumbnailUrl\":\"https:\/\/molinspares.com\/wp-content\/uploads\/Delitos-contra-el-patrimonio-y-contra-el-orden-socio-economico.jpg\",\"datePublished\":\"2023-10-20T10:35:40+00:00\",\"dateModified\":\"2025-06-19T20:57:10+00:00\",\"description\":\"Molins Par\u00e9s, esperti in reati contro la pubblica amministrazione. Consulti i nostri avvocati specializzati in appropriazione indebita a Barcellona.\",\"breadcrumb\":{\"@id\":\"https:\/\/molinspares.com\/it\/reati-contro-la-pubblica-amministrazione\/#breadcrumb\"},\"inLanguage\":\"it-IT\",\"potentialAction\":[{\"@type\":\"ReadAction\",\"target\":[\"https:\/\/molinspares.com\/it\/reati-contro-la-pubblica-amministrazione\/\"]}]},{\"@type\":\"ImageObject\",\"inLanguage\":\"it-IT\",\"@id\":\"https:\/\/molinspares.com\/it\/reati-contro-la-pubblica-amministrazione\/#primaryimage\",\"url\":\"https:\/\/molinspares.com\/wp-content\/uploads\/Delitos-contra-el-patrimonio-y-contra-el-orden-socio-economico.jpg\",\"contentUrl\":\"https:\/\/molinspares.com\/wp-content\/uploads\/Delitos-contra-el-patrimonio-y-contra-el-orden-socio-economico.jpg\",\"width\":600,\"height\":900},{\"@type\":\"BreadcrumbList\",\"@id\":\"https:\/\/molinspares.com\/it\/reati-contro-la-pubblica-amministrazione\/#breadcrumb\",\"itemListElement\":[{\"@type\":\"ListItem\",\"position\":1,\"name\":\"Portada\",\"item\":\"https:\/\/molinspares.com\/it\/\"},{\"@type\":\"ListItem\",\"position\":2,\"name\":\"Reati contro la pubblica amministrazione\"}]},{\"@type\":\"WebSite\",\"@id\":\"https:\/\/molinspares.com\/it\/#website\",\"url\":\"https:\/\/molinspares.com\/it\/\",\"name\":\"Molins & Par\u00e9s - Despacho de Abogados Penalistas en Barcelona\",\"description\":\"En Molins &amp; Par\u00e9s somos especialistas en derecho penal. Garantizamos la privacidad del cliente y la m\u00e1xima excelencia en cada caso. \u00a1Cont\u00e1ctanos!\",\"publisher\":{\"@id\":\"https:\/\/molinspares.com\/it\/#organization\"},\"alternateName\":\"Molins & Par\u00e9s\",\"potentialAction\":[{\"@type\":\"SearchAction\",\"target\":{\"@type\":\"EntryPoint\",\"urlTemplate\":\"https:\/\/molinspares.com\/it\/?s={search_term_string}\"},\"query-input\":{\"@type\":\"PropertyValueSpecification\",\"valueRequired\":true,\"valueName\":\"search_term_string\"}}],\"inLanguage\":\"it-IT\"},{\"@type\":\"Organization\",\"@id\":\"https:\/\/molinspares.com\/it\/#organization\",\"name\":\"Molins & Par\u00e9s - Despacho de Abogados Penalistas en Barcelona\",\"alternateName\":\"Molins & Par\u00e9s\",\"url\":\"https:\/\/molinspares.com\/it\/\",\"logo\":{\"@type\":\"ImageObject\",\"inLanguage\":\"it-IT\",\"@id\":\"https:\/\/molinspares.com\/it\/#\/schema\/logo\/image\/\",\"url\":\"https:\/\/molinspares.com\/wp-content\/uploads\/logo_MolinsPares-2.jpg\",\"contentUrl\":\"https:\/\/molinspares.com\/wp-content\/uploads\/logo_MolinsPares-2.jpg\",\"width\":512,\"height\":512,\"caption\":\"Molins & Par\u00e9s - Despacho de Abogados Penalistas en Barcelona\"},\"image\":{\"@id\":\"https:\/\/molinspares.com\/it\/#\/schema\/logo\/image\/\"},\"sameAs\":[\"https:\/\/www.facebook.com\/profile.php?id=100067944420137\",\"https:\/\/www.linkedin.com\/in\/molins-pars-penal-compliance-44383b65\/\"],\"publishingPrinciples\":\"https:\/\/molinspares.com\/politica-privacidad\/\",\"ownershipFundingInfo\":\"https:\/\/molinspares.com\/politica-privacidad\/\",\"actionableFeedbackPolicy\":\"https:\/\/molinspares.com\/politica-privacidad\/\",\"correctionsPolicy\":\"https:\/\/molinspares.com\/politica-privacidad\/\",\"ethicsPolicy\":\"https:\/\/molinspares.com\/politica-privacidad\/\",\"diversityPolicy\":\"https:\/\/molinspares.com\/politica-privacidad\/\",\"diversityStaffingReport\":\"https:\/\/molinspares.com\/politica-privacidad\/\"}]}<\/script>\n<!-- \/ Yoast SEO Premium plugin. -->","yoast_head_json":{"title":"Avvocati Appropriazione indebita Barcellona | Molins Par\u00e9s","description":"Molins Par\u00e9s, esperti in reati contro la pubblica amministrazione. Consulti i nostri avvocati specializzati in appropriazione indebita a Barcellona.","robots":{"index":"index","follow":"follow","max-snippet":"max-snippet:-1","max-image-preview":"max-image-preview:large","max-video-preview":"max-video-preview:-1"},"canonical":"https:\/\/molinspares.com\/it\/reati-contro-la-pubblica-amministrazione\/","og_locale":"it_IT","og_type":"article","og_title":"Reati contro la pubblica amministrazione","og_description":"Molins Par\u00e9s, esperti in reati contro la pubblica amministrazione. Consulti i nostri avvocati specializzati in appropriazione indebita a Barcellona.","og_url":"https:\/\/molinspares.com\/it\/reati-contro-la-pubblica-amministrazione\/","og_site_name":"Molins Par\u00e9s - Despacho de Abogados Penalistas en Barcelona | Excelencia y Privacidad","article_publisher":"https:\/\/www.facebook.com\/profile.php?id=100067944420137","article_modified_time":"2025-06-19T20:57:10+00:00","og_image":[{"width":600,"height":900,"url":"https:\/\/molinspares.com\/wp-content\/uploads\/Delitos-contra-el-patrimonio-y-contra-el-orden-socio-economico.jpg","type":"image\/jpeg"}],"twitter_card":"summary_large_image","twitter_misc":{"Tempo di lettura stimato":"2 minuti"},"schema":{"@context":"https:\/\/schema.org","@graph":[{"@type":"WebPage","@id":"https:\/\/molinspares.com\/it\/reati-contro-la-pubblica-amministrazione\/","url":"https:\/\/molinspares.com\/it\/reati-contro-la-pubblica-amministrazione\/","name":"Avvocati Appropriazione indebita Barcellona | Molins Par\u00e9s","isPartOf":{"@id":"https:\/\/molinspares.com\/it\/#website"},"primaryImageOfPage":{"@id":"https:\/\/molinspares.com\/it\/reati-contro-la-pubblica-amministrazione\/#primaryimage"},"image":{"@id":"https:\/\/molinspares.com\/it\/reati-contro-la-pubblica-amministrazione\/#primaryimage"},"thumbnailUrl":"https:\/\/molinspares.com\/wp-content\/uploads\/Delitos-contra-el-patrimonio-y-contra-el-orden-socio-economico.jpg","datePublished":"2023-10-20T10:35:40+00:00","dateModified":"2025-06-19T20:57:10+00:00","description":"Molins Par\u00e9s, esperti in reati contro la pubblica amministrazione. Consulti i nostri avvocati specializzati in appropriazione indebita a Barcellona.","breadcrumb":{"@id":"https:\/\/molinspares.com\/it\/reati-contro-la-pubblica-amministrazione\/#breadcrumb"},"inLanguage":"it-IT","potentialAction":[{"@type":"ReadAction","target":["https:\/\/molinspares.com\/it\/reati-contro-la-pubblica-amministrazione\/"]}]},{"@type":"ImageObject","inLanguage":"it-IT","@id":"https:\/\/molinspares.com\/it\/reati-contro-la-pubblica-amministrazione\/#primaryimage","url":"https:\/\/molinspares.com\/wp-content\/uploads\/Delitos-contra-el-patrimonio-y-contra-el-orden-socio-economico.jpg","contentUrl":"https:\/\/molinspares.com\/wp-content\/uploads\/Delitos-contra-el-patrimonio-y-contra-el-orden-socio-economico.jpg","width":600,"height":900},{"@type":"BreadcrumbList","@id":"https:\/\/molinspares.com\/it\/reati-contro-la-pubblica-amministrazione\/#breadcrumb","itemListElement":[{"@type":"ListItem","position":1,"name":"Portada","item":"https:\/\/molinspares.com\/it\/"},{"@type":"ListItem","position":2,"name":"Reati contro la pubblica amministrazione"}]},{"@type":"WebSite","@id":"https:\/\/molinspares.com\/it\/#website","url":"https:\/\/molinspares.com\/it\/","name":"Molins & Par\u00e9s - Despacho de Abogados Penalistas en Barcelona","description":"En Molins &amp; Par\u00e9s somos especialistas en derecho penal. Garantizamos la privacidad del cliente y la m\u00e1xima excelencia en cada caso. \u00a1Cont\u00e1ctanos!","publisher":{"@id":"https:\/\/molinspares.com\/it\/#organization"},"alternateName":"Molins & Par\u00e9s","potentialAction":[{"@type":"SearchAction","target":{"@type":"EntryPoint","urlTemplate":"https:\/\/molinspares.com\/it\/?s={search_term_string}"},"query-input":{"@type":"PropertyValueSpecification","valueRequired":true,"valueName":"search_term_string"}}],"inLanguage":"it-IT"},{"@type":"Organization","@id":"https:\/\/molinspares.com\/it\/#organization","name":"Molins & Par\u00e9s - Despacho de Abogados Penalistas en Barcelona","alternateName":"Molins & Par\u00e9s","url":"https:\/\/molinspares.com\/it\/","logo":{"@type":"ImageObject","inLanguage":"it-IT","@id":"https:\/\/molinspares.com\/it\/#\/schema\/logo\/image\/","url":"https:\/\/molinspares.com\/wp-content\/uploads\/logo_MolinsPares-2.jpg","contentUrl":"https:\/\/molinspares.com\/wp-content\/uploads\/logo_MolinsPares-2.jpg","width":512,"height":512,"caption":"Molins & Par\u00e9s - Despacho de Abogados Penalistas en Barcelona"},"image":{"@id":"https:\/\/molinspares.com\/it\/#\/schema\/logo\/image\/"},"sameAs":["https:\/\/www.facebook.com\/profile.php?id=100067944420137","https:\/\/www.linkedin.com\/in\/molins-pars-penal-compliance-44383b65\/"],"publishingPrinciples":"https:\/\/molinspares.com\/politica-privacidad\/","ownershipFundingInfo":"https:\/\/molinspares.com\/politica-privacidad\/","actionableFeedbackPolicy":"https:\/\/molinspares.com\/politica-privacidad\/","correctionsPolicy":"https:\/\/molinspares.com\/politica-privacidad\/","ethicsPolicy":"https:\/\/molinspares.com\/politica-privacidad\/","diversityPolicy":"https:\/\/molinspares.com\/politica-privacidad\/","diversityStaffingReport":"https:\/\/molinspares.com\/politica-privacidad\/"}]}},"_links":{"self":[{"href":"https:\/\/molinspares.com\/it\/wp-json\/wp\/v2\/pages\/7591","targetHints":{"allow":["GET"]}}],"collection":[{"href":"https:\/\/molinspares.com\/it\/wp-json\/wp\/v2\/pages"}],"about":[{"href":"https:\/\/molinspares.com\/it\/wp-json\/wp\/v2\/types\/page"}],"author":[{"embeddable":true,"href":"https:\/\/molinspares.com\/it\/wp-json\/wp\/v2\/users\/1"}],"replies":[{"embeddable":true,"href":"https:\/\/molinspares.com\/it\/wp-json\/wp\/v2\/comments?post=7591"}],"version-history":[{"count":1,"href":"https:\/\/molinspares.com\/it\/wp-json\/wp\/v2\/pages\/7591\/revisions"}],"predecessor-version":[{"id":7593,"href":"https:\/\/molinspares.com\/it\/wp-json\/wp\/v2\/pages\/7591\/revisions\/7593"}],"wp:featuredmedia":[{"embeddable":true,"href":"https:\/\/molinspares.com\/it\/wp-json\/wp\/v2\/media\/5964"}],"wp:attachment":[{"href":"https:\/\/molinspares.com\/it\/wp-json\/wp\/v2\/media?parent=7591"}],"wp:term":[{"taxonomy":"category","embeddable":true,"href":"https:\/\/molinspares.com\/it\/wp-json\/wp\/v2\/categories?post=7591"},{"taxonomy":"post_tag","embeddable":true,"href":"https:\/\/molinspares.com\/it\/wp-json\/wp\/v2\/tags?post=7591"}],"curies":[{"name":"wp","href":"https:\/\/api.w.org\/{rel}","templated":true}]}}