{"id":7523,"date":"2023-10-20T12:29:09","date_gmt":"2023-10-20T10:29:09","guid":{"rendered":"https:\/\/molinspares.com\/reati-contro-la-proprieta-e-contro-lordine-socio-economico\/"},"modified":"2025-06-19T22:56:51","modified_gmt":"2025-06-19T20:56:51","slug":"reati-contro-la-proprieta-e-contro-lordine-socio-economico","status":"publish","type":"page","link":"https:\/\/molinspares.com\/it\/reati-contro-la-proprieta-e-contro-lordine-socio-economico\/","title":{"rendered":"Reati contro la propriet\u00e0 e contro l&#8217;ordine socio-economico"},"content":{"rendered":"\n<div class=\"wp-block-group is-vertical is-layout-flex wp-container-core-group-is-layout-fe9cc265 wp-block-group-is-layout-flex\">\n<div class=\"wp-block-group is-vertical is-layout-flex wp-container-core-group-is-layout-fe9cc265 wp-block-group-is-layout-flex\">\n<ul class=\"wp-block-list\">\n<li><strong>Reato di furto <\/strong><strong>(artt. 234 e segg. PC):<\/strong> consiste nell&#8217;impossessarsi della propriet\u00e0 altrui senza il consenso del proprietario e senza la necessit\u00e0 di usare la violenza, l&#8217;intimidazione o la forza, con l&#8217;intenzione di trarne profitto.<\/li>\n\n\n\n<li><strong>REATO DI FURTO <\/strong><strong>(art. 237 e segg. PC):<\/strong> consiste nell&#8217;impossessarsi di beni appartenenti ad un&#8217;altra persona, attraverso l&#8217;uso della violenza o dell&#8217;intimidazione nei confronti di tale persona o, usando la forza contro le cose, con l&#8217;intenzione di trarne profitto.<\/li>\n\n\n\n<li><strong>Reato di usurpazione<\/strong><strong> (art. 245.2 PC):<\/strong> punisce chiunque occupi o mantenga, senza autorizzazione, una propriet\u00e0, un&#8217;abitazione o un edificio appartenente ad un&#8217;altra persona che non costituisce un&#8217;abitazione, contro la volont\u00e0 del proprietario.<\/li>\n\n\n\n<li><strong>FRODE <\/strong><strong>(art. 248 e segg. PC):<\/strong> consiste nell&#8217;azione di ottenere, con l&#8217;intenzione di trarne profitto, mediante l&#8217;inganno, che qualcuno compia un atto di disposizione patrimoniale (ad esempio, un pagamento o la firma di un contratto, tra gli altri) con il quale danneggia se stesso o una terza persona.<\/li>\n\n\n\n<li><strong>REATO DI AMMINISTRAZIONE INGIUSTA<\/strong> <strong>(art. 252 PC):<\/strong> punisce le persone che violano i poteri di amministrazione dei beni altrui, eccedendo e con tale azione causando un pregiudizio finanziario.<\/li>\n\n\n\n<li><strong>Reato di appropriazione indebita<\/strong><strong> (art. 253 e segg. PC):<\/strong> punisce chi si impossessa &#8211; per s\u00e9 o per un terzo &#8211; di un bene affidato con un titolo che obbliga a consegnarlo o a restituirlo.<\/li>\n\n\n\n<li><strong>REATO DI ASSEGNAZIONE DI BENI<\/strong><strong> (art. 257): <\/strong>Consiste in qualsiasi azione o manovra che un debitore compie allo scopo di rendere difficile ai suoi creditori la riscossione di quanto dovuto.<\/li>\n\n\n\n<li><strong>REATO DI INSOLVENZA PUNIBILE<\/strong><strong> (art. 259 PC):<\/strong> consiste nel mettere in atto una condotta a danno dei creditori da parte di una persona che si trova in una situazione di fallimento effettivo o imminente. Tale condotta pu\u00f2 consistere, tra l&#8217;altro, nell&#8217;occultare, danneggiare o distruggere i beni oggetto di pignoramento, nonch\u00e9 nell&#8217;effettuare donazioni di propriet\u00e0, denaro e altri beni al fine di distrarli. <\/li>\n<\/ul>\n<\/div>\n<\/div>\n","protected":false},"excerpt":{"rendered":"<p>Testo in evidenza lorem ipsum dolor sit amet, consectetuer adipiscing eli adipiscing elit.<\/p>\n","protected":false},"author":1,"featured_media":5964,"parent":0,"menu_order":41,"comment_status":"closed","ping_status":"closed","template":"","meta":{"footnotes":""},"categories":[159],"tags":[],"class_list":["post-7523","page","type-page","status-publish","has-post-thumbnail","hentry","category-difesa-penale"],"yoast_head":"<!-- This site is optimized with the Yoast SEO Premium plugin v26.1 (Yoast SEO v27.2) - https:\/\/yoast.com\/product\/yoast-seo-premium-wordpress\/ -->\n<title>Avvocato per furto e frode a Barcellona | Molins Par\u00e9s<\/title>\n<meta name=\"description\" content=\"Sta cercando un avvocato specializzato in reati contro la propriet\u00e0 e socio-economici? Molins Par\u00e9s \u00e8 la sua soluzione, ci contatti subito!\" \/>\n<meta name=\"robots\" content=\"index, follow, max-snippet:-1, max-image-preview:large, max-video-preview:-1\" \/>\n<link rel=\"canonical\" href=\"https:\/\/molinspares.com\/it\/reati-contro-la-proprieta-e-contro-lordine-socio-economico\/\" \/>\n<meta property=\"og:locale\" content=\"it_IT\" \/>\n<meta property=\"og:type\" content=\"article\" \/>\n<meta property=\"og:title\" content=\"Reati contro la propriet\u00e0 e contro l&#039;ordine socio-economico\" \/>\n<meta property=\"og:description\" content=\"Sta cercando un avvocato specializzato in reati contro la propriet\u00e0 e socio-economici? Molins Par\u00e9s \u00e8 la sua soluzione, ci contatti subito!\" \/>\n<meta property=\"og:url\" content=\"https:\/\/molinspares.com\/it\/reati-contro-la-proprieta-e-contro-lordine-socio-economico\/\" \/>\n<meta property=\"og:site_name\" content=\"Molins Par\u00e9s - Despacho de Abogados Penalistas en Barcelona | Excelencia y Privacidad\" \/>\n<meta property=\"article:publisher\" content=\"https:\/\/www.facebook.com\/profile.php?id=100067944420137\" \/>\n<meta property=\"article:modified_time\" content=\"2025-06-19T20:56:51+00:00\" \/>\n<meta property=\"og:image\" content=\"https:\/\/molinspares.com\/wp-content\/uploads\/Delitos-contra-el-patrimonio-y-contra-el-orden-socio-economico.jpg\" \/>\n\t<meta property=\"og:image:width\" content=\"600\" \/>\n\t<meta property=\"og:image:height\" content=\"900\" \/>\n\t<meta property=\"og:image:type\" content=\"image\/jpeg\" \/>\n<meta name=\"twitter:card\" content=\"summary_large_image\" \/>\n<meta name=\"twitter:label1\" content=\"Tempo di lettura stimato\" \/>\n\t<meta name=\"twitter:data1\" content=\"2 minuti\" \/>\n<script type=\"application\/ld+json\" class=\"yoast-schema-graph\">{\"@context\":\"https:\/\/schema.org\",\"@graph\":[{\"@type\":\"WebPage\",\"@id\":\"https:\/\/molinspares.com\/it\/reati-contro-la-proprieta-e-contro-lordine-socio-economico\/\",\"url\":\"https:\/\/molinspares.com\/it\/reati-contro-la-proprieta-e-contro-lordine-socio-economico\/\",\"name\":\"Avvocato per furto e frode a Barcellona | Molins Par\u00e9s\",\"isPartOf\":{\"@id\":\"https:\/\/molinspares.com\/it\/#website\"},\"primaryImageOfPage\":{\"@id\":\"https:\/\/molinspares.com\/it\/reati-contro-la-proprieta-e-contro-lordine-socio-economico\/#primaryimage\"},\"image\":{\"@id\":\"https:\/\/molinspares.com\/it\/reati-contro-la-proprieta-e-contro-lordine-socio-economico\/#primaryimage\"},\"thumbnailUrl\":\"https:\/\/molinspares.com\/wp-content\/uploads\/Delitos-contra-el-patrimonio-y-contra-el-orden-socio-economico.jpg\",\"datePublished\":\"2023-10-20T10:29:09+00:00\",\"dateModified\":\"2025-06-19T20:56:51+00:00\",\"description\":\"Sta cercando un avvocato specializzato in reati contro la propriet\u00e0 e socio-economici? Molins Par\u00e9s \u00e8 la sua soluzione, ci contatti subito!\",\"breadcrumb\":{\"@id\":\"https:\/\/molinspares.com\/it\/reati-contro-la-proprieta-e-contro-lordine-socio-economico\/#breadcrumb\"},\"inLanguage\":\"it-IT\",\"potentialAction\":[{\"@type\":\"ReadAction\",\"target\":[\"https:\/\/molinspares.com\/it\/reati-contro-la-proprieta-e-contro-lordine-socio-economico\/\"]}]},{\"@type\":\"ImageObject\",\"inLanguage\":\"it-IT\",\"@id\":\"https:\/\/molinspares.com\/it\/reati-contro-la-proprieta-e-contro-lordine-socio-economico\/#primaryimage\",\"url\":\"https:\/\/molinspares.com\/wp-content\/uploads\/Delitos-contra-el-patrimonio-y-contra-el-orden-socio-economico.jpg\",\"contentUrl\":\"https:\/\/molinspares.com\/wp-content\/uploads\/Delitos-contra-el-patrimonio-y-contra-el-orden-socio-economico.jpg\",\"width\":600,\"height\":900},{\"@type\":\"BreadcrumbList\",\"@id\":\"https:\/\/molinspares.com\/it\/reati-contro-la-proprieta-e-contro-lordine-socio-economico\/#breadcrumb\",\"itemListElement\":[{\"@type\":\"ListItem\",\"position\":1,\"name\":\"Portada\",\"item\":\"https:\/\/molinspares.com\/it\/\"},{\"@type\":\"ListItem\",\"position\":2,\"name\":\"Reati contro la propriet\u00e0 e contro l&#8217;ordine socio-economico\"}]},{\"@type\":\"WebSite\",\"@id\":\"https:\/\/molinspares.com\/it\/#website\",\"url\":\"https:\/\/molinspares.com\/it\/\",\"name\":\"Molins & Par\u00e9s - Despacho de Abogados Penalistas en Barcelona\",\"description\":\"En Molins &amp; Par\u00e9s somos especialistas en derecho penal. Garantizamos la privacidad del cliente y la m\u00e1xima excelencia en cada caso. \u00a1Cont\u00e1ctanos!\",\"publisher\":{\"@id\":\"https:\/\/molinspares.com\/it\/#organization\"},\"alternateName\":\"Molins & Par\u00e9s\",\"potentialAction\":[{\"@type\":\"SearchAction\",\"target\":{\"@type\":\"EntryPoint\",\"urlTemplate\":\"https:\/\/molinspares.com\/it\/?s={search_term_string}\"},\"query-input\":{\"@type\":\"PropertyValueSpecification\",\"valueRequired\":true,\"valueName\":\"search_term_string\"}}],\"inLanguage\":\"it-IT\"},{\"@type\":\"Organization\",\"@id\":\"https:\/\/molinspares.com\/it\/#organization\",\"name\":\"Molins & Par\u00e9s - Despacho de Abogados Penalistas en Barcelona\",\"alternateName\":\"Molins & Par\u00e9s\",\"url\":\"https:\/\/molinspares.com\/it\/\",\"logo\":{\"@type\":\"ImageObject\",\"inLanguage\":\"it-IT\",\"@id\":\"https:\/\/molinspares.com\/it\/#\/schema\/logo\/image\/\",\"url\":\"https:\/\/molinspares.com\/wp-content\/uploads\/logo_MolinsPares-2.jpg\",\"contentUrl\":\"https:\/\/molinspares.com\/wp-content\/uploads\/logo_MolinsPares-2.jpg\",\"width\":512,\"height\":512,\"caption\":\"Molins & Par\u00e9s - Despacho de Abogados Penalistas en Barcelona\"},\"image\":{\"@id\":\"https:\/\/molinspares.com\/it\/#\/schema\/logo\/image\/\"},\"sameAs\":[\"https:\/\/www.facebook.com\/profile.php?id=100067944420137\",\"https:\/\/www.linkedin.com\/in\/molins-pars-penal-compliance-44383b65\/\"],\"publishingPrinciples\":\"https:\/\/molinspares.com\/politica-privacidad\/\",\"ownershipFundingInfo\":\"https:\/\/molinspares.com\/politica-privacidad\/\",\"actionableFeedbackPolicy\":\"https:\/\/molinspares.com\/politica-privacidad\/\",\"correctionsPolicy\":\"https:\/\/molinspares.com\/politica-privacidad\/\",\"ethicsPolicy\":\"https:\/\/molinspares.com\/politica-privacidad\/\",\"diversityPolicy\":\"https:\/\/molinspares.com\/politica-privacidad\/\",\"diversityStaffingReport\":\"https:\/\/molinspares.com\/politica-privacidad\/\"}]}<\/script>\n<!-- \/ Yoast SEO Premium plugin. -->","yoast_head_json":{"title":"Avvocato per furto e frode a Barcellona | Molins Par\u00e9s","description":"Sta cercando un avvocato specializzato in reati contro la propriet\u00e0 e socio-economici? Molins Par\u00e9s \u00e8 la sua soluzione, ci contatti subito!","robots":{"index":"index","follow":"follow","max-snippet":"max-snippet:-1","max-image-preview":"max-image-preview:large","max-video-preview":"max-video-preview:-1"},"canonical":"https:\/\/molinspares.com\/it\/reati-contro-la-proprieta-e-contro-lordine-socio-economico\/","og_locale":"it_IT","og_type":"article","og_title":"Reati contro la propriet\u00e0 e contro l'ordine socio-economico","og_description":"Sta cercando un avvocato specializzato in reati contro la propriet\u00e0 e socio-economici? Molins Par\u00e9s \u00e8 la sua soluzione, ci contatti subito!","og_url":"https:\/\/molinspares.com\/it\/reati-contro-la-proprieta-e-contro-lordine-socio-economico\/","og_site_name":"Molins Par\u00e9s - Despacho de Abogados Penalistas en Barcelona | Excelencia y Privacidad","article_publisher":"https:\/\/www.facebook.com\/profile.php?id=100067944420137","article_modified_time":"2025-06-19T20:56:51+00:00","og_image":[{"width":600,"height":900,"url":"https:\/\/molinspares.com\/wp-content\/uploads\/Delitos-contra-el-patrimonio-y-contra-el-orden-socio-economico.jpg","type":"image\/jpeg"}],"twitter_card":"summary_large_image","twitter_misc":{"Tempo di lettura stimato":"2 minuti"},"schema":{"@context":"https:\/\/schema.org","@graph":[{"@type":"WebPage","@id":"https:\/\/molinspares.com\/it\/reati-contro-la-proprieta-e-contro-lordine-socio-economico\/","url":"https:\/\/molinspares.com\/it\/reati-contro-la-proprieta-e-contro-lordine-socio-economico\/","name":"Avvocato per furto e frode a Barcellona | Molins Par\u00e9s","isPartOf":{"@id":"https:\/\/molinspares.com\/it\/#website"},"primaryImageOfPage":{"@id":"https:\/\/molinspares.com\/it\/reati-contro-la-proprieta-e-contro-lordine-socio-economico\/#primaryimage"},"image":{"@id":"https:\/\/molinspares.com\/it\/reati-contro-la-proprieta-e-contro-lordine-socio-economico\/#primaryimage"},"thumbnailUrl":"https:\/\/molinspares.com\/wp-content\/uploads\/Delitos-contra-el-patrimonio-y-contra-el-orden-socio-economico.jpg","datePublished":"2023-10-20T10:29:09+00:00","dateModified":"2025-06-19T20:56:51+00:00","description":"Sta cercando un avvocato specializzato in reati contro la propriet\u00e0 e socio-economici? Molins Par\u00e9s \u00e8 la sua soluzione, ci contatti subito!","breadcrumb":{"@id":"https:\/\/molinspares.com\/it\/reati-contro-la-proprieta-e-contro-lordine-socio-economico\/#breadcrumb"},"inLanguage":"it-IT","potentialAction":[{"@type":"ReadAction","target":["https:\/\/molinspares.com\/it\/reati-contro-la-proprieta-e-contro-lordine-socio-economico\/"]}]},{"@type":"ImageObject","inLanguage":"it-IT","@id":"https:\/\/molinspares.com\/it\/reati-contro-la-proprieta-e-contro-lordine-socio-economico\/#primaryimage","url":"https:\/\/molinspares.com\/wp-content\/uploads\/Delitos-contra-el-patrimonio-y-contra-el-orden-socio-economico.jpg","contentUrl":"https:\/\/molinspares.com\/wp-content\/uploads\/Delitos-contra-el-patrimonio-y-contra-el-orden-socio-economico.jpg","width":600,"height":900},{"@type":"BreadcrumbList","@id":"https:\/\/molinspares.com\/it\/reati-contro-la-proprieta-e-contro-lordine-socio-economico\/#breadcrumb","itemListElement":[{"@type":"ListItem","position":1,"name":"Portada","item":"https:\/\/molinspares.com\/it\/"},{"@type":"ListItem","position":2,"name":"Reati contro la propriet\u00e0 e contro l&#8217;ordine socio-economico"}]},{"@type":"WebSite","@id":"https:\/\/molinspares.com\/it\/#website","url":"https:\/\/molinspares.com\/it\/","name":"Molins & Par\u00e9s - Despacho de Abogados Penalistas en Barcelona","description":"En Molins &amp; Par\u00e9s somos especialistas en derecho penal. Garantizamos la privacidad del cliente y la m\u00e1xima excelencia en cada caso. \u00a1Cont\u00e1ctanos!","publisher":{"@id":"https:\/\/molinspares.com\/it\/#organization"},"alternateName":"Molins & Par\u00e9s","potentialAction":[{"@type":"SearchAction","target":{"@type":"EntryPoint","urlTemplate":"https:\/\/molinspares.com\/it\/?s={search_term_string}"},"query-input":{"@type":"PropertyValueSpecification","valueRequired":true,"valueName":"search_term_string"}}],"inLanguage":"it-IT"},{"@type":"Organization","@id":"https:\/\/molinspares.com\/it\/#organization","name":"Molins & Par\u00e9s - Despacho de Abogados Penalistas en Barcelona","alternateName":"Molins & Par\u00e9s","url":"https:\/\/molinspares.com\/it\/","logo":{"@type":"ImageObject","inLanguage":"it-IT","@id":"https:\/\/molinspares.com\/it\/#\/schema\/logo\/image\/","url":"https:\/\/molinspares.com\/wp-content\/uploads\/logo_MolinsPares-2.jpg","contentUrl":"https:\/\/molinspares.com\/wp-content\/uploads\/logo_MolinsPares-2.jpg","width":512,"height":512,"caption":"Molins & Par\u00e9s - Despacho de Abogados Penalistas en Barcelona"},"image":{"@id":"https:\/\/molinspares.com\/it\/#\/schema\/logo\/image\/"},"sameAs":["https:\/\/www.facebook.com\/profile.php?id=100067944420137","https:\/\/www.linkedin.com\/in\/molins-pars-penal-compliance-44383b65\/"],"publishingPrinciples":"https:\/\/molinspares.com\/politica-privacidad\/","ownershipFundingInfo":"https:\/\/molinspares.com\/politica-privacidad\/","actionableFeedbackPolicy":"https:\/\/molinspares.com\/politica-privacidad\/","correctionsPolicy":"https:\/\/molinspares.com\/politica-privacidad\/","ethicsPolicy":"https:\/\/molinspares.com\/politica-privacidad\/","diversityPolicy":"https:\/\/molinspares.com\/politica-privacidad\/","diversityStaffingReport":"https:\/\/molinspares.com\/politica-privacidad\/"}]}},"_links":{"self":[{"href":"https:\/\/molinspares.com\/it\/wp-json\/wp\/v2\/pages\/7523","targetHints":{"allow":["GET"]}}],"collection":[{"href":"https:\/\/molinspares.com\/it\/wp-json\/wp\/v2\/pages"}],"about":[{"href":"https:\/\/molinspares.com\/it\/wp-json\/wp\/v2\/types\/page"}],"author":[{"embeddable":true,"href":"https:\/\/molinspares.com\/it\/wp-json\/wp\/v2\/users\/1"}],"replies":[{"embeddable":true,"href":"https:\/\/molinspares.com\/it\/wp-json\/wp\/v2\/comments?post=7523"}],"version-history":[{"count":1,"href":"https:\/\/molinspares.com\/it\/wp-json\/wp\/v2\/pages\/7523\/revisions"}],"predecessor-version":[{"id":7525,"href":"https:\/\/molinspares.com\/it\/wp-json\/wp\/v2\/pages\/7523\/revisions\/7525"}],"wp:featuredmedia":[{"embeddable":true,"href":"https:\/\/molinspares.com\/it\/wp-json\/wp\/v2\/media\/5964"}],"wp:attachment":[{"href":"https:\/\/molinspares.com\/it\/wp-json\/wp\/v2\/media?parent=7523"}],"wp:term":[{"taxonomy":"category","embeddable":true,"href":"https:\/\/molinspares.com\/it\/wp-json\/wp\/v2\/categories?post=7523"},{"taxonomy":"post_tag","embeddable":true,"href":"https:\/\/molinspares.com\/it\/wp-json\/wp\/v2\/tags?post=7523"}],"curies":[{"name":"wp","href":"https:\/\/api.w.org\/{rel}","templated":true}]}}