{"id":7329,"date":"2023-10-19T19:50:11","date_gmt":"2023-10-19T17:50:11","guid":{"rendered":"https:\/\/molinspares.com\/informativa-sulla-privacy\/"},"modified":"2025-07-01T10:35:02","modified_gmt":"2025-07-01T08:35:02","slug":"informativa-sulla-privacy","status":"publish","type":"page","link":"https:\/\/molinspares.com\/it\/informativa-sulla-privacy\/","title":{"rendered":"Informativa sulla privacy"},"content":{"rendered":"\t\t<div data-elementor-type=\"wp-page\" data-elementor-id=\"7329\" class=\"elementor elementor-7329 elementor-3\" data-elementor-post-type=\"page\">\n\t\t\t\t<div class=\"elementor-element elementor-element-561cf3bb e-flex e-con-boxed e-con e-parent\" data-id=\"561cf3bb\" data-element_type=\"container\" data-e-type=\"container\">\n\t\t\t\t\t<div class=\"e-con-inner\">\n\t\t\t\t<div class=\"elementor-element elementor-element-2ad96296 elementor-widget elementor-widget-text-editor\" data-id=\"2ad96296\" data-element_type=\"widget\" data-e-type=\"widget\" data-widget_type=\"text-editor.default\">\n\t\t\t\t<div class=\"elementor-widget-container\">\n\t\t\t\t\t\t\t\t\t<p>Su <a href=\"https:\/\/molinspares.com\/it\/\">www.molinspares.com<\/a> abbiamo a cuore la privacy e la trasparenza.<\/p><p>I dati personali collegati a questo Sito web sono conformi ai requisiti del Regolamento generale sulla protezione dei dati e alla legislazione e ai regolamenti vigenti in materia di protezione dei dati personali.<\/p><p>MOLINS-PARES, S.L.P. tratter\u00e0 i dati personali raccolti attraverso questo Sito web in conformit\u00e0 alle norme del REGOLAMENTO (UE) 2016\/679 DEL PARLAMENTO EUROPEO E DEL CONSIGLIO del 27 aprile 2016 relativo alla protezione delle persone fisiche con riguardo al trattamento dei dati personali, nonch\u00e9 alla libera circolazione di tali dati e che abroga la Direttiva 95\/46\/CE (Regolamento generale sulla protezione dei dati), alla Legge Organica 3\/2018 del 5 dicembre sulla protezione dei dati personali e la garanzia dei diritti digitali. e il resto della legislazione attuale sulla protezione dei dati. Pertanto, l&#8217;invio dei dati da parte degli interessati \u00e8 assolutamente volontario e viene debitamente annunciato.  <\/p><h3> <\/h3><h3><strong>Titolare del trattamento dei dati:<\/strong><\/h3><p>MOLINS-PARES, S.L.P.<\/p><p>PARTITA IVA: B65949984<\/p><p>Indirizzo C\/. Aribau, 175, 3\u00b0, *1\u00aa; (08036) Barcellona. <\/p><p>Dati di registrazione: Iscritta nel Registro delle Imprese di Barcellona, Volume 43588, Folio 57, pagina B 432895: Iscritta nel Registro delle Imprese Professionali dell&#8217;Ordine degli Avvocati di Barcellona, con il numero 969.<\/p><h3> <\/h3><h3><strong>Scopi<\/strong><\/h3><p>In particolare, i dati forniti attraverso il Sito web saranno trattati per la gestione del contatto o della richiesta effettuata e, se necessario, in caso di ordine successivo, per la gestione professionale, amministrativa, contabile e fiscale dell \u201cordine, nonch\u00e9 per l\u201d archiviazione dei file.<\/p><h3> <\/h3><h3><strong>Legittimazione del trattamento<\/strong><\/h3><p>La legittimazione del trattamento dei dati \u00e8 il consenso che lei d\u00e0 inviando il modulo di contatto o la consultazione. Se l \u201cordine viene effettuato, la legittimit\u00e0 del trattamento sar\u00e0 il rapporto contrattuale che si instaura e l\u201d adempimento degli obblighi professionali e legali che ne derivano. <\/p><h3> <\/h3><h3><strong>Comunicazioni dati<\/strong><\/h3><p>I dati derivati dal contatto e dalla consultazione non saranno comunicati a terzi. Nel caso in cui venga successivamente effettuato un ordine, i dati personali forniti dal cliente potranno essere comunicati agli enti o organismi pubblici necessari per la gestione del servizio o dell&#8217;ordine. <\/p><h3> <\/h3><h3><strong>Diritti degli interessati<\/strong><\/h3><p>Qualsiasi persona ha il diritto di ottenere conferma del fatto che MOLINS-PARES, S.L.P. tratti o meno dati personali che la riguardano. Gli interessati hanno il diritto di accedere ai propri dati personali e di ottenere una copia dei dati personali trattati, di aggiornarli, nonch\u00e9 di richiedere la rettifica dei dati inesatti o, se del caso, di richiederne la cancellazione quando, tra le altre ragioni, i dati non sono pi\u00f9 necessari per le finalit\u00e0 per cui sono stati raccolti. In determinate circostanze previste dall&#8217;Articolo 18 *RGPD, gli interessati possono richiedere la limitazione del trattamento dei loro dati, che saranno conservati solo per l&#8217;esercizio o la difesa dei diritti. Come conseguenza dell&#8217;applicazione del diritto alla cancellazione o dell&#8217;obiezione al trattamento dei dati personali nell&#8217;ambiente online, gli interessati hanno il diritto all&#8217;oblio secondo la giurisprudenza della Corte di Giustizia dell&#8217;UE. Gli interessati possono opporsi al trattamento dei loro dati per finalit\u00e0 di marketing, compresa la profilazione.    <\/p><h3> <\/h3><h3><strong>Pu\u00f2 esercitare i suoi diritti:<\/strong><\/h3><ol><li>Scrivendo a: C\/. Aribau, 175, 3\u00b0, *1\u00aa; (08036) Barcellona. Per e-mail a: <a href=\"mailto:compliance@molinspares.com\">compliance@molinspares.com<\/a>  <\/li><li>Contatti il Responsabile della protezione dei dati: <a href=\"mailto:dpd@molinspares.com\">dpd@molinspares.com<\/a><\/li><\/ol><h3> <\/h3><h3><strong>I biscotti  <\/strong><\/h3><p>OPZIONE A: MOLINS-PARES, S.L.P. non utilizza cookie di alcun tipo su questo sito web.<\/p><p>OPZIONE B: MOLINS-PARES, S.L.P. utilizza i cookie quando l&#8217;Utente naviga nelle diverse schermate del Sito web. Questi cookie vengono memorizzati sul disco rigido dell&#8217;Utente, ma non possono leggere i dati in essi contenuti n\u00e9 leggere i file cookie creati da altri fornitori. Tuttavia, l&#8217;Utente pu\u00f2 impedire la memorizzazione dei cookie configurando le opzioni del proprio browser. MOLINS-PARES, S.L.P. utilizza i cookie per riconoscere gli utenti che si sono registrati e facilitarne la navigazione, oltre a fornire informazioni sulla data e l&#8217;ora dell&#8217;ultima visita dell&#8217;utente, calcolare alcuni parametri di traffico all&#8217;interno del sito stesso e fare una stima delle visite ricevute, consentendo a MOLINS-PARES, S.L.P. di focalizzare e regolare i servizi che fornisce attraverso questo spazio nel modo pi\u00f9 efficace.   <\/p><p><a href=\"#_edn1\" name=\"_ednref1\"><\/a><\/p>\t\t\t\t\t\t\t\t<\/div>\n\t\t\t\t<\/div>\n\t\t\t\t\t<\/div>\n\t\t\t\t<\/div>\n\t\t\t\t<\/div>\n\t\t","protected":false},"excerpt":{"rendered":"<p>Su www.molinspares.com abbiamo a cuore la privacy e la trasparenza. I dati personali collegati a questo Sito web sono conformi ai requisiti del Regolamento generale sulla protezione dei dati e alla legislazione e ai regolamenti vigenti in materia di protezione dei dati personali. MOLINS-PARES, S.L.P. tratter\u00e0 i dati personali raccolti attraverso questo Sito web in [&hellip;]<\/p>\n","protected":false},"author":1,"featured_media":0,"parent":0,"menu_order":90,"comment_status":"closed","ping_status":"closed","template":"","meta":{"footnotes":""},"categories":[],"tags":[],"class_list":["post-7329","page","type-page","status-publish","hentry"],"yoast_head":"<!-- This site is optimized with the Yoast SEO Premium plugin v26.1 (Yoast SEO v27.2) - https:\/\/yoast.com\/product\/yoast-seo-premium-wordpress\/ -->\n<title>Informativa sulla privacy - Molins Par\u00e9s - Despacho de Abogados Penalistas en Barcelona | Excelencia y Privacidad<\/title>\n<meta name=\"robots\" content=\"index, follow, max-snippet:-1, max-image-preview:large, max-video-preview:-1\" \/>\n<link rel=\"canonical\" href=\"https:\/\/molinspares.com\/it\/informativa-sulla-privacy\/\" \/>\n<meta property=\"og:locale\" content=\"it_IT\" \/>\n<meta property=\"og:type\" content=\"article\" \/>\n<meta property=\"og:title\" content=\"Informativa sulla privacy\" \/>\n<meta property=\"og:description\" content=\"Su www.molinspares.com abbiamo a cuore la privacy e la trasparenza. I dati personali collegati a questo Sito web sono conformi ai requisiti del Regolamento generale sulla protezione dei dati e alla legislazione e ai regolamenti vigenti in materia di protezione dei dati personali. MOLINS-PARES, S.L.P. tratter\u00e0 i dati personali raccolti attraverso questo Sito web in [&hellip;]\" \/>\n<meta property=\"og:url\" content=\"https:\/\/molinspares.com\/it\/informativa-sulla-privacy\/\" \/>\n<meta property=\"og:site_name\" content=\"Molins Par\u00e9s - Despacho de Abogados Penalistas en Barcelona | Excelencia y Privacidad\" \/>\n<meta property=\"article:publisher\" content=\"https:\/\/www.facebook.com\/profile.php?id=100067944420137\" \/>\n<meta property=\"article:modified_time\" content=\"2025-07-01T08:35:02+00:00\" \/>\n<meta property=\"og:image\" content=\"https:\/\/molinspares.com\/wp-content\/uploads\/Molins-Pares-Abogados-Barcelona-100.png\" \/>\n\t<meta property=\"og:image:width\" content=\"1200\" \/>\n\t<meta property=\"og:image:height\" content=\"675\" \/>\n\t<meta property=\"og:image:type\" content=\"image\/png\" \/>\n<meta name=\"twitter:card\" content=\"summary_large_image\" \/>\n<meta name=\"twitter:label1\" content=\"Tempo di lettura stimato\" \/>\n\t<meta name=\"twitter:data1\" content=\"3 minuti\" \/>\n<script type=\"application\/ld+json\" class=\"yoast-schema-graph\">{\"@context\":\"https:\/\/schema.org\",\"@graph\":[{\"@type\":\"WebPage\",\"@id\":\"https:\/\/molinspares.com\/it\/informativa-sulla-privacy\/\",\"url\":\"https:\/\/molinspares.com\/it\/informativa-sulla-privacy\/\",\"name\":\"Informativa sulla privacy - Molins Par\u00e9s - Despacho de Abogados Penalistas en Barcelona | Excelencia y Privacidad\",\"isPartOf\":{\"@id\":\"https:\/\/molinspares.com\/it\/#website\"},\"datePublished\":\"2023-10-19T17:50:11+00:00\",\"dateModified\":\"2025-07-01T08:35:02+00:00\",\"breadcrumb\":{\"@id\":\"https:\/\/molinspares.com\/it\/informativa-sulla-privacy\/#breadcrumb\"},\"inLanguage\":\"it-IT\",\"potentialAction\":[{\"@type\":\"ReadAction\",\"target\":[\"https:\/\/molinspares.com\/it\/informativa-sulla-privacy\/\"]}]},{\"@type\":\"BreadcrumbList\",\"@id\":\"https:\/\/molinspares.com\/it\/informativa-sulla-privacy\/#breadcrumb\",\"itemListElement\":[{\"@type\":\"ListItem\",\"position\":1,\"name\":\"Portada\",\"item\":\"https:\/\/molinspares.com\/it\/\"},{\"@type\":\"ListItem\",\"position\":2,\"name\":\"Informativa sulla privacy\"}]},{\"@type\":\"WebSite\",\"@id\":\"https:\/\/molinspares.com\/it\/#website\",\"url\":\"https:\/\/molinspares.com\/it\/\",\"name\":\"Molins & Par\u00e9s - Despacho de Abogados Penalistas en Barcelona\",\"description\":\"En Molins &amp; Par\u00e9s somos especialistas en derecho penal. Garantizamos la privacidad del cliente y la m\u00e1xima excelencia en cada caso. \u00a1Cont\u00e1ctanos!\",\"publisher\":{\"@id\":\"https:\/\/molinspares.com\/it\/#organization\"},\"alternateName\":\"Molins & Par\u00e9s\",\"potentialAction\":[{\"@type\":\"SearchAction\",\"target\":{\"@type\":\"EntryPoint\",\"urlTemplate\":\"https:\/\/molinspares.com\/it\/?s={search_term_string}\"},\"query-input\":{\"@type\":\"PropertyValueSpecification\",\"valueRequired\":true,\"valueName\":\"search_term_string\"}}],\"inLanguage\":\"it-IT\"},{\"@type\":\"Organization\",\"@id\":\"https:\/\/molinspares.com\/it\/#organization\",\"name\":\"Molins & Par\u00e9s - Despacho de Abogados Penalistas en Barcelona\",\"alternateName\":\"Molins & Par\u00e9s\",\"url\":\"https:\/\/molinspares.com\/it\/\",\"logo\":{\"@type\":\"ImageObject\",\"inLanguage\":\"it-IT\",\"@id\":\"https:\/\/molinspares.com\/it\/#\/schema\/logo\/image\/\",\"url\":\"https:\/\/molinspares.com\/wp-content\/uploads\/logo_MolinsPares-2.jpg\",\"contentUrl\":\"https:\/\/molinspares.com\/wp-content\/uploads\/logo_MolinsPares-2.jpg\",\"width\":512,\"height\":512,\"caption\":\"Molins & Par\u00e9s - Despacho de Abogados Penalistas en Barcelona\"},\"image\":{\"@id\":\"https:\/\/molinspares.com\/it\/#\/schema\/logo\/image\/\"},\"sameAs\":[\"https:\/\/www.facebook.com\/profile.php?id=100067944420137\",\"https:\/\/www.linkedin.com\/in\/molins-pars-penal-compliance-44383b65\/\"],\"publishingPrinciples\":\"https:\/\/molinspares.com\/politica-privacidad\/\",\"ownershipFundingInfo\":\"https:\/\/molinspares.com\/politica-privacidad\/\",\"actionableFeedbackPolicy\":\"https:\/\/molinspares.com\/politica-privacidad\/\",\"correctionsPolicy\":\"https:\/\/molinspares.com\/politica-privacidad\/\",\"ethicsPolicy\":\"https:\/\/molinspares.com\/politica-privacidad\/\",\"diversityPolicy\":\"https:\/\/molinspares.com\/politica-privacidad\/\",\"diversityStaffingReport\":\"https:\/\/molinspares.com\/politica-privacidad\/\"}]}<\/script>\n<!-- \/ Yoast SEO Premium plugin. -->","yoast_head_json":{"title":"Informativa sulla privacy - Molins Par\u00e9s - Despacho de Abogados Penalistas en Barcelona | Excelencia y Privacidad","robots":{"index":"index","follow":"follow","max-snippet":"max-snippet:-1","max-image-preview":"max-image-preview:large","max-video-preview":"max-video-preview:-1"},"canonical":"https:\/\/molinspares.com\/it\/informativa-sulla-privacy\/","og_locale":"it_IT","og_type":"article","og_title":"Informativa sulla privacy","og_description":"Su www.molinspares.com abbiamo a cuore la privacy e la trasparenza. I dati personali collegati a questo Sito web sono conformi ai requisiti del Regolamento generale sulla protezione dei dati e alla legislazione e ai regolamenti vigenti in materia di protezione dei dati personali. MOLINS-PARES, S.L.P. tratter\u00e0 i dati personali raccolti attraverso questo Sito web in [&hellip;]","og_url":"https:\/\/molinspares.com\/it\/informativa-sulla-privacy\/","og_site_name":"Molins Par\u00e9s - Despacho de Abogados Penalistas en Barcelona | Excelencia y Privacidad","article_publisher":"https:\/\/www.facebook.com\/profile.php?id=100067944420137","article_modified_time":"2025-07-01T08:35:02+00:00","og_image":[{"width":1200,"height":675,"url":"https:\/\/molinspares.com\/wp-content\/uploads\/Molins-Pares-Abogados-Barcelona-100.png","type":"image\/png"}],"twitter_card":"summary_large_image","twitter_misc":{"Tempo di lettura stimato":"3 minuti"},"schema":{"@context":"https:\/\/schema.org","@graph":[{"@type":"WebPage","@id":"https:\/\/molinspares.com\/it\/informativa-sulla-privacy\/","url":"https:\/\/molinspares.com\/it\/informativa-sulla-privacy\/","name":"Informativa sulla privacy - Molins Par\u00e9s - Despacho de Abogados Penalistas en Barcelona | Excelencia y Privacidad","isPartOf":{"@id":"https:\/\/molinspares.com\/it\/#website"},"datePublished":"2023-10-19T17:50:11+00:00","dateModified":"2025-07-01T08:35:02+00:00","breadcrumb":{"@id":"https:\/\/molinspares.com\/it\/informativa-sulla-privacy\/#breadcrumb"},"inLanguage":"it-IT","potentialAction":[{"@type":"ReadAction","target":["https:\/\/molinspares.com\/it\/informativa-sulla-privacy\/"]}]},{"@type":"BreadcrumbList","@id":"https:\/\/molinspares.com\/it\/informativa-sulla-privacy\/#breadcrumb","itemListElement":[{"@type":"ListItem","position":1,"name":"Portada","item":"https:\/\/molinspares.com\/it\/"},{"@type":"ListItem","position":2,"name":"Informativa sulla privacy"}]},{"@type":"WebSite","@id":"https:\/\/molinspares.com\/it\/#website","url":"https:\/\/molinspares.com\/it\/","name":"Molins & Par\u00e9s - Despacho de Abogados Penalistas en Barcelona","description":"En Molins &amp; Par\u00e9s somos especialistas en derecho penal. Garantizamos la privacidad del cliente y la m\u00e1xima excelencia en cada caso. \u00a1Cont\u00e1ctanos!","publisher":{"@id":"https:\/\/molinspares.com\/it\/#organization"},"alternateName":"Molins & Par\u00e9s","potentialAction":[{"@type":"SearchAction","target":{"@type":"EntryPoint","urlTemplate":"https:\/\/molinspares.com\/it\/?s={search_term_string}"},"query-input":{"@type":"PropertyValueSpecification","valueRequired":true,"valueName":"search_term_string"}}],"inLanguage":"it-IT"},{"@type":"Organization","@id":"https:\/\/molinspares.com\/it\/#organization","name":"Molins & Par\u00e9s - Despacho de Abogados Penalistas en Barcelona","alternateName":"Molins & Par\u00e9s","url":"https:\/\/molinspares.com\/it\/","logo":{"@type":"ImageObject","inLanguage":"it-IT","@id":"https:\/\/molinspares.com\/it\/#\/schema\/logo\/image\/","url":"https:\/\/molinspares.com\/wp-content\/uploads\/logo_MolinsPares-2.jpg","contentUrl":"https:\/\/molinspares.com\/wp-content\/uploads\/logo_MolinsPares-2.jpg","width":512,"height":512,"caption":"Molins & Par\u00e9s - Despacho de Abogados Penalistas en Barcelona"},"image":{"@id":"https:\/\/molinspares.com\/it\/#\/schema\/logo\/image\/"},"sameAs":["https:\/\/www.facebook.com\/profile.php?id=100067944420137","https:\/\/www.linkedin.com\/in\/molins-pars-penal-compliance-44383b65\/"],"publishingPrinciples":"https:\/\/molinspares.com\/politica-privacidad\/","ownershipFundingInfo":"https:\/\/molinspares.com\/politica-privacidad\/","actionableFeedbackPolicy":"https:\/\/molinspares.com\/politica-privacidad\/","correctionsPolicy":"https:\/\/molinspares.com\/politica-privacidad\/","ethicsPolicy":"https:\/\/molinspares.com\/politica-privacidad\/","diversityPolicy":"https:\/\/molinspares.com\/politica-privacidad\/","diversityStaffingReport":"https:\/\/molinspares.com\/politica-privacidad\/"}]}},"_links":{"self":[{"href":"https:\/\/molinspares.com\/it\/wp-json\/wp\/v2\/pages\/7329","targetHints":{"allow":["GET"]}}],"collection":[{"href":"https:\/\/molinspares.com\/it\/wp-json\/wp\/v2\/pages"}],"about":[{"href":"https:\/\/molinspares.com\/it\/wp-json\/wp\/v2\/types\/page"}],"author":[{"embeddable":true,"href":"https:\/\/molinspares.com\/it\/wp-json\/wp\/v2\/users\/1"}],"replies":[{"embeddable":true,"href":"https:\/\/molinspares.com\/it\/wp-json\/wp\/v2\/comments?post=7329"}],"version-history":[{"count":2,"href":"https:\/\/molinspares.com\/it\/wp-json\/wp\/v2\/pages\/7329\/revisions"}],"predecessor-version":[{"id":7781,"href":"https:\/\/molinspares.com\/it\/wp-json\/wp\/v2\/pages\/7329\/revisions\/7781"}],"wp:attachment":[{"href":"https:\/\/molinspares.com\/it\/wp-json\/wp\/v2\/media?parent=7329"}],"wp:term":[{"taxonomy":"category","embeddable":true,"href":"https:\/\/molinspares.com\/it\/wp-json\/wp\/v2\/categories?post=7329"},{"taxonomy":"post_tag","embeddable":true,"href":"https:\/\/molinspares.com\/it\/wp-json\/wp\/v2\/tags?post=7329"}],"curies":[{"name":"wp","href":"https:\/\/api.w.org\/{rel}","templated":true}]}}