{"id":7311,"date":"2023-10-20T11:57:51","date_gmt":"2023-10-20T09:57:51","guid":{"rendered":"https:\/\/molinspares.com\/avvisi-legali\/"},"modified":"2025-06-19T22:45:25","modified_gmt":"2025-06-19T20:45:25","slug":"avvisi-legali","status":"publish","type":"page","link":"https:\/\/molinspares.com\/it\/avvisi-legali\/","title":{"rendered":"Avvisi legali"},"content":{"rendered":"\t\t<div data-elementor-type=\"wp-page\" data-elementor-id=\"7311\" class=\"elementor elementor-7311 elementor-52\" data-elementor-post-type=\"page\">\n\t\t\t\t<div class=\"elementor-element elementor-element-ea4306f e-flex e-con-boxed e-con e-parent\" data-id=\"ea4306f\" data-element_type=\"container\" data-e-type=\"container\">\n\t\t\t\t\t<div class=\"e-con-inner\">\n\t\t\t\t<div class=\"elementor-element elementor-element-dbf3eb2 elementor-widget elementor-widget-text-editor\" data-id=\"dbf3eb2\" data-element_type=\"widget\" data-e-type=\"widget\" data-widget_type=\"text-editor.default\">\n\t\t\t\t<div class=\"elementor-widget-container\">\n\t\t\t\t\t\t\t\t\t<h3><strong>Oggetto<\/strong><\/h3><p>Il presente avviso legale regola l&#8217;uso e l&#8217;utilizzo del sito web <a href=\"https:\/\/molinspares.com\/it\/\">www.molinspares.com,<\/a> di propriet\u00e0 di MOLINS-PARES, S.L.P. La navigazione sul sito web di MOLINS-PARES, S.L.P. conferisce la condizione di UTENTE dello stesso e implica l&#8217;accettazione piena e senza riserve di ognuna delle condizioni pubblicate nel presente avviso legale, avvertendo che tali condizioni possono essere modificate senza preavviso da parte di MOLINS-PARES, S.L.P., in tal caso saranno pubblicate e notificate con il massimo anticipo possibile. Si consiglia pertanto di leggerne attentamente il contenuto se si desidera accedere e utilizzare le informazioni e i servizi offerti da questo sito web. L&#8217;utente \u00e8 inoltre tenuto a fare un uso corretto del sito web in conformit\u00e0 con le leggi, la buona fede, l&#8217;ordine pubblico, gli usi del traffico e il presente Avviso Legale, e sar\u00e0 responsabile nei confronti di MOLINS-PARES, S.L.P. o di terzi per eventuali danni che potrebbero essere causati a seguito dell&#8217;inosservanza di tale obbligo. Qualsiasi uso diverso da quello autorizzato \u00e8 espressamente vietato e MOLINS-PARES, S.L.P. pu\u00f2 negare o ritirare l&#8217;accesso e il suo utilizzo in qualsiasi momento.   <\/p><h3> <\/h3><h3><strong>Identificazione<\/strong><\/h3><p>MOLINS-PARES, S.L.P., in conformit\u00e0 con la Legge 34\/2002, dell \u201c11 luglio, sui Servizi della Societ\u00e0 dell\u201d Informazione e del Commercio Elettronico, la informa che:<\/p><ul><li>La sua ragione sociale \u00e8: MOLINS.PARES, S.L.P.<\/li><li>Il suo numero di partita IVA \u00e8: B65949984<\/li><li>La sua sede legale si trova in: C\/. Aribau, 175, 3\u00ba, 1\u00aa; (08036) Barcellona. <\/li><li>Dati di registrazione: Iscritta nel Registro delle Imprese di Barcellona, Volume 43588, Folio 63, pagina B 432895: Iscritta nel Registro delle Imprese Professionali dell \u201cIl-lustre Col-legi de l\u201d Advocacia De Barcelona, con il numero 969.<\/li><\/ul><h3> <\/h3><h3><strong>Comunicazioni<\/strong><\/h3><p>Per contattarci, le mettiamo a disposizione diverse modalit\u00e0 di contatto che sono dettagliate di seguito:<\/p><ul><li>Email: molinspares@molinspares.martincalero.com<\/li><\/ul><p>Tutte le notifiche e le comunicazioni tra gli utenti e MOLINS-PARES, S.L.P. saranno considerate efficaci, a tutti gli effetti, quando vengono effettuate con uno dei mezzi sopra menzionati.<\/p><h3> <\/h3><h3><strong>Condizioni di accesso e utilizzo<\/strong><\/h3><p>Il sito web e i suoi servizi sono liberamente accessibili e gratuiti. Tuttavia, MOLINS-PARES, S.L.P. pu\u00f2 condizionare l&#8217;utilizzo di alcuni dei servizi offerti sul suo sito web alla previa compilazione del modulo corrispondente. L&#8217;utente garantisce l&#8217;autenticit\u00e0 e l&#8217;attualit\u00e0 di tutti i dati che comunica a MOLINS-PARES, S.L.P. e sar\u00e0 l&#8217;unico responsabile di eventuali dichiarazioni false o inesatte che potrebbe fare. L&#8217;utente si impegna espressamente a fare un uso appropriato dei contenuti e dei servizi di MOLINS-PARES, S.L.P. e a non utilizzarli per, tra l&#8217;altro:   <\/p><ul><li>a) Diffondere contenuti criminali, violenti, pornografici, razzisti, xenofobi, offensivi o terroristici o, in generale, contenuti contrari alla legge o all&#8217;ordine pubblico.<\/li><li>b) introdurre virus informatici nella rete o compiere azioni che possano alterare, rovinare, interrompere o generare errori o danni ai documenti elettronici, ai dati o ai sistemi fisici e logici di MOLINS-PARES, S.L.P. o di terzi; nonch\u00e9 ostacolare l&#8217;accesso di altri utenti al sito web e ai suoi servizi mediante il consumo massiccio delle risorse informatiche attraverso cui MOLINS-PARES, S.L.P. fornisce i suoi servizi.<\/li><li>c) tentare di accedere agli account di posta elettronica di altri utenti o alle aree riservate dei sistemi informatici di MOLINS-PARES, S.L.P. o di terzi e, se del caso, estrarre informazioni.<\/li><li>d) Violare i diritti di propriet\u00e0 intellettuale o industriale, nonch\u00e9 la riservatezza delle informazioni di MOLINS-PARES, S.L.P. o di terzi.<\/li><li>e) Impersonare qualsiasi altro utente.<\/li><li>f) Riprodurre, copiare, distribuire, mettere a disposizione o qualsiasi altra forma di comunicazione pubblica, trasformare o modificare i contenuti, a meno che non sia autorizzato dal titolare dei diritti corrispondenti o sia legalmente consentito.<\/li><li>g) raccogliere dati a scopo pubblicitario e inviare pubblicit\u00e0 di qualsiasi tipo e comunicazioni a scopo di vendita o altri scopi commerciali senza previa richiesta o consenso.<\/li><\/ul><p> <\/p><p>Tutti i contenuti del sito web, come testi, fotografie, grafici, immagini, icone, tecnologia, software, nonch\u00e9 il suo design grafico e i codici sorgente, costituiscono un&#8217;opera la cui propriet\u00e0 appartiene a MOLINS-PARES, S.L.P., e nessuno dei diritti di sfruttamento su di essi pu\u00f2 essere inteso come trasferito all&#8217;utente al di l\u00e0 di quanto strettamente necessario per il corretto utilizzo del sito web. In breve, gli utenti che accedono a questo sito web possono visualizzare i contenuti ed effettuare, se del caso, copie private autorizzate, a condizione che gli elementi riprodotti non vengano successivamente trasferiti a terzi, n\u00e9 vengano installati su server collegati a reti, n\u00e9 siano soggetti a qualsiasi tipo di sfruttamento. Allo stesso modo, tutti i marchi, i nomi commerciali o i segni distintivi di qualsiasi tipo che appaiono sul sito web sono di propriet\u00e0 di MOLINS-PARES, S.L.P., e non pu\u00f2 essere inteso che l&#8217;uso o l&#8217;accesso agli stessi conferisca all&#8217;utente alcun diritto su di essi. Sono vietati la distribuzione, la modifica, il trasferimento o la comunicazione pubblica dei contenuti e qualsiasi altro atto che non sia stato espressamente autorizzato dal titolare dei diritti di sfruttamento. La creazione di un collegamento ipertestuale non implica in nessun caso l&#8217;esistenza di una relazione tra MOLINS-PARES, S.L.P. e il proprietario del sito web in cui viene stabilito, n\u00e9 l&#8217;accettazione e l&#8217;approvazione da parte di MOLINS-PARES, S.L.P. dei suoi contenuti o servizi. MOLINS-PARES, S.L.P. non \u00e8 responsabile dell&#8217;uso che ciascun utente fa dei materiali resi disponibili su questo sito web n\u00e9 delle azioni compiute sulla base di essi.     <\/p><h3> <\/h3><h3><strong>Esclusione di garanzie e responsabilit\u00e0 per l \u201caccesso e l\u201d utilizzo<\/strong><\/h3><p>Il contenuto di questo sito web \u00e8 di natura generale e ha uno scopo meramente informativo, senza garantire pienamente l&#8217;accesso a tutti i contenuti, n\u00e9 la loro completezza, correttezza, validit\u00e0 o attualit\u00e0, n\u00e9 la loro idoneit\u00e0 o utilit\u00e0 per un obiettivo specifico. MOLINS-PARES, S.L.P. esclude, nella misura consentita dalla legge, qualsiasi responsabilit\u00e0 per danni di qualsiasi tipo derivanti da: <\/p><ul><li>a) L \u201cimpossibilit\u00e0 di accedere al sito web o la mancanza di veridicit\u00e0, accuratezza, completezza e\/o tempestivit\u00e0 dei contenuti, nonch\u00e9 l\u201d esistenza di vizi e difetti di qualsiasi tipo nei contenuti trasmessi, diffusi, archiviati, resi disponibili, accessibili attraverso il sito web o i servizi offerti.<\/li><li>b) La presenza di virus o altri elementi nei contenuti che possono causare alterazioni nei sistemi informatici, nei documenti elettronici o nei dati degli utenti.<\/li><li>c) Mancato rispetto delle leggi, della buona fede, dell \u201cordine pubblico, degli usi del traffico e del presente avviso legale come conseguenza di un uso scorretto del sito web. In particolare, e a titolo esemplificativo, MOLINS-PARES, S.L.P. non \u00e8 responsabile delle azioni di terzi che violino i diritti di propriet\u00e0 intellettuale e industriale, i segreti aziendali, i diritti all\u201d onore, alla privacy personale e familiare e alla propria immagine, nonch\u00e9 le norme sulla concorrenza sleale e la pubblicit\u00e0 illegale. <\/li><\/ul><p> <\/p><p>Allo stesso modo, MOLINS-PARES, S.L.P. declina ogni responsabilit\u00e0 per le informazioni che si trovano al di fuori di questo sito web e che non sono gestite direttamente dal nostro webmaster. La funzione dei link che appaiono su questo sito web \u00e8 esclusivamente quella di informare l&#8217;utente dell&#8217;esistenza di altre fonti che possono ampliare i contenuti offerti su questo sito web. MOLINS-PARES, S.L.P. non garantisce n\u00e9 \u00e8 responsabile del funzionamento o dell&#8217;accessibilit\u00e0 dei siti collegati; non suggerisce, invita o raccomanda di visitarli, n\u00e9 sar\u00e0 responsabile dei risultati ottenuti. MOLINS-PARES, S.L.P. non \u00e8 responsabile della creazione di collegamenti ipertestuali da parte di terzi.   <\/p><h3> <\/h3><h3><strong>Procedura in caso di attivit\u00e0 illecite<\/strong><\/h3><p>Nel caso in cui un utente o un terzo ritenga che esistano fatti o circostanze che rivelino la natura illecita dell&#8217;uso di qualsiasi contenuto e\/o dello svolgimento di qualsiasi attivit\u00e0 sulle pagine web incluse o accessibili attraverso il sito web, dovr\u00e0 inviare una notifica a MOLINS-PARES, S.L.P. identificandosi debitamente e specificando le presunte violazioni.<\/p><h3> <\/h3><h3><strong>Pubblicazioni<\/strong><\/h3><p>Le informazioni amministrative fornite attraverso il sito web non sostituiscono la pubblicazione legale di leggi, regolamenti, piani, disposizioni generali e atti che devono essere pubblicati formalmente nelle riviste ufficiali delle amministrazioni pubbliche, che sono l \u201cunico strumento che ne attesta l\u201d autenticit\u00e0 e il contenuto. Le informazioni disponibili su questo sito web devono essere intese come una guida senza alcuna finalit\u00e0 di validit\u00e0 legale. <\/p><h3> <\/h3><h3><strong>Legislazione applicabile<\/strong><\/h3><p>Le presenti condizioni saranno regolate dalla legislazione spagnola in vigore. La lingua utilizzata sar\u00e0 lo spagnolo. <\/p><p> <\/p>\t\t\t\t\t\t\t\t<\/div>\n\t\t\t\t<\/div>\n\t\t\t\t\t<\/div>\n\t\t\t\t<\/div>\n\t\t\t\t<\/div>\n\t\t","protected":false},"excerpt":{"rendered":"<p>Oggetto Il presente avviso legale regola l&#8217;uso e l&#8217;utilizzo del sito web www.molinspares.com, di propriet\u00e0 di MOLINS-PARES, S.L.P. La navigazione sul sito web di MOLINS-PARES, S.L.P. conferisce la condizione di UTENTE dello stesso e implica l&#8217;accettazione piena e senza riserve di ognuna delle condizioni pubblicate nel presente avviso legale, avvertendo che tali condizioni possono essere [&hellip;]<\/p>\n","protected":false},"author":1,"featured_media":0,"parent":0,"menu_order":90,"comment_status":"closed","ping_status":"closed","template":"","meta":{"footnotes":""},"categories":[],"tags":[],"class_list":["post-7311","page","type-page","status-publish","hentry"],"yoast_head":"<!-- This site is optimized with the Yoast SEO Premium plugin v26.1 (Yoast SEO v27.2) - https:\/\/yoast.com\/product\/yoast-seo-premium-wordpress\/ -->\n<title>Avvisi legali - Molins Par\u00e9s - Despacho de Abogados Penalistas en Barcelona | Excelencia y Privacidad<\/title>\n<meta name=\"robots\" content=\"index, follow, max-snippet:-1, max-image-preview:large, max-video-preview:-1\" \/>\n<link rel=\"canonical\" href=\"https:\/\/molinspares.com\/it\/avvisi-legali\/\" \/>\n<meta property=\"og:locale\" content=\"it_IT\" \/>\n<meta property=\"og:type\" content=\"article\" \/>\n<meta property=\"og:title\" content=\"Avvisi legali\" \/>\n<meta property=\"og:description\" content=\"Oggetto Il presente avviso legale regola l&#8217;uso e l&#8217;utilizzo del sito web www.molinspares.com, di propriet\u00e0 di MOLINS-PARES, S.L.P. La navigazione sul sito web di MOLINS-PARES, S.L.P. conferisce la condizione di UTENTE dello stesso e implica l&#8217;accettazione piena e senza riserve di ognuna delle condizioni pubblicate nel presente avviso legale, avvertendo che tali condizioni possono essere [&hellip;]\" \/>\n<meta property=\"og:url\" content=\"https:\/\/molinspares.com\/it\/avvisi-legali\/\" \/>\n<meta property=\"og:site_name\" content=\"Molins Par\u00e9s - Despacho de Abogados Penalistas en Barcelona | Excelencia y Privacidad\" \/>\n<meta property=\"article:publisher\" content=\"https:\/\/www.facebook.com\/profile.php?id=100067944420137\" \/>\n<meta property=\"article:modified_time\" content=\"2025-06-19T20:45:25+00:00\" \/>\n<meta property=\"og:image\" content=\"https:\/\/molinspares.com\/wp-content\/uploads\/Molins-Pares-Abogados-Barcelona-100.png\" \/>\n\t<meta property=\"og:image:width\" content=\"1200\" \/>\n\t<meta property=\"og:image:height\" content=\"675\" \/>\n\t<meta property=\"og:image:type\" content=\"image\/png\" \/>\n<meta name=\"twitter:card\" content=\"summary_large_image\" \/>\n<meta name=\"twitter:label1\" content=\"Tempo di lettura stimato\" \/>\n\t<meta name=\"twitter:data1\" content=\"7 minuti\" \/>\n<script type=\"application\/ld+json\" class=\"yoast-schema-graph\">{\"@context\":\"https:\/\/schema.org\",\"@graph\":[{\"@type\":\"WebPage\",\"@id\":\"https:\/\/molinspares.com\/it\/avvisi-legali\/\",\"url\":\"https:\/\/molinspares.com\/it\/avvisi-legali\/\",\"name\":\"Avvisi legali - Molins Par\u00e9s - Despacho de Abogados Penalistas en Barcelona | Excelencia y Privacidad\",\"isPartOf\":{\"@id\":\"https:\/\/molinspares.com\/it\/#website\"},\"datePublished\":\"2023-10-20T09:57:51+00:00\",\"dateModified\":\"2025-06-19T20:45:25+00:00\",\"breadcrumb\":{\"@id\":\"https:\/\/molinspares.com\/it\/avvisi-legali\/#breadcrumb\"},\"inLanguage\":\"it-IT\",\"potentialAction\":[{\"@type\":\"ReadAction\",\"target\":[\"https:\/\/molinspares.com\/it\/avvisi-legali\/\"]}]},{\"@type\":\"BreadcrumbList\",\"@id\":\"https:\/\/molinspares.com\/it\/avvisi-legali\/#breadcrumb\",\"itemListElement\":[{\"@type\":\"ListItem\",\"position\":1,\"name\":\"Portada\",\"item\":\"https:\/\/molinspares.com\/it\/\"},{\"@type\":\"ListItem\",\"position\":2,\"name\":\"Avvisi legali\"}]},{\"@type\":\"WebSite\",\"@id\":\"https:\/\/molinspares.com\/it\/#website\",\"url\":\"https:\/\/molinspares.com\/it\/\",\"name\":\"Molins & Par\u00e9s - Despacho de Abogados Penalistas en Barcelona\",\"description\":\"En Molins &amp; Par\u00e9s somos especialistas en derecho penal. Garantizamos la privacidad del cliente y la m\u00e1xima excelencia en cada caso. \u00a1Cont\u00e1ctanos!\",\"publisher\":{\"@id\":\"https:\/\/molinspares.com\/it\/#organization\"},\"alternateName\":\"Molins & Par\u00e9s\",\"potentialAction\":[{\"@type\":\"SearchAction\",\"target\":{\"@type\":\"EntryPoint\",\"urlTemplate\":\"https:\/\/molinspares.com\/it\/?s={search_term_string}\"},\"query-input\":{\"@type\":\"PropertyValueSpecification\",\"valueRequired\":true,\"valueName\":\"search_term_string\"}}],\"inLanguage\":\"it-IT\"},{\"@type\":\"Organization\",\"@id\":\"https:\/\/molinspares.com\/it\/#organization\",\"name\":\"Molins & Par\u00e9s - Despacho de Abogados Penalistas en Barcelona\",\"alternateName\":\"Molins & Par\u00e9s\",\"url\":\"https:\/\/molinspares.com\/it\/\",\"logo\":{\"@type\":\"ImageObject\",\"inLanguage\":\"it-IT\",\"@id\":\"https:\/\/molinspares.com\/it\/#\/schema\/logo\/image\/\",\"url\":\"https:\/\/molinspares.com\/wp-content\/uploads\/logo_MolinsPares-2.jpg\",\"contentUrl\":\"https:\/\/molinspares.com\/wp-content\/uploads\/logo_MolinsPares-2.jpg\",\"width\":512,\"height\":512,\"caption\":\"Molins & Par\u00e9s - Despacho de Abogados Penalistas en Barcelona\"},\"image\":{\"@id\":\"https:\/\/molinspares.com\/it\/#\/schema\/logo\/image\/\"},\"sameAs\":[\"https:\/\/www.facebook.com\/profile.php?id=100067944420137\",\"https:\/\/www.linkedin.com\/in\/molins-pars-penal-compliance-44383b65\/\"],\"publishingPrinciples\":\"https:\/\/molinspares.com\/politica-privacidad\/\",\"ownershipFundingInfo\":\"https:\/\/molinspares.com\/politica-privacidad\/\",\"actionableFeedbackPolicy\":\"https:\/\/molinspares.com\/politica-privacidad\/\",\"correctionsPolicy\":\"https:\/\/molinspares.com\/politica-privacidad\/\",\"ethicsPolicy\":\"https:\/\/molinspares.com\/politica-privacidad\/\",\"diversityPolicy\":\"https:\/\/molinspares.com\/politica-privacidad\/\",\"diversityStaffingReport\":\"https:\/\/molinspares.com\/politica-privacidad\/\"}]}<\/script>\n<!-- \/ Yoast SEO Premium plugin. -->","yoast_head_json":{"title":"Avvisi legali - Molins Par\u00e9s - Despacho de Abogados Penalistas en Barcelona | Excelencia y Privacidad","robots":{"index":"index","follow":"follow","max-snippet":"max-snippet:-1","max-image-preview":"max-image-preview:large","max-video-preview":"max-video-preview:-1"},"canonical":"https:\/\/molinspares.com\/it\/avvisi-legali\/","og_locale":"it_IT","og_type":"article","og_title":"Avvisi legali","og_description":"Oggetto Il presente avviso legale regola l&#8217;uso e l&#8217;utilizzo del sito web www.molinspares.com, di propriet\u00e0 di MOLINS-PARES, S.L.P. La navigazione sul sito web di MOLINS-PARES, S.L.P. conferisce la condizione di UTENTE dello stesso e implica l&#8217;accettazione piena e senza riserve di ognuna delle condizioni pubblicate nel presente avviso legale, avvertendo che tali condizioni possono essere [&hellip;]","og_url":"https:\/\/molinspares.com\/it\/avvisi-legali\/","og_site_name":"Molins Par\u00e9s - Despacho de Abogados Penalistas en Barcelona | Excelencia y Privacidad","article_publisher":"https:\/\/www.facebook.com\/profile.php?id=100067944420137","article_modified_time":"2025-06-19T20:45:25+00:00","og_image":[{"width":1200,"height":675,"url":"https:\/\/molinspares.com\/wp-content\/uploads\/Molins-Pares-Abogados-Barcelona-100.png","type":"image\/png"}],"twitter_card":"summary_large_image","twitter_misc":{"Tempo di lettura stimato":"7 minuti"},"schema":{"@context":"https:\/\/schema.org","@graph":[{"@type":"WebPage","@id":"https:\/\/molinspares.com\/it\/avvisi-legali\/","url":"https:\/\/molinspares.com\/it\/avvisi-legali\/","name":"Avvisi legali - Molins Par\u00e9s - Despacho de Abogados Penalistas en Barcelona | Excelencia y Privacidad","isPartOf":{"@id":"https:\/\/molinspares.com\/it\/#website"},"datePublished":"2023-10-20T09:57:51+00:00","dateModified":"2025-06-19T20:45:25+00:00","breadcrumb":{"@id":"https:\/\/molinspares.com\/it\/avvisi-legali\/#breadcrumb"},"inLanguage":"it-IT","potentialAction":[{"@type":"ReadAction","target":["https:\/\/molinspares.com\/it\/avvisi-legali\/"]}]},{"@type":"BreadcrumbList","@id":"https:\/\/molinspares.com\/it\/avvisi-legali\/#breadcrumb","itemListElement":[{"@type":"ListItem","position":1,"name":"Portada","item":"https:\/\/molinspares.com\/it\/"},{"@type":"ListItem","position":2,"name":"Avvisi legali"}]},{"@type":"WebSite","@id":"https:\/\/molinspares.com\/it\/#website","url":"https:\/\/molinspares.com\/it\/","name":"Molins & Par\u00e9s - Despacho de Abogados Penalistas en Barcelona","description":"En Molins &amp; Par\u00e9s somos especialistas en derecho penal. Garantizamos la privacidad del cliente y la m\u00e1xima excelencia en cada caso. \u00a1Cont\u00e1ctanos!","publisher":{"@id":"https:\/\/molinspares.com\/it\/#organization"},"alternateName":"Molins & Par\u00e9s","potentialAction":[{"@type":"SearchAction","target":{"@type":"EntryPoint","urlTemplate":"https:\/\/molinspares.com\/it\/?s={search_term_string}"},"query-input":{"@type":"PropertyValueSpecification","valueRequired":true,"valueName":"search_term_string"}}],"inLanguage":"it-IT"},{"@type":"Organization","@id":"https:\/\/molinspares.com\/it\/#organization","name":"Molins & Par\u00e9s - Despacho de Abogados Penalistas en Barcelona","alternateName":"Molins & Par\u00e9s","url":"https:\/\/molinspares.com\/it\/","logo":{"@type":"ImageObject","inLanguage":"it-IT","@id":"https:\/\/molinspares.com\/it\/#\/schema\/logo\/image\/","url":"https:\/\/molinspares.com\/wp-content\/uploads\/logo_MolinsPares-2.jpg","contentUrl":"https:\/\/molinspares.com\/wp-content\/uploads\/logo_MolinsPares-2.jpg","width":512,"height":512,"caption":"Molins & Par\u00e9s - Despacho de Abogados Penalistas en Barcelona"},"image":{"@id":"https:\/\/molinspares.com\/it\/#\/schema\/logo\/image\/"},"sameAs":["https:\/\/www.facebook.com\/profile.php?id=100067944420137","https:\/\/www.linkedin.com\/in\/molins-pars-penal-compliance-44383b65\/"],"publishingPrinciples":"https:\/\/molinspares.com\/politica-privacidad\/","ownershipFundingInfo":"https:\/\/molinspares.com\/politica-privacidad\/","actionableFeedbackPolicy":"https:\/\/molinspares.com\/politica-privacidad\/","correctionsPolicy":"https:\/\/molinspares.com\/politica-privacidad\/","ethicsPolicy":"https:\/\/molinspares.com\/politica-privacidad\/","diversityPolicy":"https:\/\/molinspares.com\/politica-privacidad\/","diversityStaffingReport":"https:\/\/molinspares.com\/politica-privacidad\/"}]}},"_links":{"self":[{"href":"https:\/\/molinspares.com\/it\/wp-json\/wp\/v2\/pages\/7311","targetHints":{"allow":["GET"]}}],"collection":[{"href":"https:\/\/molinspares.com\/it\/wp-json\/wp\/v2\/pages"}],"about":[{"href":"https:\/\/molinspares.com\/it\/wp-json\/wp\/v2\/types\/page"}],"author":[{"embeddable":true,"href":"https:\/\/molinspares.com\/it\/wp-json\/wp\/v2\/users\/1"}],"replies":[{"embeddable":true,"href":"https:\/\/molinspares.com\/it\/wp-json\/wp\/v2\/comments?post=7311"}],"version-history":[{"count":1,"href":"https:\/\/molinspares.com\/it\/wp-json\/wp\/v2\/pages\/7311\/revisions"}],"predecessor-version":[{"id":7312,"href":"https:\/\/molinspares.com\/it\/wp-json\/wp\/v2\/pages\/7311\/revisions\/7312"}],"wp:attachment":[{"href":"https:\/\/molinspares.com\/it\/wp-json\/wp\/v2\/media?parent=7311"}],"wp:term":[{"taxonomy":"category","embeddable":true,"href":"https:\/\/molinspares.com\/it\/wp-json\/wp\/v2\/categories?post=7311"},{"taxonomy":"post_tag","embeddable":true,"href":"https:\/\/molinspares.com\/it\/wp-json\/wp\/v2\/tags?post=7311"}],"curies":[{"name":"wp","href":"https:\/\/api.w.org\/{rel}","templated":true}]}}