{"id":7236,"date":"2023-10-20T12:01:07","date_gmt":"2023-10-20T10:01:07","guid":{"rendered":"https:\/\/molinspares.com\/julia-pilar-gonzalez-garcia\/"},"modified":"2025-10-24T10:48:44","modified_gmt":"2025-10-24T08:48:44","slug":"julia-pilar-gonzalez-garcia","status":"publish","type":"page","link":"https:\/\/molinspares.com\/it\/julia-pilar-gonzalez-garcia\/","title":{"rendered":"Julia Pilar Gonz\u00e1lez Garc\u00eda"},"content":{"rendered":"\t\t<div data-elementor-type=\"wp-page\" data-elementor-id=\"7236\" class=\"elementor elementor-7236 elementor-63\" data-elementor-post-type=\"page\">\n\t\t\t\t<div class=\"elementor-element elementor-element-7119dac e-flex e-con-boxed e-con e-parent\" data-id=\"7119dac\" data-element_type=\"container\" data-e-type=\"container\" data-settings=\"{&quot;background_background&quot;:&quot;classic&quot;}\">\n\t\t\t\t\t<div class=\"e-con-inner\">\n\t\t\t\t<div class=\"elementor-element elementor-element-84e184d elementor-widget elementor-widget-heading\" data-id=\"84e184d\" data-element_type=\"widget\" data-e-type=\"widget\" data-widget_type=\"heading.default\">\n\t\t\t\t<div class=\"elementor-widget-container\">\n\t\t\t\t\t<h2 class=\"elementor-heading-title elementor-size-default\">Il nostro team<\/h2>\t\t\t\t<\/div>\n\t\t\t\t<\/div>\n\t\t\t\t\t<\/div>\n\t\t\t\t<\/div>\n\t\t<div class=\"elementor-element elementor-element-227d68fa e-flex e-con-boxed e-con e-parent\" data-id=\"227d68fa\" data-element_type=\"container\" data-e-type=\"container\" data-settings=\"{&quot;background_background&quot;:&quot;classic&quot;}\">\n\t\t\t\t\t<div class=\"e-con-inner\">\n\t\t<div class=\"elementor-element elementor-element-68dacb0e e-con-full e-flex e-con e-child\" data-id=\"68dacb0e\" data-element_type=\"container\" data-e-type=\"container\">\n\t\t\t\t<div class=\"elementor-element elementor-element-1c6fe0a5 elementor-widget-divider--view-line elementor-widget elementor-widget-divider\" data-id=\"1c6fe0a5\" data-element_type=\"widget\" data-e-type=\"widget\" data-widget_type=\"divider.default\">\n\t\t\t\t<div class=\"elementor-widget-container\">\n\t\t\t\t\t\t\t<div class=\"elementor-divider\">\n\t\t\t<span class=\"elementor-divider-separator\">\n\t\t\t\t\t\t<\/span>\n\t\t<\/div>\n\t\t\t\t\t\t<\/div>\n\t\t\t\t<\/div>\n\t\t\t\t<div class=\"elementor-element elementor-element-4487e579 elementor-widget elementor-widget-heading\" data-id=\"4487e579\" data-element_type=\"widget\" data-e-type=\"widget\" data-widget_type=\"heading.default\">\n\t\t\t\t<div class=\"elementor-widget-container\">\n\t\t\t\t\t<h1 class=\"elementor-heading-title elementor-size-default\">Julia Pilar Gonz\u00e1lez Garc\u00eda<\/h1>\t\t\t\t<\/div>\n\t\t\t\t<\/div>\n\t\t\t\t<\/div>\n\t\t\t\t\t<\/div>\n\t\t\t\t<\/div>\n\t\t<div class=\"elementor-element elementor-element-672a2e55 e-flex e-con-boxed e-con e-parent\" data-id=\"672a2e55\" data-element_type=\"container\" data-e-type=\"container\">\n\t\t\t\t\t<div class=\"e-con-inner\">\n\t\t<div class=\"elementor-element elementor-element-595c5a80 e-con-full e-flex e-con e-child\" data-id=\"595c5a80\" data-element_type=\"container\" data-e-type=\"container\">\n\t\t\t\t<div class=\"elementor-element elementor-element-3a36df57 elementor-icon-list--layout-traditional elementor-list-item-link-full_width elementor-widget elementor-widget-icon-list\" data-id=\"3a36df57\" data-element_type=\"widget\" data-e-type=\"widget\" data-widget_type=\"icon-list.default\">\n\t\t\t\t<div class=\"elementor-widget-container\">\n\t\t\t\t\t\t\t<ul class=\"elementor-icon-list-items\">\n\t\t\t\t\t\t\t<li class=\"elementor-icon-list-item\">\n\t\t\t\t\t\t\t\t\t\t\t<span class=\"elementor-icon-list-icon\">\n\t\t\t\t\t\t\t<i aria-hidden=\"true\" class=\"fas fa-chevron-right\"><\/i>\t\t\t\t\t\t<\/span>\n\t\t\t\t\t\t\t\t\t\t<span class=\"elementor-icon-list-text\">Avvocato<\/span>\n\t\t\t\t\t\t\t\t\t<\/li>\n\t\t\t\t\t\t\t\t<li class=\"elementor-icon-list-item\">\n\t\t\t\t\t\t\t\t\t\t\t<a href=\"https:\/\/www.linkedin.com\/in\/julia-pilar-gonz%C3%A1lez-garc%C3%ADa-a2455b167\/\" target=\"_blank\">\n\n\t\t\t\t\t\t\t\t\t\t\t\t<span class=\"elementor-icon-list-icon\">\n\t\t\t\t\t\t\t<i aria-hidden=\"true\" class=\"icon icon-linkedin\"><\/i>\t\t\t\t\t\t<\/span>\n\t\t\t\t\t\t\t\t\t\t<span class=\"elementor-icon-list-text\"><\/span>\n\t\t\t\t\t\t\t\t\t\t\t<\/a>\n\t\t\t\t\t\t\t\t\t<\/li>\n\t\t\t\t\t\t<\/ul>\n\t\t\t\t\t\t<\/div>\n\t\t\t\t<\/div>\n\t\t\t\t<div class=\"elementor-element elementor-element-1895c03 elementor-widget-tablet__width-initial elementor-hidden-desktop elementor-hidden-tablet elementor-hidden-mobile elementor-hidden-laptop elementor-widget elementor-widget-image\" data-id=\"1895c03\" data-element_type=\"widget\" data-e-type=\"widget\" data-widget_type=\"image.default\">\n\t\t\t\t<div class=\"elementor-widget-container\">\n\t\t\t\t\t\t\t\t\t\t\t\t\t\t\t<img fetchpriority=\"high\" decoding=\"async\" width=\"800\" height=\"242\" src=\"https:\/\/molinspares.com\/wp-content\/uploads\/Best-Lawyers-2025-Julia-Pilar-Gonzalez.jpg\" class=\"attachment-large size-large wp-image-6684\" alt=\"\" srcset=\"https:\/\/molinspares.com\/wp-content\/uploads\/Best-Lawyers-2025-Julia-Pilar-Gonzalez.jpg 800w, https:\/\/molinspares.com\/wp-content\/uploads\/Best-Lawyers-2025-Julia-Pilar-Gonzalez-300x91.jpg 300w, https:\/\/molinspares.com\/wp-content\/uploads\/Best-Lawyers-2025-Julia-Pilar-Gonzalez-768x232.jpg 768w\" sizes=\"(max-width: 800px) 100vw, 800px\" \/>\t\t\t\t\t\t\t\t\t\t\t\t\t\t\t<\/div>\n\t\t\t\t<\/div>\n\t\t\t\t<\/div>\n\t\t<div class=\"elementor-element elementor-element-6063d39b e-con-full e-flex e-con e-child\" data-id=\"6063d39b\" data-element_type=\"container\" data-e-type=\"container\">\n\t\t\t\t<div class=\"elementor-element elementor-element-71b63413 e-transform elementor-widget elementor-widget-heading\" data-id=\"71b63413\" data-element_type=\"widget\" data-e-type=\"widget\" data-settings=\"{&quot;_transform_translateY_effect_mobile&quot;:{&quot;unit&quot;:&quot;px&quot;,&quot;size&quot;:0,&quot;sizes&quot;:[]},&quot;_transform_translateX_effect&quot;:{&quot;unit&quot;:&quot;px&quot;,&quot;size&quot;:&quot;&quot;,&quot;sizes&quot;:[]},&quot;_transform_translateX_effect_laptop&quot;:{&quot;unit&quot;:&quot;px&quot;,&quot;size&quot;:&quot;&quot;,&quot;sizes&quot;:[]},&quot;_transform_translateX_effect_tablet&quot;:{&quot;unit&quot;:&quot;px&quot;,&quot;size&quot;:&quot;&quot;,&quot;sizes&quot;:[]},&quot;_transform_translateX_effect_mobile&quot;:{&quot;unit&quot;:&quot;px&quot;,&quot;size&quot;:&quot;&quot;,&quot;sizes&quot;:[]},&quot;_transform_translateY_effect&quot;:{&quot;unit&quot;:&quot;px&quot;,&quot;size&quot;:&quot;&quot;,&quot;sizes&quot;:[]},&quot;_transform_translateY_effect_laptop&quot;:{&quot;unit&quot;:&quot;px&quot;,&quot;size&quot;:&quot;&quot;,&quot;sizes&quot;:[]},&quot;_transform_translateY_effect_tablet&quot;:{&quot;unit&quot;:&quot;px&quot;,&quot;size&quot;:&quot;&quot;,&quot;sizes&quot;:[]}}\" data-widget_type=\"heading.default\">\n\t\t\t\t<div class=\"elementor-widget-container\">\n\t\t\t\t\t<h4 class=\"elementor-heading-title elementor-size-default\">Julia Gonz\u00e1lez si \u00e8 laureata in Giurisprudenza presso l'Universit\u00e0 Pompeu Fabra (2003). Al termine della laurea, ha conseguito un Master in Diritto Penale e Scienze Criminali presso l \u201cUniversit\u00e0 di Barcellona e l\u201d Universit\u00e0 Pompeu Fabra (2003-2005). Inoltre, ha seguito numerosi corsi di specializzazione in diritto penale (giurisdizione minorile, penitenziario, violenza di genere, giuria, ecc.), specializzandosi anche in materia di compliance dopo aver completato un corso post-laurea su questo tema presso l'Universit\u00e0 Abat Oliva (2017-2018).<\/h4>\t\t\t\t<\/div>\n\t\t\t\t<\/div>\n\t\t\t\t<div class=\"elementor-element elementor-element-24013885 lista-con-chevron elementor-widget elementor-widget-text-editor\" data-id=\"24013885\" data-element_type=\"widget\" data-e-type=\"widget\" data-widget_type=\"text-editor.default\">\n\t\t\t\t<div class=\"elementor-widget-container\">\n\t\t\t\t\t\t\t\t\t<ul><li>Da quando ha iniziato la professione, Julia si \u00e8 dedicata esclusivamente al diritto penale, partecipando alla difesa degli interessi di persone fisiche e giuridiche, sia pubbliche che private, in diversi tribunali e corti in tutta la Spagna e in procedimenti penali di ogni tipo, grazie alle diverse specializzazioni riconosciute dall&#8217;Ordine degli Avvocati di Barcellona e al suo rapporto di lavoro con prestigiosi studi di diritto penale.<\/li><li>Nel campo dell \u201cinsegnamento, Julia ha partecipato al Master in Diritto presso l\u201d Instituto Superior de Derecho y Empresa (ISDE), dove ha insegnato diverse sessioni dedicate allo studio del crimine aziendale. Ha anche collaborato come docente ospite in sessioni pratiche di Diritto Penale tenute dall \u201cUniversit\u00e0 di Barcellona, dall\u201d Universit\u00e0 Pompeu Fabra, dall \u201cOrdine degli Avvocati di Barcellona, dall\u201d Associazione Ufficiale degli Investigatori Privati della Catalogna e dalla Scuola Giudiziaria.<\/li><li>Julia \u00e8 attualmente membro della sezione di Diritto Penale dell&#8217;Ordine degli Avvocati di Barcellona ed \u00e8 stata anche riconosciuta e inclusa nella classifica internazionale di Best Lawyers nella categoria &#8220;Difesa Penale&#8221; e &#8220;Contenzioso&#8221;.<\/li><\/ul>\t\t\t\t\t\t\t\t<\/div>\n\t\t\t\t<\/div>\n\t\t\t\t<\/div>\n\t\t<div class=\"elementor-element elementor-element-5849947f e-con-full e-flex e-con e-child\" data-id=\"5849947f\" data-element_type=\"container\" data-e-type=\"container\">\n\t\t\t\t<div class=\"elementor-element elementor-element-72529337 elementor-widget elementor-widget-image\" data-id=\"72529337\" data-element_type=\"widget\" data-e-type=\"widget\" data-widget_type=\"image.default\">\n\t\t\t\t<div class=\"elementor-widget-container\">\n\t\t\t\t\t\t\t\t\t\t\t\t\t\t\t<img decoding=\"async\" width=\"600\" height=\"900\" src=\"https:\/\/molinspares.com\/wp-content\/uploads\/Abogado_3_Julia-Pilar-Gonzalez-Garcia.jpg\" class=\"attachment-large size-large wp-image-6800\" alt=\"\" srcset=\"https:\/\/molinspares.com\/wp-content\/uploads\/Abogado_3_Julia-Pilar-Gonzalez-Garcia.jpg 600w, https:\/\/molinspares.com\/wp-content\/uploads\/Abogado_3_Julia-Pilar-Gonzalez-Garcia-200x300.jpg 200w\" sizes=\"(max-width: 600px) 100vw, 600px\" \/>\t\t\t\t\t\t\t\t\t\t\t\t\t\t\t<\/div>\n\t\t\t\t<\/div>\n\t\t\t\t<\/div>\n\t\t\t\t\t<\/div>\n\t\t\t\t<\/div>\n\t\t\t\t<\/div>\n\t\t","protected":false},"excerpt":{"rendered":"<p>Avvocato<\/p>\n","protected":false},"author":1,"featured_media":6468,"parent":0,"menu_order":23,"comment_status":"closed","ping_status":"closed","template":"","meta":{"footnotes":""},"categories":[156],"tags":[],"class_list":["post-7236","page","type-page","status-publish","has-post-thumbnail","hentry","category-il-team"],"yoast_head":"<!-- This site is optimized with the Yoast SEO Premium plugin v26.1 (Yoast SEO v27.2) - https:\/\/yoast.com\/product\/yoast-seo-premium-wordpress\/ -->\n<title>Julia Pilar Gonz\u00e1lez Garc\u00eda - Molins Par\u00e9s - Despacho de Abogados Penalistas en Barcelona | Excelencia y Privacidad<\/title>\n<meta name=\"robots\" content=\"index, follow, max-snippet:-1, max-image-preview:large, max-video-preview:-1\" \/>\n<link rel=\"canonical\" href=\"https:\/\/molinspares.com\/it\/julia-pilar-gonzalez-garcia\/\" \/>\n<meta property=\"og:locale\" content=\"it_IT\" \/>\n<meta property=\"og:type\" content=\"article\" \/>\n<meta property=\"og:title\" content=\"Julia Pilar Gonz\u00e1lez Garc\u00eda\" \/>\n<meta property=\"og:description\" content=\"Avvocato\" \/>\n<meta property=\"og:url\" content=\"https:\/\/molinspares.com\/it\/julia-pilar-gonzalez-garcia\/\" \/>\n<meta property=\"og:site_name\" content=\"Molins Par\u00e9s - Despacho de Abogados Penalistas en Barcelona | Excelencia y Privacidad\" \/>\n<meta property=\"article:publisher\" content=\"https:\/\/www.facebook.com\/profile.php?id=100067944420137\" \/>\n<meta property=\"article:modified_time\" content=\"2025-10-24T08:48:44+00:00\" \/>\n<meta property=\"og:image\" content=\"https:\/\/molinspares.com\/wp-content\/uploads\/Abogado_1_Julia-Pilar-Gonzalez-Garcia.jpg\" \/>\n\t<meta property=\"og:image:width\" content=\"400\" \/>\n\t<meta property=\"og:image:height\" content=\"600\" \/>\n\t<meta property=\"og:image:type\" content=\"image\/jpeg\" \/>\n<meta name=\"twitter:card\" content=\"summary_large_image\" \/>\n<meta name=\"twitter:label1\" content=\"Tempo di lettura stimato\" \/>\n\t<meta name=\"twitter:data1\" content=\"1 minuto\" \/>\n<script type=\"application\/ld+json\" class=\"yoast-schema-graph\">{\"@context\":\"https:\/\/schema.org\",\"@graph\":[{\"@type\":\"WebPage\",\"@id\":\"https:\/\/molinspares.com\/it\/julia-pilar-gonzalez-garcia\/\",\"url\":\"https:\/\/molinspares.com\/it\/julia-pilar-gonzalez-garcia\/\",\"name\":\"Julia Pilar Gonz\u00e1lez Garc\u00eda - Molins Par\u00e9s - Despacho de Abogados Penalistas en Barcelona | Excelencia y Privacidad\",\"isPartOf\":{\"@id\":\"https:\/\/molinspares.com\/it\/#website\"},\"primaryImageOfPage\":{\"@id\":\"https:\/\/molinspares.com\/it\/julia-pilar-gonzalez-garcia\/#primaryimage\"},\"image\":{\"@id\":\"https:\/\/molinspares.com\/it\/julia-pilar-gonzalez-garcia\/#primaryimage\"},\"thumbnailUrl\":\"https:\/\/molinspares.com\/wp-content\/uploads\/Abogado_1_Julia-Pilar-Gonzalez-Garcia.jpg\",\"datePublished\":\"2023-10-20T10:01:07+00:00\",\"dateModified\":\"2025-10-24T08:48:44+00:00\",\"breadcrumb\":{\"@id\":\"https:\/\/molinspares.com\/it\/julia-pilar-gonzalez-garcia\/#breadcrumb\"},\"inLanguage\":\"it-IT\",\"potentialAction\":[{\"@type\":\"ReadAction\",\"target\":[\"https:\/\/molinspares.com\/it\/julia-pilar-gonzalez-garcia\/\"]}]},{\"@type\":\"ImageObject\",\"inLanguage\":\"it-IT\",\"@id\":\"https:\/\/molinspares.com\/it\/julia-pilar-gonzalez-garcia\/#primaryimage\",\"url\":\"https:\/\/molinspares.com\/wp-content\/uploads\/Abogado_1_Julia-Pilar-Gonzalez-Garcia.jpg\",\"contentUrl\":\"https:\/\/molinspares.com\/wp-content\/uploads\/Abogado_1_Julia-Pilar-Gonzalez-Garcia.jpg\",\"width\":400,\"height\":600},{\"@type\":\"BreadcrumbList\",\"@id\":\"https:\/\/molinspares.com\/it\/julia-pilar-gonzalez-garcia\/#breadcrumb\",\"itemListElement\":[{\"@type\":\"ListItem\",\"position\":1,\"name\":\"Portada\",\"item\":\"https:\/\/molinspares.com\/it\/\"},{\"@type\":\"ListItem\",\"position\":2,\"name\":\"Julia Pilar Gonz\u00e1lez Garc\u00eda\"}]},{\"@type\":\"WebSite\",\"@id\":\"https:\/\/molinspares.com\/it\/#website\",\"url\":\"https:\/\/molinspares.com\/it\/\",\"name\":\"Molins & Par\u00e9s - Despacho de Abogados Penalistas en Barcelona\",\"description\":\"En Molins &amp; Par\u00e9s somos especialistas en derecho penal. Garantizamos la privacidad del cliente y la m\u00e1xima excelencia en cada caso. \u00a1Cont\u00e1ctanos!\",\"publisher\":{\"@id\":\"https:\/\/molinspares.com\/it\/#organization\"},\"alternateName\":\"Molins & Par\u00e9s\",\"potentialAction\":[{\"@type\":\"SearchAction\",\"target\":{\"@type\":\"EntryPoint\",\"urlTemplate\":\"https:\/\/molinspares.com\/it\/?s={search_term_string}\"},\"query-input\":{\"@type\":\"PropertyValueSpecification\",\"valueRequired\":true,\"valueName\":\"search_term_string\"}}],\"inLanguage\":\"it-IT\"},{\"@type\":\"Organization\",\"@id\":\"https:\/\/molinspares.com\/it\/#organization\",\"name\":\"Molins & Par\u00e9s - Despacho de Abogados Penalistas en Barcelona\",\"alternateName\":\"Molins & Par\u00e9s\",\"url\":\"https:\/\/molinspares.com\/it\/\",\"logo\":{\"@type\":\"ImageObject\",\"inLanguage\":\"it-IT\",\"@id\":\"https:\/\/molinspares.com\/it\/#\/schema\/logo\/image\/\",\"url\":\"https:\/\/molinspares.com\/wp-content\/uploads\/logo_MolinsPares-2.jpg\",\"contentUrl\":\"https:\/\/molinspares.com\/wp-content\/uploads\/logo_MolinsPares-2.jpg\",\"width\":512,\"height\":512,\"caption\":\"Molins & Par\u00e9s - Despacho de Abogados Penalistas en Barcelona\"},\"image\":{\"@id\":\"https:\/\/molinspares.com\/it\/#\/schema\/logo\/image\/\"},\"sameAs\":[\"https:\/\/www.facebook.com\/profile.php?id=100067944420137\",\"https:\/\/www.linkedin.com\/in\/molins-pars-penal-compliance-44383b65\/\"],\"publishingPrinciples\":\"https:\/\/molinspares.com\/politica-privacidad\/\",\"ownershipFundingInfo\":\"https:\/\/molinspares.com\/politica-privacidad\/\",\"actionableFeedbackPolicy\":\"https:\/\/molinspares.com\/politica-privacidad\/\",\"correctionsPolicy\":\"https:\/\/molinspares.com\/politica-privacidad\/\",\"ethicsPolicy\":\"https:\/\/molinspares.com\/politica-privacidad\/\",\"diversityPolicy\":\"https:\/\/molinspares.com\/politica-privacidad\/\",\"diversityStaffingReport\":\"https:\/\/molinspares.com\/politica-privacidad\/\"}]}<\/script>\n<!-- \/ Yoast SEO Premium plugin. -->","yoast_head_json":{"title":"Julia Pilar Gonz\u00e1lez Garc\u00eda - Molins Par\u00e9s - Despacho de Abogados Penalistas en Barcelona | Excelencia y Privacidad","robots":{"index":"index","follow":"follow","max-snippet":"max-snippet:-1","max-image-preview":"max-image-preview:large","max-video-preview":"max-video-preview:-1"},"canonical":"https:\/\/molinspares.com\/it\/julia-pilar-gonzalez-garcia\/","og_locale":"it_IT","og_type":"article","og_title":"Julia Pilar Gonz\u00e1lez Garc\u00eda","og_description":"Avvocato","og_url":"https:\/\/molinspares.com\/it\/julia-pilar-gonzalez-garcia\/","og_site_name":"Molins Par\u00e9s - Despacho de Abogados Penalistas en Barcelona | Excelencia y Privacidad","article_publisher":"https:\/\/www.facebook.com\/profile.php?id=100067944420137","article_modified_time":"2025-10-24T08:48:44+00:00","og_image":[{"width":400,"height":600,"url":"https:\/\/molinspares.com\/wp-content\/uploads\/Abogado_1_Julia-Pilar-Gonzalez-Garcia.jpg","type":"image\/jpeg"}],"twitter_card":"summary_large_image","twitter_misc":{"Tempo di lettura stimato":"1 minuto"},"schema":{"@context":"https:\/\/schema.org","@graph":[{"@type":"WebPage","@id":"https:\/\/molinspares.com\/it\/julia-pilar-gonzalez-garcia\/","url":"https:\/\/molinspares.com\/it\/julia-pilar-gonzalez-garcia\/","name":"Julia Pilar Gonz\u00e1lez Garc\u00eda - Molins Par\u00e9s - Despacho de Abogados Penalistas en Barcelona | Excelencia y Privacidad","isPartOf":{"@id":"https:\/\/molinspares.com\/it\/#website"},"primaryImageOfPage":{"@id":"https:\/\/molinspares.com\/it\/julia-pilar-gonzalez-garcia\/#primaryimage"},"image":{"@id":"https:\/\/molinspares.com\/it\/julia-pilar-gonzalez-garcia\/#primaryimage"},"thumbnailUrl":"https:\/\/molinspares.com\/wp-content\/uploads\/Abogado_1_Julia-Pilar-Gonzalez-Garcia.jpg","datePublished":"2023-10-20T10:01:07+00:00","dateModified":"2025-10-24T08:48:44+00:00","breadcrumb":{"@id":"https:\/\/molinspares.com\/it\/julia-pilar-gonzalez-garcia\/#breadcrumb"},"inLanguage":"it-IT","potentialAction":[{"@type":"ReadAction","target":["https:\/\/molinspares.com\/it\/julia-pilar-gonzalez-garcia\/"]}]},{"@type":"ImageObject","inLanguage":"it-IT","@id":"https:\/\/molinspares.com\/it\/julia-pilar-gonzalez-garcia\/#primaryimage","url":"https:\/\/molinspares.com\/wp-content\/uploads\/Abogado_1_Julia-Pilar-Gonzalez-Garcia.jpg","contentUrl":"https:\/\/molinspares.com\/wp-content\/uploads\/Abogado_1_Julia-Pilar-Gonzalez-Garcia.jpg","width":400,"height":600},{"@type":"BreadcrumbList","@id":"https:\/\/molinspares.com\/it\/julia-pilar-gonzalez-garcia\/#breadcrumb","itemListElement":[{"@type":"ListItem","position":1,"name":"Portada","item":"https:\/\/molinspares.com\/it\/"},{"@type":"ListItem","position":2,"name":"Julia Pilar Gonz\u00e1lez Garc\u00eda"}]},{"@type":"WebSite","@id":"https:\/\/molinspares.com\/it\/#website","url":"https:\/\/molinspares.com\/it\/","name":"Molins & Par\u00e9s - Despacho de Abogados Penalistas en Barcelona","description":"En Molins &amp; Par\u00e9s somos especialistas en derecho penal. Garantizamos la privacidad del cliente y la m\u00e1xima excelencia en cada caso. \u00a1Cont\u00e1ctanos!","publisher":{"@id":"https:\/\/molinspares.com\/it\/#organization"},"alternateName":"Molins & Par\u00e9s","potentialAction":[{"@type":"SearchAction","target":{"@type":"EntryPoint","urlTemplate":"https:\/\/molinspares.com\/it\/?s={search_term_string}"},"query-input":{"@type":"PropertyValueSpecification","valueRequired":true,"valueName":"search_term_string"}}],"inLanguage":"it-IT"},{"@type":"Organization","@id":"https:\/\/molinspares.com\/it\/#organization","name":"Molins & Par\u00e9s - Despacho de Abogados Penalistas en Barcelona","alternateName":"Molins & Par\u00e9s","url":"https:\/\/molinspares.com\/it\/","logo":{"@type":"ImageObject","inLanguage":"it-IT","@id":"https:\/\/molinspares.com\/it\/#\/schema\/logo\/image\/","url":"https:\/\/molinspares.com\/wp-content\/uploads\/logo_MolinsPares-2.jpg","contentUrl":"https:\/\/molinspares.com\/wp-content\/uploads\/logo_MolinsPares-2.jpg","width":512,"height":512,"caption":"Molins & Par\u00e9s - Despacho de Abogados Penalistas en Barcelona"},"image":{"@id":"https:\/\/molinspares.com\/it\/#\/schema\/logo\/image\/"},"sameAs":["https:\/\/www.facebook.com\/profile.php?id=100067944420137","https:\/\/www.linkedin.com\/in\/molins-pars-penal-compliance-44383b65\/"],"publishingPrinciples":"https:\/\/molinspares.com\/politica-privacidad\/","ownershipFundingInfo":"https:\/\/molinspares.com\/politica-privacidad\/","actionableFeedbackPolicy":"https:\/\/molinspares.com\/politica-privacidad\/","correctionsPolicy":"https:\/\/molinspares.com\/politica-privacidad\/","ethicsPolicy":"https:\/\/molinspares.com\/politica-privacidad\/","diversityPolicy":"https:\/\/molinspares.com\/politica-privacidad\/","diversityStaffingReport":"https:\/\/molinspares.com\/politica-privacidad\/"}]}},"_links":{"self":[{"href":"https:\/\/molinspares.com\/it\/wp-json\/wp\/v2\/pages\/7236","targetHints":{"allow":["GET"]}}],"collection":[{"href":"https:\/\/molinspares.com\/it\/wp-json\/wp\/v2\/pages"}],"about":[{"href":"https:\/\/molinspares.com\/it\/wp-json\/wp\/v2\/types\/page"}],"author":[{"embeddable":true,"href":"https:\/\/molinspares.com\/it\/wp-json\/wp\/v2\/users\/1"}],"replies":[{"embeddable":true,"href":"https:\/\/molinspares.com\/it\/wp-json\/wp\/v2\/comments?post=7236"}],"version-history":[{"count":3,"href":"https:\/\/molinspares.com\/it\/wp-json\/wp\/v2\/pages\/7236\/revisions"}],"predecessor-version":[{"id":8131,"href":"https:\/\/molinspares.com\/it\/wp-json\/wp\/v2\/pages\/7236\/revisions\/8131"}],"wp:featuredmedia":[{"embeddable":true,"href":"https:\/\/molinspares.com\/it\/wp-json\/wp\/v2\/media\/6468"}],"wp:attachment":[{"href":"https:\/\/molinspares.com\/it\/wp-json\/wp\/v2\/media?parent=7236"}],"wp:term":[{"taxonomy":"category","embeddable":true,"href":"https:\/\/molinspares.com\/it\/wp-json\/wp\/v2\/categories?post=7236"},{"taxonomy":"post_tag","embeddable":true,"href":"https:\/\/molinspares.com\/it\/wp-json\/wp\/v2\/tags?post=7236"}],"curies":[{"name":"wp","href":"https:\/\/api.w.org\/{rel}","templated":true}]}}