{"id":7115,"date":"2024-01-12T17:45:38","date_gmt":"2024-01-12T16:45:38","guid":{"rendered":"https:\/\/molinspares.com\/reati-contro-la-liberta\/"},"modified":"2025-06-19T22:37:46","modified_gmt":"2025-06-19T20:37:46","slug":"reati-contro-la-liberta","status":"publish","type":"page","link":"https:\/\/molinspares.com\/it\/reati-contro-la-liberta\/","title":{"rendered":"Reati contro la libert\u00e0"},"content":{"rendered":"\n<p><strong>REATO DI MINACCIA<\/strong><strong> (artt. 169-171 PC):<\/strong> consiste nell \u201cannunciare ad un\u201d altra persona che sta per causare un danno a lei, alla sua famiglia o ad altre persone con cui \u00e8 intimamente legata.<\/p>\n\n<p><strong>REATO DI COERCIONE<\/strong><strong> (art. 172 PC):<\/strong> punisce la persona che costringe o impedisce a una terza persona di agire o fare, mediante l&#8217;uso di violenza, intimidazione o forza nelle cose, ci\u00f2 che non vuole o che la legge non proibisce.<\/p>\n\n<p><strong>STALKING <\/strong><strong>(art. 172 ter CP):<\/strong> punisce l&#8217;azione di chiunque osservi, perseguiti, stabilisca o tenti di stabilire un contatto con qualsiasi mezzo o tramite una terza persona, purch\u00e9 queste azioni siano compiute in modo insistente e influiscano sulla vita della persona che subisce questi comportamenti.<\/p>\n\n<p><strong>REATO DI \u201cMOMENTO SUL LAVORO\u201d<\/strong><strong> (art. 173 PC):<\/strong>punisce chiunque, approfittando di un rapporto di superiorit\u00e0 sul posto di lavoro o nel servizio pubblico, compia atti ostili o umilianti nei confronti di una persona.<\/p>\n\n<p><strong>CRIMINE DI &#8220;MOSSA DI PROPRIETA&#8217;<\/strong>&#8220;<strong><\/strong> <strong>(art. 173 CP):<\/strong>punisce chiunque compia costantemente atti ostili o umilianti nei confronti di una persona, allo scopo di impedirle il legittimo godimento del proprio domicilio.<\/p>\n","protected":false},"excerpt":{"rendered":"<p>REATO DI MINACCIA (artt. 169-171 PC): consiste nell \u201cannunciare ad un\u201d altra persona che sta per causare un danno a lei, alla sua famiglia o ad altre persone con cui \u00e8 intimamente legata. REATO DI COERCIONE (art. 172 PC): punisce la persona che costringe o impedisce a una terza persona di agire o fare, mediante [&hellip;]<\/p>\n","protected":false},"author":1,"featured_media":5964,"parent":0,"menu_order":64,"comment_status":"closed","ping_status":"closed","template":"","meta":{"footnotes":""},"categories":[159],"tags":[],"class_list":["post-7115","page","type-page","status-publish","has-post-thumbnail","hentry","category-difesa-penale"],"yoast_head":"<!-- This site is optimized with the Yoast SEO Premium plugin v26.1 (Yoast SEO v27.2) - https:\/\/yoast.com\/product\/yoast-seo-premium-wordpress\/ -->\n<title>Avvocato Reati di minacce, coercizione, molestie o mobbing a Barcellona<\/title>\n<meta name=\"description\" content=\"Molis Par\u00e9s \u00e8 uno studio legale di Barcellona specializzato in reati contro la libert\u00e0. Difendiamo i suoi diritti. Si metta in contatto con lei ora!\" \/>\n<meta name=\"robots\" content=\"index, follow, max-snippet:-1, max-image-preview:large, max-video-preview:-1\" \/>\n<link rel=\"canonical\" href=\"https:\/\/molinspares.com\/it\/reati-contro-la-liberta\/\" \/>\n<meta property=\"og:locale\" content=\"it_IT\" \/>\n<meta property=\"og:type\" content=\"article\" \/>\n<meta property=\"og:title\" content=\"Reati contro la libert\u00e0\" \/>\n<meta property=\"og:description\" content=\"Molis Par\u00e9s \u00e8 uno studio legale di Barcellona specializzato in reati contro la libert\u00e0. Difendiamo i suoi diritti. Si metta in contatto con lei ora!\" \/>\n<meta property=\"og:url\" content=\"https:\/\/molinspares.com\/it\/reati-contro-la-liberta\/\" \/>\n<meta property=\"og:site_name\" content=\"Molins Par\u00e9s - Despacho de Abogados Penalistas en Barcelona | Excelencia y Privacidad\" \/>\n<meta property=\"article:publisher\" content=\"https:\/\/www.facebook.com\/profile.php?id=100067944420137\" \/>\n<meta property=\"article:modified_time\" content=\"2025-06-19T20:37:46+00:00\" \/>\n<meta property=\"og:image\" content=\"https:\/\/molinspares.com\/wp-content\/uploads\/Delitos-contra-el-patrimonio-y-contra-el-orden-socio-economico.jpg\" \/>\n\t<meta property=\"og:image:width\" content=\"600\" \/>\n\t<meta property=\"og:image:height\" content=\"900\" \/>\n\t<meta property=\"og:image:type\" content=\"image\/jpeg\" \/>\n<meta name=\"twitter:card\" content=\"summary_large_image\" \/>\n<meta name=\"twitter:label1\" content=\"Tempo di lettura stimato\" \/>\n\t<meta name=\"twitter:data1\" content=\"1 minuto\" \/>\n<script type=\"application\/ld+json\" class=\"yoast-schema-graph\">{\"@context\":\"https:\/\/schema.org\",\"@graph\":[{\"@type\":\"WebPage\",\"@id\":\"https:\/\/molinspares.com\/it\/reati-contro-la-liberta\/\",\"url\":\"https:\/\/molinspares.com\/it\/reati-contro-la-liberta\/\",\"name\":\"Avvocato Reati di minacce, coercizione, molestie o mobbing a Barcellona\",\"isPartOf\":{\"@id\":\"https:\/\/molinspares.com\/it\/#website\"},\"primaryImageOfPage\":{\"@id\":\"https:\/\/molinspares.com\/it\/reati-contro-la-liberta\/#primaryimage\"},\"image\":{\"@id\":\"https:\/\/molinspares.com\/it\/reati-contro-la-liberta\/#primaryimage\"},\"thumbnailUrl\":\"https:\/\/molinspares.com\/wp-content\/uploads\/Delitos-contra-el-patrimonio-y-contra-el-orden-socio-economico.jpg\",\"datePublished\":\"2024-01-12T16:45:38+00:00\",\"dateModified\":\"2025-06-19T20:37:46+00:00\",\"description\":\"Molis Par\u00e9s \u00e8 uno studio legale di Barcellona specializzato in reati contro la libert\u00e0. Difendiamo i suoi diritti. Si metta in contatto con lei ora!\",\"breadcrumb\":{\"@id\":\"https:\/\/molinspares.com\/it\/reati-contro-la-liberta\/#breadcrumb\"},\"inLanguage\":\"it-IT\",\"potentialAction\":[{\"@type\":\"ReadAction\",\"target\":[\"https:\/\/molinspares.com\/it\/reati-contro-la-liberta\/\"]}]},{\"@type\":\"ImageObject\",\"inLanguage\":\"it-IT\",\"@id\":\"https:\/\/molinspares.com\/it\/reati-contro-la-liberta\/#primaryimage\",\"url\":\"https:\/\/molinspares.com\/wp-content\/uploads\/Delitos-contra-el-patrimonio-y-contra-el-orden-socio-economico.jpg\",\"contentUrl\":\"https:\/\/molinspares.com\/wp-content\/uploads\/Delitos-contra-el-patrimonio-y-contra-el-orden-socio-economico.jpg\",\"width\":600,\"height\":900},{\"@type\":\"BreadcrumbList\",\"@id\":\"https:\/\/molinspares.com\/it\/reati-contro-la-liberta\/#breadcrumb\",\"itemListElement\":[{\"@type\":\"ListItem\",\"position\":1,\"name\":\"Portada\",\"item\":\"https:\/\/molinspares.com\/it\/\"},{\"@type\":\"ListItem\",\"position\":2,\"name\":\"Reati contro la libert\u00e0\"}]},{\"@type\":\"WebSite\",\"@id\":\"https:\/\/molinspares.com\/it\/#website\",\"url\":\"https:\/\/molinspares.com\/it\/\",\"name\":\"Molins & Par\u00e9s - Despacho de Abogados Penalistas en Barcelona\",\"description\":\"En Molins &amp; Par\u00e9s somos especialistas en derecho penal. Garantizamos la privacidad del cliente y la m\u00e1xima excelencia en cada caso. \u00a1Cont\u00e1ctanos!\",\"publisher\":{\"@id\":\"https:\/\/molinspares.com\/it\/#organization\"},\"alternateName\":\"Molins & Par\u00e9s\",\"potentialAction\":[{\"@type\":\"SearchAction\",\"target\":{\"@type\":\"EntryPoint\",\"urlTemplate\":\"https:\/\/molinspares.com\/it\/?s={search_term_string}\"},\"query-input\":{\"@type\":\"PropertyValueSpecification\",\"valueRequired\":true,\"valueName\":\"search_term_string\"}}],\"inLanguage\":\"it-IT\"},{\"@type\":\"Organization\",\"@id\":\"https:\/\/molinspares.com\/it\/#organization\",\"name\":\"Molins & Par\u00e9s - Despacho de Abogados Penalistas en Barcelona\",\"alternateName\":\"Molins & Par\u00e9s\",\"url\":\"https:\/\/molinspares.com\/it\/\",\"logo\":{\"@type\":\"ImageObject\",\"inLanguage\":\"it-IT\",\"@id\":\"https:\/\/molinspares.com\/it\/#\/schema\/logo\/image\/\",\"url\":\"https:\/\/molinspares.com\/wp-content\/uploads\/logo_MolinsPares-2.jpg\",\"contentUrl\":\"https:\/\/molinspares.com\/wp-content\/uploads\/logo_MolinsPares-2.jpg\",\"width\":512,\"height\":512,\"caption\":\"Molins & Par\u00e9s - Despacho de Abogados Penalistas en Barcelona\"},\"image\":{\"@id\":\"https:\/\/molinspares.com\/it\/#\/schema\/logo\/image\/\"},\"sameAs\":[\"https:\/\/www.facebook.com\/profile.php?id=100067944420137\",\"https:\/\/www.linkedin.com\/in\/molins-pars-penal-compliance-44383b65\/\"],\"publishingPrinciples\":\"https:\/\/molinspares.com\/politica-privacidad\/\",\"ownershipFundingInfo\":\"https:\/\/molinspares.com\/politica-privacidad\/\",\"actionableFeedbackPolicy\":\"https:\/\/molinspares.com\/politica-privacidad\/\",\"correctionsPolicy\":\"https:\/\/molinspares.com\/politica-privacidad\/\",\"ethicsPolicy\":\"https:\/\/molinspares.com\/politica-privacidad\/\",\"diversityPolicy\":\"https:\/\/molinspares.com\/politica-privacidad\/\",\"diversityStaffingReport\":\"https:\/\/molinspares.com\/politica-privacidad\/\"}]}<\/script>\n<!-- \/ Yoast SEO Premium plugin. -->","yoast_head_json":{"title":"Avvocato Reati di minacce, coercizione, molestie o mobbing a Barcellona","description":"Molis Par\u00e9s \u00e8 uno studio legale di Barcellona specializzato in reati contro la libert\u00e0. Difendiamo i suoi diritti. Si metta in contatto con lei ora!","robots":{"index":"index","follow":"follow","max-snippet":"max-snippet:-1","max-image-preview":"max-image-preview:large","max-video-preview":"max-video-preview:-1"},"canonical":"https:\/\/molinspares.com\/it\/reati-contro-la-liberta\/","og_locale":"it_IT","og_type":"article","og_title":"Reati contro la libert\u00e0","og_description":"Molis Par\u00e9s \u00e8 uno studio legale di Barcellona specializzato in reati contro la libert\u00e0. Difendiamo i suoi diritti. Si metta in contatto con lei ora!","og_url":"https:\/\/molinspares.com\/it\/reati-contro-la-liberta\/","og_site_name":"Molins Par\u00e9s - Despacho de Abogados Penalistas en Barcelona | Excelencia y Privacidad","article_publisher":"https:\/\/www.facebook.com\/profile.php?id=100067944420137","article_modified_time":"2025-06-19T20:37:46+00:00","og_image":[{"width":600,"height":900,"url":"https:\/\/molinspares.com\/wp-content\/uploads\/Delitos-contra-el-patrimonio-y-contra-el-orden-socio-economico.jpg","type":"image\/jpeg"}],"twitter_card":"summary_large_image","twitter_misc":{"Tempo di lettura stimato":"1 minuto"},"schema":{"@context":"https:\/\/schema.org","@graph":[{"@type":"WebPage","@id":"https:\/\/molinspares.com\/it\/reati-contro-la-liberta\/","url":"https:\/\/molinspares.com\/it\/reati-contro-la-liberta\/","name":"Avvocato Reati di minacce, coercizione, molestie o mobbing a Barcellona","isPartOf":{"@id":"https:\/\/molinspares.com\/it\/#website"},"primaryImageOfPage":{"@id":"https:\/\/molinspares.com\/it\/reati-contro-la-liberta\/#primaryimage"},"image":{"@id":"https:\/\/molinspares.com\/it\/reati-contro-la-liberta\/#primaryimage"},"thumbnailUrl":"https:\/\/molinspares.com\/wp-content\/uploads\/Delitos-contra-el-patrimonio-y-contra-el-orden-socio-economico.jpg","datePublished":"2024-01-12T16:45:38+00:00","dateModified":"2025-06-19T20:37:46+00:00","description":"Molis Par\u00e9s \u00e8 uno studio legale di Barcellona specializzato in reati contro la libert\u00e0. Difendiamo i suoi diritti. Si metta in contatto con lei ora!","breadcrumb":{"@id":"https:\/\/molinspares.com\/it\/reati-contro-la-liberta\/#breadcrumb"},"inLanguage":"it-IT","potentialAction":[{"@type":"ReadAction","target":["https:\/\/molinspares.com\/it\/reati-contro-la-liberta\/"]}]},{"@type":"ImageObject","inLanguage":"it-IT","@id":"https:\/\/molinspares.com\/it\/reati-contro-la-liberta\/#primaryimage","url":"https:\/\/molinspares.com\/wp-content\/uploads\/Delitos-contra-el-patrimonio-y-contra-el-orden-socio-economico.jpg","contentUrl":"https:\/\/molinspares.com\/wp-content\/uploads\/Delitos-contra-el-patrimonio-y-contra-el-orden-socio-economico.jpg","width":600,"height":900},{"@type":"BreadcrumbList","@id":"https:\/\/molinspares.com\/it\/reati-contro-la-liberta\/#breadcrumb","itemListElement":[{"@type":"ListItem","position":1,"name":"Portada","item":"https:\/\/molinspares.com\/it\/"},{"@type":"ListItem","position":2,"name":"Reati contro la libert\u00e0"}]},{"@type":"WebSite","@id":"https:\/\/molinspares.com\/it\/#website","url":"https:\/\/molinspares.com\/it\/","name":"Molins & Par\u00e9s - Despacho de Abogados Penalistas en Barcelona","description":"En Molins &amp; Par\u00e9s somos especialistas en derecho penal. Garantizamos la privacidad del cliente y la m\u00e1xima excelencia en cada caso. \u00a1Cont\u00e1ctanos!","publisher":{"@id":"https:\/\/molinspares.com\/it\/#organization"},"alternateName":"Molins & Par\u00e9s","potentialAction":[{"@type":"SearchAction","target":{"@type":"EntryPoint","urlTemplate":"https:\/\/molinspares.com\/it\/?s={search_term_string}"},"query-input":{"@type":"PropertyValueSpecification","valueRequired":true,"valueName":"search_term_string"}}],"inLanguage":"it-IT"},{"@type":"Organization","@id":"https:\/\/molinspares.com\/it\/#organization","name":"Molins & Par\u00e9s - Despacho de Abogados Penalistas en Barcelona","alternateName":"Molins & Par\u00e9s","url":"https:\/\/molinspares.com\/it\/","logo":{"@type":"ImageObject","inLanguage":"it-IT","@id":"https:\/\/molinspares.com\/it\/#\/schema\/logo\/image\/","url":"https:\/\/molinspares.com\/wp-content\/uploads\/logo_MolinsPares-2.jpg","contentUrl":"https:\/\/molinspares.com\/wp-content\/uploads\/logo_MolinsPares-2.jpg","width":512,"height":512,"caption":"Molins & Par\u00e9s - Despacho de Abogados Penalistas en Barcelona"},"image":{"@id":"https:\/\/molinspares.com\/it\/#\/schema\/logo\/image\/"},"sameAs":["https:\/\/www.facebook.com\/profile.php?id=100067944420137","https:\/\/www.linkedin.com\/in\/molins-pars-penal-compliance-44383b65\/"],"publishingPrinciples":"https:\/\/molinspares.com\/politica-privacidad\/","ownershipFundingInfo":"https:\/\/molinspares.com\/politica-privacidad\/","actionableFeedbackPolicy":"https:\/\/molinspares.com\/politica-privacidad\/","correctionsPolicy":"https:\/\/molinspares.com\/politica-privacidad\/","ethicsPolicy":"https:\/\/molinspares.com\/politica-privacidad\/","diversityPolicy":"https:\/\/molinspares.com\/politica-privacidad\/","diversityStaffingReport":"https:\/\/molinspares.com\/politica-privacidad\/"}]}},"_links":{"self":[{"href":"https:\/\/molinspares.com\/it\/wp-json\/wp\/v2\/pages\/7115","targetHints":{"allow":["GET"]}}],"collection":[{"href":"https:\/\/molinspares.com\/it\/wp-json\/wp\/v2\/pages"}],"about":[{"href":"https:\/\/molinspares.com\/it\/wp-json\/wp\/v2\/types\/page"}],"author":[{"embeddable":true,"href":"https:\/\/molinspares.com\/it\/wp-json\/wp\/v2\/users\/1"}],"replies":[{"embeddable":true,"href":"https:\/\/molinspares.com\/it\/wp-json\/wp\/v2\/comments?post=7115"}],"version-history":[{"count":1,"href":"https:\/\/molinspares.com\/it\/wp-json\/wp\/v2\/pages\/7115\/revisions"}],"predecessor-version":[{"id":7117,"href":"https:\/\/molinspares.com\/it\/wp-json\/wp\/v2\/pages\/7115\/revisions\/7117"}],"wp:featuredmedia":[{"embeddable":true,"href":"https:\/\/molinspares.com\/it\/wp-json\/wp\/v2\/media\/5964"}],"wp:attachment":[{"href":"https:\/\/molinspares.com\/it\/wp-json\/wp\/v2\/media?parent=7115"}],"wp:term":[{"taxonomy":"category","embeddable":true,"href":"https:\/\/molinspares.com\/it\/wp-json\/wp\/v2\/categories?post=7115"},{"taxonomy":"post_tag","embeddable":true,"href":"https:\/\/molinspares.com\/it\/wp-json\/wp\/v2\/tags?post=7115"}],"curies":[{"name":"wp","href":"https:\/\/api.w.org\/{rel}","templated":true}]}}