{"id":7073,"date":"2023-10-20T12:43:34","date_gmt":"2023-10-20T10:43:34","guid":{"rendered":"https:\/\/molinspares.com\/reati-contro-lamministrazione-della-giustizia\/"},"modified":"2025-06-19T22:37:36","modified_gmt":"2025-06-19T20:37:36","slug":"reati-contro-lamministrazione-della-giustizia","status":"publish","type":"page","link":"https:\/\/molinspares.com\/it\/reati-contro-lamministrazione-della-giustizia\/","title":{"rendered":"Reati contro l&#8217;amministrazione della giustizia"},"content":{"rendered":"\n<ul class=\"wp-block-list\">\n<li><strong>REATO DI PREOCCUPAZIONE<\/strong><strong> (art. 446 PC): <\/strong>punisce quando un giudice o un magistrato emette una sentenza o una decisione arbitraria sapendo che \u00e8 ingiusta.<\/li>\n\n\n\n<li><strong>Reato di falsa denuncia<\/strong><strong> (art. 456 PC):<\/strong> consiste nel riferire a un funzionario atti criminali commessi da una persona specifica, sapendo che l&#8217;informazione \u00e8 falsa.<\/li>\n\n\n\n<li><strong>FALIMULARE UN REATO<\/strong><strong> (art. 457 PC): <\/strong>consiste nel simulare di aver commesso un reato o di essere vittima di un reato, denunciarlo a un funzionario e far s\u00ec che venga avviato un procedimento per scoprire il presunto atto criminale denunciato.<\/li>\n\n\n\n<li><strong>REATO DI FALSA TESTIMONIANZA<\/strong><strong> (artt. 458-462 PC): <\/strong>viene commesso quando un testimone mente nelle sue dichiarazioni davanti all&#8217;autorit\u00e0 giudiziaria.<\/li>\n\n\n\n<li><strong>REATO DI VIOLAZIONE DELLA CONDANNA<\/strong><strong> (artt. 468-471 PC): <\/strong>consiste nella violazione di una sentenza, di una misura di sicurezza, di una detenzione o di una misura cautelare imposta dall&#8217;autorit\u00e0 giudiziaria.<\/li>\n<\/ul>\n","protected":false},"excerpt":{"rendered":"<p>Testo in evidenza lorem ipsum dolor sit amet, consectetuer adipiscing eli adipiscing elit.<\/p>\n","protected":false},"author":1,"featured_media":5964,"parent":0,"menu_order":58,"comment_status":"closed","ping_status":"closed","template":"","meta":{"footnotes":""},"categories":[159],"tags":[],"class_list":["post-7073","page","type-page","status-publish","has-post-thumbnail","hentry","category-difesa-penale"],"yoast_head":"<!-- This site is optimized with the Yoast SEO Premium plugin v26.1 (Yoast SEO v27.2) - https:\/\/yoast.com\/product\/yoast-seo-premium-wordpress\/ -->\n<title>Avvocato False Denunce a Barcellona | Crimini di Giustizia<\/title>\n<meta name=\"description\" content=\"Avvocati specializzati in false denunce a Barcellona. Difendiamo i suoi diritti nei casi di reati contro l&#039;Amministrazione della Giustizia. Ci contatti oggi stesso!\" \/>\n<meta name=\"robots\" content=\"index, follow, max-snippet:-1, max-image-preview:large, max-video-preview:-1\" \/>\n<link rel=\"canonical\" href=\"https:\/\/molinspares.com\/it\/reati-contro-lamministrazione-della-giustizia\/\" \/>\n<meta property=\"og:locale\" content=\"it_IT\" \/>\n<meta property=\"og:type\" content=\"article\" \/>\n<meta property=\"og:title\" content=\"Reati contro l&#039;amministrazione della giustizia\" \/>\n<meta property=\"og:description\" content=\"Avvocati specializzati in false denunce a Barcellona. Difendiamo i suoi diritti nei casi di reati contro l&#039;Amministrazione della Giustizia. Ci contatti oggi stesso!\" \/>\n<meta property=\"og:url\" content=\"https:\/\/molinspares.com\/it\/reati-contro-lamministrazione-della-giustizia\/\" \/>\n<meta property=\"og:site_name\" content=\"Molins Par\u00e9s - Despacho de Abogados Penalistas en Barcelona | Excelencia y Privacidad\" \/>\n<meta property=\"article:publisher\" content=\"https:\/\/www.facebook.com\/profile.php?id=100067944420137\" \/>\n<meta property=\"article:modified_time\" content=\"2025-06-19T20:37:36+00:00\" \/>\n<meta property=\"og:image\" content=\"https:\/\/molinspares.com\/wp-content\/uploads\/Delitos-contra-el-patrimonio-y-contra-el-orden-socio-economico.jpg\" \/>\n\t<meta property=\"og:image:width\" content=\"600\" \/>\n\t<meta property=\"og:image:height\" content=\"900\" \/>\n\t<meta property=\"og:image:type\" content=\"image\/jpeg\" \/>\n<meta name=\"twitter:card\" content=\"summary_large_image\" \/>\n<meta name=\"twitter:label1\" content=\"Tempo di lettura stimato\" \/>\n\t<meta name=\"twitter:data1\" content=\"1 minuto\" \/>\n<script type=\"application\/ld+json\" class=\"yoast-schema-graph\">{\"@context\":\"https:\/\/schema.org\",\"@graph\":[{\"@type\":\"WebPage\",\"@id\":\"https:\/\/molinspares.com\/it\/reati-contro-lamministrazione-della-giustizia\/\",\"url\":\"https:\/\/molinspares.com\/it\/reati-contro-lamministrazione-della-giustizia\/\",\"name\":\"Avvocato False Denunce a Barcellona | Crimini di Giustizia\",\"isPartOf\":{\"@id\":\"https:\/\/molinspares.com\/it\/#website\"},\"primaryImageOfPage\":{\"@id\":\"https:\/\/molinspares.com\/it\/reati-contro-lamministrazione-della-giustizia\/#primaryimage\"},\"image\":{\"@id\":\"https:\/\/molinspares.com\/it\/reati-contro-lamministrazione-della-giustizia\/#primaryimage\"},\"thumbnailUrl\":\"https:\/\/molinspares.com\/wp-content\/uploads\/Delitos-contra-el-patrimonio-y-contra-el-orden-socio-economico.jpg\",\"datePublished\":\"2023-10-20T10:43:34+00:00\",\"dateModified\":\"2025-06-19T20:37:36+00:00\",\"description\":\"Avvocati specializzati in false denunce a Barcellona. Difendiamo i suoi diritti nei casi di reati contro l'Amministrazione della Giustizia. Ci contatti oggi stesso!\",\"breadcrumb\":{\"@id\":\"https:\/\/molinspares.com\/it\/reati-contro-lamministrazione-della-giustizia\/#breadcrumb\"},\"inLanguage\":\"it-IT\",\"potentialAction\":[{\"@type\":\"ReadAction\",\"target\":[\"https:\/\/molinspares.com\/it\/reati-contro-lamministrazione-della-giustizia\/\"]}]},{\"@type\":\"ImageObject\",\"inLanguage\":\"it-IT\",\"@id\":\"https:\/\/molinspares.com\/it\/reati-contro-lamministrazione-della-giustizia\/#primaryimage\",\"url\":\"https:\/\/molinspares.com\/wp-content\/uploads\/Delitos-contra-el-patrimonio-y-contra-el-orden-socio-economico.jpg\",\"contentUrl\":\"https:\/\/molinspares.com\/wp-content\/uploads\/Delitos-contra-el-patrimonio-y-contra-el-orden-socio-economico.jpg\",\"width\":600,\"height\":900},{\"@type\":\"BreadcrumbList\",\"@id\":\"https:\/\/molinspares.com\/it\/reati-contro-lamministrazione-della-giustizia\/#breadcrumb\",\"itemListElement\":[{\"@type\":\"ListItem\",\"position\":1,\"name\":\"Portada\",\"item\":\"https:\/\/molinspares.com\/it\/\"},{\"@type\":\"ListItem\",\"position\":2,\"name\":\"Reati contro l&rsquo;amministrazione della giustizia\"}]},{\"@type\":\"WebSite\",\"@id\":\"https:\/\/molinspares.com\/it\/#website\",\"url\":\"https:\/\/molinspares.com\/it\/\",\"name\":\"Molins & Par\u00e9s - Despacho de Abogados Penalistas en Barcelona\",\"description\":\"En Molins &amp; Par\u00e9s somos especialistas en derecho penal. Garantizamos la privacidad del cliente y la m\u00e1xima excelencia en cada caso. \u00a1Cont\u00e1ctanos!\",\"publisher\":{\"@id\":\"https:\/\/molinspares.com\/it\/#organization\"},\"alternateName\":\"Molins & Par\u00e9s\",\"potentialAction\":[{\"@type\":\"SearchAction\",\"target\":{\"@type\":\"EntryPoint\",\"urlTemplate\":\"https:\/\/molinspares.com\/it\/?s={search_term_string}\"},\"query-input\":{\"@type\":\"PropertyValueSpecification\",\"valueRequired\":true,\"valueName\":\"search_term_string\"}}],\"inLanguage\":\"it-IT\"},{\"@type\":\"Organization\",\"@id\":\"https:\/\/molinspares.com\/it\/#organization\",\"name\":\"Molins & Par\u00e9s - Despacho de Abogados Penalistas en Barcelona\",\"alternateName\":\"Molins & Par\u00e9s\",\"url\":\"https:\/\/molinspares.com\/it\/\",\"logo\":{\"@type\":\"ImageObject\",\"inLanguage\":\"it-IT\",\"@id\":\"https:\/\/molinspares.com\/it\/#\/schema\/logo\/image\/\",\"url\":\"https:\/\/molinspares.com\/wp-content\/uploads\/logo_MolinsPares-2.jpg\",\"contentUrl\":\"https:\/\/molinspares.com\/wp-content\/uploads\/logo_MolinsPares-2.jpg\",\"width\":512,\"height\":512,\"caption\":\"Molins & Par\u00e9s - Despacho de Abogados Penalistas en Barcelona\"},\"image\":{\"@id\":\"https:\/\/molinspares.com\/it\/#\/schema\/logo\/image\/\"},\"sameAs\":[\"https:\/\/www.facebook.com\/profile.php?id=100067944420137\",\"https:\/\/www.linkedin.com\/in\/molins-pars-penal-compliance-44383b65\/\"],\"publishingPrinciples\":\"https:\/\/molinspares.com\/politica-privacidad\/\",\"ownershipFundingInfo\":\"https:\/\/molinspares.com\/politica-privacidad\/\",\"actionableFeedbackPolicy\":\"https:\/\/molinspares.com\/politica-privacidad\/\",\"correctionsPolicy\":\"https:\/\/molinspares.com\/politica-privacidad\/\",\"ethicsPolicy\":\"https:\/\/molinspares.com\/politica-privacidad\/\",\"diversityPolicy\":\"https:\/\/molinspares.com\/politica-privacidad\/\",\"diversityStaffingReport\":\"https:\/\/molinspares.com\/politica-privacidad\/\"}]}<\/script>\n<!-- \/ Yoast SEO Premium plugin. -->","yoast_head_json":{"title":"Avvocato False Denunce a Barcellona | Crimini di Giustizia","description":"Avvocati specializzati in false denunce a Barcellona. Difendiamo i suoi diritti nei casi di reati contro l'Amministrazione della Giustizia. Ci contatti oggi stesso!","robots":{"index":"index","follow":"follow","max-snippet":"max-snippet:-1","max-image-preview":"max-image-preview:large","max-video-preview":"max-video-preview:-1"},"canonical":"https:\/\/molinspares.com\/it\/reati-contro-lamministrazione-della-giustizia\/","og_locale":"it_IT","og_type":"article","og_title":"Reati contro l'amministrazione della giustizia","og_description":"Avvocati specializzati in false denunce a Barcellona. Difendiamo i suoi diritti nei casi di reati contro l'Amministrazione della Giustizia. Ci contatti oggi stesso!","og_url":"https:\/\/molinspares.com\/it\/reati-contro-lamministrazione-della-giustizia\/","og_site_name":"Molins Par\u00e9s - Despacho de Abogados Penalistas en Barcelona | Excelencia y Privacidad","article_publisher":"https:\/\/www.facebook.com\/profile.php?id=100067944420137","article_modified_time":"2025-06-19T20:37:36+00:00","og_image":[{"width":600,"height":900,"url":"https:\/\/molinspares.com\/wp-content\/uploads\/Delitos-contra-el-patrimonio-y-contra-el-orden-socio-economico.jpg","type":"image\/jpeg"}],"twitter_card":"summary_large_image","twitter_misc":{"Tempo di lettura stimato":"1 minuto"},"schema":{"@context":"https:\/\/schema.org","@graph":[{"@type":"WebPage","@id":"https:\/\/molinspares.com\/it\/reati-contro-lamministrazione-della-giustizia\/","url":"https:\/\/molinspares.com\/it\/reati-contro-lamministrazione-della-giustizia\/","name":"Avvocato False Denunce a Barcellona | Crimini di Giustizia","isPartOf":{"@id":"https:\/\/molinspares.com\/it\/#website"},"primaryImageOfPage":{"@id":"https:\/\/molinspares.com\/it\/reati-contro-lamministrazione-della-giustizia\/#primaryimage"},"image":{"@id":"https:\/\/molinspares.com\/it\/reati-contro-lamministrazione-della-giustizia\/#primaryimage"},"thumbnailUrl":"https:\/\/molinspares.com\/wp-content\/uploads\/Delitos-contra-el-patrimonio-y-contra-el-orden-socio-economico.jpg","datePublished":"2023-10-20T10:43:34+00:00","dateModified":"2025-06-19T20:37:36+00:00","description":"Avvocati specializzati in false denunce a Barcellona. Difendiamo i suoi diritti nei casi di reati contro l'Amministrazione della Giustizia. Ci contatti oggi stesso!","breadcrumb":{"@id":"https:\/\/molinspares.com\/it\/reati-contro-lamministrazione-della-giustizia\/#breadcrumb"},"inLanguage":"it-IT","potentialAction":[{"@type":"ReadAction","target":["https:\/\/molinspares.com\/it\/reati-contro-lamministrazione-della-giustizia\/"]}]},{"@type":"ImageObject","inLanguage":"it-IT","@id":"https:\/\/molinspares.com\/it\/reati-contro-lamministrazione-della-giustizia\/#primaryimage","url":"https:\/\/molinspares.com\/wp-content\/uploads\/Delitos-contra-el-patrimonio-y-contra-el-orden-socio-economico.jpg","contentUrl":"https:\/\/molinspares.com\/wp-content\/uploads\/Delitos-contra-el-patrimonio-y-contra-el-orden-socio-economico.jpg","width":600,"height":900},{"@type":"BreadcrumbList","@id":"https:\/\/molinspares.com\/it\/reati-contro-lamministrazione-della-giustizia\/#breadcrumb","itemListElement":[{"@type":"ListItem","position":1,"name":"Portada","item":"https:\/\/molinspares.com\/it\/"},{"@type":"ListItem","position":2,"name":"Reati contro l&rsquo;amministrazione della giustizia"}]},{"@type":"WebSite","@id":"https:\/\/molinspares.com\/it\/#website","url":"https:\/\/molinspares.com\/it\/","name":"Molins & Par\u00e9s - Despacho de Abogados Penalistas en Barcelona","description":"En Molins &amp; Par\u00e9s somos especialistas en derecho penal. Garantizamos la privacidad del cliente y la m\u00e1xima excelencia en cada caso. \u00a1Cont\u00e1ctanos!","publisher":{"@id":"https:\/\/molinspares.com\/it\/#organization"},"alternateName":"Molins & Par\u00e9s","potentialAction":[{"@type":"SearchAction","target":{"@type":"EntryPoint","urlTemplate":"https:\/\/molinspares.com\/it\/?s={search_term_string}"},"query-input":{"@type":"PropertyValueSpecification","valueRequired":true,"valueName":"search_term_string"}}],"inLanguage":"it-IT"},{"@type":"Organization","@id":"https:\/\/molinspares.com\/it\/#organization","name":"Molins & Par\u00e9s - Despacho de Abogados Penalistas en Barcelona","alternateName":"Molins & Par\u00e9s","url":"https:\/\/molinspares.com\/it\/","logo":{"@type":"ImageObject","inLanguage":"it-IT","@id":"https:\/\/molinspares.com\/it\/#\/schema\/logo\/image\/","url":"https:\/\/molinspares.com\/wp-content\/uploads\/logo_MolinsPares-2.jpg","contentUrl":"https:\/\/molinspares.com\/wp-content\/uploads\/logo_MolinsPares-2.jpg","width":512,"height":512,"caption":"Molins & Par\u00e9s - Despacho de Abogados Penalistas en Barcelona"},"image":{"@id":"https:\/\/molinspares.com\/it\/#\/schema\/logo\/image\/"},"sameAs":["https:\/\/www.facebook.com\/profile.php?id=100067944420137","https:\/\/www.linkedin.com\/in\/molins-pars-penal-compliance-44383b65\/"],"publishingPrinciples":"https:\/\/molinspares.com\/politica-privacidad\/","ownershipFundingInfo":"https:\/\/molinspares.com\/politica-privacidad\/","actionableFeedbackPolicy":"https:\/\/molinspares.com\/politica-privacidad\/","correctionsPolicy":"https:\/\/molinspares.com\/politica-privacidad\/","ethicsPolicy":"https:\/\/molinspares.com\/politica-privacidad\/","diversityPolicy":"https:\/\/molinspares.com\/politica-privacidad\/","diversityStaffingReport":"https:\/\/molinspares.com\/politica-privacidad\/"}]}},"_links":{"self":[{"href":"https:\/\/molinspares.com\/it\/wp-json\/wp\/v2\/pages\/7073","targetHints":{"allow":["GET"]}}],"collection":[{"href":"https:\/\/molinspares.com\/it\/wp-json\/wp\/v2\/pages"}],"about":[{"href":"https:\/\/molinspares.com\/it\/wp-json\/wp\/v2\/types\/page"}],"author":[{"embeddable":true,"href":"https:\/\/molinspares.com\/it\/wp-json\/wp\/v2\/users\/1"}],"replies":[{"embeddable":true,"href":"https:\/\/molinspares.com\/it\/wp-json\/wp\/v2\/comments?post=7073"}],"version-history":[{"count":1,"href":"https:\/\/molinspares.com\/it\/wp-json\/wp\/v2\/pages\/7073\/revisions"}],"predecessor-version":[{"id":7076,"href":"https:\/\/molinspares.com\/it\/wp-json\/wp\/v2\/pages\/7073\/revisions\/7076"}],"wp:featuredmedia":[{"embeddable":true,"href":"https:\/\/molinspares.com\/it\/wp-json\/wp\/v2\/media\/5964"}],"wp:attachment":[{"href":"https:\/\/molinspares.com\/it\/wp-json\/wp\/v2\/media?parent=7073"}],"wp:term":[{"taxonomy":"category","embeddable":true,"href":"https:\/\/molinspares.com\/it\/wp-json\/wp\/v2\/categories?post=7073"},{"taxonomy":"post_tag","embeddable":true,"href":"https:\/\/molinspares.com\/it\/wp-json\/wp\/v2\/tags?post=7073"}],"curies":[{"name":"wp","href":"https:\/\/api.w.org\/{rel}","templated":true}]}}