{"id":7054,"date":"2024-01-12T19:56:49","date_gmt":"2024-01-12T18:56:49","guid":{"rendered":"https:\/\/molinspares.com\/laia-tejada-pinyol\/"},"modified":"2025-10-24T10:49:00","modified_gmt":"2025-10-24T08:49:00","slug":"laia-tejada-pinyol","status":"publish","type":"page","link":"https:\/\/molinspares.com\/it\/laia-tejada-pinyol\/","title":{"rendered":"Laia Tejada Pinyol"},"content":{"rendered":"\t\t<div data-elementor-type=\"wp-page\" data-elementor-id=\"7054\" class=\"elementor elementor-7054 elementor-3817\" data-elementor-post-type=\"page\">\n\t\t\t\t<div class=\"elementor-element elementor-element-35a697a2 e-flex e-con-boxed e-con e-parent\" data-id=\"35a697a2\" data-element_type=\"container\" data-e-type=\"container\" data-settings=\"{&quot;background_background&quot;:&quot;classic&quot;}\">\n\t\t\t\t\t<div class=\"e-con-inner\">\n\t\t\t\t<div class=\"elementor-element elementor-element-27421e20 elementor-widget elementor-widget-heading\" data-id=\"27421e20\" data-element_type=\"widget\" data-e-type=\"widget\" data-widget_type=\"heading.default\">\n\t\t\t\t<div class=\"elementor-widget-container\">\n\t\t\t\t\t<h2 class=\"elementor-heading-title elementor-size-default\">Il nostro team<\/h2>\t\t\t\t<\/div>\n\t\t\t\t<\/div>\n\t\t\t\t\t<\/div>\n\t\t\t\t<\/div>\n\t\t<div class=\"elementor-element elementor-element-17afcdf5 e-flex e-con-boxed e-con e-parent\" data-id=\"17afcdf5\" data-element_type=\"container\" data-e-type=\"container\" data-settings=\"{&quot;background_background&quot;:&quot;classic&quot;}\">\n\t\t\t\t\t<div class=\"e-con-inner\">\n\t\t<div class=\"elementor-element elementor-element-1c9a2176 e-con-full e-flex e-con e-child\" data-id=\"1c9a2176\" data-element_type=\"container\" data-e-type=\"container\">\n\t\t\t\t<div class=\"elementor-element elementor-element-73f5aba8 elementor-widget-divider--view-line elementor-widget elementor-widget-divider\" data-id=\"73f5aba8\" data-element_type=\"widget\" data-e-type=\"widget\" data-widget_type=\"divider.default\">\n\t\t\t\t<div class=\"elementor-widget-container\">\n\t\t\t\t\t\t\t<div class=\"elementor-divider\">\n\t\t\t<span class=\"elementor-divider-separator\">\n\t\t\t\t\t\t<\/span>\n\t\t<\/div>\n\t\t\t\t\t\t<\/div>\n\t\t\t\t<\/div>\n\t\t\t\t<div class=\"elementor-element elementor-element-3774bc9f elementor-widget elementor-widget-heading\" data-id=\"3774bc9f\" data-element_type=\"widget\" data-e-type=\"widget\" data-widget_type=\"heading.default\">\n\t\t\t\t<div class=\"elementor-widget-container\">\n\t\t\t\t\t<h1 class=\"elementor-heading-title elementor-size-default\">Laia Tejada Pinyol  <\/h1>\t\t\t\t<\/div>\n\t\t\t\t<\/div>\n\t\t\t\t<\/div>\n\t\t\t\t\t<\/div>\n\t\t\t\t<\/div>\n\t\t<div class=\"elementor-element elementor-element-21ee4c1b e-flex e-con-boxed e-con e-parent\" data-id=\"21ee4c1b\" data-element_type=\"container\" data-e-type=\"container\">\n\t\t\t\t\t<div class=\"e-con-inner\">\n\t\t<div class=\"elementor-element elementor-element-d53cab5 e-con-full e-flex e-con e-child\" data-id=\"d53cab5\" data-element_type=\"container\" data-e-type=\"container\">\n\t\t\t\t<div class=\"elementor-element elementor-element-2145d734 elementor-widget-tablet__width-inherit elementor-icon-list--layout-traditional elementor-list-item-link-full_width elementor-widget elementor-widget-icon-list\" data-id=\"2145d734\" data-element_type=\"widget\" data-e-type=\"widget\" data-widget_type=\"icon-list.default\">\n\t\t\t\t<div class=\"elementor-widget-container\">\n\t\t\t\t\t\t\t<ul class=\"elementor-icon-list-items\">\n\t\t\t\t\t\t\t<li class=\"elementor-icon-list-item\">\n\t\t\t\t\t\t\t\t\t\t\t<span class=\"elementor-icon-list-icon\">\n\t\t\t\t\t\t\t<i aria-hidden=\"true\" class=\"fas fa-chevron-right\"><\/i>\t\t\t\t\t\t<\/span>\n\t\t\t\t\t\t\t\t\t\t<span class=\"elementor-icon-list-text\">Avvocato<\/span>\n\t\t\t\t\t\t\t\t\t<\/li>\n\t\t\t\t\t\t\t\t<li class=\"elementor-icon-list-item\">\n\t\t\t\t\t\t\t\t\t\t\t<a href=\"mailto:l.tejada@molinspares.martincalero.com\">\n\n\t\t\t\t\t\t\t\t\t\t\t\t<span class=\"elementor-icon-list-icon\">\n\t\t\t\t\t\t\t<i aria-hidden=\"true\" class=\"icon icon-envelope2\"><\/i>\t\t\t\t\t\t<\/span>\n\t\t\t\t\t\t\t\t\t\t<span class=\"elementor-icon-list-text\">l.tejada@molinspares.martincalero.com<\/span>\n\t\t\t\t\t\t\t\t\t\t\t<\/a>\n\t\t\t\t\t\t\t\t\t<\/li>\n\t\t\t\t\t\t\t\t<li class=\"elementor-icon-list-item\">\n\t\t\t\t\t\t\t\t\t\t\t<a href=\"https:\/\/www.linkedin.com\/in\/laia-tejada-pinyol-a9005a44\/\" target=\"_blank\">\n\n\t\t\t\t\t\t\t\t\t\t\t\t<span class=\"elementor-icon-list-icon\">\n\t\t\t\t\t\t\t<i aria-hidden=\"true\" class=\"icon icon-linkedin\"><\/i>\t\t\t\t\t\t<\/span>\n\t\t\t\t\t\t\t\t\t\t<span class=\"elementor-icon-list-text\"><\/span>\n\t\t\t\t\t\t\t\t\t\t\t<\/a>\n\t\t\t\t\t\t\t\t\t<\/li>\n\t\t\t\t\t\t<\/ul>\n\t\t\t\t\t\t<\/div>\n\t\t\t\t<\/div>\n\t\t\t\t<div class=\"elementor-element elementor-element-3bb8e42 elementor-widget-tablet__width-initial elementor-hidden-desktop elementor-hidden-laptop elementor-hidden-tablet elementor-hidden-mobile elementor-widget elementor-widget-image\" data-id=\"3bb8e42\" data-element_type=\"widget\" data-e-type=\"widget\" data-widget_type=\"image.default\">\n\t\t\t\t<div class=\"elementor-widget-container\">\n\t\t\t\t\t\t\t\t\t\t\t\t\t\t\t<img fetchpriority=\"high\" decoding=\"async\" width=\"800\" height=\"275\" src=\"https:\/\/molinspares.com\/wp-content\/uploads\/certificaciones-abogados-barcelona-2025-Best-layers.jpg\" class=\"attachment-large size-large wp-image-6692\" alt=\"\" srcset=\"https:\/\/molinspares.com\/wp-content\/uploads\/certificaciones-abogados-barcelona-2025-Best-layers.jpg 800w, https:\/\/molinspares.com\/wp-content\/uploads\/certificaciones-abogados-barcelona-2025-Best-layers-300x103.jpg 300w, https:\/\/molinspares.com\/wp-content\/uploads\/certificaciones-abogados-barcelona-2025-Best-layers-768x264.jpg 768w\" sizes=\"(max-width: 800px) 100vw, 800px\" \/>\t\t\t\t\t\t\t\t\t\t\t\t\t\t\t<\/div>\n\t\t\t\t<\/div>\n\t\t\t\t<\/div>\n\t\t<div class=\"elementor-element elementor-element-42e2eacf e-con-full e-flex e-con e-child\" data-id=\"42e2eacf\" data-element_type=\"container\" data-e-type=\"container\">\n\t\t\t\t<div class=\"elementor-element elementor-element-1b136780 e-transform elementor-widget elementor-widget-heading\" data-id=\"1b136780\" data-element_type=\"widget\" data-e-type=\"widget\" data-settings=\"{&quot;_transform_translateY_effect_mobile&quot;:{&quot;unit&quot;:&quot;px&quot;,&quot;size&quot;:0,&quot;sizes&quot;:[]},&quot;_transform_translateX_effect&quot;:{&quot;unit&quot;:&quot;px&quot;,&quot;size&quot;:&quot;&quot;,&quot;sizes&quot;:[]},&quot;_transform_translateX_effect_laptop&quot;:{&quot;unit&quot;:&quot;px&quot;,&quot;size&quot;:&quot;&quot;,&quot;sizes&quot;:[]},&quot;_transform_translateX_effect_tablet&quot;:{&quot;unit&quot;:&quot;px&quot;,&quot;size&quot;:&quot;&quot;,&quot;sizes&quot;:[]},&quot;_transform_translateX_effect_mobile&quot;:{&quot;unit&quot;:&quot;px&quot;,&quot;size&quot;:&quot;&quot;,&quot;sizes&quot;:[]},&quot;_transform_translateY_effect&quot;:{&quot;unit&quot;:&quot;px&quot;,&quot;size&quot;:&quot;&quot;,&quot;sizes&quot;:[]},&quot;_transform_translateY_effect_laptop&quot;:{&quot;unit&quot;:&quot;px&quot;,&quot;size&quot;:&quot;&quot;,&quot;sizes&quot;:[]},&quot;_transform_translateY_effect_tablet&quot;:{&quot;unit&quot;:&quot;px&quot;,&quot;size&quot;:&quot;&quot;,&quot;sizes&quot;:[]}}\" data-widget_type=\"heading.default\">\n\t\t\t\t<div class=\"elementor-widget-container\">\n\t\t\t\t\t<h4 class=\"elementor-heading-title elementor-size-default\">Avvocato penalista, specializzato in diritto penale, compliance e crimini tecnologici. Combina la pratica legale con l'insegnamento presso universit\u00e0 come l'Universit\u00e0 Pompeu Fabra e l'Universit\u00e0 di Barcellona.<\/h4>\t\t\t\t<\/div>\n\t\t\t\t<\/div>\n\t\t\t\t<div class=\"elementor-element elementor-element-4cb3a365 lista-con-chevron elementor-widget elementor-widget-text-editor\" data-id=\"4cb3a365\" data-element_type=\"widget\" data-e-type=\"widget\" data-widget_type=\"text-editor.default\">\n\t\t\t\t<div class=\"elementor-widget-container\">\n\t\t\t\t\t\t\t\t\t<ul><li>Dal 2013 al 2016 si \u00e8 preparato per il concorso per l&#8217;accesso alla magistratura e alla procura. Master in Diritto Penale presso l&#8217;Ordine degli Avvocati di Barcellona, 2008-2009. Post-laurea in Compliance presso l&#8217;Universit\u00e0 Ramon Llull (ESADE), nel 2016 e Master in Cybercrime presso l&#8217;Universit\u00e0 Internazionale della Catalogna, Borsa di studio di eccellenza, durante l&#8217;anno accademico 2018-2019. Ha anche pubblicato diversi articoli legali, tenuto conferenze e parlato con i media.<\/li><li>\u00c8 docente associato presso l \u201cUniversit\u00e0 Pompeu Fabra e l\u201d Universit\u00e0 di Barcellona.<\/li><li>Nel 2020 \u00e8 entrato a far parte di Molins &amp; Par\u00e9s.<\/li><li>Nel 2024, ha ricevuto il Premio Luis del Castillo (edizione 2023) per il suo progetto di ricerca &#8220;L&#8217;implementazione dell&#8217;intelligenza artificiale nella giustizia penale internazionale e il suo impatto sui diritti umani. Riflessioni alla luce della sentenza pionieristica della CGUE del 7 dicembre 2023 (causa C-634\/21). Analisi del Regolamento europeo sull&#8217;intelligenza artificiale&#8221;.<\/li><\/ul>\t\t\t\t\t\t\t\t<\/div>\n\t\t\t\t<\/div>\n\t\t\t\t<\/div>\n\t\t<div class=\"elementor-element elementor-element-67adabd3 e-con-full e-flex e-con e-child\" data-id=\"67adabd3\" data-element_type=\"container\" data-e-type=\"container\">\n\t\t\t\t<div class=\"elementor-element elementor-element-7e1940b4 elementor-widget elementor-widget-image\" data-id=\"7e1940b4\" data-element_type=\"widget\" data-e-type=\"widget\" data-widget_type=\"image.default\">\n\t\t\t\t<div class=\"elementor-widget-container\">\n\t\t\t\t\t\t\t\t\t\t\t\t\t\t\t<img decoding=\"async\" width=\"600\" height=\"900\" src=\"https:\/\/molinspares.com\/wp-content\/uploads\/Abogado_2_Laia-Tejada-Pinyol.jpg\" class=\"attachment-large size-large wp-image-6580\" alt=\"\" srcset=\"https:\/\/molinspares.com\/wp-content\/uploads\/Abogado_2_Laia-Tejada-Pinyol.jpg 600w, https:\/\/molinspares.com\/wp-content\/uploads\/Abogado_2_Laia-Tejada-Pinyol-200x300.jpg 200w\" sizes=\"(max-width: 600px) 100vw, 600px\" \/>\t\t\t\t\t\t\t\t\t\t\t\t\t\t\t<\/div>\n\t\t\t\t<\/div>\n\t\t\t\t<\/div>\n\t\t\t\t\t<\/div>\n\t\t\t\t<\/div>\n\t\t\t\t<\/div>\n\t\t","protected":false},"excerpt":{"rendered":"<p>Avvocato<\/p>\n","protected":false},"author":1,"featured_media":6472,"parent":0,"menu_order":25,"comment_status":"closed","ping_status":"closed","template":"","meta":{"footnotes":""},"categories":[156],"tags":[],"class_list":["post-7054","page","type-page","status-publish","has-post-thumbnail","hentry","category-il-team"],"yoast_head":"<!-- This site is optimized with the Yoast SEO Premium plugin v26.1 (Yoast SEO v27.2) - https:\/\/yoast.com\/product\/yoast-seo-premium-wordpress\/ -->\n<title>Laia Tejada Pinyol : Avvocato a Barcellona : Molins Par\u00e9s<\/title>\n<meta name=\"description\" content=\"Laia Tejada Pinyol \u00e8 un avvocato a Barcellona Sta cercando un avvocato a Barcellona? Molins Par\u00e9s \u00e8 la soluzione che fa per voi. Ci contatti subito per una consulenza.\" \/>\n<meta name=\"robots\" content=\"index, follow, max-snippet:-1, max-image-preview:large, max-video-preview:-1\" \/>\n<link rel=\"canonical\" href=\"https:\/\/molinspares.com\/it\/laia-tejada-pinyol\/\" \/>\n<meta property=\"og:locale\" content=\"it_IT\" \/>\n<meta property=\"og:type\" content=\"article\" \/>\n<meta property=\"og:title\" content=\"Laia Tejada Pinyol\" \/>\n<meta property=\"og:description\" content=\"Laia Tejada Pinyol \u00e8 un avvocato a Barcellona Sta cercando un avvocato a Barcellona? Molins Par\u00e9s \u00e8 la soluzione che fa per voi. Ci contatti subito per una consulenza.\" \/>\n<meta property=\"og:url\" content=\"https:\/\/molinspares.com\/it\/laia-tejada-pinyol\/\" \/>\n<meta property=\"og:site_name\" content=\"Molins Par\u00e9s - Despacho de Abogados Penalistas en Barcelona | Excelencia y Privacidad\" \/>\n<meta property=\"article:publisher\" content=\"https:\/\/www.facebook.com\/profile.php?id=100067944420137\" \/>\n<meta property=\"article:modified_time\" content=\"2025-10-24T08:49:00+00:00\" \/>\n<meta property=\"og:image\" content=\"https:\/\/molinspares.com\/wp-content\/uploads\/Abogado_1_Laia-Tejada-Pinyol.jpg\" \/>\n\t<meta property=\"og:image:width\" content=\"400\" \/>\n\t<meta property=\"og:image:height\" content=\"600\" \/>\n\t<meta property=\"og:image:type\" content=\"image\/jpeg\" \/>\n<meta name=\"twitter:card\" content=\"summary_large_image\" \/>\n<meta name=\"twitter:label1\" content=\"Tempo di lettura stimato\" \/>\n\t<meta name=\"twitter:data1\" content=\"1 minuto\" \/>\n<script type=\"application\/ld+json\" class=\"yoast-schema-graph\">{\"@context\":\"https:\/\/schema.org\",\"@graph\":[{\"@type\":\"WebPage\",\"@id\":\"https:\/\/molinspares.com\/it\/laia-tejada-pinyol\/\",\"url\":\"https:\/\/molinspares.com\/it\/laia-tejada-pinyol\/\",\"name\":\"Laia Tejada Pinyol : Avvocato a Barcellona : Molins Par\u00e9s\",\"isPartOf\":{\"@id\":\"https:\/\/molinspares.com\/it\/#website\"},\"primaryImageOfPage\":{\"@id\":\"https:\/\/molinspares.com\/it\/laia-tejada-pinyol\/#primaryimage\"},\"image\":{\"@id\":\"https:\/\/molinspares.com\/it\/laia-tejada-pinyol\/#primaryimage\"},\"thumbnailUrl\":\"https:\/\/molinspares.com\/wp-content\/uploads\/Abogado_1_Laia-Tejada-Pinyol.jpg\",\"datePublished\":\"2024-01-12T18:56:49+00:00\",\"dateModified\":\"2025-10-24T08:49:00+00:00\",\"description\":\"Laia Tejada Pinyol \u00e8 un avvocato a Barcellona Sta cercando un avvocato a Barcellona? Molins Par\u00e9s \u00e8 la soluzione che fa per voi. Ci contatti subito per una consulenza.\",\"breadcrumb\":{\"@id\":\"https:\/\/molinspares.com\/it\/laia-tejada-pinyol\/#breadcrumb\"},\"inLanguage\":\"it-IT\",\"potentialAction\":[{\"@type\":\"ReadAction\",\"target\":[\"https:\/\/molinspares.com\/it\/laia-tejada-pinyol\/\"]}]},{\"@type\":\"ImageObject\",\"inLanguage\":\"it-IT\",\"@id\":\"https:\/\/molinspares.com\/it\/laia-tejada-pinyol\/#primaryimage\",\"url\":\"https:\/\/molinspares.com\/wp-content\/uploads\/Abogado_1_Laia-Tejada-Pinyol.jpg\",\"contentUrl\":\"https:\/\/molinspares.com\/wp-content\/uploads\/Abogado_1_Laia-Tejada-Pinyol.jpg\",\"width\":400,\"height\":600},{\"@type\":\"BreadcrumbList\",\"@id\":\"https:\/\/molinspares.com\/it\/laia-tejada-pinyol\/#breadcrumb\",\"itemListElement\":[{\"@type\":\"ListItem\",\"position\":1,\"name\":\"Portada\",\"item\":\"https:\/\/molinspares.com\/it\/\"},{\"@type\":\"ListItem\",\"position\":2,\"name\":\"Laia Tejada Pinyol\"}]},{\"@type\":\"WebSite\",\"@id\":\"https:\/\/molinspares.com\/it\/#website\",\"url\":\"https:\/\/molinspares.com\/it\/\",\"name\":\"Molins & Par\u00e9s - Despacho de Abogados Penalistas en Barcelona\",\"description\":\"En Molins &amp; Par\u00e9s somos especialistas en derecho penal. Garantizamos la privacidad del cliente y la m\u00e1xima excelencia en cada caso. \u00a1Cont\u00e1ctanos!\",\"publisher\":{\"@id\":\"https:\/\/molinspares.com\/it\/#organization\"},\"alternateName\":\"Molins & Par\u00e9s\",\"potentialAction\":[{\"@type\":\"SearchAction\",\"target\":{\"@type\":\"EntryPoint\",\"urlTemplate\":\"https:\/\/molinspares.com\/it\/?s={search_term_string}\"},\"query-input\":{\"@type\":\"PropertyValueSpecification\",\"valueRequired\":true,\"valueName\":\"search_term_string\"}}],\"inLanguage\":\"it-IT\"},{\"@type\":\"Organization\",\"@id\":\"https:\/\/molinspares.com\/it\/#organization\",\"name\":\"Molins & Par\u00e9s - Despacho de Abogados Penalistas en Barcelona\",\"alternateName\":\"Molins & Par\u00e9s\",\"url\":\"https:\/\/molinspares.com\/it\/\",\"logo\":{\"@type\":\"ImageObject\",\"inLanguage\":\"it-IT\",\"@id\":\"https:\/\/molinspares.com\/it\/#\/schema\/logo\/image\/\",\"url\":\"https:\/\/molinspares.com\/wp-content\/uploads\/logo_MolinsPares-2.jpg\",\"contentUrl\":\"https:\/\/molinspares.com\/wp-content\/uploads\/logo_MolinsPares-2.jpg\",\"width\":512,\"height\":512,\"caption\":\"Molins & Par\u00e9s - Despacho de Abogados Penalistas en Barcelona\"},\"image\":{\"@id\":\"https:\/\/molinspares.com\/it\/#\/schema\/logo\/image\/\"},\"sameAs\":[\"https:\/\/www.facebook.com\/profile.php?id=100067944420137\",\"https:\/\/www.linkedin.com\/in\/molins-pars-penal-compliance-44383b65\/\"],\"publishingPrinciples\":\"https:\/\/molinspares.com\/politica-privacidad\/\",\"ownershipFundingInfo\":\"https:\/\/molinspares.com\/politica-privacidad\/\",\"actionableFeedbackPolicy\":\"https:\/\/molinspares.com\/politica-privacidad\/\",\"correctionsPolicy\":\"https:\/\/molinspares.com\/politica-privacidad\/\",\"ethicsPolicy\":\"https:\/\/molinspares.com\/politica-privacidad\/\",\"diversityPolicy\":\"https:\/\/molinspares.com\/politica-privacidad\/\",\"diversityStaffingReport\":\"https:\/\/molinspares.com\/politica-privacidad\/\"}]}<\/script>\n<!-- \/ Yoast SEO Premium plugin. -->","yoast_head_json":{"title":"Laia Tejada Pinyol : Avvocato a Barcellona : Molins Par\u00e9s","description":"Laia Tejada Pinyol \u00e8 un avvocato a Barcellona Sta cercando un avvocato a Barcellona? Molins Par\u00e9s \u00e8 la soluzione che fa per voi. Ci contatti subito per una consulenza.","robots":{"index":"index","follow":"follow","max-snippet":"max-snippet:-1","max-image-preview":"max-image-preview:large","max-video-preview":"max-video-preview:-1"},"canonical":"https:\/\/molinspares.com\/it\/laia-tejada-pinyol\/","og_locale":"it_IT","og_type":"article","og_title":"Laia Tejada Pinyol","og_description":"Laia Tejada Pinyol \u00e8 un avvocato a Barcellona Sta cercando un avvocato a Barcellona? Molins Par\u00e9s \u00e8 la soluzione che fa per voi. Ci contatti subito per una consulenza.","og_url":"https:\/\/molinspares.com\/it\/laia-tejada-pinyol\/","og_site_name":"Molins Par\u00e9s - Despacho de Abogados Penalistas en Barcelona | Excelencia y Privacidad","article_publisher":"https:\/\/www.facebook.com\/profile.php?id=100067944420137","article_modified_time":"2025-10-24T08:49:00+00:00","og_image":[{"width":400,"height":600,"url":"https:\/\/molinspares.com\/wp-content\/uploads\/Abogado_1_Laia-Tejada-Pinyol.jpg","type":"image\/jpeg"}],"twitter_card":"summary_large_image","twitter_misc":{"Tempo di lettura stimato":"1 minuto"},"schema":{"@context":"https:\/\/schema.org","@graph":[{"@type":"WebPage","@id":"https:\/\/molinspares.com\/it\/laia-tejada-pinyol\/","url":"https:\/\/molinspares.com\/it\/laia-tejada-pinyol\/","name":"Laia Tejada Pinyol : Avvocato a Barcellona : Molins Par\u00e9s","isPartOf":{"@id":"https:\/\/molinspares.com\/it\/#website"},"primaryImageOfPage":{"@id":"https:\/\/molinspares.com\/it\/laia-tejada-pinyol\/#primaryimage"},"image":{"@id":"https:\/\/molinspares.com\/it\/laia-tejada-pinyol\/#primaryimage"},"thumbnailUrl":"https:\/\/molinspares.com\/wp-content\/uploads\/Abogado_1_Laia-Tejada-Pinyol.jpg","datePublished":"2024-01-12T18:56:49+00:00","dateModified":"2025-10-24T08:49:00+00:00","description":"Laia Tejada Pinyol \u00e8 un avvocato a Barcellona Sta cercando un avvocato a Barcellona? Molins Par\u00e9s \u00e8 la soluzione che fa per voi. Ci contatti subito per una consulenza.","breadcrumb":{"@id":"https:\/\/molinspares.com\/it\/laia-tejada-pinyol\/#breadcrumb"},"inLanguage":"it-IT","potentialAction":[{"@type":"ReadAction","target":["https:\/\/molinspares.com\/it\/laia-tejada-pinyol\/"]}]},{"@type":"ImageObject","inLanguage":"it-IT","@id":"https:\/\/molinspares.com\/it\/laia-tejada-pinyol\/#primaryimage","url":"https:\/\/molinspares.com\/wp-content\/uploads\/Abogado_1_Laia-Tejada-Pinyol.jpg","contentUrl":"https:\/\/molinspares.com\/wp-content\/uploads\/Abogado_1_Laia-Tejada-Pinyol.jpg","width":400,"height":600},{"@type":"BreadcrumbList","@id":"https:\/\/molinspares.com\/it\/laia-tejada-pinyol\/#breadcrumb","itemListElement":[{"@type":"ListItem","position":1,"name":"Portada","item":"https:\/\/molinspares.com\/it\/"},{"@type":"ListItem","position":2,"name":"Laia Tejada Pinyol"}]},{"@type":"WebSite","@id":"https:\/\/molinspares.com\/it\/#website","url":"https:\/\/molinspares.com\/it\/","name":"Molins & Par\u00e9s - Despacho de Abogados Penalistas en Barcelona","description":"En Molins &amp; Par\u00e9s somos especialistas en derecho penal. Garantizamos la privacidad del cliente y la m\u00e1xima excelencia en cada caso. \u00a1Cont\u00e1ctanos!","publisher":{"@id":"https:\/\/molinspares.com\/it\/#organization"},"alternateName":"Molins & Par\u00e9s","potentialAction":[{"@type":"SearchAction","target":{"@type":"EntryPoint","urlTemplate":"https:\/\/molinspares.com\/it\/?s={search_term_string}"},"query-input":{"@type":"PropertyValueSpecification","valueRequired":true,"valueName":"search_term_string"}}],"inLanguage":"it-IT"},{"@type":"Organization","@id":"https:\/\/molinspares.com\/it\/#organization","name":"Molins & Par\u00e9s - Despacho de Abogados Penalistas en Barcelona","alternateName":"Molins & Par\u00e9s","url":"https:\/\/molinspares.com\/it\/","logo":{"@type":"ImageObject","inLanguage":"it-IT","@id":"https:\/\/molinspares.com\/it\/#\/schema\/logo\/image\/","url":"https:\/\/molinspares.com\/wp-content\/uploads\/logo_MolinsPares-2.jpg","contentUrl":"https:\/\/molinspares.com\/wp-content\/uploads\/logo_MolinsPares-2.jpg","width":512,"height":512,"caption":"Molins & Par\u00e9s - Despacho de Abogados Penalistas en Barcelona"},"image":{"@id":"https:\/\/molinspares.com\/it\/#\/schema\/logo\/image\/"},"sameAs":["https:\/\/www.facebook.com\/profile.php?id=100067944420137","https:\/\/www.linkedin.com\/in\/molins-pars-penal-compliance-44383b65\/"],"publishingPrinciples":"https:\/\/molinspares.com\/politica-privacidad\/","ownershipFundingInfo":"https:\/\/molinspares.com\/politica-privacidad\/","actionableFeedbackPolicy":"https:\/\/molinspares.com\/politica-privacidad\/","correctionsPolicy":"https:\/\/molinspares.com\/politica-privacidad\/","ethicsPolicy":"https:\/\/molinspares.com\/politica-privacidad\/","diversityPolicy":"https:\/\/molinspares.com\/politica-privacidad\/","diversityStaffingReport":"https:\/\/molinspares.com\/politica-privacidad\/"}]}},"_links":{"self":[{"href":"https:\/\/molinspares.com\/it\/wp-json\/wp\/v2\/pages\/7054","targetHints":{"allow":["GET"]}}],"collection":[{"href":"https:\/\/molinspares.com\/it\/wp-json\/wp\/v2\/pages"}],"about":[{"href":"https:\/\/molinspares.com\/it\/wp-json\/wp\/v2\/types\/page"}],"author":[{"embeddable":true,"href":"https:\/\/molinspares.com\/it\/wp-json\/wp\/v2\/users\/1"}],"replies":[{"embeddable":true,"href":"https:\/\/molinspares.com\/it\/wp-json\/wp\/v2\/comments?post=7054"}],"version-history":[{"count":2,"href":"https:\/\/molinspares.com\/it\/wp-json\/wp\/v2\/pages\/7054\/revisions"}],"predecessor-version":[{"id":8145,"href":"https:\/\/molinspares.com\/it\/wp-json\/wp\/v2\/pages\/7054\/revisions\/8145"}],"wp:featuredmedia":[{"embeddable":true,"href":"https:\/\/molinspares.com\/it\/wp-json\/wp\/v2\/media\/6472"}],"wp:attachment":[{"href":"https:\/\/molinspares.com\/it\/wp-json\/wp\/v2\/media?parent=7054"}],"wp:term":[{"taxonomy":"category","embeddable":true,"href":"https:\/\/molinspares.com\/it\/wp-json\/wp\/v2\/categories?post=7054"},{"taxonomy":"post_tag","embeddable":true,"href":"https:\/\/molinspares.com\/it\/wp-json\/wp\/v2\/tags?post=7054"}],"curies":[{"name":"wp","href":"https:\/\/api.w.org\/{rel}","templated":true}]}}