{"id":7631,"date":"2023-10-20T12:41:33","date_gmt":"2023-10-20T10:41:33","guid":{"rendered":"https:\/\/molinspares.com\/infractions-en-matiere-de-sante-publique\/"},"modified":"2025-06-19T22:57:24","modified_gmt":"2025-06-19T20:57:24","slug":"infractions-en-matiere-de-sante-publique","status":"publish","type":"page","link":"https:\/\/molinspares.com\/fr\/infractions-en-matiere-de-sante-publique\/","title":{"rendered":"Infractions en mati\u00e8re de sant\u00e9 publique"},"content":{"rendered":"\n<ul class=\"wp-block-list\">\n<li><strong>CRIME DE TRAFIC DE DROGUE<\/strong><strong> (art. 368 CP) :<\/strong> Il punit la pr\u00e9paration, la culture, le trafic ou le commerce illicite de drogues toxiques, de stup\u00e9fiants ou de substances psychotropes, ainsi que la facilitation de leur consommation ill\u00e9gale. Le type de substance impliqu\u00e9e, ainsi que sa quantit\u00e9, d\u00e9terminent la gravit\u00e9 de l&rsquo;infraction. <\/li>\n<\/ul>\n","protected":false},"excerpt":{"rendered":"<p>Texte en vedette lorem ipsum dolor sit amet, consectetuer adipiscing eli adipiscing elit.<\/p>\n","protected":false},"author":1,"featured_media":5963,"parent":0,"menu_order":54,"comment_status":"closed","ping_status":"closed","template":"","meta":{"footnotes":""},"categories":[162],"tags":[],"class_list":["post-7631","page","type-page","status-publish","has-post-thumbnail","hentry","category-defense-penale"],"yoast_head":"<!-- This site is optimized with the Yoast SEO Premium plugin v26.1 (Yoast SEO v27.2) - https:\/\/yoast.com\/product\/yoast-seo-premium-wordpress\/ -->\n<title>Avocat Trafic de drogue \u00e0 Barcelone | Molins Par\u00e9s<\/title>\n<meta name=\"description\" content=\"Molins Par\u00e9s, experts en trafic de stup\u00e9fiants et crimes contre la sant\u00e9 publique \u00e0 Barcelone. Nous d\u00e9fendons vos droits dans les affaires li\u00e9es aux drogues et au trafic de drogues.\" \/>\n<meta name=\"robots\" content=\"index, follow, max-snippet:-1, max-image-preview:large, max-video-preview:-1\" \/>\n<link rel=\"canonical\" href=\"https:\/\/molinspares.com\/fr\/infractions-en-matiere-de-sante-publique\/\" \/>\n<meta property=\"og:locale\" content=\"fr_FR\" \/>\n<meta property=\"og:type\" content=\"article\" \/>\n<meta property=\"og:title\" content=\"Infractions en mati\u00e8re de sant\u00e9 publique\" \/>\n<meta property=\"og:description\" content=\"Molins Par\u00e9s, experts en trafic de stup\u00e9fiants et crimes contre la sant\u00e9 publique \u00e0 Barcelone. Nous d\u00e9fendons vos droits dans les affaires li\u00e9es aux drogues et au trafic de drogues.\" \/>\n<meta property=\"og:url\" content=\"https:\/\/molinspares.com\/fr\/infractions-en-matiere-de-sante-publique\/\" \/>\n<meta property=\"og:site_name\" content=\"Molins Par\u00e9s - Despacho de Abogados Penalistas en Barcelona | Excelencia y Privacidad\" \/>\n<meta property=\"article:publisher\" content=\"https:\/\/www.facebook.com\/profile.php?id=100067944420137\" \/>\n<meta property=\"article:modified_time\" content=\"2025-06-19T20:57:24+00:00\" \/>\n<meta property=\"og:image\" content=\"https:\/\/molinspares.com\/wp-content\/uploads\/Delitos-contra-el-patrimonio-y-contra-el-orden-socio-economico.jpg\" \/>\n\t<meta property=\"og:image:width\" content=\"600\" \/>\n\t<meta property=\"og:image:height\" content=\"900\" \/>\n\t<meta property=\"og:image:type\" content=\"image\/jpeg\" \/>\n<meta name=\"twitter:card\" content=\"summary_large_image\" \/>\n<script type=\"application\/ld+json\" class=\"yoast-schema-graph\">{\"@context\":\"https:\/\/schema.org\",\"@graph\":[{\"@type\":\"WebPage\",\"@id\":\"https:\/\/molinspares.com\/fr\/infractions-en-matiere-de-sante-publique\/\",\"url\":\"https:\/\/molinspares.com\/fr\/infractions-en-matiere-de-sante-publique\/\",\"name\":\"Avocat Trafic de drogue \u00e0 Barcelone | Molins Par\u00e9s\",\"isPartOf\":{\"@id\":\"https:\/\/molinspares.com\/fr\/#website\"},\"primaryImageOfPage\":{\"@id\":\"https:\/\/molinspares.com\/fr\/infractions-en-matiere-de-sante-publique\/#primaryimage\"},\"image\":{\"@id\":\"https:\/\/molinspares.com\/fr\/infractions-en-matiere-de-sante-publique\/#primaryimage\"},\"thumbnailUrl\":\"https:\/\/molinspares.com\/wp-content\/uploads\/Delitos-contra-el-patrimonio-y-contra-el-orden-socio-economico.jpg\",\"datePublished\":\"2023-10-20T10:41:33+00:00\",\"dateModified\":\"2025-06-19T20:57:24+00:00\",\"description\":\"Molins Par\u00e9s, experts en trafic de stup\u00e9fiants et crimes contre la sant\u00e9 publique \u00e0 Barcelone. Nous d\u00e9fendons vos droits dans les affaires li\u00e9es aux drogues et au trafic de drogues.\",\"breadcrumb\":{\"@id\":\"https:\/\/molinspares.com\/fr\/infractions-en-matiere-de-sante-publique\/#breadcrumb\"},\"inLanguage\":\"fr-FR\",\"potentialAction\":[{\"@type\":\"ReadAction\",\"target\":[\"https:\/\/molinspares.com\/fr\/infractions-en-matiere-de-sante-publique\/\"]}]},{\"@type\":\"ImageObject\",\"inLanguage\":\"fr-FR\",\"@id\":\"https:\/\/molinspares.com\/fr\/infractions-en-matiere-de-sante-publique\/#primaryimage\",\"url\":\"https:\/\/molinspares.com\/wp-content\/uploads\/Delitos-contra-el-patrimonio-y-contra-el-orden-socio-economico.jpg\",\"contentUrl\":\"https:\/\/molinspares.com\/wp-content\/uploads\/Delitos-contra-el-patrimonio-y-contra-el-orden-socio-economico.jpg\",\"width\":600,\"height\":900},{\"@type\":\"BreadcrumbList\",\"@id\":\"https:\/\/molinspares.com\/fr\/infractions-en-matiere-de-sante-publique\/#breadcrumb\",\"itemListElement\":[{\"@type\":\"ListItem\",\"position\":1,\"name\":\"Portada\",\"item\":\"https:\/\/molinspares.com\/fr\/\"},{\"@type\":\"ListItem\",\"position\":2,\"name\":\"Infractions en mati\u00e8re de sant\u00e9 publique\"}]},{\"@type\":\"WebSite\",\"@id\":\"https:\/\/molinspares.com\/fr\/#website\",\"url\":\"https:\/\/molinspares.com\/fr\/\",\"name\":\"Molins & Par\u00e9s - Despacho de Abogados Penalistas en Barcelona\",\"description\":\"En Molins &amp; Par\u00e9s somos especialistas en derecho penal. Garantizamos la privacidad del cliente y la m\u00e1xima excelencia en cada caso. \u00a1Cont\u00e1ctanos!\",\"publisher\":{\"@id\":\"https:\/\/molinspares.com\/fr\/#organization\"},\"alternateName\":\"Molins & Par\u00e9s\",\"potentialAction\":[{\"@type\":\"SearchAction\",\"target\":{\"@type\":\"EntryPoint\",\"urlTemplate\":\"https:\/\/molinspares.com\/fr\/?s={search_term_string}\"},\"query-input\":{\"@type\":\"PropertyValueSpecification\",\"valueRequired\":true,\"valueName\":\"search_term_string\"}}],\"inLanguage\":\"fr-FR\"},{\"@type\":\"Organization\",\"@id\":\"https:\/\/molinspares.com\/fr\/#organization\",\"name\":\"Molins & Par\u00e9s - Despacho de Abogados Penalistas en Barcelona\",\"alternateName\":\"Molins & Par\u00e9s\",\"url\":\"https:\/\/molinspares.com\/fr\/\",\"logo\":{\"@type\":\"ImageObject\",\"inLanguage\":\"fr-FR\",\"@id\":\"https:\/\/molinspares.com\/fr\/#\/schema\/logo\/image\/\",\"url\":\"https:\/\/molinspares.com\/wp-content\/uploads\/logo_MolinsPares-2.jpg\",\"contentUrl\":\"https:\/\/molinspares.com\/wp-content\/uploads\/logo_MolinsPares-2.jpg\",\"width\":512,\"height\":512,\"caption\":\"Molins & Par\u00e9s - Despacho de Abogados Penalistas en Barcelona\"},\"image\":{\"@id\":\"https:\/\/molinspares.com\/fr\/#\/schema\/logo\/image\/\"},\"sameAs\":[\"https:\/\/www.facebook.com\/profile.php?id=100067944420137\",\"https:\/\/www.linkedin.com\/in\/molins-pars-penal-compliance-44383b65\/\"],\"publishingPrinciples\":\"https:\/\/molinspares.com\/politica-privacidad\/\",\"ownershipFundingInfo\":\"https:\/\/molinspares.com\/politica-privacidad\/\",\"actionableFeedbackPolicy\":\"https:\/\/molinspares.com\/politica-privacidad\/\",\"correctionsPolicy\":\"https:\/\/molinspares.com\/politica-privacidad\/\",\"ethicsPolicy\":\"https:\/\/molinspares.com\/politica-privacidad\/\",\"diversityPolicy\":\"https:\/\/molinspares.com\/politica-privacidad\/\",\"diversityStaffingReport\":\"https:\/\/molinspares.com\/politica-privacidad\/\"}]}<\/script>\n<!-- \/ Yoast SEO Premium plugin. -->","yoast_head_json":{"title":"Avocat Trafic de drogue \u00e0 Barcelone | Molins Par\u00e9s","description":"Molins Par\u00e9s, experts en trafic de stup\u00e9fiants et crimes contre la sant\u00e9 publique \u00e0 Barcelone. Nous d\u00e9fendons vos droits dans les affaires li\u00e9es aux drogues et au trafic de drogues.","robots":{"index":"index","follow":"follow","max-snippet":"max-snippet:-1","max-image-preview":"max-image-preview:large","max-video-preview":"max-video-preview:-1"},"canonical":"https:\/\/molinspares.com\/fr\/infractions-en-matiere-de-sante-publique\/","og_locale":"fr_FR","og_type":"article","og_title":"Infractions en mati\u00e8re de sant\u00e9 publique","og_description":"Molins Par\u00e9s, experts en trafic de stup\u00e9fiants et crimes contre la sant\u00e9 publique \u00e0 Barcelone. Nous d\u00e9fendons vos droits dans les affaires li\u00e9es aux drogues et au trafic de drogues.","og_url":"https:\/\/molinspares.com\/fr\/infractions-en-matiere-de-sante-publique\/","og_site_name":"Molins Par\u00e9s - Despacho de Abogados Penalistas en Barcelona | Excelencia y Privacidad","article_publisher":"https:\/\/www.facebook.com\/profile.php?id=100067944420137","article_modified_time":"2025-06-19T20:57:24+00:00","og_image":[{"width":600,"height":900,"url":"https:\/\/molinspares.com\/wp-content\/uploads\/Delitos-contra-el-patrimonio-y-contra-el-orden-socio-economico.jpg","type":"image\/jpeg"}],"twitter_card":"summary_large_image","schema":{"@context":"https:\/\/schema.org","@graph":[{"@type":"WebPage","@id":"https:\/\/molinspares.com\/fr\/infractions-en-matiere-de-sante-publique\/","url":"https:\/\/molinspares.com\/fr\/infractions-en-matiere-de-sante-publique\/","name":"Avocat Trafic de drogue \u00e0 Barcelone | Molins Par\u00e9s","isPartOf":{"@id":"https:\/\/molinspares.com\/fr\/#website"},"primaryImageOfPage":{"@id":"https:\/\/molinspares.com\/fr\/infractions-en-matiere-de-sante-publique\/#primaryimage"},"image":{"@id":"https:\/\/molinspares.com\/fr\/infractions-en-matiere-de-sante-publique\/#primaryimage"},"thumbnailUrl":"https:\/\/molinspares.com\/wp-content\/uploads\/Delitos-contra-el-patrimonio-y-contra-el-orden-socio-economico.jpg","datePublished":"2023-10-20T10:41:33+00:00","dateModified":"2025-06-19T20:57:24+00:00","description":"Molins Par\u00e9s, experts en trafic de stup\u00e9fiants et crimes contre la sant\u00e9 publique \u00e0 Barcelone. Nous d\u00e9fendons vos droits dans les affaires li\u00e9es aux drogues et au trafic de drogues.","breadcrumb":{"@id":"https:\/\/molinspares.com\/fr\/infractions-en-matiere-de-sante-publique\/#breadcrumb"},"inLanguage":"fr-FR","potentialAction":[{"@type":"ReadAction","target":["https:\/\/molinspares.com\/fr\/infractions-en-matiere-de-sante-publique\/"]}]},{"@type":"ImageObject","inLanguage":"fr-FR","@id":"https:\/\/molinspares.com\/fr\/infractions-en-matiere-de-sante-publique\/#primaryimage","url":"https:\/\/molinspares.com\/wp-content\/uploads\/Delitos-contra-el-patrimonio-y-contra-el-orden-socio-economico.jpg","contentUrl":"https:\/\/molinspares.com\/wp-content\/uploads\/Delitos-contra-el-patrimonio-y-contra-el-orden-socio-economico.jpg","width":600,"height":900},{"@type":"BreadcrumbList","@id":"https:\/\/molinspares.com\/fr\/infractions-en-matiere-de-sante-publique\/#breadcrumb","itemListElement":[{"@type":"ListItem","position":1,"name":"Portada","item":"https:\/\/molinspares.com\/fr\/"},{"@type":"ListItem","position":2,"name":"Infractions en mati\u00e8re de sant\u00e9 publique"}]},{"@type":"WebSite","@id":"https:\/\/molinspares.com\/fr\/#website","url":"https:\/\/molinspares.com\/fr\/","name":"Molins & Par\u00e9s - Despacho de Abogados Penalistas en Barcelona","description":"En Molins &amp; Par\u00e9s somos especialistas en derecho penal. Garantizamos la privacidad del cliente y la m\u00e1xima excelencia en cada caso. \u00a1Cont\u00e1ctanos!","publisher":{"@id":"https:\/\/molinspares.com\/fr\/#organization"},"alternateName":"Molins & Par\u00e9s","potentialAction":[{"@type":"SearchAction","target":{"@type":"EntryPoint","urlTemplate":"https:\/\/molinspares.com\/fr\/?s={search_term_string}"},"query-input":{"@type":"PropertyValueSpecification","valueRequired":true,"valueName":"search_term_string"}}],"inLanguage":"fr-FR"},{"@type":"Organization","@id":"https:\/\/molinspares.com\/fr\/#organization","name":"Molins & Par\u00e9s - Despacho de Abogados Penalistas en Barcelona","alternateName":"Molins & Par\u00e9s","url":"https:\/\/molinspares.com\/fr\/","logo":{"@type":"ImageObject","inLanguage":"fr-FR","@id":"https:\/\/molinspares.com\/fr\/#\/schema\/logo\/image\/","url":"https:\/\/molinspares.com\/wp-content\/uploads\/logo_MolinsPares-2.jpg","contentUrl":"https:\/\/molinspares.com\/wp-content\/uploads\/logo_MolinsPares-2.jpg","width":512,"height":512,"caption":"Molins & Par\u00e9s - Despacho de Abogados Penalistas en Barcelona"},"image":{"@id":"https:\/\/molinspares.com\/fr\/#\/schema\/logo\/image\/"},"sameAs":["https:\/\/www.facebook.com\/profile.php?id=100067944420137","https:\/\/www.linkedin.com\/in\/molins-pars-penal-compliance-44383b65\/"],"publishingPrinciples":"https:\/\/molinspares.com\/politica-privacidad\/","ownershipFundingInfo":"https:\/\/molinspares.com\/politica-privacidad\/","actionableFeedbackPolicy":"https:\/\/molinspares.com\/politica-privacidad\/","correctionsPolicy":"https:\/\/molinspares.com\/politica-privacidad\/","ethicsPolicy":"https:\/\/molinspares.com\/politica-privacidad\/","diversityPolicy":"https:\/\/molinspares.com\/politica-privacidad\/","diversityStaffingReport":"https:\/\/molinspares.com\/politica-privacidad\/"}]}},"_links":{"self":[{"href":"https:\/\/molinspares.com\/fr\/wp-json\/wp\/v2\/pages\/7631","targetHints":{"allow":["GET"]}}],"collection":[{"href":"https:\/\/molinspares.com\/fr\/wp-json\/wp\/v2\/pages"}],"about":[{"href":"https:\/\/molinspares.com\/fr\/wp-json\/wp\/v2\/types\/page"}],"author":[{"embeddable":true,"href":"https:\/\/molinspares.com\/fr\/wp-json\/wp\/v2\/users\/1"}],"replies":[{"embeddable":true,"href":"https:\/\/molinspares.com\/fr\/wp-json\/wp\/v2\/comments?post=7631"}],"version-history":[{"count":1,"href":"https:\/\/molinspares.com\/fr\/wp-json\/wp\/v2\/pages\/7631\/revisions"}],"predecessor-version":[{"id":7632,"href":"https:\/\/molinspares.com\/fr\/wp-json\/wp\/v2\/pages\/7631\/revisions\/7632"}],"wp:featuredmedia":[{"embeddable":true,"href":"https:\/\/molinspares.com\/fr\/wp-json\/wp\/v2\/media\/5963"}],"wp:attachment":[{"href":"https:\/\/molinspares.com\/fr\/wp-json\/wp\/v2\/media?parent=7631"}],"wp:term":[{"taxonomy":"category","embeddable":true,"href":"https:\/\/molinspares.com\/fr\/wp-json\/wp\/v2\/categories?post=7631"},{"taxonomy":"post_tag","embeddable":true,"href":"https:\/\/molinspares.com\/fr\/wp-json\/wp\/v2\/tags?post=7631"}],"curies":[{"name":"wp","href":"https:\/\/api.w.org\/{rel}","templated":true}]}}