{"id":7607,"date":"2023-10-20T12:38:01","date_gmt":"2023-10-20T10:38:01","guid":{"rendered":"https:\/\/molinspares.com\/infractions-contre-les-personnes\/"},"modified":"2025-06-19T22:57:18","modified_gmt":"2025-06-19T20:57:18","slug":"infractions-contre-les-personnes","status":"publish","type":"page","link":"https:\/\/molinspares.com\/fr\/infractions-contre-les-personnes\/","title":{"rendered":"Infractions contre les personnes"},"content":{"rendered":"\n<ul class=\"wp-block-list\">\n<li><strong>HOMICIDE<\/strong><strong> (art. 138 du code p\u00e9nal, ci-apr\u00e8s CP).<\/strong><\/li>\n\n\n\n<li><strong>MEURTRE<\/strong><strong> (art. 139 CP) : <\/strong>punit la personne qui tue une autre personne, lorsque l&rsquo;une des circonstances suivantes est pr\u00e9sente : intention malveillante, intention malveillante ou l&rsquo;auteur commet le meurtre en \u00e9change d&rsquo;un prix, d&rsquo;une r\u00e9compense ou d&rsquo;une promesse.<\/li>\n\n\n\n<li><strong>HOMICIDE IMPRUDENT<\/strong> <strong>(art. 142 CP) :<\/strong> punit ceux qui tuent une autre personne, non pas avec la volont\u00e9 de le faire, mais en ayant commis une conduite imprudente qui conduit \u00e0 l&rsquo;issue fatale.<\/li>\n\n\n\n<li><strong>BLESSURE<\/strong><strong> (art. 147 et s. CP) : <\/strong>punit quiconque cause \u00e0 autrui une l\u00e9sion, physique ou mentale<strong>, <\/strong>dont la gu\u00e9rison n\u00e9cessite un traitement m\u00e9dical.<\/li>\n\n\n\n<li>L&rsquo;<strong>INCIDENCE<\/strong><strong> (art. 152 et s. CP) : <\/strong>punit celui qui cause \u00e0 autrui une atteinte \u00e0 son int\u00e9grit\u00e9 physique ou psychique<strong>, <\/strong>non pas avec la volont\u00e9 de le faire, mais en ayant commis une imprudence qui conduit \u00e0 ce r\u00e9sultat dommageable.<\/li>\n<\/ul>\n","protected":false},"excerpt":{"rendered":"<p>Texte en vedette lorem ipsum dolor sit amet, consectetuer adipiscing eli adipiscing elit.<\/p>\n","protected":false},"author":1,"featured_media":5963,"parent":0,"menu_order":51,"comment_status":"closed","ping_status":"closed","template":"","meta":{"footnotes":""},"categories":[162],"tags":[],"class_list":["post-7607","page","type-page","status-publish","has-post-thumbnail","hentry","category-defense-penale"],"yoast_head":"<!-- This site is optimized with the Yoast SEO Premium plugin v26.1 (Yoast SEO v27.2) - https:\/\/yoast.com\/product\/yoast-seo-premium-wordpress\/ -->\n<title>Avocat sp\u00e9cialis\u00e9 en homicides et blessures \u00e0 Barcelone | Molins Par\u00e9s<\/title>\n<meta name=\"description\" content=\"Molins Par\u00e9s, experts en crimes contre la vie et l&#039;int\u00e9grit\u00e9 physique et morale \u00e0 Barcelone. Conseils juridiques en cas d&#039;homicide et de blessures graves.\" \/>\n<meta name=\"robots\" content=\"index, follow, max-snippet:-1, max-image-preview:large, max-video-preview:-1\" \/>\n<link rel=\"canonical\" href=\"https:\/\/molinspares.com\/fr\/infractions-contre-les-personnes\/\" \/>\n<meta property=\"og:locale\" content=\"fr_FR\" \/>\n<meta property=\"og:type\" content=\"article\" \/>\n<meta property=\"og:title\" content=\"Infractions contre les personnes\" \/>\n<meta property=\"og:description\" content=\"Molins Par\u00e9s, experts en crimes contre la vie et l&#039;int\u00e9grit\u00e9 physique et morale \u00e0 Barcelone. Conseils juridiques en cas d&#039;homicide et de blessures graves.\" \/>\n<meta property=\"og:url\" content=\"https:\/\/molinspares.com\/fr\/infractions-contre-les-personnes\/\" \/>\n<meta property=\"og:site_name\" content=\"Molins Par\u00e9s - Despacho de Abogados Penalistas en Barcelona | Excelencia y Privacidad\" \/>\n<meta property=\"article:publisher\" content=\"https:\/\/www.facebook.com\/profile.php?id=100067944420137\" \/>\n<meta property=\"article:modified_time\" content=\"2025-06-19T20:57:18+00:00\" \/>\n<meta property=\"og:image\" content=\"https:\/\/molinspares.com\/wp-content\/uploads\/Delitos-contra-el-patrimonio-y-contra-el-orden-socio-economico.jpg\" \/>\n\t<meta property=\"og:image:width\" content=\"600\" \/>\n\t<meta property=\"og:image:height\" content=\"900\" \/>\n\t<meta property=\"og:image:type\" content=\"image\/jpeg\" \/>\n<meta name=\"twitter:card\" content=\"summary_large_image\" \/>\n<meta name=\"twitter:label1\" content=\"Dur\u00e9e de lecture estim\u00e9e\" \/>\n\t<meta name=\"twitter:data1\" content=\"1 minute\" \/>\n<script type=\"application\/ld+json\" class=\"yoast-schema-graph\">{\"@context\":\"https:\/\/schema.org\",\"@graph\":[{\"@type\":\"WebPage\",\"@id\":\"https:\/\/molinspares.com\/fr\/infractions-contre-les-personnes\/\",\"url\":\"https:\/\/molinspares.com\/fr\/infractions-contre-les-personnes\/\",\"name\":\"Avocat sp\u00e9cialis\u00e9 en homicides et blessures \u00e0 Barcelone | Molins Par\u00e9s\",\"isPartOf\":{\"@id\":\"https:\/\/molinspares.com\/fr\/#website\"},\"primaryImageOfPage\":{\"@id\":\"https:\/\/molinspares.com\/fr\/infractions-contre-les-personnes\/#primaryimage\"},\"image\":{\"@id\":\"https:\/\/molinspares.com\/fr\/infractions-contre-les-personnes\/#primaryimage\"},\"thumbnailUrl\":\"https:\/\/molinspares.com\/wp-content\/uploads\/Delitos-contra-el-patrimonio-y-contra-el-orden-socio-economico.jpg\",\"datePublished\":\"2023-10-20T10:38:01+00:00\",\"dateModified\":\"2025-06-19T20:57:18+00:00\",\"description\":\"Molins Par\u00e9s, experts en crimes contre la vie et l'int\u00e9grit\u00e9 physique et morale \u00e0 Barcelone. Conseils juridiques en cas d'homicide et de blessures graves.\",\"breadcrumb\":{\"@id\":\"https:\/\/molinspares.com\/fr\/infractions-contre-les-personnes\/#breadcrumb\"},\"inLanguage\":\"fr-FR\",\"potentialAction\":[{\"@type\":\"ReadAction\",\"target\":[\"https:\/\/molinspares.com\/fr\/infractions-contre-les-personnes\/\"]}]},{\"@type\":\"ImageObject\",\"inLanguage\":\"fr-FR\",\"@id\":\"https:\/\/molinspares.com\/fr\/infractions-contre-les-personnes\/#primaryimage\",\"url\":\"https:\/\/molinspares.com\/wp-content\/uploads\/Delitos-contra-el-patrimonio-y-contra-el-orden-socio-economico.jpg\",\"contentUrl\":\"https:\/\/molinspares.com\/wp-content\/uploads\/Delitos-contra-el-patrimonio-y-contra-el-orden-socio-economico.jpg\",\"width\":600,\"height\":900},{\"@type\":\"BreadcrumbList\",\"@id\":\"https:\/\/molinspares.com\/fr\/infractions-contre-les-personnes\/#breadcrumb\",\"itemListElement\":[{\"@type\":\"ListItem\",\"position\":1,\"name\":\"Portada\",\"item\":\"https:\/\/molinspares.com\/fr\/\"},{\"@type\":\"ListItem\",\"position\":2,\"name\":\"Infractions contre les personnes\"}]},{\"@type\":\"WebSite\",\"@id\":\"https:\/\/molinspares.com\/fr\/#website\",\"url\":\"https:\/\/molinspares.com\/fr\/\",\"name\":\"Molins & Par\u00e9s - Despacho de Abogados Penalistas en Barcelona\",\"description\":\"En Molins &amp; Par\u00e9s somos especialistas en derecho penal. Garantizamos la privacidad del cliente y la m\u00e1xima excelencia en cada caso. \u00a1Cont\u00e1ctanos!\",\"publisher\":{\"@id\":\"https:\/\/molinspares.com\/fr\/#organization\"},\"alternateName\":\"Molins & Par\u00e9s\",\"potentialAction\":[{\"@type\":\"SearchAction\",\"target\":{\"@type\":\"EntryPoint\",\"urlTemplate\":\"https:\/\/molinspares.com\/fr\/?s={search_term_string}\"},\"query-input\":{\"@type\":\"PropertyValueSpecification\",\"valueRequired\":true,\"valueName\":\"search_term_string\"}}],\"inLanguage\":\"fr-FR\"},{\"@type\":\"Organization\",\"@id\":\"https:\/\/molinspares.com\/fr\/#organization\",\"name\":\"Molins & Par\u00e9s - Despacho de Abogados Penalistas en Barcelona\",\"alternateName\":\"Molins & Par\u00e9s\",\"url\":\"https:\/\/molinspares.com\/fr\/\",\"logo\":{\"@type\":\"ImageObject\",\"inLanguage\":\"fr-FR\",\"@id\":\"https:\/\/molinspares.com\/fr\/#\/schema\/logo\/image\/\",\"url\":\"https:\/\/molinspares.com\/wp-content\/uploads\/logo_MolinsPares-2.jpg\",\"contentUrl\":\"https:\/\/molinspares.com\/wp-content\/uploads\/logo_MolinsPares-2.jpg\",\"width\":512,\"height\":512,\"caption\":\"Molins & Par\u00e9s - Despacho de Abogados Penalistas en Barcelona\"},\"image\":{\"@id\":\"https:\/\/molinspares.com\/fr\/#\/schema\/logo\/image\/\"},\"sameAs\":[\"https:\/\/www.facebook.com\/profile.php?id=100067944420137\",\"https:\/\/www.linkedin.com\/in\/molins-pars-penal-compliance-44383b65\/\"],\"publishingPrinciples\":\"https:\/\/molinspares.com\/politica-privacidad\/\",\"ownershipFundingInfo\":\"https:\/\/molinspares.com\/politica-privacidad\/\",\"actionableFeedbackPolicy\":\"https:\/\/molinspares.com\/politica-privacidad\/\",\"correctionsPolicy\":\"https:\/\/molinspares.com\/politica-privacidad\/\",\"ethicsPolicy\":\"https:\/\/molinspares.com\/politica-privacidad\/\",\"diversityPolicy\":\"https:\/\/molinspares.com\/politica-privacidad\/\",\"diversityStaffingReport\":\"https:\/\/molinspares.com\/politica-privacidad\/\"}]}<\/script>\n<!-- \/ Yoast SEO Premium plugin. -->","yoast_head_json":{"title":"Avocat sp\u00e9cialis\u00e9 en homicides et blessures \u00e0 Barcelone | Molins Par\u00e9s","description":"Molins Par\u00e9s, experts en crimes contre la vie et l'int\u00e9grit\u00e9 physique et morale \u00e0 Barcelone. Conseils juridiques en cas d'homicide et de blessures graves.","robots":{"index":"index","follow":"follow","max-snippet":"max-snippet:-1","max-image-preview":"max-image-preview:large","max-video-preview":"max-video-preview:-1"},"canonical":"https:\/\/molinspares.com\/fr\/infractions-contre-les-personnes\/","og_locale":"fr_FR","og_type":"article","og_title":"Infractions contre les personnes","og_description":"Molins Par\u00e9s, experts en crimes contre la vie et l'int\u00e9grit\u00e9 physique et morale \u00e0 Barcelone. Conseils juridiques en cas d'homicide et de blessures graves.","og_url":"https:\/\/molinspares.com\/fr\/infractions-contre-les-personnes\/","og_site_name":"Molins Par\u00e9s - Despacho de Abogados Penalistas en Barcelona | Excelencia y Privacidad","article_publisher":"https:\/\/www.facebook.com\/profile.php?id=100067944420137","article_modified_time":"2025-06-19T20:57:18+00:00","og_image":[{"width":600,"height":900,"url":"https:\/\/molinspares.com\/wp-content\/uploads\/Delitos-contra-el-patrimonio-y-contra-el-orden-socio-economico.jpg","type":"image\/jpeg"}],"twitter_card":"summary_large_image","twitter_misc":{"Dur\u00e9e de lecture estim\u00e9e":"1 minute"},"schema":{"@context":"https:\/\/schema.org","@graph":[{"@type":"WebPage","@id":"https:\/\/molinspares.com\/fr\/infractions-contre-les-personnes\/","url":"https:\/\/molinspares.com\/fr\/infractions-contre-les-personnes\/","name":"Avocat sp\u00e9cialis\u00e9 en homicides et blessures \u00e0 Barcelone | Molins Par\u00e9s","isPartOf":{"@id":"https:\/\/molinspares.com\/fr\/#website"},"primaryImageOfPage":{"@id":"https:\/\/molinspares.com\/fr\/infractions-contre-les-personnes\/#primaryimage"},"image":{"@id":"https:\/\/molinspares.com\/fr\/infractions-contre-les-personnes\/#primaryimage"},"thumbnailUrl":"https:\/\/molinspares.com\/wp-content\/uploads\/Delitos-contra-el-patrimonio-y-contra-el-orden-socio-economico.jpg","datePublished":"2023-10-20T10:38:01+00:00","dateModified":"2025-06-19T20:57:18+00:00","description":"Molins Par\u00e9s, experts en crimes contre la vie et l'int\u00e9grit\u00e9 physique et morale \u00e0 Barcelone. Conseils juridiques en cas d'homicide et de blessures graves.","breadcrumb":{"@id":"https:\/\/molinspares.com\/fr\/infractions-contre-les-personnes\/#breadcrumb"},"inLanguage":"fr-FR","potentialAction":[{"@type":"ReadAction","target":["https:\/\/molinspares.com\/fr\/infractions-contre-les-personnes\/"]}]},{"@type":"ImageObject","inLanguage":"fr-FR","@id":"https:\/\/molinspares.com\/fr\/infractions-contre-les-personnes\/#primaryimage","url":"https:\/\/molinspares.com\/wp-content\/uploads\/Delitos-contra-el-patrimonio-y-contra-el-orden-socio-economico.jpg","contentUrl":"https:\/\/molinspares.com\/wp-content\/uploads\/Delitos-contra-el-patrimonio-y-contra-el-orden-socio-economico.jpg","width":600,"height":900},{"@type":"BreadcrumbList","@id":"https:\/\/molinspares.com\/fr\/infractions-contre-les-personnes\/#breadcrumb","itemListElement":[{"@type":"ListItem","position":1,"name":"Portada","item":"https:\/\/molinspares.com\/fr\/"},{"@type":"ListItem","position":2,"name":"Infractions contre les personnes"}]},{"@type":"WebSite","@id":"https:\/\/molinspares.com\/fr\/#website","url":"https:\/\/molinspares.com\/fr\/","name":"Molins & Par\u00e9s - Despacho de Abogados Penalistas en Barcelona","description":"En Molins &amp; Par\u00e9s somos especialistas en derecho penal. Garantizamos la privacidad del cliente y la m\u00e1xima excelencia en cada caso. \u00a1Cont\u00e1ctanos!","publisher":{"@id":"https:\/\/molinspares.com\/fr\/#organization"},"alternateName":"Molins & Par\u00e9s","potentialAction":[{"@type":"SearchAction","target":{"@type":"EntryPoint","urlTemplate":"https:\/\/molinspares.com\/fr\/?s={search_term_string}"},"query-input":{"@type":"PropertyValueSpecification","valueRequired":true,"valueName":"search_term_string"}}],"inLanguage":"fr-FR"},{"@type":"Organization","@id":"https:\/\/molinspares.com\/fr\/#organization","name":"Molins & Par\u00e9s - Despacho de Abogados Penalistas en Barcelona","alternateName":"Molins & Par\u00e9s","url":"https:\/\/molinspares.com\/fr\/","logo":{"@type":"ImageObject","inLanguage":"fr-FR","@id":"https:\/\/molinspares.com\/fr\/#\/schema\/logo\/image\/","url":"https:\/\/molinspares.com\/wp-content\/uploads\/logo_MolinsPares-2.jpg","contentUrl":"https:\/\/molinspares.com\/wp-content\/uploads\/logo_MolinsPares-2.jpg","width":512,"height":512,"caption":"Molins & Par\u00e9s - Despacho de Abogados Penalistas en Barcelona"},"image":{"@id":"https:\/\/molinspares.com\/fr\/#\/schema\/logo\/image\/"},"sameAs":["https:\/\/www.facebook.com\/profile.php?id=100067944420137","https:\/\/www.linkedin.com\/in\/molins-pars-penal-compliance-44383b65\/"],"publishingPrinciples":"https:\/\/molinspares.com\/politica-privacidad\/","ownershipFundingInfo":"https:\/\/molinspares.com\/politica-privacidad\/","actionableFeedbackPolicy":"https:\/\/molinspares.com\/politica-privacidad\/","correctionsPolicy":"https:\/\/molinspares.com\/politica-privacidad\/","ethicsPolicy":"https:\/\/molinspares.com\/politica-privacidad\/","diversityPolicy":"https:\/\/molinspares.com\/politica-privacidad\/","diversityStaffingReport":"https:\/\/molinspares.com\/politica-privacidad\/"}]}},"_links":{"self":[{"href":"https:\/\/molinspares.com\/fr\/wp-json\/wp\/v2\/pages\/7607","targetHints":{"allow":["GET"]}}],"collection":[{"href":"https:\/\/molinspares.com\/fr\/wp-json\/wp\/v2\/pages"}],"about":[{"href":"https:\/\/molinspares.com\/fr\/wp-json\/wp\/v2\/types\/page"}],"author":[{"embeddable":true,"href":"https:\/\/molinspares.com\/fr\/wp-json\/wp\/v2\/users\/1"}],"replies":[{"embeddable":true,"href":"https:\/\/molinspares.com\/fr\/wp-json\/wp\/v2\/comments?post=7607"}],"version-history":[{"count":1,"href":"https:\/\/molinspares.com\/fr\/wp-json\/wp\/v2\/pages\/7607\/revisions"}],"predecessor-version":[{"id":7609,"href":"https:\/\/molinspares.com\/fr\/wp-json\/wp\/v2\/pages\/7607\/revisions\/7609"}],"wp:featuredmedia":[{"embeddable":true,"href":"https:\/\/molinspares.com\/fr\/wp-json\/wp\/v2\/media\/5963"}],"wp:attachment":[{"href":"https:\/\/molinspares.com\/fr\/wp-json\/wp\/v2\/media?parent=7607"}],"wp:term":[{"taxonomy":"category","embeddable":true,"href":"https:\/\/molinspares.com\/fr\/wp-json\/wp\/v2\/categories?post=7607"},{"taxonomy":"post_tag","embeddable":true,"href":"https:\/\/molinspares.com\/fr\/wp-json\/wp\/v2\/tags?post=7607"}],"curies":[{"name":"wp","href":"https:\/\/api.w.org\/{rel}","templated":true}]}}