{"id":7604,"date":"2023-10-20T12:38:34","date_gmt":"2023-10-20T10:38:34","guid":{"rendered":"https:\/\/molinspares.com\/atteintes-a-la-liberte-sexuelle-et-a-lintegrite-sexuelle\/"},"modified":"2025-06-19T22:57:18","modified_gmt":"2025-06-19T20:57:18","slug":"atteintes-a-la-liberte-sexuelle-et-a-lintegrite-sexuelle","status":"publish","type":"page","link":"https:\/\/molinspares.com\/fr\/atteintes-a-la-liberte-sexuelle-et-a-lintegrite-sexuelle\/","title":{"rendered":"Atteintes \u00e0 la libert\u00e9 sexuelle et \u00e0 l&rsquo;int\u00e9grit\u00e9 sexuelle"},"content":{"rendered":"\n<ul class=\"wp-block-list\">\n<li><strong>CRIME D&rsquo;AGRESSION SEXUELLE<\/strong><strong> (art. 178 \u00e0 183 CP) :<\/strong> punit les comportements qui portent atteinte \u00e0 la libert\u00e9 sexuelle d&rsquo;une personne sans son consentement.<\/li>\n\n\n\n<li><strong>CRIME DE HARC\u00c8LEMENT SEXUEL<\/strong><strong> (art. 184 CP) : <\/strong>punit le comportement consistant \u00e0<strong> <\/strong>demander des faveurs sexuelles pour soi-m\u00eame ou pour une autre personne, de mani\u00e8re continue ou habituelle, dans le cadre d&rsquo;une relation de travail, d&rsquo;enseignement, de prestation de services ou d&rsquo;une relation similaire, et causant ainsi \u00e0 la victime une situation intimidante, hostile ou humiliante.<\/li>\n\n\n\n<li><strong>CRIMES RELATIFS \u00c0 LA PROSTITUTION ET \u00c0 L&rsquo;EXPLOITATION SEXUELLE<\/strong><strong> (art. 187 CP) : <\/strong>commis par toute personne qui, en utilisant la violence, l&rsquo;intimidation, la tromperie, ou en abusant de sa sup\u00e9riorit\u00e9 ou du besoin et\/ou de la vuln\u00e9rabilit\u00e9 de la victime, am\u00e8ne cette derni\u00e8re, qui est majeure, \u00e0 se livrer \u00e0 la prostitution.<\/li>\n\n\n\n<li><strong>CRIME DE CORRUPTION DE MINEURS<\/strong><strong> (art. 189.1. CP) :<\/strong> Ce d\u00e9lit est commis par quiconque utilise des personnes handicap\u00e9es ou des mineurs \u00e0 des fins d&rsquo;exhibitionnisme ou de pornographie ou de spectacles, publics ou priv\u00e9s, en vue de produire du mat\u00e9riel pornographique.<\/li>\n<\/ul>\n","protected":false},"excerpt":{"rendered":"<p>Texte en vedette lorem ipsum dolor sit amet, consectetuer adipiscing eli adipiscing elit.<\/p>\n","protected":false},"author":1,"featured_media":5963,"parent":0,"menu_order":52,"comment_status":"closed","ping_status":"closed","template":"","meta":{"footnotes":""},"categories":[162],"tags":[],"class_list":["post-7604","page","type-page","status-publish","has-post-thumbnail","hentry","category-defense-penale"],"yoast_head":"<!-- This site is optimized with the Yoast SEO Premium plugin v26.1 (Yoast SEO v27.2) - https:\/\/yoast.com\/product\/yoast-seo-premium-wordpress\/ -->\n<title>Avocats experts en agressions sexuelles \u00e0 Barcelone | Molins Par\u00e9s<\/title>\n<meta name=\"description\" content=\"Molins Par\u00e9s, sp\u00e9cialistes des d\u00e9lits contre la libert\u00e9 sexuelle et de l&#039;indemnisation \u00e0 Barcelone. Conseil juridique en cas d&#039;agression sexuelle. Faites confiance \u00e0 notre exp\u00e9rience\" \/>\n<meta name=\"robots\" content=\"index, follow, max-snippet:-1, max-image-preview:large, max-video-preview:-1\" \/>\n<link rel=\"canonical\" href=\"https:\/\/molinspares.com\/fr\/atteintes-a-la-liberte-sexuelle-et-a-lintegrite-sexuelle\/\" \/>\n<meta property=\"og:locale\" content=\"fr_FR\" \/>\n<meta property=\"og:type\" content=\"article\" \/>\n<meta property=\"og:title\" content=\"Atteintes \u00e0 la libert\u00e9 sexuelle et \u00e0 l&#039;int\u00e9grit\u00e9 sexuelle\" \/>\n<meta property=\"og:description\" content=\"Molins Par\u00e9s, sp\u00e9cialistes des d\u00e9lits contre la libert\u00e9 sexuelle et de l&#039;indemnisation \u00e0 Barcelone. Conseil juridique en cas d&#039;agression sexuelle. Faites confiance \u00e0 notre exp\u00e9rience\" \/>\n<meta property=\"og:url\" content=\"https:\/\/molinspares.com\/fr\/atteintes-a-la-liberte-sexuelle-et-a-lintegrite-sexuelle\/\" \/>\n<meta property=\"og:site_name\" content=\"Molins Par\u00e9s - Despacho de Abogados Penalistas en Barcelona | Excelencia y Privacidad\" \/>\n<meta property=\"article:publisher\" content=\"https:\/\/www.facebook.com\/profile.php?id=100067944420137\" \/>\n<meta property=\"article:modified_time\" content=\"2025-06-19T20:57:18+00:00\" \/>\n<meta property=\"og:image\" content=\"https:\/\/molinspares.com\/wp-content\/uploads\/Delitos-contra-el-patrimonio-y-contra-el-orden-socio-economico.jpg\" \/>\n\t<meta property=\"og:image:width\" content=\"600\" \/>\n\t<meta property=\"og:image:height\" content=\"900\" \/>\n\t<meta property=\"og:image:type\" content=\"image\/jpeg\" \/>\n<meta name=\"twitter:card\" content=\"summary_large_image\" \/>\n<meta name=\"twitter:label1\" content=\"Dur\u00e9e de lecture estim\u00e9e\" \/>\n\t<meta name=\"twitter:data1\" content=\"1 minute\" \/>\n<script type=\"application\/ld+json\" class=\"yoast-schema-graph\">{\"@context\":\"https:\/\/schema.org\",\"@graph\":[{\"@type\":\"WebPage\",\"@id\":\"https:\/\/molinspares.com\/fr\/atteintes-a-la-liberte-sexuelle-et-a-lintegrite-sexuelle\/\",\"url\":\"https:\/\/molinspares.com\/fr\/atteintes-a-la-liberte-sexuelle-et-a-lintegrite-sexuelle\/\",\"name\":\"Avocats experts en agressions sexuelles \u00e0 Barcelone | Molins Par\u00e9s\",\"isPartOf\":{\"@id\":\"https:\/\/molinspares.com\/fr\/#website\"},\"primaryImageOfPage\":{\"@id\":\"https:\/\/molinspares.com\/fr\/atteintes-a-la-liberte-sexuelle-et-a-lintegrite-sexuelle\/#primaryimage\"},\"image\":{\"@id\":\"https:\/\/molinspares.com\/fr\/atteintes-a-la-liberte-sexuelle-et-a-lintegrite-sexuelle\/#primaryimage\"},\"thumbnailUrl\":\"https:\/\/molinspares.com\/wp-content\/uploads\/Delitos-contra-el-patrimonio-y-contra-el-orden-socio-economico.jpg\",\"datePublished\":\"2023-10-20T10:38:34+00:00\",\"dateModified\":\"2025-06-19T20:57:18+00:00\",\"description\":\"Molins Par\u00e9s, sp\u00e9cialistes des d\u00e9lits contre la libert\u00e9 sexuelle et de l'indemnisation \u00e0 Barcelone. Conseil juridique en cas d'agression sexuelle. Faites confiance \u00e0 notre exp\u00e9rience\",\"breadcrumb\":{\"@id\":\"https:\/\/molinspares.com\/fr\/atteintes-a-la-liberte-sexuelle-et-a-lintegrite-sexuelle\/#breadcrumb\"},\"inLanguage\":\"fr-FR\",\"potentialAction\":[{\"@type\":\"ReadAction\",\"target\":[\"https:\/\/molinspares.com\/fr\/atteintes-a-la-liberte-sexuelle-et-a-lintegrite-sexuelle\/\"]}]},{\"@type\":\"ImageObject\",\"inLanguage\":\"fr-FR\",\"@id\":\"https:\/\/molinspares.com\/fr\/atteintes-a-la-liberte-sexuelle-et-a-lintegrite-sexuelle\/#primaryimage\",\"url\":\"https:\/\/molinspares.com\/wp-content\/uploads\/Delitos-contra-el-patrimonio-y-contra-el-orden-socio-economico.jpg\",\"contentUrl\":\"https:\/\/molinspares.com\/wp-content\/uploads\/Delitos-contra-el-patrimonio-y-contra-el-orden-socio-economico.jpg\",\"width\":600,\"height\":900},{\"@type\":\"BreadcrumbList\",\"@id\":\"https:\/\/molinspares.com\/fr\/atteintes-a-la-liberte-sexuelle-et-a-lintegrite-sexuelle\/#breadcrumb\",\"itemListElement\":[{\"@type\":\"ListItem\",\"position\":1,\"name\":\"Portada\",\"item\":\"https:\/\/molinspares.com\/fr\/\"},{\"@type\":\"ListItem\",\"position\":2,\"name\":\"Atteintes \u00e0 la libert\u00e9 sexuelle et \u00e0 l&rsquo;int\u00e9grit\u00e9 sexuelle\"}]},{\"@type\":\"WebSite\",\"@id\":\"https:\/\/molinspares.com\/fr\/#website\",\"url\":\"https:\/\/molinspares.com\/fr\/\",\"name\":\"Molins & Par\u00e9s - Despacho de Abogados Penalistas en Barcelona\",\"description\":\"En Molins &amp; Par\u00e9s somos especialistas en derecho penal. Garantizamos la privacidad del cliente y la m\u00e1xima excelencia en cada caso. \u00a1Cont\u00e1ctanos!\",\"publisher\":{\"@id\":\"https:\/\/molinspares.com\/fr\/#organization\"},\"alternateName\":\"Molins & Par\u00e9s\",\"potentialAction\":[{\"@type\":\"SearchAction\",\"target\":{\"@type\":\"EntryPoint\",\"urlTemplate\":\"https:\/\/molinspares.com\/fr\/?s={search_term_string}\"},\"query-input\":{\"@type\":\"PropertyValueSpecification\",\"valueRequired\":true,\"valueName\":\"search_term_string\"}}],\"inLanguage\":\"fr-FR\"},{\"@type\":\"Organization\",\"@id\":\"https:\/\/molinspares.com\/fr\/#organization\",\"name\":\"Molins & Par\u00e9s - Despacho de Abogados Penalistas en Barcelona\",\"alternateName\":\"Molins & Par\u00e9s\",\"url\":\"https:\/\/molinspares.com\/fr\/\",\"logo\":{\"@type\":\"ImageObject\",\"inLanguage\":\"fr-FR\",\"@id\":\"https:\/\/molinspares.com\/fr\/#\/schema\/logo\/image\/\",\"url\":\"https:\/\/molinspares.com\/wp-content\/uploads\/logo_MolinsPares-2.jpg\",\"contentUrl\":\"https:\/\/molinspares.com\/wp-content\/uploads\/logo_MolinsPares-2.jpg\",\"width\":512,\"height\":512,\"caption\":\"Molins & Par\u00e9s - Despacho de Abogados Penalistas en Barcelona\"},\"image\":{\"@id\":\"https:\/\/molinspares.com\/fr\/#\/schema\/logo\/image\/\"},\"sameAs\":[\"https:\/\/www.facebook.com\/profile.php?id=100067944420137\",\"https:\/\/www.linkedin.com\/in\/molins-pars-penal-compliance-44383b65\/\"],\"publishingPrinciples\":\"https:\/\/molinspares.com\/politica-privacidad\/\",\"ownershipFundingInfo\":\"https:\/\/molinspares.com\/politica-privacidad\/\",\"actionableFeedbackPolicy\":\"https:\/\/molinspares.com\/politica-privacidad\/\",\"correctionsPolicy\":\"https:\/\/molinspares.com\/politica-privacidad\/\",\"ethicsPolicy\":\"https:\/\/molinspares.com\/politica-privacidad\/\",\"diversityPolicy\":\"https:\/\/molinspares.com\/politica-privacidad\/\",\"diversityStaffingReport\":\"https:\/\/molinspares.com\/politica-privacidad\/\"}]}<\/script>\n<!-- \/ Yoast SEO Premium plugin. -->","yoast_head_json":{"title":"Avocats experts en agressions sexuelles \u00e0 Barcelone | Molins Par\u00e9s","description":"Molins Par\u00e9s, sp\u00e9cialistes des d\u00e9lits contre la libert\u00e9 sexuelle et de l'indemnisation \u00e0 Barcelone. Conseil juridique en cas d'agression sexuelle. Faites confiance \u00e0 notre exp\u00e9rience","robots":{"index":"index","follow":"follow","max-snippet":"max-snippet:-1","max-image-preview":"max-image-preview:large","max-video-preview":"max-video-preview:-1"},"canonical":"https:\/\/molinspares.com\/fr\/atteintes-a-la-liberte-sexuelle-et-a-lintegrite-sexuelle\/","og_locale":"fr_FR","og_type":"article","og_title":"Atteintes \u00e0 la libert\u00e9 sexuelle et \u00e0 l'int\u00e9grit\u00e9 sexuelle","og_description":"Molins Par\u00e9s, sp\u00e9cialistes des d\u00e9lits contre la libert\u00e9 sexuelle et de l'indemnisation \u00e0 Barcelone. Conseil juridique en cas d'agression sexuelle. Faites confiance \u00e0 notre exp\u00e9rience","og_url":"https:\/\/molinspares.com\/fr\/atteintes-a-la-liberte-sexuelle-et-a-lintegrite-sexuelle\/","og_site_name":"Molins Par\u00e9s - Despacho de Abogados Penalistas en Barcelona | Excelencia y Privacidad","article_publisher":"https:\/\/www.facebook.com\/profile.php?id=100067944420137","article_modified_time":"2025-06-19T20:57:18+00:00","og_image":[{"width":600,"height":900,"url":"https:\/\/molinspares.com\/wp-content\/uploads\/Delitos-contra-el-patrimonio-y-contra-el-orden-socio-economico.jpg","type":"image\/jpeg"}],"twitter_card":"summary_large_image","twitter_misc":{"Dur\u00e9e de lecture estim\u00e9e":"1 minute"},"schema":{"@context":"https:\/\/schema.org","@graph":[{"@type":"WebPage","@id":"https:\/\/molinspares.com\/fr\/atteintes-a-la-liberte-sexuelle-et-a-lintegrite-sexuelle\/","url":"https:\/\/molinspares.com\/fr\/atteintes-a-la-liberte-sexuelle-et-a-lintegrite-sexuelle\/","name":"Avocats experts en agressions sexuelles \u00e0 Barcelone | Molins Par\u00e9s","isPartOf":{"@id":"https:\/\/molinspares.com\/fr\/#website"},"primaryImageOfPage":{"@id":"https:\/\/molinspares.com\/fr\/atteintes-a-la-liberte-sexuelle-et-a-lintegrite-sexuelle\/#primaryimage"},"image":{"@id":"https:\/\/molinspares.com\/fr\/atteintes-a-la-liberte-sexuelle-et-a-lintegrite-sexuelle\/#primaryimage"},"thumbnailUrl":"https:\/\/molinspares.com\/wp-content\/uploads\/Delitos-contra-el-patrimonio-y-contra-el-orden-socio-economico.jpg","datePublished":"2023-10-20T10:38:34+00:00","dateModified":"2025-06-19T20:57:18+00:00","description":"Molins Par\u00e9s, sp\u00e9cialistes des d\u00e9lits contre la libert\u00e9 sexuelle et de l'indemnisation \u00e0 Barcelone. Conseil juridique en cas d'agression sexuelle. Faites confiance \u00e0 notre exp\u00e9rience","breadcrumb":{"@id":"https:\/\/molinspares.com\/fr\/atteintes-a-la-liberte-sexuelle-et-a-lintegrite-sexuelle\/#breadcrumb"},"inLanguage":"fr-FR","potentialAction":[{"@type":"ReadAction","target":["https:\/\/molinspares.com\/fr\/atteintes-a-la-liberte-sexuelle-et-a-lintegrite-sexuelle\/"]}]},{"@type":"ImageObject","inLanguage":"fr-FR","@id":"https:\/\/molinspares.com\/fr\/atteintes-a-la-liberte-sexuelle-et-a-lintegrite-sexuelle\/#primaryimage","url":"https:\/\/molinspares.com\/wp-content\/uploads\/Delitos-contra-el-patrimonio-y-contra-el-orden-socio-economico.jpg","contentUrl":"https:\/\/molinspares.com\/wp-content\/uploads\/Delitos-contra-el-patrimonio-y-contra-el-orden-socio-economico.jpg","width":600,"height":900},{"@type":"BreadcrumbList","@id":"https:\/\/molinspares.com\/fr\/atteintes-a-la-liberte-sexuelle-et-a-lintegrite-sexuelle\/#breadcrumb","itemListElement":[{"@type":"ListItem","position":1,"name":"Portada","item":"https:\/\/molinspares.com\/fr\/"},{"@type":"ListItem","position":2,"name":"Atteintes \u00e0 la libert\u00e9 sexuelle et \u00e0 l&rsquo;int\u00e9grit\u00e9 sexuelle"}]},{"@type":"WebSite","@id":"https:\/\/molinspares.com\/fr\/#website","url":"https:\/\/molinspares.com\/fr\/","name":"Molins & Par\u00e9s - Despacho de Abogados Penalistas en Barcelona","description":"En Molins &amp; Par\u00e9s somos especialistas en derecho penal. Garantizamos la privacidad del cliente y la m\u00e1xima excelencia en cada caso. \u00a1Cont\u00e1ctanos!","publisher":{"@id":"https:\/\/molinspares.com\/fr\/#organization"},"alternateName":"Molins & Par\u00e9s","potentialAction":[{"@type":"SearchAction","target":{"@type":"EntryPoint","urlTemplate":"https:\/\/molinspares.com\/fr\/?s={search_term_string}"},"query-input":{"@type":"PropertyValueSpecification","valueRequired":true,"valueName":"search_term_string"}}],"inLanguage":"fr-FR"},{"@type":"Organization","@id":"https:\/\/molinspares.com\/fr\/#organization","name":"Molins & Par\u00e9s - Despacho de Abogados Penalistas en Barcelona","alternateName":"Molins & Par\u00e9s","url":"https:\/\/molinspares.com\/fr\/","logo":{"@type":"ImageObject","inLanguage":"fr-FR","@id":"https:\/\/molinspares.com\/fr\/#\/schema\/logo\/image\/","url":"https:\/\/molinspares.com\/wp-content\/uploads\/logo_MolinsPares-2.jpg","contentUrl":"https:\/\/molinspares.com\/wp-content\/uploads\/logo_MolinsPares-2.jpg","width":512,"height":512,"caption":"Molins & Par\u00e9s - Despacho de Abogados Penalistas en Barcelona"},"image":{"@id":"https:\/\/molinspares.com\/fr\/#\/schema\/logo\/image\/"},"sameAs":["https:\/\/www.facebook.com\/profile.php?id=100067944420137","https:\/\/www.linkedin.com\/in\/molins-pars-penal-compliance-44383b65\/"],"publishingPrinciples":"https:\/\/molinspares.com\/politica-privacidad\/","ownershipFundingInfo":"https:\/\/molinspares.com\/politica-privacidad\/","actionableFeedbackPolicy":"https:\/\/molinspares.com\/politica-privacidad\/","correctionsPolicy":"https:\/\/molinspares.com\/politica-privacidad\/","ethicsPolicy":"https:\/\/molinspares.com\/politica-privacidad\/","diversityPolicy":"https:\/\/molinspares.com\/politica-privacidad\/","diversityStaffingReport":"https:\/\/molinspares.com\/politica-privacidad\/"}]}},"_links":{"self":[{"href":"https:\/\/molinspares.com\/fr\/wp-json\/wp\/v2\/pages\/7604","targetHints":{"allow":["GET"]}}],"collection":[{"href":"https:\/\/molinspares.com\/fr\/wp-json\/wp\/v2\/pages"}],"about":[{"href":"https:\/\/molinspares.com\/fr\/wp-json\/wp\/v2\/types\/page"}],"author":[{"embeddable":true,"href":"https:\/\/molinspares.com\/fr\/wp-json\/wp\/v2\/users\/1"}],"replies":[{"embeddable":true,"href":"https:\/\/molinspares.com\/fr\/wp-json\/wp\/v2\/comments?post=7604"}],"version-history":[{"count":1,"href":"https:\/\/molinspares.com\/fr\/wp-json\/wp\/v2\/pages\/7604\/revisions"}],"predecessor-version":[{"id":7606,"href":"https:\/\/molinspares.com\/fr\/wp-json\/wp\/v2\/pages\/7604\/revisions\/7606"}],"wp:featuredmedia":[{"embeddable":true,"href":"https:\/\/molinspares.com\/fr\/wp-json\/wp\/v2\/media\/5963"}],"wp:attachment":[{"href":"https:\/\/molinspares.com\/fr\/wp-json\/wp\/v2\/media?parent=7604"}],"wp:term":[{"taxonomy":"category","embeddable":true,"href":"https:\/\/molinspares.com\/fr\/wp-json\/wp\/v2\/categories?post=7604"},{"taxonomy":"post_tag","embeddable":true,"href":"https:\/\/molinspares.com\/fr\/wp-json\/wp\/v2\/tags?post=7604"}],"curies":[{"name":"wp","href":"https:\/\/api.w.org\/{rel}","templated":true}]}}