{"id":7568,"date":"2023-10-20T12:33:48","date_gmt":"2023-10-20T10:33:48","guid":{"rendered":"https:\/\/molinspares.com\/infractions-liees-au-marche-et-a-la-consommation\/"},"modified":"2025-06-19T22:57:02","modified_gmt":"2025-06-19T20:57:02","slug":"infractions-liees-au-marche-et-a-la-consommation","status":"publish","type":"page","link":"https:\/\/molinspares.com\/fr\/infractions-liees-au-marche-et-a-la-consommation\/","title":{"rendered":"Infractions li\u00e9es au march\u00e9 et \u00e0 la consommation"},"content":{"rendered":"\n<ul class=\"wp-block-list\">\n<li><strong>CRIME DE DIVULGATION<\/strong> DE SECRETS D&rsquo;ENTREPRISE<strong> (art. 278 et suivants du Code p\u00e9nal) :<\/strong> Il s&rsquo;agit de la prise de possession, par tout moyen et dans le but de d\u00e9couvrir un secret d&rsquo;entreprise, de documents, donn\u00e9es, supports informatiques, papiers, lettres, messages \u00e9lectroniques, de l&rsquo;interruption des t\u00e9l\u00e9communications ou de l&rsquo;utilisation de moyens d&rsquo;\u00e9coute, d&rsquo;enregistrement, entre autres, sans le consentement du propri\u00e9taire et dans le but de d\u00e9couvrir un secret.<\/li>\n\n\n\n<li>La diffusion, la divulgation ou le transfert d&rsquo;un secret commercial par une personne soumise \u00e0 une obligation l\u00e9gale ou contractuelle de confidentialit\u00e9 constitue \u00e9galement une infraction p\u00e9nale.<\/li>\n\n\n\n<li><strong>INFRACTIONS EN MATI\u00c8RE DE PUBLICIT\u00c9<\/strong><strong> (article 282 du code p\u00e9nal) :<\/strong> sanctionne les commer\u00e7ants ou les fabricants qui mentent sciemment dans la publicit\u00e9 de leurs services ou de leurs produits, causant ainsi un pr\u00e9judice grave aux consommateurs.<\/li>\n\n\n\n<li><strong>CRIME D&rsquo;ABUS DE MARCHE<\/strong><strong> (art. 285 CP) : <\/strong>Il s&rsquo;agit d&rsquo;effectuer des actes d&rsquo;acquisition, de transfert ou de cession d&rsquo;un instrument financier en utilisant des informations privil\u00e9gi\u00e9es auxquelles on a eu un acc\u00e8s confidentiel, d&rsquo;annuler ou de modifier un ordre relatif \u00e0 un instrument financier en utilisant des informations privil\u00e9gi\u00e9es auxquelles on a eu un acc\u00e8s confidentiel, ou de recommander \u00e0 un tiers l&rsquo;utilisation de ces informations privil\u00e9gi\u00e9es pour l&rsquo;un des actes susmentionn\u00e9s.<\/li>\n\n\n\n<li><strong>CRIME DE CORRUPTION DANS LES AFFAIRES<\/strong><strong> (art. 286 bis et suivants CP) : <\/strong>punit le g\u00e9rant, l&rsquo;administrateur, l&#8217;employ\u00e9 ou le collaborateur d&rsquo;une entreprise qui re\u00e7oit, demande ou accepte un b\u00e9n\u00e9fice ou un avantage sans justification en contrepartie d&rsquo;une faveur dans les relations commerciales. Il punit \u00e9galement la personne qui l&rsquo;offre ou le promet. <\/li>\n<\/ul>\n","protected":false},"excerpt":{"rendered":"<p>Texte en vedette lorem ipsum dolor sit amet, consectetuer adipiscing eli adipiscing elit.<\/p>\n","protected":false},"author":1,"featured_media":5963,"parent":0,"menu_order":46,"comment_status":"closed","ping_status":"closed","template":"","meta":{"footnotes":""},"categories":[162],"tags":[],"class_list":["post-7568","page","type-page","status-publish","has-post-thumbnail","hentry","category-defense-penale"],"yoast_head":"<!-- This site is optimized with the Yoast SEO Premium plugin v26.1 (Yoast SEO v27.2) - https:\/\/yoast.com\/product\/yoast-seo-premium-wordpress\/ -->\n<title>Avocat sp\u00e9cialis\u00e9 dans la criminalit\u00e9 li\u00e9e au march\u00e9 et \u00e0 la consommation \u00e0 Barcelone<\/title>\n<meta name=\"description\" content=\"Chez Molins Par\u00e9s, nos avocats sp\u00e9cialis\u00e9s dans les d\u00e9lits de march\u00e9 et de consommation \u00e0 Barcelone vous fourniront la meilleure repr\u00e9sentation juridique.\" \/>\n<meta name=\"robots\" content=\"index, follow, max-snippet:-1, max-image-preview:large, max-video-preview:-1\" \/>\n<link rel=\"canonical\" href=\"https:\/\/molinspares.com\/fr\/infractions-liees-au-marche-et-a-la-consommation\/\" \/>\n<meta property=\"og:locale\" content=\"fr_FR\" \/>\n<meta property=\"og:type\" content=\"article\" \/>\n<meta property=\"og:title\" content=\"Infractions li\u00e9es au march\u00e9 et \u00e0 la consommation\" \/>\n<meta property=\"og:description\" content=\"Chez Molins Par\u00e9s, nos avocats sp\u00e9cialis\u00e9s dans les d\u00e9lits de march\u00e9 et de consommation \u00e0 Barcelone vous fourniront la meilleure repr\u00e9sentation juridique.\" \/>\n<meta property=\"og:url\" content=\"https:\/\/molinspares.com\/fr\/infractions-liees-au-marche-et-a-la-consommation\/\" \/>\n<meta property=\"og:site_name\" content=\"Molins Par\u00e9s - Despacho de Abogados Penalistas en Barcelona | Excelencia y Privacidad\" \/>\n<meta property=\"article:publisher\" content=\"https:\/\/www.facebook.com\/profile.php?id=100067944420137\" \/>\n<meta property=\"article:modified_time\" content=\"2025-06-19T20:57:02+00:00\" \/>\n<meta property=\"og:image\" content=\"https:\/\/molinspares.com\/wp-content\/uploads\/Delitos-contra-el-patrimonio-y-contra-el-orden-socio-economico.jpg\" \/>\n\t<meta property=\"og:image:width\" content=\"600\" \/>\n\t<meta property=\"og:image:height\" content=\"900\" \/>\n\t<meta property=\"og:image:type\" content=\"image\/jpeg\" \/>\n<meta name=\"twitter:card\" content=\"summary_large_image\" \/>\n<meta name=\"twitter:label1\" content=\"Dur\u00e9e de lecture estim\u00e9e\" \/>\n\t<meta name=\"twitter:data1\" content=\"1 minute\" \/>\n<script type=\"application\/ld+json\" class=\"yoast-schema-graph\">{\"@context\":\"https:\/\/schema.org\",\"@graph\":[{\"@type\":\"WebPage\",\"@id\":\"https:\/\/molinspares.com\/fr\/infractions-liees-au-marche-et-a-la-consommation\/\",\"url\":\"https:\/\/molinspares.com\/fr\/infractions-liees-au-marche-et-a-la-consommation\/\",\"name\":\"Avocat sp\u00e9cialis\u00e9 dans la criminalit\u00e9 li\u00e9e au march\u00e9 et \u00e0 la consommation \u00e0 Barcelone\",\"isPartOf\":{\"@id\":\"https:\/\/molinspares.com\/fr\/#website\"},\"primaryImageOfPage\":{\"@id\":\"https:\/\/molinspares.com\/fr\/infractions-liees-au-marche-et-a-la-consommation\/#primaryimage\"},\"image\":{\"@id\":\"https:\/\/molinspares.com\/fr\/infractions-liees-au-marche-et-a-la-consommation\/#primaryimage\"},\"thumbnailUrl\":\"https:\/\/molinspares.com\/wp-content\/uploads\/Delitos-contra-el-patrimonio-y-contra-el-orden-socio-economico.jpg\",\"datePublished\":\"2023-10-20T10:33:48+00:00\",\"dateModified\":\"2025-06-19T20:57:02+00:00\",\"description\":\"Chez Molins Par\u00e9s, nos avocats sp\u00e9cialis\u00e9s dans les d\u00e9lits de march\u00e9 et de consommation \u00e0 Barcelone vous fourniront la meilleure repr\u00e9sentation juridique.\",\"breadcrumb\":{\"@id\":\"https:\/\/molinspares.com\/fr\/infractions-liees-au-marche-et-a-la-consommation\/#breadcrumb\"},\"inLanguage\":\"fr-FR\",\"potentialAction\":[{\"@type\":\"ReadAction\",\"target\":[\"https:\/\/molinspares.com\/fr\/infractions-liees-au-marche-et-a-la-consommation\/\"]}]},{\"@type\":\"ImageObject\",\"inLanguage\":\"fr-FR\",\"@id\":\"https:\/\/molinspares.com\/fr\/infractions-liees-au-marche-et-a-la-consommation\/#primaryimage\",\"url\":\"https:\/\/molinspares.com\/wp-content\/uploads\/Delitos-contra-el-patrimonio-y-contra-el-orden-socio-economico.jpg\",\"contentUrl\":\"https:\/\/molinspares.com\/wp-content\/uploads\/Delitos-contra-el-patrimonio-y-contra-el-orden-socio-economico.jpg\",\"width\":600,\"height\":900},{\"@type\":\"BreadcrumbList\",\"@id\":\"https:\/\/molinspares.com\/fr\/infractions-liees-au-marche-et-a-la-consommation\/#breadcrumb\",\"itemListElement\":[{\"@type\":\"ListItem\",\"position\":1,\"name\":\"Portada\",\"item\":\"https:\/\/molinspares.com\/fr\/\"},{\"@type\":\"ListItem\",\"position\":2,\"name\":\"Infractions li\u00e9es au march\u00e9 et \u00e0 la consommation\"}]},{\"@type\":\"WebSite\",\"@id\":\"https:\/\/molinspares.com\/fr\/#website\",\"url\":\"https:\/\/molinspares.com\/fr\/\",\"name\":\"Molins & Par\u00e9s - Despacho de Abogados Penalistas en Barcelona\",\"description\":\"En Molins &amp; Par\u00e9s somos especialistas en derecho penal. Garantizamos la privacidad del cliente y la m\u00e1xima excelencia en cada caso. \u00a1Cont\u00e1ctanos!\",\"publisher\":{\"@id\":\"https:\/\/molinspares.com\/fr\/#organization\"},\"alternateName\":\"Molins & Par\u00e9s\",\"potentialAction\":[{\"@type\":\"SearchAction\",\"target\":{\"@type\":\"EntryPoint\",\"urlTemplate\":\"https:\/\/molinspares.com\/fr\/?s={search_term_string}\"},\"query-input\":{\"@type\":\"PropertyValueSpecification\",\"valueRequired\":true,\"valueName\":\"search_term_string\"}}],\"inLanguage\":\"fr-FR\"},{\"@type\":\"Organization\",\"@id\":\"https:\/\/molinspares.com\/fr\/#organization\",\"name\":\"Molins & Par\u00e9s - Despacho de Abogados Penalistas en Barcelona\",\"alternateName\":\"Molins & Par\u00e9s\",\"url\":\"https:\/\/molinspares.com\/fr\/\",\"logo\":{\"@type\":\"ImageObject\",\"inLanguage\":\"fr-FR\",\"@id\":\"https:\/\/molinspares.com\/fr\/#\/schema\/logo\/image\/\",\"url\":\"https:\/\/molinspares.com\/wp-content\/uploads\/logo_MolinsPares-2.jpg\",\"contentUrl\":\"https:\/\/molinspares.com\/wp-content\/uploads\/logo_MolinsPares-2.jpg\",\"width\":512,\"height\":512,\"caption\":\"Molins & Par\u00e9s - Despacho de Abogados Penalistas en Barcelona\"},\"image\":{\"@id\":\"https:\/\/molinspares.com\/fr\/#\/schema\/logo\/image\/\"},\"sameAs\":[\"https:\/\/www.facebook.com\/profile.php?id=100067944420137\",\"https:\/\/www.linkedin.com\/in\/molins-pars-penal-compliance-44383b65\/\"],\"publishingPrinciples\":\"https:\/\/molinspares.com\/politica-privacidad\/\",\"ownershipFundingInfo\":\"https:\/\/molinspares.com\/politica-privacidad\/\",\"actionableFeedbackPolicy\":\"https:\/\/molinspares.com\/politica-privacidad\/\",\"correctionsPolicy\":\"https:\/\/molinspares.com\/politica-privacidad\/\",\"ethicsPolicy\":\"https:\/\/molinspares.com\/politica-privacidad\/\",\"diversityPolicy\":\"https:\/\/molinspares.com\/politica-privacidad\/\",\"diversityStaffingReport\":\"https:\/\/molinspares.com\/politica-privacidad\/\"}]}<\/script>\n<!-- \/ Yoast SEO Premium plugin. -->","yoast_head_json":{"title":"Avocat sp\u00e9cialis\u00e9 dans la criminalit\u00e9 li\u00e9e au march\u00e9 et \u00e0 la consommation \u00e0 Barcelone","description":"Chez Molins Par\u00e9s, nos avocats sp\u00e9cialis\u00e9s dans les d\u00e9lits de march\u00e9 et de consommation \u00e0 Barcelone vous fourniront la meilleure repr\u00e9sentation juridique.","robots":{"index":"index","follow":"follow","max-snippet":"max-snippet:-1","max-image-preview":"max-image-preview:large","max-video-preview":"max-video-preview:-1"},"canonical":"https:\/\/molinspares.com\/fr\/infractions-liees-au-marche-et-a-la-consommation\/","og_locale":"fr_FR","og_type":"article","og_title":"Infractions li\u00e9es au march\u00e9 et \u00e0 la consommation","og_description":"Chez Molins Par\u00e9s, nos avocats sp\u00e9cialis\u00e9s dans les d\u00e9lits de march\u00e9 et de consommation \u00e0 Barcelone vous fourniront la meilleure repr\u00e9sentation juridique.","og_url":"https:\/\/molinspares.com\/fr\/infractions-liees-au-marche-et-a-la-consommation\/","og_site_name":"Molins Par\u00e9s - Despacho de Abogados Penalistas en Barcelona | Excelencia y Privacidad","article_publisher":"https:\/\/www.facebook.com\/profile.php?id=100067944420137","article_modified_time":"2025-06-19T20:57:02+00:00","og_image":[{"width":600,"height":900,"url":"https:\/\/molinspares.com\/wp-content\/uploads\/Delitos-contra-el-patrimonio-y-contra-el-orden-socio-economico.jpg","type":"image\/jpeg"}],"twitter_card":"summary_large_image","twitter_misc":{"Dur\u00e9e de lecture estim\u00e9e":"1 minute"},"schema":{"@context":"https:\/\/schema.org","@graph":[{"@type":"WebPage","@id":"https:\/\/molinspares.com\/fr\/infractions-liees-au-marche-et-a-la-consommation\/","url":"https:\/\/molinspares.com\/fr\/infractions-liees-au-marche-et-a-la-consommation\/","name":"Avocat sp\u00e9cialis\u00e9 dans la criminalit\u00e9 li\u00e9e au march\u00e9 et \u00e0 la consommation \u00e0 Barcelone","isPartOf":{"@id":"https:\/\/molinspares.com\/fr\/#website"},"primaryImageOfPage":{"@id":"https:\/\/molinspares.com\/fr\/infractions-liees-au-marche-et-a-la-consommation\/#primaryimage"},"image":{"@id":"https:\/\/molinspares.com\/fr\/infractions-liees-au-marche-et-a-la-consommation\/#primaryimage"},"thumbnailUrl":"https:\/\/molinspares.com\/wp-content\/uploads\/Delitos-contra-el-patrimonio-y-contra-el-orden-socio-economico.jpg","datePublished":"2023-10-20T10:33:48+00:00","dateModified":"2025-06-19T20:57:02+00:00","description":"Chez Molins Par\u00e9s, nos avocats sp\u00e9cialis\u00e9s dans les d\u00e9lits de march\u00e9 et de consommation \u00e0 Barcelone vous fourniront la meilleure repr\u00e9sentation juridique.","breadcrumb":{"@id":"https:\/\/molinspares.com\/fr\/infractions-liees-au-marche-et-a-la-consommation\/#breadcrumb"},"inLanguage":"fr-FR","potentialAction":[{"@type":"ReadAction","target":["https:\/\/molinspares.com\/fr\/infractions-liees-au-marche-et-a-la-consommation\/"]}]},{"@type":"ImageObject","inLanguage":"fr-FR","@id":"https:\/\/molinspares.com\/fr\/infractions-liees-au-marche-et-a-la-consommation\/#primaryimage","url":"https:\/\/molinspares.com\/wp-content\/uploads\/Delitos-contra-el-patrimonio-y-contra-el-orden-socio-economico.jpg","contentUrl":"https:\/\/molinspares.com\/wp-content\/uploads\/Delitos-contra-el-patrimonio-y-contra-el-orden-socio-economico.jpg","width":600,"height":900},{"@type":"BreadcrumbList","@id":"https:\/\/molinspares.com\/fr\/infractions-liees-au-marche-et-a-la-consommation\/#breadcrumb","itemListElement":[{"@type":"ListItem","position":1,"name":"Portada","item":"https:\/\/molinspares.com\/fr\/"},{"@type":"ListItem","position":2,"name":"Infractions li\u00e9es au march\u00e9 et \u00e0 la consommation"}]},{"@type":"WebSite","@id":"https:\/\/molinspares.com\/fr\/#website","url":"https:\/\/molinspares.com\/fr\/","name":"Molins & Par\u00e9s - Despacho de Abogados Penalistas en Barcelona","description":"En Molins &amp; Par\u00e9s somos especialistas en derecho penal. Garantizamos la privacidad del cliente y la m\u00e1xima excelencia en cada caso. \u00a1Cont\u00e1ctanos!","publisher":{"@id":"https:\/\/molinspares.com\/fr\/#organization"},"alternateName":"Molins & Par\u00e9s","potentialAction":[{"@type":"SearchAction","target":{"@type":"EntryPoint","urlTemplate":"https:\/\/molinspares.com\/fr\/?s={search_term_string}"},"query-input":{"@type":"PropertyValueSpecification","valueRequired":true,"valueName":"search_term_string"}}],"inLanguage":"fr-FR"},{"@type":"Organization","@id":"https:\/\/molinspares.com\/fr\/#organization","name":"Molins & Par\u00e9s - Despacho de Abogados Penalistas en Barcelona","alternateName":"Molins & Par\u00e9s","url":"https:\/\/molinspares.com\/fr\/","logo":{"@type":"ImageObject","inLanguage":"fr-FR","@id":"https:\/\/molinspares.com\/fr\/#\/schema\/logo\/image\/","url":"https:\/\/molinspares.com\/wp-content\/uploads\/logo_MolinsPares-2.jpg","contentUrl":"https:\/\/molinspares.com\/wp-content\/uploads\/logo_MolinsPares-2.jpg","width":512,"height":512,"caption":"Molins & Par\u00e9s - Despacho de Abogados Penalistas en Barcelona"},"image":{"@id":"https:\/\/molinspares.com\/fr\/#\/schema\/logo\/image\/"},"sameAs":["https:\/\/www.facebook.com\/profile.php?id=100067944420137","https:\/\/www.linkedin.com\/in\/molins-pars-penal-compliance-44383b65\/"],"publishingPrinciples":"https:\/\/molinspares.com\/politica-privacidad\/","ownershipFundingInfo":"https:\/\/molinspares.com\/politica-privacidad\/","actionableFeedbackPolicy":"https:\/\/molinspares.com\/politica-privacidad\/","correctionsPolicy":"https:\/\/molinspares.com\/politica-privacidad\/","ethicsPolicy":"https:\/\/molinspares.com\/politica-privacidad\/","diversityPolicy":"https:\/\/molinspares.com\/politica-privacidad\/","diversityStaffingReport":"https:\/\/molinspares.com\/politica-privacidad\/"}]}},"_links":{"self":[{"href":"https:\/\/molinspares.com\/fr\/wp-json\/wp\/v2\/pages\/7568","targetHints":{"allow":["GET"]}}],"collection":[{"href":"https:\/\/molinspares.com\/fr\/wp-json\/wp\/v2\/pages"}],"about":[{"href":"https:\/\/molinspares.com\/fr\/wp-json\/wp\/v2\/types\/page"}],"author":[{"embeddable":true,"href":"https:\/\/molinspares.com\/fr\/wp-json\/wp\/v2\/users\/1"}],"replies":[{"embeddable":true,"href":"https:\/\/molinspares.com\/fr\/wp-json\/wp\/v2\/comments?post=7568"}],"version-history":[{"count":1,"href":"https:\/\/molinspares.com\/fr\/wp-json\/wp\/v2\/pages\/7568\/revisions"}],"predecessor-version":[{"id":7569,"href":"https:\/\/molinspares.com\/fr\/wp-json\/wp\/v2\/pages\/7568\/revisions\/7569"}],"wp:featuredmedia":[{"embeddable":true,"href":"https:\/\/molinspares.com\/fr\/wp-json\/wp\/v2\/media\/5963"}],"wp:attachment":[{"href":"https:\/\/molinspares.com\/fr\/wp-json\/wp\/v2\/media?parent=7568"}],"wp:term":[{"taxonomy":"category","embeddable":true,"href":"https:\/\/molinspares.com\/fr\/wp-json\/wp\/v2\/categories?post=7568"},{"taxonomy":"post_tag","embeddable":true,"href":"https:\/\/molinspares.com\/fr\/wp-json\/wp\/v2\/tags?post=7568"}],"curies":[{"name":"wp","href":"https:\/\/api.w.org\/{rel}","templated":true}]}}