{"id":7555,"date":"2023-10-20T12:32:42","date_gmt":"2023-10-20T10:32:42","guid":{"rendered":"https:\/\/molinspares.com\/atteintes-a-la-propriete-intellectuelle-et-industrielle\/"},"modified":"2025-06-19T22:56:57","modified_gmt":"2025-06-19T20:56:57","slug":"atteintes-a-la-propriete-intellectuelle-et-industrielle","status":"publish","type":"page","link":"https:\/\/molinspares.com\/fr\/atteintes-a-la-propriete-intellectuelle-et-industrielle\/","title":{"rendered":"Atteintes \u00e0 la propri\u00e9t\u00e9 intellectuelle et industrielle"},"content":{"rendered":"\n<ul class=\"wp-block-list\">\n<li><strong>CRIME CONTRE LA PROPRI\u00c9T\u00c9 INTELLECTUELLE <\/strong> <strong>(art. 270 CP) : <\/strong>punit la personne qui reproduit, plagie, distribue, communique publiquement ou exploite \u00e9conomiquement, de quelque mani\u00e8re que ce soit, une \u0153uvre ou une prestation litt\u00e9raire, artistique ou scientifique sans l&rsquo;autorisation des propri\u00e9taires.<\/li>\n\n\n\n<li><strong>CRIME CONTRE LA PROPRI\u00c9T\u00c9 INDUSTRIELLE <\/strong> <strong>(art. 273 et s. CP) : <\/strong>punit la personne qui fait un usage (fabrication, importation, possession, utilisation, etc.) d&rsquo;un brevet ou d&rsquo;un mod\u00e8le d&rsquo;utilit\u00e9 &#8211; inscrit au registre correspondant &#8211; \u00e0 des fins industrielles ou commerciales sans le consentement du titulaire.<\/li>\n<\/ul>\n\n<p><\/p>\n","protected":false},"excerpt":{"rendered":"<p>Texte en vedette lorem ipsum dolor sit amet, consectetuer adipiscing eli adipiscing elit.<\/p>\n","protected":false},"author":1,"featured_media":5963,"parent":0,"menu_order":44,"comment_status":"closed","ping_status":"closed","template":"","meta":{"footnotes":""},"categories":[162],"tags":[],"class_list":["post-7555","page","type-page","status-publish","has-post-thumbnail","hentry","category-defense-penale"],"yoast_head":"<!-- This site is optimized with the Yoast SEO Premium plugin v26.1 (Yoast SEO v27.2) - https:\/\/yoast.com\/product\/yoast-seo-premium-wordpress\/ -->\n<title>Avocat en propri\u00e9t\u00e9 intellectuelle et industrielle \u00e0 Barcelone | Molins Par\u00e9s<\/title>\n<meta name=\"description\" content=\"Molins Par\u00e9s est un cabinet d&#039;avocats sp\u00e9cialis\u00e9 dans les questions de propri\u00e9t\u00e9 intellectuelle et industrielle \u00e0 Barcelone. Contactez-nous pour prot\u00e9ger vos droits.\" \/>\n<meta name=\"robots\" content=\"index, follow, max-snippet:-1, max-image-preview:large, max-video-preview:-1\" \/>\n<link rel=\"canonical\" href=\"https:\/\/molinspares.com\/fr\/atteintes-a-la-propriete-intellectuelle-et-industrielle\/\" \/>\n<meta property=\"og:locale\" content=\"fr_FR\" \/>\n<meta property=\"og:type\" content=\"article\" \/>\n<meta property=\"og:title\" content=\"Atteintes \u00e0 la propri\u00e9t\u00e9 intellectuelle et industrielle\" \/>\n<meta property=\"og:description\" content=\"Molins Par\u00e9s est un cabinet d&#039;avocats sp\u00e9cialis\u00e9 dans les questions de propri\u00e9t\u00e9 intellectuelle et industrielle \u00e0 Barcelone. Contactez-nous pour prot\u00e9ger vos droits.\" \/>\n<meta property=\"og:url\" content=\"https:\/\/molinspares.com\/fr\/atteintes-a-la-propriete-intellectuelle-et-industrielle\/\" \/>\n<meta property=\"og:site_name\" content=\"Molins Par\u00e9s - Despacho de Abogados Penalistas en Barcelona | Excelencia y Privacidad\" \/>\n<meta property=\"article:publisher\" content=\"https:\/\/www.facebook.com\/profile.php?id=100067944420137\" \/>\n<meta property=\"article:modified_time\" content=\"2025-06-19T20:56:57+00:00\" \/>\n<meta property=\"og:image\" content=\"https:\/\/molinspares.com\/wp-content\/uploads\/Delitos-contra-el-patrimonio-y-contra-el-orden-socio-economico.jpg\" \/>\n\t<meta property=\"og:image:width\" content=\"600\" \/>\n\t<meta property=\"og:image:height\" content=\"900\" \/>\n\t<meta property=\"og:image:type\" content=\"image\/jpeg\" \/>\n<meta name=\"twitter:card\" content=\"summary_large_image\" \/>\n<script type=\"application\/ld+json\" class=\"yoast-schema-graph\">{\"@context\":\"https:\/\/schema.org\",\"@graph\":[{\"@type\":\"WebPage\",\"@id\":\"https:\/\/molinspares.com\/fr\/atteintes-a-la-propriete-intellectuelle-et-industrielle\/\",\"url\":\"https:\/\/molinspares.com\/fr\/atteintes-a-la-propriete-intellectuelle-et-industrielle\/\",\"name\":\"Avocat en propri\u00e9t\u00e9 intellectuelle et industrielle \u00e0 Barcelone | Molins Par\u00e9s\",\"isPartOf\":{\"@id\":\"https:\/\/molinspares.com\/fr\/#website\"},\"primaryImageOfPage\":{\"@id\":\"https:\/\/molinspares.com\/fr\/atteintes-a-la-propriete-intellectuelle-et-industrielle\/#primaryimage\"},\"image\":{\"@id\":\"https:\/\/molinspares.com\/fr\/atteintes-a-la-propriete-intellectuelle-et-industrielle\/#primaryimage\"},\"thumbnailUrl\":\"https:\/\/molinspares.com\/wp-content\/uploads\/Delitos-contra-el-patrimonio-y-contra-el-orden-socio-economico.jpg\",\"datePublished\":\"2023-10-20T10:32:42+00:00\",\"dateModified\":\"2025-06-19T20:56:57+00:00\",\"description\":\"Molins Par\u00e9s est un cabinet d'avocats sp\u00e9cialis\u00e9 dans les questions de propri\u00e9t\u00e9 intellectuelle et industrielle \u00e0 Barcelone. Contactez-nous pour prot\u00e9ger vos droits.\",\"breadcrumb\":{\"@id\":\"https:\/\/molinspares.com\/fr\/atteintes-a-la-propriete-intellectuelle-et-industrielle\/#breadcrumb\"},\"inLanguage\":\"fr-FR\",\"potentialAction\":[{\"@type\":\"ReadAction\",\"target\":[\"https:\/\/molinspares.com\/fr\/atteintes-a-la-propriete-intellectuelle-et-industrielle\/\"]}]},{\"@type\":\"ImageObject\",\"inLanguage\":\"fr-FR\",\"@id\":\"https:\/\/molinspares.com\/fr\/atteintes-a-la-propriete-intellectuelle-et-industrielle\/#primaryimage\",\"url\":\"https:\/\/molinspares.com\/wp-content\/uploads\/Delitos-contra-el-patrimonio-y-contra-el-orden-socio-economico.jpg\",\"contentUrl\":\"https:\/\/molinspares.com\/wp-content\/uploads\/Delitos-contra-el-patrimonio-y-contra-el-orden-socio-economico.jpg\",\"width\":600,\"height\":900},{\"@type\":\"BreadcrumbList\",\"@id\":\"https:\/\/molinspares.com\/fr\/atteintes-a-la-propriete-intellectuelle-et-industrielle\/#breadcrumb\",\"itemListElement\":[{\"@type\":\"ListItem\",\"position\":1,\"name\":\"Portada\",\"item\":\"https:\/\/molinspares.com\/fr\/\"},{\"@type\":\"ListItem\",\"position\":2,\"name\":\"Atteintes \u00e0 la propri\u00e9t\u00e9 intellectuelle et industrielle\"}]},{\"@type\":\"WebSite\",\"@id\":\"https:\/\/molinspares.com\/fr\/#website\",\"url\":\"https:\/\/molinspares.com\/fr\/\",\"name\":\"Molins & Par\u00e9s - Despacho de Abogados Penalistas en Barcelona\",\"description\":\"En Molins &amp; Par\u00e9s somos especialistas en derecho penal. Garantizamos la privacidad del cliente y la m\u00e1xima excelencia en cada caso. \u00a1Cont\u00e1ctanos!\",\"publisher\":{\"@id\":\"https:\/\/molinspares.com\/fr\/#organization\"},\"alternateName\":\"Molins & Par\u00e9s\",\"potentialAction\":[{\"@type\":\"SearchAction\",\"target\":{\"@type\":\"EntryPoint\",\"urlTemplate\":\"https:\/\/molinspares.com\/fr\/?s={search_term_string}\"},\"query-input\":{\"@type\":\"PropertyValueSpecification\",\"valueRequired\":true,\"valueName\":\"search_term_string\"}}],\"inLanguage\":\"fr-FR\"},{\"@type\":\"Organization\",\"@id\":\"https:\/\/molinspares.com\/fr\/#organization\",\"name\":\"Molins & Par\u00e9s - Despacho de Abogados Penalistas en Barcelona\",\"alternateName\":\"Molins & Par\u00e9s\",\"url\":\"https:\/\/molinspares.com\/fr\/\",\"logo\":{\"@type\":\"ImageObject\",\"inLanguage\":\"fr-FR\",\"@id\":\"https:\/\/molinspares.com\/fr\/#\/schema\/logo\/image\/\",\"url\":\"https:\/\/molinspares.com\/wp-content\/uploads\/logo_MolinsPares-2.jpg\",\"contentUrl\":\"https:\/\/molinspares.com\/wp-content\/uploads\/logo_MolinsPares-2.jpg\",\"width\":512,\"height\":512,\"caption\":\"Molins & Par\u00e9s - Despacho de Abogados Penalistas en Barcelona\"},\"image\":{\"@id\":\"https:\/\/molinspares.com\/fr\/#\/schema\/logo\/image\/\"},\"sameAs\":[\"https:\/\/www.facebook.com\/profile.php?id=100067944420137\",\"https:\/\/www.linkedin.com\/in\/molins-pars-penal-compliance-44383b65\/\"],\"publishingPrinciples\":\"https:\/\/molinspares.com\/politica-privacidad\/\",\"ownershipFundingInfo\":\"https:\/\/molinspares.com\/politica-privacidad\/\",\"actionableFeedbackPolicy\":\"https:\/\/molinspares.com\/politica-privacidad\/\",\"correctionsPolicy\":\"https:\/\/molinspares.com\/politica-privacidad\/\",\"ethicsPolicy\":\"https:\/\/molinspares.com\/politica-privacidad\/\",\"diversityPolicy\":\"https:\/\/molinspares.com\/politica-privacidad\/\",\"diversityStaffingReport\":\"https:\/\/molinspares.com\/politica-privacidad\/\"}]}<\/script>\n<!-- \/ Yoast SEO Premium plugin. -->","yoast_head_json":{"title":"Avocat en propri\u00e9t\u00e9 intellectuelle et industrielle \u00e0 Barcelone | Molins Par\u00e9s","description":"Molins Par\u00e9s est un cabinet d'avocats sp\u00e9cialis\u00e9 dans les questions de propri\u00e9t\u00e9 intellectuelle et industrielle \u00e0 Barcelone. Contactez-nous pour prot\u00e9ger vos droits.","robots":{"index":"index","follow":"follow","max-snippet":"max-snippet:-1","max-image-preview":"max-image-preview:large","max-video-preview":"max-video-preview:-1"},"canonical":"https:\/\/molinspares.com\/fr\/atteintes-a-la-propriete-intellectuelle-et-industrielle\/","og_locale":"fr_FR","og_type":"article","og_title":"Atteintes \u00e0 la propri\u00e9t\u00e9 intellectuelle et industrielle","og_description":"Molins Par\u00e9s est un cabinet d'avocats sp\u00e9cialis\u00e9 dans les questions de propri\u00e9t\u00e9 intellectuelle et industrielle \u00e0 Barcelone. Contactez-nous pour prot\u00e9ger vos droits.","og_url":"https:\/\/molinspares.com\/fr\/atteintes-a-la-propriete-intellectuelle-et-industrielle\/","og_site_name":"Molins Par\u00e9s - Despacho de Abogados Penalistas en Barcelona | Excelencia y Privacidad","article_publisher":"https:\/\/www.facebook.com\/profile.php?id=100067944420137","article_modified_time":"2025-06-19T20:56:57+00:00","og_image":[{"width":600,"height":900,"url":"https:\/\/molinspares.com\/wp-content\/uploads\/Delitos-contra-el-patrimonio-y-contra-el-orden-socio-economico.jpg","type":"image\/jpeg"}],"twitter_card":"summary_large_image","schema":{"@context":"https:\/\/schema.org","@graph":[{"@type":"WebPage","@id":"https:\/\/molinspares.com\/fr\/atteintes-a-la-propriete-intellectuelle-et-industrielle\/","url":"https:\/\/molinspares.com\/fr\/atteintes-a-la-propriete-intellectuelle-et-industrielle\/","name":"Avocat en propri\u00e9t\u00e9 intellectuelle et industrielle \u00e0 Barcelone | Molins Par\u00e9s","isPartOf":{"@id":"https:\/\/molinspares.com\/fr\/#website"},"primaryImageOfPage":{"@id":"https:\/\/molinspares.com\/fr\/atteintes-a-la-propriete-intellectuelle-et-industrielle\/#primaryimage"},"image":{"@id":"https:\/\/molinspares.com\/fr\/atteintes-a-la-propriete-intellectuelle-et-industrielle\/#primaryimage"},"thumbnailUrl":"https:\/\/molinspares.com\/wp-content\/uploads\/Delitos-contra-el-patrimonio-y-contra-el-orden-socio-economico.jpg","datePublished":"2023-10-20T10:32:42+00:00","dateModified":"2025-06-19T20:56:57+00:00","description":"Molins Par\u00e9s est un cabinet d'avocats sp\u00e9cialis\u00e9 dans les questions de propri\u00e9t\u00e9 intellectuelle et industrielle \u00e0 Barcelone. Contactez-nous pour prot\u00e9ger vos droits.","breadcrumb":{"@id":"https:\/\/molinspares.com\/fr\/atteintes-a-la-propriete-intellectuelle-et-industrielle\/#breadcrumb"},"inLanguage":"fr-FR","potentialAction":[{"@type":"ReadAction","target":["https:\/\/molinspares.com\/fr\/atteintes-a-la-propriete-intellectuelle-et-industrielle\/"]}]},{"@type":"ImageObject","inLanguage":"fr-FR","@id":"https:\/\/molinspares.com\/fr\/atteintes-a-la-propriete-intellectuelle-et-industrielle\/#primaryimage","url":"https:\/\/molinspares.com\/wp-content\/uploads\/Delitos-contra-el-patrimonio-y-contra-el-orden-socio-economico.jpg","contentUrl":"https:\/\/molinspares.com\/wp-content\/uploads\/Delitos-contra-el-patrimonio-y-contra-el-orden-socio-economico.jpg","width":600,"height":900},{"@type":"BreadcrumbList","@id":"https:\/\/molinspares.com\/fr\/atteintes-a-la-propriete-intellectuelle-et-industrielle\/#breadcrumb","itemListElement":[{"@type":"ListItem","position":1,"name":"Portada","item":"https:\/\/molinspares.com\/fr\/"},{"@type":"ListItem","position":2,"name":"Atteintes \u00e0 la propri\u00e9t\u00e9 intellectuelle et industrielle"}]},{"@type":"WebSite","@id":"https:\/\/molinspares.com\/fr\/#website","url":"https:\/\/molinspares.com\/fr\/","name":"Molins & Par\u00e9s - Despacho de Abogados Penalistas en Barcelona","description":"En Molins &amp; Par\u00e9s somos especialistas en derecho penal. Garantizamos la privacidad del cliente y la m\u00e1xima excelencia en cada caso. \u00a1Cont\u00e1ctanos!","publisher":{"@id":"https:\/\/molinspares.com\/fr\/#organization"},"alternateName":"Molins & Par\u00e9s","potentialAction":[{"@type":"SearchAction","target":{"@type":"EntryPoint","urlTemplate":"https:\/\/molinspares.com\/fr\/?s={search_term_string}"},"query-input":{"@type":"PropertyValueSpecification","valueRequired":true,"valueName":"search_term_string"}}],"inLanguage":"fr-FR"},{"@type":"Organization","@id":"https:\/\/molinspares.com\/fr\/#organization","name":"Molins & Par\u00e9s - Despacho de Abogados Penalistas en Barcelona","alternateName":"Molins & Par\u00e9s","url":"https:\/\/molinspares.com\/fr\/","logo":{"@type":"ImageObject","inLanguage":"fr-FR","@id":"https:\/\/molinspares.com\/fr\/#\/schema\/logo\/image\/","url":"https:\/\/molinspares.com\/wp-content\/uploads\/logo_MolinsPares-2.jpg","contentUrl":"https:\/\/molinspares.com\/wp-content\/uploads\/logo_MolinsPares-2.jpg","width":512,"height":512,"caption":"Molins & Par\u00e9s - Despacho de Abogados Penalistas en Barcelona"},"image":{"@id":"https:\/\/molinspares.com\/fr\/#\/schema\/logo\/image\/"},"sameAs":["https:\/\/www.facebook.com\/profile.php?id=100067944420137","https:\/\/www.linkedin.com\/in\/molins-pars-penal-compliance-44383b65\/"],"publishingPrinciples":"https:\/\/molinspares.com\/politica-privacidad\/","ownershipFundingInfo":"https:\/\/molinspares.com\/politica-privacidad\/","actionableFeedbackPolicy":"https:\/\/molinspares.com\/politica-privacidad\/","correctionsPolicy":"https:\/\/molinspares.com\/politica-privacidad\/","ethicsPolicy":"https:\/\/molinspares.com\/politica-privacidad\/","diversityPolicy":"https:\/\/molinspares.com\/politica-privacidad\/","diversityStaffingReport":"https:\/\/molinspares.com\/politica-privacidad\/"}]}},"_links":{"self":[{"href":"https:\/\/molinspares.com\/fr\/wp-json\/wp\/v2\/pages\/7555","targetHints":{"allow":["GET"]}}],"collection":[{"href":"https:\/\/molinspares.com\/fr\/wp-json\/wp\/v2\/pages"}],"about":[{"href":"https:\/\/molinspares.com\/fr\/wp-json\/wp\/v2\/types\/page"}],"author":[{"embeddable":true,"href":"https:\/\/molinspares.com\/fr\/wp-json\/wp\/v2\/users\/1"}],"replies":[{"embeddable":true,"href":"https:\/\/molinspares.com\/fr\/wp-json\/wp\/v2\/comments?post=7555"}],"version-history":[{"count":1,"href":"https:\/\/molinspares.com\/fr\/wp-json\/wp\/v2\/pages\/7555\/revisions"}],"predecessor-version":[{"id":7557,"href":"https:\/\/molinspares.com\/fr\/wp-json\/wp\/v2\/pages\/7555\/revisions\/7557"}],"wp:featuredmedia":[{"embeddable":true,"href":"https:\/\/molinspares.com\/fr\/wp-json\/wp\/v2\/media\/5963"}],"wp:attachment":[{"href":"https:\/\/molinspares.com\/fr\/wp-json\/wp\/v2\/media?parent=7555"}],"wp:term":[{"taxonomy":"category","embeddable":true,"href":"https:\/\/molinspares.com\/fr\/wp-json\/wp\/v2\/categories?post=7555"},{"taxonomy":"post_tag","embeddable":true,"href":"https:\/\/molinspares.com\/fr\/wp-json\/wp\/v2\/tags?post=7555"}],"curies":[{"name":"wp","href":"https:\/\/api.w.org\/{rel}","templated":true}]}}