{"id":7527,"date":"2023-10-20T12:29:09","date_gmt":"2023-10-20T10:29:09","guid":{"rendered":"https:\/\/molinspares.com\/infractions-contre-la-propriete-et-contre-lordre-socio-economique\/"},"modified":"2025-06-19T22:56:51","modified_gmt":"2025-06-19T20:56:51","slug":"infractions-contre-la-propriete-et-contre-lordre-socio-economique","status":"publish","type":"page","link":"https:\/\/molinspares.com\/fr\/infractions-contre-la-propriete-et-contre-lordre-socio-economique\/","title":{"rendered":"Infractions contre la propri\u00e9t\u00e9 et contre l&rsquo;ordre socio-\u00e9conomique"},"content":{"rendered":"\n<div class=\"wp-block-group is-vertical is-layout-flex wp-container-core-group-is-layout-fe9cc265 wp-block-group-is-layout-flex\">\n<div class=\"wp-block-group is-vertical is-layout-flex wp-container-core-group-is-layout-fe9cc265 wp-block-group-is-layout-flex\">\n<ul class=\"wp-block-list\">\n<li><strong>CRIME DE VOL <\/strong><strong>(art. 234 et s. CP) :<\/strong> Consiste \u00e0 s&#8217;emparer du bien d&rsquo;autrui sans le consentement du propri\u00e9taire et sans qu&rsquo;il soit n\u00e9cessaire de recourir \u00e0 la violence, \u00e0 l&rsquo;intimidation ou \u00e0 la force, dans l&rsquo;intention de r\u00e9aliser un profit.<\/li>\n\n\n\n<li><strong>CRIME DE VOL <\/strong><strong>(art. 237 et s. CP) :<\/strong> Consiste \u00e0 s&#8217;emparer d&rsquo;un bien appartenant \u00e0 autrui, en usant de violence ou d&rsquo;intimidation \u00e0 l&rsquo;\u00e9gard de cette personne ou en utilisant la force contre des choses, dans l&rsquo;intention d&rsquo;en tirer un profit.<\/li>\n\n\n\n<li><strong>CRIME D&rsquo;USURPATION<\/strong><strong> (art. 245.2 CP) :<\/strong> punit quiconque occupe ou maintient sans autorisation un bien, un logement ou un b\u00e2timent appartenant \u00e0 autrui et ne constituant pas un logement, contre la volont\u00e9 de son propri\u00e9taire.<\/li>\n\n\n\n<li><strong>FRAUDE <\/strong><strong>(art. 248 et suivants CP) :<\/strong> consiste \u00e0 obtenir, dans l&rsquo;intention de r\u00e9aliser un profit, par le biais d&rsquo;une tromperie, qu&rsquo;une personne accomplisse un acte de disposition d&rsquo;un bien (par exemple, un paiement ou la signature d&rsquo;un contrat, entre autres) par lequel elle se porte pr\u00e9judice ou porte pr\u00e9judice \u00e0 un tiers.<\/li>\n\n\n\n<li><strong>INFRACTION D&rsquo;ADMINISTRATION INJUSTE<\/strong> <strong>(art. 252 CP) :<\/strong> punit les personnes qui enfreignent les pouvoirs d&rsquo;administration des biens d&rsquo;autrui, en les d\u00e9passant et en causant ainsi un pr\u00e9judice financier.<\/li>\n\n\n\n<li><strong>CRIME D&rsquo;APPROPRIATION INDIRECTE<\/strong><strong> (art. 253 et suivants CP) :<\/strong> punit celui qui s&rsquo;approprie &#8211; pour lui-m\u00eame ou pour un tiers &#8211; un bien confi\u00e9 en vertu d&rsquo;un titre qui l&rsquo;oblige \u00e0 le remettre ou \u00e0 le restituer.<\/li>\n\n\n\n<li><strong>CRIME D&rsquo;AFFECTATION DES BIENS<\/strong><strong> (art. 257) : <\/strong>Il s&rsquo;agit de toute action ou man\u0153uvre qu&rsquo;un d\u00e9biteur effectue dans le but de rendre difficile le recouvrement de son d\u00fb par ses cr\u00e9anciers.<\/li>\n\n\n\n<li><strong>CRIME D&rsquo;INSOLVABILIT\u00c9 P\u00c9NALISABLE<\/strong><strong> (art. 259 CP) :<\/strong> Il s&rsquo;agit de l&rsquo;accomplissement de comportements au d\u00e9triment des cr\u00e9anciers par une personne qui se trouve dans une situation de faillite r\u00e9elle ou imminente. Ce comportement peut consister, entre autres, \u00e0 dissimuler, endommager ou d\u00e9truire les biens des actifs saisis, ainsi qu&rsquo;\u00e0 faire des dons de biens, d&rsquo;argent et d&rsquo;autres actifs afin de les d\u00e9tourner. <\/li>\n<\/ul>\n<\/div>\n<\/div>\n","protected":false},"excerpt":{"rendered":"<p>Texte en vedette lorem ipsum dolor sit amet, consectetuer adipiscing eli adipiscing elit.<\/p>\n","protected":false},"author":1,"featured_media":5963,"parent":0,"menu_order":41,"comment_status":"closed","ping_status":"closed","template":"","meta":{"footnotes":""},"categories":[162],"tags":[],"class_list":["post-7527","page","type-page","status-publish","has-post-thumbnail","hentry","category-defense-penale"],"yoast_head":"<!-- This site is optimized with the Yoast SEO Premium plugin v26.1 (Yoast SEO v27.2) - https:\/\/yoast.com\/product\/yoast-seo-premium-wordpress\/ -->\n<title>Avocat sp\u00e9cialis\u00e9 dans le vol et la fraude \u00e0 Barcelone | Molins Par\u00e9s<\/title>\n<meta name=\"description\" content=\"Vous cherchez un avocat sp\u00e9cialis\u00e9 dans les d\u00e9lits patrimoniaux et socio-\u00e9conomiques ? Molins Par\u00e9s est votre solution, contactez-nous d\u00e8s maintenant !\" \/>\n<meta name=\"robots\" content=\"index, follow, max-snippet:-1, max-image-preview:large, max-video-preview:-1\" \/>\n<link rel=\"canonical\" href=\"https:\/\/molinspares.com\/fr\/infractions-contre-la-propriete-et-contre-lordre-socio-economique\/\" \/>\n<meta property=\"og:locale\" content=\"fr_FR\" \/>\n<meta property=\"og:type\" content=\"article\" \/>\n<meta property=\"og:title\" content=\"Infractions contre la propri\u00e9t\u00e9 et contre l&#039;ordre socio-\u00e9conomique\" \/>\n<meta property=\"og:description\" content=\"Vous cherchez un avocat sp\u00e9cialis\u00e9 dans les d\u00e9lits patrimoniaux et socio-\u00e9conomiques ? Molins Par\u00e9s est votre solution, contactez-nous d\u00e8s maintenant !\" \/>\n<meta property=\"og:url\" content=\"https:\/\/molinspares.com\/fr\/infractions-contre-la-propriete-et-contre-lordre-socio-economique\/\" \/>\n<meta property=\"og:site_name\" content=\"Molins Par\u00e9s - Despacho de Abogados Penalistas en Barcelona | Excelencia y Privacidad\" \/>\n<meta property=\"article:publisher\" content=\"https:\/\/www.facebook.com\/profile.php?id=100067944420137\" \/>\n<meta property=\"article:modified_time\" content=\"2025-06-19T20:56:51+00:00\" \/>\n<meta property=\"og:image\" content=\"https:\/\/molinspares.com\/wp-content\/uploads\/Delitos-contra-el-patrimonio-y-contra-el-orden-socio-economico.jpg\" \/>\n\t<meta property=\"og:image:width\" content=\"600\" \/>\n\t<meta property=\"og:image:height\" content=\"900\" \/>\n\t<meta property=\"og:image:type\" content=\"image\/jpeg\" \/>\n<meta name=\"twitter:card\" content=\"summary_large_image\" \/>\n<meta name=\"twitter:label1\" content=\"Dur\u00e9e de lecture estim\u00e9e\" \/>\n\t<meta name=\"twitter:data1\" content=\"2 minutes\" \/>\n<script type=\"application\/ld+json\" class=\"yoast-schema-graph\">{\"@context\":\"https:\/\/schema.org\",\"@graph\":[{\"@type\":\"WebPage\",\"@id\":\"https:\/\/molinspares.com\/fr\/infractions-contre-la-propriete-et-contre-lordre-socio-economique\/\",\"url\":\"https:\/\/molinspares.com\/fr\/infractions-contre-la-propriete-et-contre-lordre-socio-economique\/\",\"name\":\"Avocat sp\u00e9cialis\u00e9 dans le vol et la fraude \u00e0 Barcelone | Molins Par\u00e9s\",\"isPartOf\":{\"@id\":\"https:\/\/molinspares.com\/fr\/#website\"},\"primaryImageOfPage\":{\"@id\":\"https:\/\/molinspares.com\/fr\/infractions-contre-la-propriete-et-contre-lordre-socio-economique\/#primaryimage\"},\"image\":{\"@id\":\"https:\/\/molinspares.com\/fr\/infractions-contre-la-propriete-et-contre-lordre-socio-economique\/#primaryimage\"},\"thumbnailUrl\":\"https:\/\/molinspares.com\/wp-content\/uploads\/Delitos-contra-el-patrimonio-y-contra-el-orden-socio-economico.jpg\",\"datePublished\":\"2023-10-20T10:29:09+00:00\",\"dateModified\":\"2025-06-19T20:56:51+00:00\",\"description\":\"Vous cherchez un avocat sp\u00e9cialis\u00e9 dans les d\u00e9lits patrimoniaux et socio-\u00e9conomiques ? Molins Par\u00e9s est votre solution, contactez-nous d\u00e8s maintenant !\",\"breadcrumb\":{\"@id\":\"https:\/\/molinspares.com\/fr\/infractions-contre-la-propriete-et-contre-lordre-socio-economique\/#breadcrumb\"},\"inLanguage\":\"fr-FR\",\"potentialAction\":[{\"@type\":\"ReadAction\",\"target\":[\"https:\/\/molinspares.com\/fr\/infractions-contre-la-propriete-et-contre-lordre-socio-economique\/\"]}]},{\"@type\":\"ImageObject\",\"inLanguage\":\"fr-FR\",\"@id\":\"https:\/\/molinspares.com\/fr\/infractions-contre-la-propriete-et-contre-lordre-socio-economique\/#primaryimage\",\"url\":\"https:\/\/molinspares.com\/wp-content\/uploads\/Delitos-contra-el-patrimonio-y-contra-el-orden-socio-economico.jpg\",\"contentUrl\":\"https:\/\/molinspares.com\/wp-content\/uploads\/Delitos-contra-el-patrimonio-y-contra-el-orden-socio-economico.jpg\",\"width\":600,\"height\":900},{\"@type\":\"BreadcrumbList\",\"@id\":\"https:\/\/molinspares.com\/fr\/infractions-contre-la-propriete-et-contre-lordre-socio-economique\/#breadcrumb\",\"itemListElement\":[{\"@type\":\"ListItem\",\"position\":1,\"name\":\"Portada\",\"item\":\"https:\/\/molinspares.com\/fr\/\"},{\"@type\":\"ListItem\",\"position\":2,\"name\":\"Infractions contre la propri\u00e9t\u00e9 et contre l&#8217;ordre socio-\u00e9conomique\"}]},{\"@type\":\"WebSite\",\"@id\":\"https:\/\/molinspares.com\/fr\/#website\",\"url\":\"https:\/\/molinspares.com\/fr\/\",\"name\":\"Molins & Par\u00e9s - Despacho de Abogados Penalistas en Barcelona\",\"description\":\"En Molins &amp; Par\u00e9s somos especialistas en derecho penal. Garantizamos la privacidad del cliente y la m\u00e1xima excelencia en cada caso. \u00a1Cont\u00e1ctanos!\",\"publisher\":{\"@id\":\"https:\/\/molinspares.com\/fr\/#organization\"},\"alternateName\":\"Molins & Par\u00e9s\",\"potentialAction\":[{\"@type\":\"SearchAction\",\"target\":{\"@type\":\"EntryPoint\",\"urlTemplate\":\"https:\/\/molinspares.com\/fr\/?s={search_term_string}\"},\"query-input\":{\"@type\":\"PropertyValueSpecification\",\"valueRequired\":true,\"valueName\":\"search_term_string\"}}],\"inLanguage\":\"fr-FR\"},{\"@type\":\"Organization\",\"@id\":\"https:\/\/molinspares.com\/fr\/#organization\",\"name\":\"Molins & Par\u00e9s - Despacho de Abogados Penalistas en Barcelona\",\"alternateName\":\"Molins & Par\u00e9s\",\"url\":\"https:\/\/molinspares.com\/fr\/\",\"logo\":{\"@type\":\"ImageObject\",\"inLanguage\":\"fr-FR\",\"@id\":\"https:\/\/molinspares.com\/fr\/#\/schema\/logo\/image\/\",\"url\":\"https:\/\/molinspares.com\/wp-content\/uploads\/logo_MolinsPares-2.jpg\",\"contentUrl\":\"https:\/\/molinspares.com\/wp-content\/uploads\/logo_MolinsPares-2.jpg\",\"width\":512,\"height\":512,\"caption\":\"Molins & Par\u00e9s - Despacho de Abogados Penalistas en Barcelona\"},\"image\":{\"@id\":\"https:\/\/molinspares.com\/fr\/#\/schema\/logo\/image\/\"},\"sameAs\":[\"https:\/\/www.facebook.com\/profile.php?id=100067944420137\",\"https:\/\/www.linkedin.com\/in\/molins-pars-penal-compliance-44383b65\/\"],\"publishingPrinciples\":\"https:\/\/molinspares.com\/politica-privacidad\/\",\"ownershipFundingInfo\":\"https:\/\/molinspares.com\/politica-privacidad\/\",\"actionableFeedbackPolicy\":\"https:\/\/molinspares.com\/politica-privacidad\/\",\"correctionsPolicy\":\"https:\/\/molinspares.com\/politica-privacidad\/\",\"ethicsPolicy\":\"https:\/\/molinspares.com\/politica-privacidad\/\",\"diversityPolicy\":\"https:\/\/molinspares.com\/politica-privacidad\/\",\"diversityStaffingReport\":\"https:\/\/molinspares.com\/politica-privacidad\/\"}]}<\/script>\n<!-- \/ Yoast SEO Premium plugin. -->","yoast_head_json":{"title":"Avocat sp\u00e9cialis\u00e9 dans le vol et la fraude \u00e0 Barcelone | Molins Par\u00e9s","description":"Vous cherchez un avocat sp\u00e9cialis\u00e9 dans les d\u00e9lits patrimoniaux et socio-\u00e9conomiques ? Molins Par\u00e9s est votre solution, contactez-nous d\u00e8s maintenant !","robots":{"index":"index","follow":"follow","max-snippet":"max-snippet:-1","max-image-preview":"max-image-preview:large","max-video-preview":"max-video-preview:-1"},"canonical":"https:\/\/molinspares.com\/fr\/infractions-contre-la-propriete-et-contre-lordre-socio-economique\/","og_locale":"fr_FR","og_type":"article","og_title":"Infractions contre la propri\u00e9t\u00e9 et contre l'ordre socio-\u00e9conomique","og_description":"Vous cherchez un avocat sp\u00e9cialis\u00e9 dans les d\u00e9lits patrimoniaux et socio-\u00e9conomiques ? Molins Par\u00e9s est votre solution, contactez-nous d\u00e8s maintenant !","og_url":"https:\/\/molinspares.com\/fr\/infractions-contre-la-propriete-et-contre-lordre-socio-economique\/","og_site_name":"Molins Par\u00e9s - Despacho de Abogados Penalistas en Barcelona | Excelencia y Privacidad","article_publisher":"https:\/\/www.facebook.com\/profile.php?id=100067944420137","article_modified_time":"2025-06-19T20:56:51+00:00","og_image":[{"width":600,"height":900,"url":"https:\/\/molinspares.com\/wp-content\/uploads\/Delitos-contra-el-patrimonio-y-contra-el-orden-socio-economico.jpg","type":"image\/jpeg"}],"twitter_card":"summary_large_image","twitter_misc":{"Dur\u00e9e de lecture estim\u00e9e":"2 minutes"},"schema":{"@context":"https:\/\/schema.org","@graph":[{"@type":"WebPage","@id":"https:\/\/molinspares.com\/fr\/infractions-contre-la-propriete-et-contre-lordre-socio-economique\/","url":"https:\/\/molinspares.com\/fr\/infractions-contre-la-propriete-et-contre-lordre-socio-economique\/","name":"Avocat sp\u00e9cialis\u00e9 dans le vol et la fraude \u00e0 Barcelone | Molins Par\u00e9s","isPartOf":{"@id":"https:\/\/molinspares.com\/fr\/#website"},"primaryImageOfPage":{"@id":"https:\/\/molinspares.com\/fr\/infractions-contre-la-propriete-et-contre-lordre-socio-economique\/#primaryimage"},"image":{"@id":"https:\/\/molinspares.com\/fr\/infractions-contre-la-propriete-et-contre-lordre-socio-economique\/#primaryimage"},"thumbnailUrl":"https:\/\/molinspares.com\/wp-content\/uploads\/Delitos-contra-el-patrimonio-y-contra-el-orden-socio-economico.jpg","datePublished":"2023-10-20T10:29:09+00:00","dateModified":"2025-06-19T20:56:51+00:00","description":"Vous cherchez un avocat sp\u00e9cialis\u00e9 dans les d\u00e9lits patrimoniaux et socio-\u00e9conomiques ? Molins Par\u00e9s est votre solution, contactez-nous d\u00e8s maintenant !","breadcrumb":{"@id":"https:\/\/molinspares.com\/fr\/infractions-contre-la-propriete-et-contre-lordre-socio-economique\/#breadcrumb"},"inLanguage":"fr-FR","potentialAction":[{"@type":"ReadAction","target":["https:\/\/molinspares.com\/fr\/infractions-contre-la-propriete-et-contre-lordre-socio-economique\/"]}]},{"@type":"ImageObject","inLanguage":"fr-FR","@id":"https:\/\/molinspares.com\/fr\/infractions-contre-la-propriete-et-contre-lordre-socio-economique\/#primaryimage","url":"https:\/\/molinspares.com\/wp-content\/uploads\/Delitos-contra-el-patrimonio-y-contra-el-orden-socio-economico.jpg","contentUrl":"https:\/\/molinspares.com\/wp-content\/uploads\/Delitos-contra-el-patrimonio-y-contra-el-orden-socio-economico.jpg","width":600,"height":900},{"@type":"BreadcrumbList","@id":"https:\/\/molinspares.com\/fr\/infractions-contre-la-propriete-et-contre-lordre-socio-economique\/#breadcrumb","itemListElement":[{"@type":"ListItem","position":1,"name":"Portada","item":"https:\/\/molinspares.com\/fr\/"},{"@type":"ListItem","position":2,"name":"Infractions contre la propri\u00e9t\u00e9 et contre l&#8217;ordre socio-\u00e9conomique"}]},{"@type":"WebSite","@id":"https:\/\/molinspares.com\/fr\/#website","url":"https:\/\/molinspares.com\/fr\/","name":"Molins & Par\u00e9s - Despacho de Abogados Penalistas en Barcelona","description":"En Molins &amp; Par\u00e9s somos especialistas en derecho penal. Garantizamos la privacidad del cliente y la m\u00e1xima excelencia en cada caso. \u00a1Cont\u00e1ctanos!","publisher":{"@id":"https:\/\/molinspares.com\/fr\/#organization"},"alternateName":"Molins & Par\u00e9s","potentialAction":[{"@type":"SearchAction","target":{"@type":"EntryPoint","urlTemplate":"https:\/\/molinspares.com\/fr\/?s={search_term_string}"},"query-input":{"@type":"PropertyValueSpecification","valueRequired":true,"valueName":"search_term_string"}}],"inLanguage":"fr-FR"},{"@type":"Organization","@id":"https:\/\/molinspares.com\/fr\/#organization","name":"Molins & Par\u00e9s - Despacho de Abogados Penalistas en Barcelona","alternateName":"Molins & Par\u00e9s","url":"https:\/\/molinspares.com\/fr\/","logo":{"@type":"ImageObject","inLanguage":"fr-FR","@id":"https:\/\/molinspares.com\/fr\/#\/schema\/logo\/image\/","url":"https:\/\/molinspares.com\/wp-content\/uploads\/logo_MolinsPares-2.jpg","contentUrl":"https:\/\/molinspares.com\/wp-content\/uploads\/logo_MolinsPares-2.jpg","width":512,"height":512,"caption":"Molins & Par\u00e9s - Despacho de Abogados Penalistas en Barcelona"},"image":{"@id":"https:\/\/molinspares.com\/fr\/#\/schema\/logo\/image\/"},"sameAs":["https:\/\/www.facebook.com\/profile.php?id=100067944420137","https:\/\/www.linkedin.com\/in\/molins-pars-penal-compliance-44383b65\/"],"publishingPrinciples":"https:\/\/molinspares.com\/politica-privacidad\/","ownershipFundingInfo":"https:\/\/molinspares.com\/politica-privacidad\/","actionableFeedbackPolicy":"https:\/\/molinspares.com\/politica-privacidad\/","correctionsPolicy":"https:\/\/molinspares.com\/politica-privacidad\/","ethicsPolicy":"https:\/\/molinspares.com\/politica-privacidad\/","diversityPolicy":"https:\/\/molinspares.com\/politica-privacidad\/","diversityStaffingReport":"https:\/\/molinspares.com\/politica-privacidad\/"}]}},"_links":{"self":[{"href":"https:\/\/molinspares.com\/fr\/wp-json\/wp\/v2\/pages\/7527","targetHints":{"allow":["GET"]}}],"collection":[{"href":"https:\/\/molinspares.com\/fr\/wp-json\/wp\/v2\/pages"}],"about":[{"href":"https:\/\/molinspares.com\/fr\/wp-json\/wp\/v2\/types\/page"}],"author":[{"embeddable":true,"href":"https:\/\/molinspares.com\/fr\/wp-json\/wp\/v2\/users\/1"}],"replies":[{"embeddable":true,"href":"https:\/\/molinspares.com\/fr\/wp-json\/wp\/v2\/comments?post=7527"}],"version-history":[{"count":1,"href":"https:\/\/molinspares.com\/fr\/wp-json\/wp\/v2\/pages\/7527\/revisions"}],"predecessor-version":[{"id":7530,"href":"https:\/\/molinspares.com\/fr\/wp-json\/wp\/v2\/pages\/7527\/revisions\/7530"}],"wp:featuredmedia":[{"embeddable":true,"href":"https:\/\/molinspares.com\/fr\/wp-json\/wp\/v2\/media\/5963"}],"wp:attachment":[{"href":"https:\/\/molinspares.com\/fr\/wp-json\/wp\/v2\/media?parent=7527"}],"wp:term":[{"taxonomy":"category","embeddable":true,"href":"https:\/\/molinspares.com\/fr\/wp-json\/wp\/v2\/categories?post=7527"},{"taxonomy":"post_tag","embeddable":true,"href":"https:\/\/molinspares.com\/fr\/wp-json\/wp\/v2\/tags?post=7527"}],"curies":[{"name":"wp","href":"https:\/\/api.w.org\/{rel}","templated":true}]}}