{"id":7331,"date":"2023-10-19T19:50:11","date_gmt":"2023-10-19T17:50:11","guid":{"rendered":"https:\/\/molinspares.com\/politique-de-confidentialite\/"},"modified":"2025-07-01T10:35:09","modified_gmt":"2025-07-01T08:35:09","slug":"politique-de-confidentialite","status":"publish","type":"page","link":"https:\/\/molinspares.com\/fr\/politique-de-confidentialite\/","title":{"rendered":"Politique de confidentialit\u00e9"},"content":{"rendered":"\t\t<div data-elementor-type=\"wp-page\" data-elementor-id=\"7331\" class=\"elementor elementor-7331 elementor-3\" data-elementor-post-type=\"page\">\n\t\t\t\t<div class=\"elementor-element elementor-element-561cf3bb e-flex e-con-boxed e-con e-parent\" data-id=\"561cf3bb\" data-element_type=\"container\" data-e-type=\"container\">\n\t\t\t\t\t<div class=\"e-con-inner\">\n\t\t\t\t<div class=\"elementor-element elementor-element-2ad96296 elementor-widget elementor-widget-text-editor\" data-id=\"2ad96296\" data-element_type=\"widget\" data-e-type=\"widget\" data-widget_type=\"text-editor.default\">\n\t\t\t\t<div class=\"elementor-widget-container\">\n\t\t\t\t\t\t\t\t\t<p>Sur <a href=\"https:\/\/molinspares.com\/fr\/\">www.molinspares.com<\/a>, nous nous soucions de la confidentialit\u00e9 et de la transparence.<\/p><p>Les donn\u00e9es personnelles li\u00e9es \u00e0 ce site Web sont conformes aux exigences du R\u00e8glement g\u00e9n\u00e9ral sur la protection des donn\u00e9es et \u00e0 la l\u00e9gislation et r\u00e9glementation en vigueur sur la protection des donn\u00e9es personnelles.<\/p><p>MOLINS-PARES, S.L.P. traitera les donn\u00e9es personnelles collect\u00e9es par le biais de ce site Web conform\u00e9ment \u00e0 la r\u00e9glementation du R\u00c8GLEMENT (UE) 2016\/679 DU PARLEMENT EUROP\u00c9EN ET DU CONSEIL du 27 avril 2016 relatif \u00e0 la protection des personnes physiques \u00e0 l&rsquo;\u00e9gard du traitement des donn\u00e9es \u00e0 caract\u00e8re personnel et \u00e0 la libre circulation de ces donn\u00e9es, et abrogeant la directive 95\/46\/CE (r\u00e8glement g\u00e9n\u00e9ral sur la protection des donn\u00e9es), la loi organique 3\/2018 du 5 d\u00e9cembre sur la protection des donn\u00e9es \u00e0 caract\u00e8re personnel et la garantie des droits num\u00e9riques. et le reste de la l\u00e9gislation actuelle sur la protection des donn\u00e9es. Ainsi, la soumission de donn\u00e9es par les personnes concern\u00e9es est absolument volontaire et d\u00fbment annonc\u00e9e.  <\/p><h3> <\/h3><h3><strong>Responsable du traitement des donn\u00e9es :<\/strong><\/h3><p>MOLINS-PARES, S.L.P.<\/p><p>NUM\u00c9RO DE TVA : B65949984<\/p><p>Adresse C\/. Aribau, 175, 3\u00b0, *1\u00aa ; (08036) Barcelona. <\/p><p>Donn\u00e9es d&rsquo;enregistrement : Inscrit au registre des soci\u00e9t\u00e9s de Barcelone, volume 43588, folio 57, page B 432895 : Inscrit au registre des soci\u00e9t\u00e9s professionnelles de l&rsquo;ordre des avocats de Barcelone, sous le num\u00e9ro 969.<\/p><h3> <\/h3><h3><strong>Objectifs<\/strong><\/h3><p>En particulier, les donn\u00e9es fournies par le biais du site Web seront trait\u00e9es pour la gestion du contact ou de la demande de renseignements et, le cas \u00e9ch\u00e9ant, en cas de commande ult\u00e9rieure, pour la gestion professionnelle, administrative, comptable et fiscale de la commande, ainsi que pour l&rsquo;archivage des dossiers.<\/p><h3> <\/h3><h3><strong>L\u00e9gitimation du traitement<\/strong><\/h3><p>La l\u00e9gitimation du traitement des donn\u00e9es est le consentement donn\u00e9 par l&rsquo;envoi du formulaire de contact ou la consultation. En cas de commande, la l\u00e9gitimit\u00e9 du traitement sera la relation contractuelle \u00e9tablie et l&rsquo;ex\u00e9cution des obligations professionnelles et l\u00e9gales qui en d\u00e9coulent. <\/p><h3> <\/h3><h3><strong>Communication de donn\u00e9es<\/strong><\/h3><p>Les donn\u00e9es issues de la prise de contact et de la consultation ne seront pas communiqu\u00e9es \u00e0 des tiers. En cas de commande ult\u00e9rieure, les donn\u00e9es personnelles fournies par le client pourront \u00eatre communiqu\u00e9es aux organismes publics ou aux entit\u00e9s n\u00e9cessaires \u00e0 la gestion du service ou de la commande. <\/p><h3> <\/h3><h3><strong>Droits des personnes concern\u00e9es<\/strong><\/h3><p>Toute personne a le droit d&rsquo;obtenir la confirmation que MOLINS-PARES, S.L.P. traite ou non des donn\u00e9es personnelles la concernant. Les int\u00e9ress\u00e9s ont le droit d&rsquo;acc\u00e9der \u00e0 leurs donn\u00e9es personnelles et d&rsquo;obtenir une copie des donn\u00e9es personnelles trait\u00e9es, de les mettre \u00e0 jour, ainsi que de demander la rectification des donn\u00e9es inexactes ou, le cas \u00e9ch\u00e9ant, de demander leur suppression lorsque, entre autres raisons, les donn\u00e9es ne sont plus n\u00e9cessaires aux fins pour lesquelles elles ont \u00e9t\u00e9 collect\u00e9es. Dans certaines circonstances pr\u00e9vues \u00e0 l&rsquo;article 18 *RGPD, les personnes concern\u00e9es peuvent demander la limitation du traitement de leurs donn\u00e9es et celles-ci ne seront conserv\u00e9es que pour l&rsquo;exercice ou la d\u00e9fense de droits. En cons\u00e9quence de l&rsquo;application du droit \u00e0 l&rsquo;effacement ou de l&rsquo;opposition au traitement des donn\u00e9es \u00e0 caract\u00e8re personnel dans l&rsquo;environnement en ligne, les personnes concern\u00e9es ont le droit d&rsquo;\u00eatre oubli\u00e9es conform\u00e9ment \u00e0 la jurisprudence de la Cour de justice de l&rsquo;UE. Les personnes concern\u00e9es peuvent s&rsquo;opposer au traitement de leurs donn\u00e9es \u00e0 des fins de marketing, y compris le profilage.    <\/p><h3> <\/h3><h3><strong>Vous pouvez exercer vos droits :<\/strong><\/h3><ol><li>En \u00e9crivant \u00e0 C\/. Aribau, 175, 3\u00b0, *1\u00aa ; (08036) Barcelona. Par courrier \u00e9lectronique \u00e0 l&rsquo;adresse suivante : <a href=\"mailto:compliance@molinspares.com\">compliance@molinspares.com<\/a>  <\/li><li>Contactez le d\u00e9l\u00e9gu\u00e9 \u00e0 la protection des donn\u00e9es : <a href=\"mailto:dpd@molinspares.com\">dpd@molinspares.com<\/a><\/li><\/ol><h3> <\/h3><h3><strong>Cookies  <\/strong><\/h3><p>OPTION A : MOLINS-PARES, S.L.P. n&rsquo;utilise pas de cookies sur ce site.<\/p><p>OPTION B : MOLINS-PARES, S.L.P. utilise des cookies lorsque l&rsquo;utilisateur navigue sur les diff\u00e9rents \u00e9crans du site Web. Ces cookies sont stock\u00e9s sur le disque dur de l&rsquo;utilisateur, mais ils ne peuvent pas lire les donn\u00e9es qu&rsquo;ils contiennent ni les fichiers de cookies cr\u00e9\u00e9s par d&rsquo;autres fournisseurs. Toutefois, l&rsquo;utilisateur peut s&rsquo;opposer au stockage des cookies en configurant les options de son navigateur. MOLINS-PARES, S.L.P. utilise des cookies afin de reconna\u00eetre les utilisateurs qui se sont enregistr\u00e9s et de faciliter leur navigation, tout en fournissant des informations sur la date et l&rsquo;heure de la derni\u00e8re visite de l&rsquo;utilisateur, en calculant certains param\u00e8tres de trafic au sein du site Web lui-m\u00eame et en r\u00e9alisant une estimation des visites re\u00e7ues, ce qui permet \u00e0 MOLINS-PARES, S.L.P. de cibler et d&rsquo;ajuster les services qu&rsquo;elle fournit \u00e0 travers cet espace de la mani\u00e8re la plus efficace possible.   <\/p><p><a href=\"#_edn1\" name=\"_ednref1\"><\/a><\/p>\t\t\t\t\t\t\t\t<\/div>\n\t\t\t\t<\/div>\n\t\t\t\t\t<\/div>\n\t\t\t\t<\/div>\n\t\t\t\t<\/div>\n\t\t","protected":false},"excerpt":{"rendered":"<p>Sur www.molinspares.com, nous nous soucions de la confidentialit\u00e9 et de la transparence. Les donn\u00e9es personnelles li\u00e9es \u00e0 ce site Web sont conformes aux exigences du R\u00e8glement g\u00e9n\u00e9ral sur la protection des donn\u00e9es et \u00e0 la l\u00e9gislation et r\u00e9glementation en vigueur sur la protection des donn\u00e9es personnelles. MOLINS-PARES, S.L.P. traitera les donn\u00e9es personnelles collect\u00e9es par le [&hellip;]<\/p>\n","protected":false},"author":1,"featured_media":0,"parent":0,"menu_order":90,"comment_status":"closed","ping_status":"closed","template":"","meta":{"footnotes":""},"categories":[],"tags":[],"class_list":["post-7331","page","type-page","status-publish","hentry"],"yoast_head":"<!-- This site is optimized with the Yoast SEO Premium plugin v26.1 (Yoast SEO v27.2) - https:\/\/yoast.com\/product\/yoast-seo-premium-wordpress\/ -->\n<title>Politique de confidentialit\u00e9 - Molins Par\u00e9s - Despacho de Abogados Penalistas en Barcelona | Excelencia y Privacidad<\/title>\n<meta name=\"robots\" content=\"index, follow, max-snippet:-1, max-image-preview:large, max-video-preview:-1\" \/>\n<link rel=\"canonical\" href=\"https:\/\/molinspares.com\/fr\/politique-de-confidentialite\/\" \/>\n<meta property=\"og:locale\" content=\"fr_FR\" \/>\n<meta property=\"og:type\" content=\"article\" \/>\n<meta property=\"og:title\" content=\"Politique de confidentialit\u00e9\" \/>\n<meta property=\"og:description\" content=\"Sur www.molinspares.com, nous nous soucions de la confidentialit\u00e9 et de la transparence. Les donn\u00e9es personnelles li\u00e9es \u00e0 ce site Web sont conformes aux exigences du R\u00e8glement g\u00e9n\u00e9ral sur la protection des donn\u00e9es et \u00e0 la l\u00e9gislation et r\u00e9glementation en vigueur sur la protection des donn\u00e9es personnelles. MOLINS-PARES, S.L.P. traitera les donn\u00e9es personnelles collect\u00e9es par le [&hellip;]\" \/>\n<meta property=\"og:url\" content=\"https:\/\/molinspares.com\/fr\/politique-de-confidentialite\/\" \/>\n<meta property=\"og:site_name\" content=\"Molins Par\u00e9s - Despacho de Abogados Penalistas en Barcelona | Excelencia y Privacidad\" \/>\n<meta property=\"article:publisher\" content=\"https:\/\/www.facebook.com\/profile.php?id=100067944420137\" \/>\n<meta property=\"article:modified_time\" content=\"2025-07-01T08:35:09+00:00\" \/>\n<meta property=\"og:image\" content=\"https:\/\/molinspares.com\/wp-content\/uploads\/Molins-Pares-Abogados-Barcelona-100.png\" \/>\n\t<meta property=\"og:image:width\" content=\"1200\" \/>\n\t<meta property=\"og:image:height\" content=\"675\" \/>\n\t<meta property=\"og:image:type\" content=\"image\/png\" \/>\n<meta name=\"twitter:card\" content=\"summary_large_image\" \/>\n<meta name=\"twitter:label1\" content=\"Dur\u00e9e de lecture estim\u00e9e\" \/>\n\t<meta name=\"twitter:data1\" content=\"4 minutes\" \/>\n<script type=\"application\/ld+json\" class=\"yoast-schema-graph\">{\"@context\":\"https:\/\/schema.org\",\"@graph\":[{\"@type\":\"WebPage\",\"@id\":\"https:\/\/molinspares.com\/fr\/politique-de-confidentialite\/\",\"url\":\"https:\/\/molinspares.com\/fr\/politique-de-confidentialite\/\",\"name\":\"Politique de confidentialit\u00e9 - Molins Par\u00e9s - Despacho de Abogados Penalistas en Barcelona | Excelencia y Privacidad\",\"isPartOf\":{\"@id\":\"https:\/\/molinspares.com\/fr\/#website\"},\"datePublished\":\"2023-10-19T17:50:11+00:00\",\"dateModified\":\"2025-07-01T08:35:09+00:00\",\"breadcrumb\":{\"@id\":\"https:\/\/molinspares.com\/fr\/politique-de-confidentialite\/#breadcrumb\"},\"inLanguage\":\"fr-FR\",\"potentialAction\":[{\"@type\":\"ReadAction\",\"target\":[\"https:\/\/molinspares.com\/fr\/politique-de-confidentialite\/\"]}]},{\"@type\":\"BreadcrumbList\",\"@id\":\"https:\/\/molinspares.com\/fr\/politique-de-confidentialite\/#breadcrumb\",\"itemListElement\":[{\"@type\":\"ListItem\",\"position\":1,\"name\":\"Portada\",\"item\":\"https:\/\/molinspares.com\/fr\/\"},{\"@type\":\"ListItem\",\"position\":2,\"name\":\"Politique de confidentialit\u00e9\"}]},{\"@type\":\"WebSite\",\"@id\":\"https:\/\/molinspares.com\/fr\/#website\",\"url\":\"https:\/\/molinspares.com\/fr\/\",\"name\":\"Molins & Par\u00e9s - Despacho de Abogados Penalistas en Barcelona\",\"description\":\"En Molins &amp; Par\u00e9s somos especialistas en derecho penal. Garantizamos la privacidad del cliente y la m\u00e1xima excelencia en cada caso. \u00a1Cont\u00e1ctanos!\",\"publisher\":{\"@id\":\"https:\/\/molinspares.com\/fr\/#organization\"},\"alternateName\":\"Molins & Par\u00e9s\",\"potentialAction\":[{\"@type\":\"SearchAction\",\"target\":{\"@type\":\"EntryPoint\",\"urlTemplate\":\"https:\/\/molinspares.com\/fr\/?s={search_term_string}\"},\"query-input\":{\"@type\":\"PropertyValueSpecification\",\"valueRequired\":true,\"valueName\":\"search_term_string\"}}],\"inLanguage\":\"fr-FR\"},{\"@type\":\"Organization\",\"@id\":\"https:\/\/molinspares.com\/fr\/#organization\",\"name\":\"Molins & Par\u00e9s - Despacho de Abogados Penalistas en Barcelona\",\"alternateName\":\"Molins & Par\u00e9s\",\"url\":\"https:\/\/molinspares.com\/fr\/\",\"logo\":{\"@type\":\"ImageObject\",\"inLanguage\":\"fr-FR\",\"@id\":\"https:\/\/molinspares.com\/fr\/#\/schema\/logo\/image\/\",\"url\":\"https:\/\/molinspares.com\/wp-content\/uploads\/logo_MolinsPares-2.jpg\",\"contentUrl\":\"https:\/\/molinspares.com\/wp-content\/uploads\/logo_MolinsPares-2.jpg\",\"width\":512,\"height\":512,\"caption\":\"Molins & Par\u00e9s - Despacho de Abogados Penalistas en Barcelona\"},\"image\":{\"@id\":\"https:\/\/molinspares.com\/fr\/#\/schema\/logo\/image\/\"},\"sameAs\":[\"https:\/\/www.facebook.com\/profile.php?id=100067944420137\",\"https:\/\/www.linkedin.com\/in\/molins-pars-penal-compliance-44383b65\/\"],\"publishingPrinciples\":\"https:\/\/molinspares.com\/politica-privacidad\/\",\"ownershipFundingInfo\":\"https:\/\/molinspares.com\/politica-privacidad\/\",\"actionableFeedbackPolicy\":\"https:\/\/molinspares.com\/politica-privacidad\/\",\"correctionsPolicy\":\"https:\/\/molinspares.com\/politica-privacidad\/\",\"ethicsPolicy\":\"https:\/\/molinspares.com\/politica-privacidad\/\",\"diversityPolicy\":\"https:\/\/molinspares.com\/politica-privacidad\/\",\"diversityStaffingReport\":\"https:\/\/molinspares.com\/politica-privacidad\/\"}]}<\/script>\n<!-- \/ Yoast SEO Premium plugin. -->","yoast_head_json":{"title":"Politique de confidentialit\u00e9 - Molins Par\u00e9s - Despacho de Abogados Penalistas en Barcelona | Excelencia y Privacidad","robots":{"index":"index","follow":"follow","max-snippet":"max-snippet:-1","max-image-preview":"max-image-preview:large","max-video-preview":"max-video-preview:-1"},"canonical":"https:\/\/molinspares.com\/fr\/politique-de-confidentialite\/","og_locale":"fr_FR","og_type":"article","og_title":"Politique de confidentialit\u00e9","og_description":"Sur www.molinspares.com, nous nous soucions de la confidentialit\u00e9 et de la transparence. Les donn\u00e9es personnelles li\u00e9es \u00e0 ce site Web sont conformes aux exigences du R\u00e8glement g\u00e9n\u00e9ral sur la protection des donn\u00e9es et \u00e0 la l\u00e9gislation et r\u00e9glementation en vigueur sur la protection des donn\u00e9es personnelles. MOLINS-PARES, S.L.P. traitera les donn\u00e9es personnelles collect\u00e9es par le [&hellip;]","og_url":"https:\/\/molinspares.com\/fr\/politique-de-confidentialite\/","og_site_name":"Molins Par\u00e9s - Despacho de Abogados Penalistas en Barcelona | Excelencia y Privacidad","article_publisher":"https:\/\/www.facebook.com\/profile.php?id=100067944420137","article_modified_time":"2025-07-01T08:35:09+00:00","og_image":[{"width":1200,"height":675,"url":"https:\/\/molinspares.com\/wp-content\/uploads\/Molins-Pares-Abogados-Barcelona-100.png","type":"image\/png"}],"twitter_card":"summary_large_image","twitter_misc":{"Dur\u00e9e de lecture estim\u00e9e":"4 minutes"},"schema":{"@context":"https:\/\/schema.org","@graph":[{"@type":"WebPage","@id":"https:\/\/molinspares.com\/fr\/politique-de-confidentialite\/","url":"https:\/\/molinspares.com\/fr\/politique-de-confidentialite\/","name":"Politique de confidentialit\u00e9 - Molins Par\u00e9s - Despacho de Abogados Penalistas en Barcelona | Excelencia y Privacidad","isPartOf":{"@id":"https:\/\/molinspares.com\/fr\/#website"},"datePublished":"2023-10-19T17:50:11+00:00","dateModified":"2025-07-01T08:35:09+00:00","breadcrumb":{"@id":"https:\/\/molinspares.com\/fr\/politique-de-confidentialite\/#breadcrumb"},"inLanguage":"fr-FR","potentialAction":[{"@type":"ReadAction","target":["https:\/\/molinspares.com\/fr\/politique-de-confidentialite\/"]}]},{"@type":"BreadcrumbList","@id":"https:\/\/molinspares.com\/fr\/politique-de-confidentialite\/#breadcrumb","itemListElement":[{"@type":"ListItem","position":1,"name":"Portada","item":"https:\/\/molinspares.com\/fr\/"},{"@type":"ListItem","position":2,"name":"Politique de confidentialit\u00e9"}]},{"@type":"WebSite","@id":"https:\/\/molinspares.com\/fr\/#website","url":"https:\/\/molinspares.com\/fr\/","name":"Molins & Par\u00e9s - Despacho de Abogados Penalistas en Barcelona","description":"En Molins &amp; Par\u00e9s somos especialistas en derecho penal. Garantizamos la privacidad del cliente y la m\u00e1xima excelencia en cada caso. \u00a1Cont\u00e1ctanos!","publisher":{"@id":"https:\/\/molinspares.com\/fr\/#organization"},"alternateName":"Molins & Par\u00e9s","potentialAction":[{"@type":"SearchAction","target":{"@type":"EntryPoint","urlTemplate":"https:\/\/molinspares.com\/fr\/?s={search_term_string}"},"query-input":{"@type":"PropertyValueSpecification","valueRequired":true,"valueName":"search_term_string"}}],"inLanguage":"fr-FR"},{"@type":"Organization","@id":"https:\/\/molinspares.com\/fr\/#organization","name":"Molins & Par\u00e9s - Despacho de Abogados Penalistas en Barcelona","alternateName":"Molins & Par\u00e9s","url":"https:\/\/molinspares.com\/fr\/","logo":{"@type":"ImageObject","inLanguage":"fr-FR","@id":"https:\/\/molinspares.com\/fr\/#\/schema\/logo\/image\/","url":"https:\/\/molinspares.com\/wp-content\/uploads\/logo_MolinsPares-2.jpg","contentUrl":"https:\/\/molinspares.com\/wp-content\/uploads\/logo_MolinsPares-2.jpg","width":512,"height":512,"caption":"Molins & Par\u00e9s - Despacho de Abogados Penalistas en Barcelona"},"image":{"@id":"https:\/\/molinspares.com\/fr\/#\/schema\/logo\/image\/"},"sameAs":["https:\/\/www.facebook.com\/profile.php?id=100067944420137","https:\/\/www.linkedin.com\/in\/molins-pars-penal-compliance-44383b65\/"],"publishingPrinciples":"https:\/\/molinspares.com\/politica-privacidad\/","ownershipFundingInfo":"https:\/\/molinspares.com\/politica-privacidad\/","actionableFeedbackPolicy":"https:\/\/molinspares.com\/politica-privacidad\/","correctionsPolicy":"https:\/\/molinspares.com\/politica-privacidad\/","ethicsPolicy":"https:\/\/molinspares.com\/politica-privacidad\/","diversityPolicy":"https:\/\/molinspares.com\/politica-privacidad\/","diversityStaffingReport":"https:\/\/molinspares.com\/politica-privacidad\/"}]}},"_links":{"self":[{"href":"https:\/\/molinspares.com\/fr\/wp-json\/wp\/v2\/pages\/7331","targetHints":{"allow":["GET"]}}],"collection":[{"href":"https:\/\/molinspares.com\/fr\/wp-json\/wp\/v2\/pages"}],"about":[{"href":"https:\/\/molinspares.com\/fr\/wp-json\/wp\/v2\/types\/page"}],"author":[{"embeddable":true,"href":"https:\/\/molinspares.com\/fr\/wp-json\/wp\/v2\/users\/1"}],"replies":[{"embeddable":true,"href":"https:\/\/molinspares.com\/fr\/wp-json\/wp\/v2\/comments?post=7331"}],"version-history":[{"count":2,"href":"https:\/\/molinspares.com\/fr\/wp-json\/wp\/v2\/pages\/7331\/revisions"}],"predecessor-version":[{"id":7782,"href":"https:\/\/molinspares.com\/fr\/wp-json\/wp\/v2\/pages\/7331\/revisions\/7782"}],"wp:attachment":[{"href":"https:\/\/molinspares.com\/fr\/wp-json\/wp\/v2\/media?parent=7331"}],"wp:term":[{"taxonomy":"category","embeddable":true,"href":"https:\/\/molinspares.com\/fr\/wp-json\/wp\/v2\/categories?post=7331"},{"taxonomy":"post_tag","embeddable":true,"href":"https:\/\/molinspares.com\/fr\/wp-json\/wp\/v2\/tags?post=7331"}],"curies":[{"name":"wp","href":"https:\/\/api.w.org\/{rel}","templated":true}]}}