{"id":7313,"date":"2023-10-20T11:57:51","date_gmt":"2023-10-20T09:57:51","guid":{"rendered":"https:\/\/molinspares.com\/avis-juridiques\/"},"modified":"2025-06-19T22:45:25","modified_gmt":"2025-06-19T20:45:25","slug":"avis-juridiques","status":"publish","type":"page","link":"https:\/\/molinspares.com\/fr\/avis-juridiques\/","title":{"rendered":"Avis juridiques"},"content":{"rendered":"\t\t<div data-elementor-type=\"wp-page\" data-elementor-id=\"7313\" class=\"elementor elementor-7313 elementor-52\" data-elementor-post-type=\"page\">\n\t\t\t\t<div class=\"elementor-element elementor-element-ea4306f e-flex e-con-boxed e-con e-parent\" data-id=\"ea4306f\" data-element_type=\"container\" data-e-type=\"container\">\n\t\t\t\t\t<div class=\"e-con-inner\">\n\t\t\t\t<div class=\"elementor-element elementor-element-dbf3eb2 elementor-widget elementor-widget-text-editor\" data-id=\"dbf3eb2\" data-element_type=\"widget\" data-e-type=\"widget\" data-widget_type=\"text-editor.default\">\n\t\t\t\t<div class=\"elementor-widget-container\">\n\t\t\t\t\t\t\t\t\t<h3><strong>Objet<\/strong><\/h3><p>Cet avis l\u00e9gal r\u00e9gule l&rsquo;utilisation et l&rsquo;usage du site web <a href=\"https:\/\/molinspares.com\/fr\/\">www.molinspares.com,<\/a> propri\u00e9t\u00e9 de MOLINS-PARES, S.L.P. La navigation sur le site web de MOLINS-PARES, S.L.P. implique la condition d&rsquo;UTILISATEUR de celui-ci et suppose l&rsquo;acceptation pleine et enti\u00e8re de toutes et chacune des conditions publi\u00e9es dans cet avis l\u00e9gal, en avertissant que ces conditions pourront \u00eatre modifi\u00e9es sans pr\u00e9avis par MOLINS-PARES, S.L.P., dans ce cas, elles seront publi\u00e9es et notifi\u00e9es le plus longtemps possible \u00e0 l&rsquo;avance. Il est donc conseill\u00e9 de lire attentivement leur contenu si vous souhaitez acc\u00e9der et utiliser les informations et les services offerts sur ce site Web. L&rsquo;utilisateur est \u00e9galement tenu d&rsquo;utiliser correctement le site Web conform\u00e9ment aux lois, \u00e0 la bonne foi, \u00e0 l&rsquo;ordre public, aux usages de la circulation et au pr\u00e9sent avis juridique, et sera responsable envers MOLINS-PARES, S.L.P. ou des tiers de tout dommage pouvant r\u00e9sulter du non-respect de cette obligation. Toute utilisation autre que celle autoris\u00e9e est express\u00e9ment interdite, et MOLINS-PARES, S.L.P. peut refuser ou retirer l&rsquo;acc\u00e8s et son utilisation \u00e0 tout moment.   <\/p><h3> <\/h3><h3><strong>Identification<\/strong><\/h3><p>MOLINS-PARES, S.L.P., conform\u00e9ment \u00e0 la Loi 34\/2002, du 11 juillet, sur les services de la soci\u00e9t\u00e9 de l&rsquo;information et le commerce \u00e9lectronique, vous informe que :<\/p><ul><li>Sa raison sociale est : MOLINS.PARES, S.L.P.<\/li><li>Son num\u00e9ro de TVA est : B65949984<\/li><li>Son si\u00e8ge social est situ\u00e9 \u00e0 : C\/. Aribau, 175, 3\u00ba, 1\u00aa ; (08036) Barcelona. <\/li><li>Donn\u00e9es d&rsquo;inscription : Inscrit au Registre des Soci\u00e9t\u00e9s de Barcelone, Volume 43588, Folio 63, page B 432895 : Inscrit au Registre des Soci\u00e9t\u00e9s Professionnelles de l&rsquo;Il-lustre Col-legi de l&rsquo;Advocacia De Barcelona, sous le num\u00e9ro 969.<\/li><\/ul><h3> <\/h3><h3><strong>Communications<\/strong><\/h3><p>Pour nous contacter, nous mettons \u00e0 votre disposition diff\u00e9rents moyens de contact qui sont d\u00e9taill\u00e9s ci-dessous :<\/p><ul><li>Courriel : molinspares@molinspares.martincalero.com<\/li><\/ul><p>Toutes les notifications et communications entre les utilisateurs et MOLINS-PARES, S.L.P. seront consid\u00e9r\u00e9es comme effectives, \u00e0 toutes fins utiles, lorsqu&rsquo;elles seront effectu\u00e9es par l&rsquo;un des moyens susmentionn\u00e9s.<\/p><h3> <\/h3><h3><strong>Conditions d&rsquo;acc\u00e8s et d&rsquo;utilisation<\/strong><\/h3><p>Le site web et ses services sont librement accessibles et gratuits. Cependant, MOLINS-PARES, S.L.P. peut conditionner l&rsquo;utilisation de certains des services offerts sur son site web \u00e0 l&rsquo;accomplissement pr\u00e9alable du formulaire correspondant. L&rsquo;utilisateur garantit l&rsquo;authenticit\u00e9 et l&rsquo;actualit\u00e9 de toutes les donn\u00e9es qu&rsquo;il communique \u00e0 MOLINS-PARES, S.L.P. et sera seul responsable des d\u00e9clarations fausses ou inexactes qu&rsquo;il pourrait faire. L&rsquo;utilisateur s&rsquo;engage express\u00e9ment \u00e0 faire un usage appropri\u00e9 des contenus et des services de MOLINS-PARES, S.L.P. et \u00e0 ne pas les utiliser pour, entre autres :   <\/p><ul><li>a) Diffuser des contenus criminels, violents, pornographiques, racistes, x\u00e9nophobes, offensants ou terroristes et, en g\u00e9n\u00e9ral, des contenus contraires \u00e0 la loi ou \u00e0 l&rsquo;ordre public.<\/li><li>b) Introduire des virus informatiques dans le r\u00e9seau ou r\u00e9aliser des actions susceptibles d&rsquo;alt\u00e9rer, de d\u00e9t\u00e9riorer, d&rsquo;interrompre ou de g\u00e9n\u00e9rer des erreurs ou des dommages aux documents \u00e9lectroniques, aux donn\u00e9es ou aux syst\u00e8mes physiques et logiques de MOLINS-PARES, S.L.P. ou de tiers ; ainsi qu&rsquo;entraver l&rsquo;acc\u00e8s d&rsquo;autres utilisateurs au site web et \u00e0 ses services par le biais d&rsquo;une consommation massive des ressources informatiques \u00e0 travers lesquelles MOLINS-PARES, S.L.P. fournit ses services.<\/li><li>c) Tenter d&rsquo;acc\u00e9der aux comptes de courrier \u00e9lectronique d&rsquo;autres utilisateurs ou \u00e0 des zones restreintes des syst\u00e8mes informatiques de MOLINS-PARES, S.L.P. ou de tiers et, le cas \u00e9ch\u00e9ant, extraire des informations.<\/li><li>d) Enfreindre les droits de propri\u00e9t\u00e9 intellectuelle ou industrielle, ainsi que violer la confidentialit\u00e9 des informations de MOLINS-PARES, S.L.P. ou de tiers.<\/li><li>e) usurper l&rsquo;identit\u00e9 d&rsquo;un autre utilisateur.<\/li><li>f) Reproduire, copier, distribuer, mettre \u00e0 disposition ou toute autre forme de communication publique, transformer ou modifier les contenus, sauf autorisation du titulaire des droits correspondants ou autorisation l\u00e9gale.<\/li><li>g) collecter des donn\u00e9es \u00e0 des fins publicitaires et envoyer de la publicit\u00e9 de toute nature et des communications \u00e0 des fins de vente ou \u00e0 d&rsquo;autres fins commerciales sans demande ou consentement pr\u00e9alable.<\/li><\/ul><p> <\/p><p>Tous les contenus du site web, tels que les textes, les photographies, les graphiques, les images, les ic\u00f4nes, la technologie, le logiciel, ainsi que sa conception graphique et ses codes sources, constituent une \u0153uvre dont la propri\u00e9t\u00e9 appartient \u00e0 MOLINS-PARES, S.L.P., et aucun des droits d&rsquo;exploitation les concernant ne peut \u00eatre consid\u00e9r\u00e9 comme transf\u00e9r\u00e9 \u00e0 l&rsquo;utilisateur au-del\u00e0 de ce qui est strictement n\u00e9cessaire \u00e0 l&rsquo;utilisation correcte du site web. En r\u00e9sum\u00e9, les utilisateurs qui acc\u00e8dent \u00e0 ce site web peuvent visualiser les contenus et r\u00e9aliser, le cas \u00e9ch\u00e9ant, des copies priv\u00e9es autoris\u00e9es, \u00e0 condition que les \u00e9l\u00e9ments reproduits ne soient pas c\u00e9d\u00e9s ult\u00e9rieurement \u00e0 des tiers, ni install\u00e9s sur des serveurs connect\u00e9s \u00e0 des r\u00e9seaux, et qu&rsquo;ils ne fassent l&rsquo;objet d&rsquo;aucun type d&rsquo;exploitation. De m\u00eame, toutes les marques, noms commerciaux ou signes distinctifs de toute nature qui apparaissent sur le site web sont la propri\u00e9t\u00e9 de MOLINS-PARES, S.L.P., et il ne faut pas comprendre que l&rsquo;utilisation ou l&rsquo;acc\u00e8s \u00e0 ceux-ci conf\u00e8re \u00e0 l&rsquo;utilisateur un quelconque droit sur ceux-ci. La distribution, la modification, la cession ou la communication publique des contenus et tout autre acte non express\u00e9ment autoris\u00e9 par le titulaire des droits d&rsquo;exploitation sont interdits. L&rsquo;\u00e9tablissement d&rsquo;un hyperlien n&rsquo;implique en aucun cas l&rsquo;existence d&rsquo;une relation entre MOLINS-PARES, S.L.P. et le propri\u00e9taire du site web o\u00f9 il est \u00e9tabli, ni l&rsquo;acceptation et l&rsquo;approbation par MOLINS-PARES, S.L.P. de ses contenus ou services. MOLINS-PARES, S.L.P. n&rsquo;est pas responsable de l&rsquo;utilisation que chaque utilisateur fait du mat\u00e9riel mis \u00e0 disposition sur ce site web ni des actions r\u00e9alis\u00e9es sur la base de celui-ci.     <\/p><h3> <\/h3><h3><strong>Exclusion de garantie et de responsabilit\u00e9 pour l&rsquo;acc\u00e8s et l&rsquo;utilisation<\/strong><\/h3><p>Le contenu de ce site Web est de nature g\u00e9n\u00e9rale et a une finalit\u00e9 purement informative, sans garantir pleinement l&rsquo;acc\u00e8s \u00e0 l&rsquo;ensemble du contenu, ni son exhaustivit\u00e9, son exactitude, sa validit\u00e9 ou son actualit\u00e9, ni son ad\u00e9quation ou son utilit\u00e9 pour un objectif sp\u00e9cifique. MOLINS-PARES, S.L.P. exclut, dans la mesure permise par la loi, toute responsabilit\u00e9 pour les dommages de toute nature d\u00e9coulant de : <\/p><ul><li>a) l&rsquo;impossibilit\u00e9 d&rsquo;acc\u00e9der au site web ou le manque de v\u00e9racit\u00e9, d&rsquo;exactitude, d&rsquo;exhaustivit\u00e9 et\/ou d&rsquo;actualit\u00e9 du contenu, ainsi que l&rsquo;existence de vices et de d\u00e9fauts de toute nature dans le contenu transmis, diffus\u00e9, stock\u00e9, mis \u00e0 disposition, accessible par le biais du site web ou des services offerts.<\/li><li>b) la pr\u00e9sence de virus ou d&rsquo;autres \u00e9l\u00e9ments dans les contenus qui peuvent provoquer des alt\u00e9rations dans les syst\u00e8mes informatiques, les documents \u00e9lectroniques ou les donn\u00e9es des utilisateurs.<\/li><li>c) Le non-respect des lois, de la bonne foi, de l&rsquo;ordre public, des usages de la circulation et du pr\u00e9sent avis juridique en raison d&rsquo;une utilisation incorrecte du site Web. En particulier, et \u00e0 titre d&rsquo;exemple, MOLINS-PARES, S.L.P. n&rsquo;est pas responsable des actions de tiers qui violent les droits de propri\u00e9t\u00e9 intellectuelle et industrielle, les secrets d&rsquo;affaires, les droits \u00e0 l&rsquo;honneur, \u00e0 l&rsquo;intimit\u00e9 personnelle et familiale et \u00e0 l&rsquo;image, ainsi que la r\u00e9glementation sur la concurrence d\u00e9loyale et la publicit\u00e9 ill\u00e9gale. <\/li><\/ul><p> <\/p><p>De m\u00eame, MOLINS-PARES, S.L.P. d\u00e9cline toute responsabilit\u00e9 quant \u00e0 l&rsquo;information qui se trouve en dehors de ce site et qui n&rsquo;est pas g\u00e9r\u00e9e directement par notre webmaster. La fonction des liens qui apparaissent sur ce site web est exclusivement d&rsquo;informer l&rsquo;utilisateur de l&rsquo;existence d&rsquo;autres sources susceptibles d \u00ab \u00e9largir les contenus offerts sur ce site web. MOLINS-PARES, S.L.P. ne garantit pas et n&rsquo;est pas responsable du fonctionnement ou de l&rsquo;accessibilit\u00e9 des sites li\u00e9s, ni ne sugg\u00e8re, invite ou recommande de les visiter, ni n&rsquo;est responsable des r\u00e9sultats obtenus. MOLINS-PARES, S.L.P. n&rsquo;est pas responsable de l \u00bb \u00e9tablissement d&rsquo;hyperliens par des tiers.   <\/p><h3> <\/h3><h3><strong>Proc\u00e9dure en cas d&rsquo;activit\u00e9s ill\u00e9gales<\/strong><\/h3><p>Si un utilisateur ou un tiers consid\u00e8re qu&rsquo;il existe des faits ou des circonstances qui r\u00e9v\u00e8lent le caract\u00e8re illicite de l&rsquo;utilisation de tout contenu et\/ou de la r\u00e9alisation de toute activit\u00e9 sur les pages web incluses ou accessibles \u00e0 travers le site web, il devra envoyer une notification \u00e0 MOLINS-PARES, S.L.P. en s&rsquo;identifiant d\u00fbment et en sp\u00e9cifiant les infractions pr\u00e9sum\u00e9es.<\/p><h3> <\/h3><h3><strong>Publications<\/strong><\/h3><p>Les informations administratives fournies par le biais du site web ne remplacent pas la publication l\u00e9gale des lois, r\u00e8glements, plans, dispositions g\u00e9n\u00e9rales et actes qui doivent \u00eatre formellement publi\u00e9s dans les journaux officiels des administrations publiques, qui sont le seul instrument attestant de leur authenticit\u00e9 et de leur contenu. Les informations disponibles sur ce site doivent \u00eatre consid\u00e9r\u00e9es comme un guide sans aucune valeur juridique. <\/p><h3> <\/h3><h3><strong>L\u00e9gislation applicable<\/strong><\/h3><p>Les pr\u00e9sentes conditions sont r\u00e9gies par la l\u00e9gislation espagnole en vigueur. La langue utilis\u00e9e est l&rsquo;espagnol. <\/p><p> <\/p>\t\t\t\t\t\t\t\t<\/div>\n\t\t\t\t<\/div>\n\t\t\t\t\t<\/div>\n\t\t\t\t<\/div>\n\t\t\t\t<\/div>\n\t\t","protected":false},"excerpt":{"rendered":"<p>Objet Cet avis l\u00e9gal r\u00e9gule l&rsquo;utilisation et l&rsquo;usage du site web www.molinspares.com, propri\u00e9t\u00e9 de MOLINS-PARES, S.L.P. La navigation sur le site web de MOLINS-PARES, S.L.P. implique la condition d&rsquo;UTILISATEUR de celui-ci et suppose l&rsquo;acceptation pleine et enti\u00e8re de toutes et chacune des conditions publi\u00e9es dans cet avis l\u00e9gal, en avertissant que ces conditions pourront \u00eatre [&hellip;]<\/p>\n","protected":false},"author":1,"featured_media":0,"parent":0,"menu_order":90,"comment_status":"closed","ping_status":"closed","template":"","meta":{"footnotes":""},"categories":[],"tags":[],"class_list":["post-7313","page","type-page","status-publish","hentry"],"yoast_head":"<!-- This site is optimized with the Yoast SEO Premium plugin v26.1 (Yoast SEO v27.2) - https:\/\/yoast.com\/product\/yoast-seo-premium-wordpress\/ -->\n<title>Avis juridiques - Molins Par\u00e9s - Despacho de Abogados Penalistas en Barcelona | Excelencia y Privacidad<\/title>\n<meta name=\"robots\" content=\"index, follow, max-snippet:-1, max-image-preview:large, max-video-preview:-1\" \/>\n<link rel=\"canonical\" href=\"https:\/\/molinspares.com\/fr\/avis-juridiques\/\" \/>\n<meta property=\"og:locale\" content=\"fr_FR\" \/>\n<meta property=\"og:type\" content=\"article\" \/>\n<meta property=\"og:title\" content=\"Avis juridiques\" \/>\n<meta property=\"og:description\" content=\"Objet Cet avis l\u00e9gal r\u00e9gule l&rsquo;utilisation et l&rsquo;usage du site web www.molinspares.com, propri\u00e9t\u00e9 de MOLINS-PARES, S.L.P. La navigation sur le site web de MOLINS-PARES, S.L.P. implique la condition d&rsquo;UTILISATEUR de celui-ci et suppose l&rsquo;acceptation pleine et enti\u00e8re de toutes et chacune des conditions publi\u00e9es dans cet avis l\u00e9gal, en avertissant que ces conditions pourront \u00eatre [&hellip;]\" \/>\n<meta property=\"og:url\" content=\"https:\/\/molinspares.com\/fr\/avis-juridiques\/\" \/>\n<meta property=\"og:site_name\" content=\"Molins Par\u00e9s - Despacho de Abogados Penalistas en Barcelona | Excelencia y Privacidad\" \/>\n<meta property=\"article:publisher\" content=\"https:\/\/www.facebook.com\/profile.php?id=100067944420137\" \/>\n<meta property=\"article:modified_time\" content=\"2025-06-19T20:45:25+00:00\" \/>\n<meta property=\"og:image\" content=\"https:\/\/molinspares.com\/wp-content\/uploads\/Molins-Pares-Abogados-Barcelona-100.png\" \/>\n\t<meta property=\"og:image:width\" content=\"1200\" \/>\n\t<meta property=\"og:image:height\" content=\"675\" \/>\n\t<meta property=\"og:image:type\" content=\"image\/png\" \/>\n<meta name=\"twitter:card\" content=\"summary_large_image\" \/>\n<meta name=\"twitter:label1\" content=\"Dur\u00e9e de lecture estim\u00e9e\" \/>\n\t<meta name=\"twitter:data1\" content=\"7 minutes\" \/>\n<script type=\"application\/ld+json\" class=\"yoast-schema-graph\">{\"@context\":\"https:\/\/schema.org\",\"@graph\":[{\"@type\":\"WebPage\",\"@id\":\"https:\/\/molinspares.com\/fr\/avis-juridiques\/\",\"url\":\"https:\/\/molinspares.com\/fr\/avis-juridiques\/\",\"name\":\"Avis juridiques - Molins Par\u00e9s - Despacho de Abogados Penalistas en Barcelona | Excelencia y Privacidad\",\"isPartOf\":{\"@id\":\"https:\/\/molinspares.com\/fr\/#website\"},\"datePublished\":\"2023-10-20T09:57:51+00:00\",\"dateModified\":\"2025-06-19T20:45:25+00:00\",\"breadcrumb\":{\"@id\":\"https:\/\/molinspares.com\/fr\/avis-juridiques\/#breadcrumb\"},\"inLanguage\":\"fr-FR\",\"potentialAction\":[{\"@type\":\"ReadAction\",\"target\":[\"https:\/\/molinspares.com\/fr\/avis-juridiques\/\"]}]},{\"@type\":\"BreadcrumbList\",\"@id\":\"https:\/\/molinspares.com\/fr\/avis-juridiques\/#breadcrumb\",\"itemListElement\":[{\"@type\":\"ListItem\",\"position\":1,\"name\":\"Portada\",\"item\":\"https:\/\/molinspares.com\/fr\/\"},{\"@type\":\"ListItem\",\"position\":2,\"name\":\"Avis juridiques\"}]},{\"@type\":\"WebSite\",\"@id\":\"https:\/\/molinspares.com\/fr\/#website\",\"url\":\"https:\/\/molinspares.com\/fr\/\",\"name\":\"Molins & Par\u00e9s - Despacho de Abogados Penalistas en Barcelona\",\"description\":\"En Molins &amp; Par\u00e9s somos especialistas en derecho penal. Garantizamos la privacidad del cliente y la m\u00e1xima excelencia en cada caso. \u00a1Cont\u00e1ctanos!\",\"publisher\":{\"@id\":\"https:\/\/molinspares.com\/fr\/#organization\"},\"alternateName\":\"Molins & Par\u00e9s\",\"potentialAction\":[{\"@type\":\"SearchAction\",\"target\":{\"@type\":\"EntryPoint\",\"urlTemplate\":\"https:\/\/molinspares.com\/fr\/?s={search_term_string}\"},\"query-input\":{\"@type\":\"PropertyValueSpecification\",\"valueRequired\":true,\"valueName\":\"search_term_string\"}}],\"inLanguage\":\"fr-FR\"},{\"@type\":\"Organization\",\"@id\":\"https:\/\/molinspares.com\/fr\/#organization\",\"name\":\"Molins & Par\u00e9s - Despacho de Abogados Penalistas en Barcelona\",\"alternateName\":\"Molins & Par\u00e9s\",\"url\":\"https:\/\/molinspares.com\/fr\/\",\"logo\":{\"@type\":\"ImageObject\",\"inLanguage\":\"fr-FR\",\"@id\":\"https:\/\/molinspares.com\/fr\/#\/schema\/logo\/image\/\",\"url\":\"https:\/\/molinspares.com\/wp-content\/uploads\/logo_MolinsPares-2.jpg\",\"contentUrl\":\"https:\/\/molinspares.com\/wp-content\/uploads\/logo_MolinsPares-2.jpg\",\"width\":512,\"height\":512,\"caption\":\"Molins & Par\u00e9s - Despacho de Abogados Penalistas en Barcelona\"},\"image\":{\"@id\":\"https:\/\/molinspares.com\/fr\/#\/schema\/logo\/image\/\"},\"sameAs\":[\"https:\/\/www.facebook.com\/profile.php?id=100067944420137\",\"https:\/\/www.linkedin.com\/in\/molins-pars-penal-compliance-44383b65\/\"],\"publishingPrinciples\":\"https:\/\/molinspares.com\/politica-privacidad\/\",\"ownershipFundingInfo\":\"https:\/\/molinspares.com\/politica-privacidad\/\",\"actionableFeedbackPolicy\":\"https:\/\/molinspares.com\/politica-privacidad\/\",\"correctionsPolicy\":\"https:\/\/molinspares.com\/politica-privacidad\/\",\"ethicsPolicy\":\"https:\/\/molinspares.com\/politica-privacidad\/\",\"diversityPolicy\":\"https:\/\/molinspares.com\/politica-privacidad\/\",\"diversityStaffingReport\":\"https:\/\/molinspares.com\/politica-privacidad\/\"}]}<\/script>\n<!-- \/ Yoast SEO Premium plugin. -->","yoast_head_json":{"title":"Avis juridiques - Molins Par\u00e9s - Despacho de Abogados Penalistas en Barcelona | Excelencia y Privacidad","robots":{"index":"index","follow":"follow","max-snippet":"max-snippet:-1","max-image-preview":"max-image-preview:large","max-video-preview":"max-video-preview:-1"},"canonical":"https:\/\/molinspares.com\/fr\/avis-juridiques\/","og_locale":"fr_FR","og_type":"article","og_title":"Avis juridiques","og_description":"Objet Cet avis l\u00e9gal r\u00e9gule l&rsquo;utilisation et l&rsquo;usage du site web www.molinspares.com, propri\u00e9t\u00e9 de MOLINS-PARES, S.L.P. La navigation sur le site web de MOLINS-PARES, S.L.P. implique la condition d&rsquo;UTILISATEUR de celui-ci et suppose l&rsquo;acceptation pleine et enti\u00e8re de toutes et chacune des conditions publi\u00e9es dans cet avis l\u00e9gal, en avertissant que ces conditions pourront \u00eatre [&hellip;]","og_url":"https:\/\/molinspares.com\/fr\/avis-juridiques\/","og_site_name":"Molins Par\u00e9s - Despacho de Abogados Penalistas en Barcelona | Excelencia y Privacidad","article_publisher":"https:\/\/www.facebook.com\/profile.php?id=100067944420137","article_modified_time":"2025-06-19T20:45:25+00:00","og_image":[{"width":1200,"height":675,"url":"https:\/\/molinspares.com\/wp-content\/uploads\/Molins-Pares-Abogados-Barcelona-100.png","type":"image\/png"}],"twitter_card":"summary_large_image","twitter_misc":{"Dur\u00e9e de lecture estim\u00e9e":"7 minutes"},"schema":{"@context":"https:\/\/schema.org","@graph":[{"@type":"WebPage","@id":"https:\/\/molinspares.com\/fr\/avis-juridiques\/","url":"https:\/\/molinspares.com\/fr\/avis-juridiques\/","name":"Avis juridiques - Molins Par\u00e9s - Despacho de Abogados Penalistas en Barcelona | Excelencia y Privacidad","isPartOf":{"@id":"https:\/\/molinspares.com\/fr\/#website"},"datePublished":"2023-10-20T09:57:51+00:00","dateModified":"2025-06-19T20:45:25+00:00","breadcrumb":{"@id":"https:\/\/molinspares.com\/fr\/avis-juridiques\/#breadcrumb"},"inLanguage":"fr-FR","potentialAction":[{"@type":"ReadAction","target":["https:\/\/molinspares.com\/fr\/avis-juridiques\/"]}]},{"@type":"BreadcrumbList","@id":"https:\/\/molinspares.com\/fr\/avis-juridiques\/#breadcrumb","itemListElement":[{"@type":"ListItem","position":1,"name":"Portada","item":"https:\/\/molinspares.com\/fr\/"},{"@type":"ListItem","position":2,"name":"Avis juridiques"}]},{"@type":"WebSite","@id":"https:\/\/molinspares.com\/fr\/#website","url":"https:\/\/molinspares.com\/fr\/","name":"Molins & Par\u00e9s - Despacho de Abogados Penalistas en Barcelona","description":"En Molins &amp; Par\u00e9s somos especialistas en derecho penal. Garantizamos la privacidad del cliente y la m\u00e1xima excelencia en cada caso. \u00a1Cont\u00e1ctanos!","publisher":{"@id":"https:\/\/molinspares.com\/fr\/#organization"},"alternateName":"Molins & Par\u00e9s","potentialAction":[{"@type":"SearchAction","target":{"@type":"EntryPoint","urlTemplate":"https:\/\/molinspares.com\/fr\/?s={search_term_string}"},"query-input":{"@type":"PropertyValueSpecification","valueRequired":true,"valueName":"search_term_string"}}],"inLanguage":"fr-FR"},{"@type":"Organization","@id":"https:\/\/molinspares.com\/fr\/#organization","name":"Molins & Par\u00e9s - Despacho de Abogados Penalistas en Barcelona","alternateName":"Molins & Par\u00e9s","url":"https:\/\/molinspares.com\/fr\/","logo":{"@type":"ImageObject","inLanguage":"fr-FR","@id":"https:\/\/molinspares.com\/fr\/#\/schema\/logo\/image\/","url":"https:\/\/molinspares.com\/wp-content\/uploads\/logo_MolinsPares-2.jpg","contentUrl":"https:\/\/molinspares.com\/wp-content\/uploads\/logo_MolinsPares-2.jpg","width":512,"height":512,"caption":"Molins & Par\u00e9s - Despacho de Abogados Penalistas en Barcelona"},"image":{"@id":"https:\/\/molinspares.com\/fr\/#\/schema\/logo\/image\/"},"sameAs":["https:\/\/www.facebook.com\/profile.php?id=100067944420137","https:\/\/www.linkedin.com\/in\/molins-pars-penal-compliance-44383b65\/"],"publishingPrinciples":"https:\/\/molinspares.com\/politica-privacidad\/","ownershipFundingInfo":"https:\/\/molinspares.com\/politica-privacidad\/","actionableFeedbackPolicy":"https:\/\/molinspares.com\/politica-privacidad\/","correctionsPolicy":"https:\/\/molinspares.com\/politica-privacidad\/","ethicsPolicy":"https:\/\/molinspares.com\/politica-privacidad\/","diversityPolicy":"https:\/\/molinspares.com\/politica-privacidad\/","diversityStaffingReport":"https:\/\/molinspares.com\/politica-privacidad\/"}]}},"_links":{"self":[{"href":"https:\/\/molinspares.com\/fr\/wp-json\/wp\/v2\/pages\/7313","targetHints":{"allow":["GET"]}}],"collection":[{"href":"https:\/\/molinspares.com\/fr\/wp-json\/wp\/v2\/pages"}],"about":[{"href":"https:\/\/molinspares.com\/fr\/wp-json\/wp\/v2\/types\/page"}],"author":[{"embeddable":true,"href":"https:\/\/molinspares.com\/fr\/wp-json\/wp\/v2\/users\/1"}],"replies":[{"embeddable":true,"href":"https:\/\/molinspares.com\/fr\/wp-json\/wp\/v2\/comments?post=7313"}],"version-history":[{"count":1,"href":"https:\/\/molinspares.com\/fr\/wp-json\/wp\/v2\/pages\/7313\/revisions"}],"predecessor-version":[{"id":7314,"href":"https:\/\/molinspares.com\/fr\/wp-json\/wp\/v2\/pages\/7313\/revisions\/7314"}],"wp:attachment":[{"href":"https:\/\/molinspares.com\/fr\/wp-json\/wp\/v2\/media?parent=7313"}],"wp:term":[{"taxonomy":"category","embeddable":true,"href":"https:\/\/molinspares.com\/fr\/wp-json\/wp\/v2\/categories?post=7313"},{"taxonomy":"post_tag","embeddable":true,"href":"https:\/\/molinspares.com\/fr\/wp-json\/wp\/v2\/tags?post=7313"}],"curies":[{"name":"wp","href":"https:\/\/api.w.org\/{rel}","templated":true}]}}