{"id":7150,"date":"2024-01-12T20:04:28","date_gmt":"2024-01-12T19:04:28","guid":{"rendered":"https:\/\/molinspares.com\/queralt-cirre-jimenez\/"},"modified":"2025-10-24T10:46:50","modified_gmt":"2025-10-24T08:46:50","slug":"queralt-cirre-jimenez","status":"publish","type":"page","link":"https:\/\/molinspares.com\/fr\/queralt-cirre-jimenez\/","title":{"rendered":"Queralt Cirre Jim\u00e9nez"},"content":{"rendered":"\t\t<div data-elementor-type=\"wp-page\" data-elementor-id=\"7150\" class=\"elementor elementor-7150 elementor-3825\" data-elementor-post-type=\"page\">\n\t\t\t\t<div class=\"elementor-element elementor-element-3498b0dd e-flex e-con-boxed e-con e-parent\" data-id=\"3498b0dd\" data-element_type=\"container\" data-e-type=\"container\" data-settings=\"{&quot;background_background&quot;:&quot;classic&quot;}\">\n\t\t\t\t\t<div class=\"e-con-inner\">\n\t\t\t\t<div class=\"elementor-element elementor-element-2fcc6592 elementor-widget elementor-widget-heading\" data-id=\"2fcc6592\" data-element_type=\"widget\" data-e-type=\"widget\" data-widget_type=\"heading.default\">\n\t\t\t\t<div class=\"elementor-widget-container\">\n\t\t\t\t\t<h2 class=\"elementor-heading-title elementor-size-default\">Notre \u00e9quipe<\/h2>\t\t\t\t<\/div>\n\t\t\t\t<\/div>\n\t\t\t\t\t<\/div>\n\t\t\t\t<\/div>\n\t\t<div class=\"elementor-element elementor-element-36dfbea3 e-flex e-con-boxed e-con e-parent\" data-id=\"36dfbea3\" data-element_type=\"container\" data-e-type=\"container\" data-settings=\"{&quot;background_background&quot;:&quot;classic&quot;}\">\n\t\t\t\t\t<div class=\"e-con-inner\">\n\t\t<div class=\"elementor-element elementor-element-5bbeb9f1 e-con-full e-flex e-con e-child\" data-id=\"5bbeb9f1\" data-element_type=\"container\" data-e-type=\"container\">\n\t\t\t\t<div class=\"elementor-element elementor-element-b3883d elementor-widget-divider--view-line elementor-widget elementor-widget-divider\" data-id=\"b3883d\" data-element_type=\"widget\" data-e-type=\"widget\" data-widget_type=\"divider.default\">\n\t\t\t\t<div class=\"elementor-widget-container\">\n\t\t\t\t\t\t\t<div class=\"elementor-divider\">\n\t\t\t<span class=\"elementor-divider-separator\">\n\t\t\t\t\t\t<\/span>\n\t\t<\/div>\n\t\t\t\t\t\t<\/div>\n\t\t\t\t<\/div>\n\t\t\t\t<div class=\"elementor-element elementor-element-2f4f69ee elementor-widget elementor-widget-heading\" data-id=\"2f4f69ee\" data-element_type=\"widget\" data-e-type=\"widget\" data-widget_type=\"heading.default\">\n\t\t\t\t<div class=\"elementor-widget-container\">\n\t\t\t\t\t<h1 class=\"elementor-heading-title elementor-size-default\">Queralt Cirre Jim\u00e9nez<\/h1>\t\t\t\t<\/div>\n\t\t\t\t<\/div>\n\t\t\t\t<\/div>\n\t\t\t\t\t<\/div>\n\t\t\t\t<\/div>\n\t\t<div class=\"elementor-element elementor-element-710b55c8 e-flex e-con-boxed e-con e-parent\" data-id=\"710b55c8\" data-element_type=\"container\" data-e-type=\"container\">\n\t\t\t\t\t<div class=\"e-con-inner\">\n\t\t<div class=\"elementor-element elementor-element-5c77cb63 e-con-full e-flex e-con e-child\" data-id=\"5c77cb63\" data-element_type=\"container\" data-e-type=\"container\">\n\t\t\t\t<div class=\"elementor-element elementor-element-200e3e67 elementor-widget-tablet__width-inherit elementor-icon-list--layout-traditional elementor-list-item-link-full_width elementor-widget elementor-widget-icon-list\" data-id=\"200e3e67\" data-element_type=\"widget\" data-e-type=\"widget\" data-widget_type=\"icon-list.default\">\n\t\t\t\t<div class=\"elementor-widget-container\">\n\t\t\t\t\t\t\t<ul class=\"elementor-icon-list-items\">\n\t\t\t\t\t\t\t<li class=\"elementor-icon-list-item\">\n\t\t\t\t\t\t\t\t\t\t\t<span class=\"elementor-icon-list-icon\">\n\t\t\t\t\t\t\t<i aria-hidden=\"true\" class=\"fas fa-chevron-right\"><\/i>\t\t\t\t\t\t<\/span>\n\t\t\t\t\t\t\t\t\t\t<span class=\"elementor-icon-list-text\">Avocat<\/span>\n\t\t\t\t\t\t\t\t\t<\/li>\n\t\t\t\t\t\t\t\t<li class=\"elementor-icon-list-item\">\n\t\t\t\t\t\t\t\t\t\t\t<a href=\"mailto:q.cirre@molinspares.com\">\n\n\t\t\t\t\t\t\t\t\t\t\t\t<span class=\"elementor-icon-list-icon\">\n\t\t\t\t\t\t\t<i aria-hidden=\"true\" class=\"icon icon-envelope2\"><\/i>\t\t\t\t\t\t<\/span>\n\t\t\t\t\t\t\t\t\t\t<span class=\"elementor-icon-list-text\">q.cirre@molinspares.com<\/span>\n\t\t\t\t\t\t\t\t\t\t\t<\/a>\n\t\t\t\t\t\t\t\t\t<\/li>\n\t\t\t\t\t\t\t\t<li class=\"elementor-icon-list-item\">\n\t\t\t\t\t\t\t\t\t\t\t<a href=\"https:\/\/www.linkedin.com\/in\/queralt-cirre-200446262\/\" target=\"_blank\">\n\n\t\t\t\t\t\t\t\t\t\t\t\t<span class=\"elementor-icon-list-icon\">\n\t\t\t\t\t\t\t<i aria-hidden=\"true\" class=\"icon icon-linkedin\"><\/i>\t\t\t\t\t\t<\/span>\n\t\t\t\t\t\t\t\t\t\t<span class=\"elementor-icon-list-text\"><\/span>\n\t\t\t\t\t\t\t\t\t\t\t<\/a>\n\t\t\t\t\t\t\t\t\t<\/li>\n\t\t\t\t\t\t<\/ul>\n\t\t\t\t\t\t<\/div>\n\t\t\t\t<\/div>\n\t\t\t\t<div class=\"elementor-element elementor-element-a86d6ea elementor-widget-tablet__width-initial elementor-hidden-desktop elementor-hidden-laptop elementor-hidden-tablet elementor-hidden-mobile elementor-widget elementor-widget-image\" data-id=\"a86d6ea\" data-element_type=\"widget\" data-e-type=\"widget\" data-widget_type=\"image.default\">\n\t\t\t\t<div class=\"elementor-widget-container\">\n\t\t\t\t\t\t\t\t\t\t\t\t\t\t\t<img fetchpriority=\"high\" decoding=\"async\" width=\"800\" height=\"275\" src=\"https:\/\/molinspares.com\/wp-content\/uploads\/certificaciones-abogados-barcelona-2025-Best-layers.jpg\" class=\"attachment-large size-large wp-image-6691\" alt=\"\" srcset=\"https:\/\/molinspares.com\/wp-content\/uploads\/certificaciones-abogados-barcelona-2025-Best-layers.jpg 800w, https:\/\/molinspares.com\/wp-content\/uploads\/certificaciones-abogados-barcelona-2025-Best-layers-300x103.jpg 300w, https:\/\/molinspares.com\/wp-content\/uploads\/certificaciones-abogados-barcelona-2025-Best-layers-768x264.jpg 768w\" sizes=\"(max-width: 800px) 100vw, 800px\" \/>\t\t\t\t\t\t\t\t\t\t\t\t\t\t\t<\/div>\n\t\t\t\t<\/div>\n\t\t\t\t<\/div>\n\t\t<div class=\"elementor-element elementor-element-1d490162 e-con-full e-flex e-con e-child\" data-id=\"1d490162\" data-element_type=\"container\" data-e-type=\"container\">\n\t\t\t\t<div class=\"elementor-element elementor-element-7bf2046c e-transform elementor-widget elementor-widget-heading\" data-id=\"7bf2046c\" data-element_type=\"widget\" data-e-type=\"widget\" data-settings=\"{&quot;_transform_translateY_effect_mobile&quot;:{&quot;unit&quot;:&quot;px&quot;,&quot;size&quot;:0,&quot;sizes&quot;:[]},&quot;_transform_translateX_effect&quot;:{&quot;unit&quot;:&quot;px&quot;,&quot;size&quot;:&quot;&quot;,&quot;sizes&quot;:[]},&quot;_transform_translateX_effect_laptop&quot;:{&quot;unit&quot;:&quot;px&quot;,&quot;size&quot;:&quot;&quot;,&quot;sizes&quot;:[]},&quot;_transform_translateX_effect_tablet&quot;:{&quot;unit&quot;:&quot;px&quot;,&quot;size&quot;:&quot;&quot;,&quot;sizes&quot;:[]},&quot;_transform_translateX_effect_mobile&quot;:{&quot;unit&quot;:&quot;px&quot;,&quot;size&quot;:&quot;&quot;,&quot;sizes&quot;:[]},&quot;_transform_translateY_effect&quot;:{&quot;unit&quot;:&quot;px&quot;,&quot;size&quot;:&quot;&quot;,&quot;sizes&quot;:[]},&quot;_transform_translateY_effect_laptop&quot;:{&quot;unit&quot;:&quot;px&quot;,&quot;size&quot;:&quot;&quot;,&quot;sizes&quot;:[]},&quot;_transform_translateY_effect_tablet&quot;:{&quot;unit&quot;:&quot;px&quot;,&quot;size&quot;:&quot;&quot;,&quot;sizes&quot;:[]}}\" data-widget_type=\"heading.default\">\n\t\t\t\t<div class=\"elementor-widget-container\">\n\t\t\t\t\t<h4 class=\"elementor-heading-title elementor-size-default\">Queralt Cirre Jim\u00e9nez, avocate p\u00e9naliste et criminologue, a commenc\u00e9 sa carri\u00e8re professionnelle au sein du cabinet Molins &amp; Par\u00e9s et s'est inscrite au barreau en 2023. Engag\u00e9e en faveur de la justice, elle combine sa solide formation en droit et en criminologie avec une sp\u00e9cialisation continue dans des domaines cl\u00e9s tels que la violence \u00e0 l'\u00e9gard des femmes, la comp\u00e9tence des mineurs et le respect de la loi.<\/h4>\t\t\t\t<\/div>\n\t\t\t\t<\/div>\n\t\t\t\t<div class=\"elementor-element elementor-element-3d453f2c lista-con-chevron elementor-widget elementor-widget-text-editor\" data-id=\"3d453f2c\" data-element_type=\"widget\" data-e-type=\"widget\" data-widget_type=\"text-editor.default\">\n\t\t\t\t<div class=\"elementor-widget-container\">\n\t\t\t\t\t\t\t\t\t<ul><li>P\u00e9naliste et criminologue, elle a commenc\u00e9 sa carri\u00e8re professionnelle au sein du cabinet Molins &amp; Par\u00e9s et est devenue membre du barreau en 2023. Engag\u00e9e en faveur de la justice, elle combine sa solide formation en droit et en criminologie avec une sp\u00e9cialisation permanente dans des domaines cl\u00e9s tels que la violence \u00e0 l&rsquo;\u00e9gard des femmes, la juridiction des mineurs et le respect de la loi.<\/li><li>Pendant les ann\u00e9es 2021 et 2022, il a \u00e9tudi\u00e9 le Master en acc\u00e8s \u00e0 la profession juridique \u00e0 l&rsquo;Universit\u00e9 Pompeu Fabra &#8211; Barcelona School of Management.<\/li><li>Apr\u00e8s avoir commenc\u00e9 son stage au sein du cabinet Molins &amp; Par\u00e9s, elle a rejoint ce m\u00eame cabinet en tant qu&rsquo;avocate p\u00e9naliste dipl\u00f4m\u00e9e en 2023. Depuis lors, il s&rsquo;est engag\u00e9 \u00e0 suivre une formation continue en participant \u00e0 des cours et \u00e0 des conf\u00e9rences portant sur les diff\u00e9rents domaines qui composent le droit p\u00e9nal, ce qui lui a permis, entre autres, de se sp\u00e9cialiser dans la violence de genre (ICAB, 2024), la juridiction des mineurs (ICAB, 2024) et le respect de la loi (IEB, 2024).<\/li><li>Queralt a particip\u00e9 en tant qu&rsquo;orateur \u00e0 la session du cours de droit p\u00e9nal 0 sur \u00ab L&rsquo;ex\u00e9cution de la peine dans la proc\u00e9dure p\u00e9nale \u00bb, donn\u00e9 par le Barreau de Barcelone, organis\u00e9 par le groupe des jeunes avocats (GAJ) et la section de droit p\u00e9nal.<\/li><\/ul>\t\t\t\t\t\t\t\t<\/div>\n\t\t\t\t<\/div>\n\t\t\t\t<\/div>\n\t\t<div class=\"elementor-element elementor-element-6c652266 e-con-full e-flex e-con e-child\" data-id=\"6c652266\" data-element_type=\"container\" data-e-type=\"container\">\n\t\t\t\t<div class=\"elementor-element elementor-element-22a05116 elementor-widget elementor-widget-image\" data-id=\"22a05116\" data-element_type=\"widget\" data-e-type=\"widget\" data-widget_type=\"image.default\">\n\t\t\t\t<div class=\"elementor-widget-container\">\n\t\t\t\t\t\t\t\t\t\t\t\t\t\t\t<img decoding=\"async\" width=\"600\" height=\"900\" src=\"https:\/\/molinspares.com\/wp-content\/uploads\/Abogado_2_Queralt-Cirre.jpg\" class=\"attachment-large size-large wp-image-6567\" alt=\"\" srcset=\"https:\/\/molinspares.com\/wp-content\/uploads\/Abogado_2_Queralt-Cirre.jpg 600w, https:\/\/molinspares.com\/wp-content\/uploads\/Abogado_2_Queralt-Cirre-200x300.jpg 200w\" sizes=\"(max-width: 600px) 100vw, 600px\" \/>\t\t\t\t\t\t\t\t\t\t\t\t\t\t\t<\/div>\n\t\t\t\t<\/div>\n\t\t\t\t<\/div>\n\t\t\t\t\t<\/div>\n\t\t\t\t<\/div>\n\t\t\t\t<\/div>\n\t\t","protected":false},"excerpt":{"rendered":"<p>Avocat<\/p>\n","protected":false},"author":1,"featured_media":6495,"parent":0,"menu_order":29,"comment_status":"closed","ping_status":"closed","template":"","meta":{"footnotes":""},"categories":[158],"tags":[],"class_list":["post-7150","page","type-page","status-publish","has-post-thumbnail","hentry","category-lequipe"],"yoast_head":"<!-- This site is optimized with the Yoast SEO Premium plugin v26.1 (Yoast SEO v27.2) - https:\/\/yoast.com\/product\/yoast-seo-premium-wordpress\/ -->\n<title>Queralt Cirre Jim\u00e9nez : Avocat \u00e0 Barcelone : Molins Par\u00e9s<\/title>\n<meta name=\"description\" content=\"Queralt Cirre Jim\u00e9nez est un avocat \u00e0 Barcelone Vous cherchez un avocat \u00e0 Barcelone ? Molins Par\u00e9s est votre solution. Contactez-nous d\u00e8s maintenant pour obtenir des conseils.\" \/>\n<meta name=\"robots\" content=\"index, follow, max-snippet:-1, max-image-preview:large, max-video-preview:-1\" \/>\n<link rel=\"canonical\" href=\"https:\/\/molinspares.com\/fr\/queralt-cirre-jimenez\/\" \/>\n<meta property=\"og:locale\" content=\"fr_FR\" \/>\n<meta property=\"og:type\" content=\"article\" \/>\n<meta property=\"og:title\" content=\"Queralt Cirre Jim\u00e9nez\" \/>\n<meta property=\"og:description\" content=\"Queralt Cirre Jim\u00e9nez est un avocat \u00e0 Barcelone Vous cherchez un avocat \u00e0 Barcelone ? Molins Par\u00e9s est votre solution. Contactez-nous d\u00e8s maintenant pour obtenir des conseils.\" \/>\n<meta property=\"og:url\" content=\"https:\/\/molinspares.com\/fr\/queralt-cirre-jimenez\/\" \/>\n<meta property=\"og:site_name\" content=\"Molins Par\u00e9s - Despacho de Abogados Penalistas en Barcelona | Excelencia y Privacidad\" \/>\n<meta property=\"article:publisher\" content=\"https:\/\/www.facebook.com\/profile.php?id=100067944420137\" \/>\n<meta property=\"article:modified_time\" content=\"2025-10-24T08:46:50+00:00\" \/>\n<meta property=\"og:image\" content=\"https:\/\/molinspares.com\/wp-content\/uploads\/Abogado_1_Queralt-Cirre.jpg\" \/>\n\t<meta property=\"og:image:width\" content=\"400\" \/>\n\t<meta property=\"og:image:height\" content=\"600\" \/>\n\t<meta property=\"og:image:type\" content=\"image\/jpeg\" \/>\n<meta name=\"twitter:card\" content=\"summary_large_image\" \/>\n<meta name=\"twitter:label1\" content=\"Dur\u00e9e de lecture estim\u00e9e\" \/>\n\t<meta name=\"twitter:data1\" content=\"2 minutes\" \/>\n<script type=\"application\/ld+json\" class=\"yoast-schema-graph\">{\"@context\":\"https:\/\/schema.org\",\"@graph\":[{\"@type\":\"WebPage\",\"@id\":\"https:\/\/molinspares.com\/fr\/queralt-cirre-jimenez\/\",\"url\":\"https:\/\/molinspares.com\/fr\/queralt-cirre-jimenez\/\",\"name\":\"Queralt Cirre Jim\u00e9nez : Avocat \u00e0 Barcelone : Molins Par\u00e9s\",\"isPartOf\":{\"@id\":\"https:\/\/molinspares.com\/fr\/#website\"},\"primaryImageOfPage\":{\"@id\":\"https:\/\/molinspares.com\/fr\/queralt-cirre-jimenez\/#primaryimage\"},\"image\":{\"@id\":\"https:\/\/molinspares.com\/fr\/queralt-cirre-jimenez\/#primaryimage\"},\"thumbnailUrl\":\"https:\/\/molinspares.com\/wp-content\/uploads\/Abogado_1_Queralt-Cirre.jpg\",\"datePublished\":\"2024-01-12T19:04:28+00:00\",\"dateModified\":\"2025-10-24T08:46:50+00:00\",\"description\":\"Queralt Cirre Jim\u00e9nez est un avocat \u00e0 Barcelone Vous cherchez un avocat \u00e0 Barcelone ? Molins Par\u00e9s est votre solution. Contactez-nous d\u00e8s maintenant pour obtenir des conseils.\",\"breadcrumb\":{\"@id\":\"https:\/\/molinspares.com\/fr\/queralt-cirre-jimenez\/#breadcrumb\"},\"inLanguage\":\"fr-FR\",\"potentialAction\":[{\"@type\":\"ReadAction\",\"target\":[\"https:\/\/molinspares.com\/fr\/queralt-cirre-jimenez\/\"]}]},{\"@type\":\"ImageObject\",\"inLanguage\":\"fr-FR\",\"@id\":\"https:\/\/molinspares.com\/fr\/queralt-cirre-jimenez\/#primaryimage\",\"url\":\"https:\/\/molinspares.com\/wp-content\/uploads\/Abogado_1_Queralt-Cirre.jpg\",\"contentUrl\":\"https:\/\/molinspares.com\/wp-content\/uploads\/Abogado_1_Queralt-Cirre.jpg\",\"width\":400,\"height\":600},{\"@type\":\"BreadcrumbList\",\"@id\":\"https:\/\/molinspares.com\/fr\/queralt-cirre-jimenez\/#breadcrumb\",\"itemListElement\":[{\"@type\":\"ListItem\",\"position\":1,\"name\":\"Portada\",\"item\":\"https:\/\/molinspares.com\/fr\/\"},{\"@type\":\"ListItem\",\"position\":2,\"name\":\"Queralt Cirre Jim\u00e9nez\"}]},{\"@type\":\"WebSite\",\"@id\":\"https:\/\/molinspares.com\/fr\/#website\",\"url\":\"https:\/\/molinspares.com\/fr\/\",\"name\":\"Molins & Par\u00e9s - Despacho de Abogados Penalistas en Barcelona\",\"description\":\"En Molins &amp; Par\u00e9s somos especialistas en derecho penal. Garantizamos la privacidad del cliente y la m\u00e1xima excelencia en cada caso. \u00a1Cont\u00e1ctanos!\",\"publisher\":{\"@id\":\"https:\/\/molinspares.com\/fr\/#organization\"},\"alternateName\":\"Molins & Par\u00e9s\",\"potentialAction\":[{\"@type\":\"SearchAction\",\"target\":{\"@type\":\"EntryPoint\",\"urlTemplate\":\"https:\/\/molinspares.com\/fr\/?s={search_term_string}\"},\"query-input\":{\"@type\":\"PropertyValueSpecification\",\"valueRequired\":true,\"valueName\":\"search_term_string\"}}],\"inLanguage\":\"fr-FR\"},{\"@type\":\"Organization\",\"@id\":\"https:\/\/molinspares.com\/fr\/#organization\",\"name\":\"Molins & Par\u00e9s - Despacho de Abogados Penalistas en Barcelona\",\"alternateName\":\"Molins & Par\u00e9s\",\"url\":\"https:\/\/molinspares.com\/fr\/\",\"logo\":{\"@type\":\"ImageObject\",\"inLanguage\":\"fr-FR\",\"@id\":\"https:\/\/molinspares.com\/fr\/#\/schema\/logo\/image\/\",\"url\":\"https:\/\/molinspares.com\/wp-content\/uploads\/logo_MolinsPares-2.jpg\",\"contentUrl\":\"https:\/\/molinspares.com\/wp-content\/uploads\/logo_MolinsPares-2.jpg\",\"width\":512,\"height\":512,\"caption\":\"Molins & Par\u00e9s - Despacho de Abogados Penalistas en Barcelona\"},\"image\":{\"@id\":\"https:\/\/molinspares.com\/fr\/#\/schema\/logo\/image\/\"},\"sameAs\":[\"https:\/\/www.facebook.com\/profile.php?id=100067944420137\",\"https:\/\/www.linkedin.com\/in\/molins-pars-penal-compliance-44383b65\/\"],\"publishingPrinciples\":\"https:\/\/molinspares.com\/politica-privacidad\/\",\"ownershipFundingInfo\":\"https:\/\/molinspares.com\/politica-privacidad\/\",\"actionableFeedbackPolicy\":\"https:\/\/molinspares.com\/politica-privacidad\/\",\"correctionsPolicy\":\"https:\/\/molinspares.com\/politica-privacidad\/\",\"ethicsPolicy\":\"https:\/\/molinspares.com\/politica-privacidad\/\",\"diversityPolicy\":\"https:\/\/molinspares.com\/politica-privacidad\/\",\"diversityStaffingReport\":\"https:\/\/molinspares.com\/politica-privacidad\/\"}]}<\/script>\n<!-- \/ Yoast SEO Premium plugin. -->","yoast_head_json":{"title":"Queralt Cirre Jim\u00e9nez : Avocat \u00e0 Barcelone : Molins Par\u00e9s","description":"Queralt Cirre Jim\u00e9nez est un avocat \u00e0 Barcelone Vous cherchez un avocat \u00e0 Barcelone ? Molins Par\u00e9s est votre solution. Contactez-nous d\u00e8s maintenant pour obtenir des conseils.","robots":{"index":"index","follow":"follow","max-snippet":"max-snippet:-1","max-image-preview":"max-image-preview:large","max-video-preview":"max-video-preview:-1"},"canonical":"https:\/\/molinspares.com\/fr\/queralt-cirre-jimenez\/","og_locale":"fr_FR","og_type":"article","og_title":"Queralt Cirre Jim\u00e9nez","og_description":"Queralt Cirre Jim\u00e9nez est un avocat \u00e0 Barcelone Vous cherchez un avocat \u00e0 Barcelone ? Molins Par\u00e9s est votre solution. Contactez-nous d\u00e8s maintenant pour obtenir des conseils.","og_url":"https:\/\/molinspares.com\/fr\/queralt-cirre-jimenez\/","og_site_name":"Molins Par\u00e9s - Despacho de Abogados Penalistas en Barcelona | Excelencia y Privacidad","article_publisher":"https:\/\/www.facebook.com\/profile.php?id=100067944420137","article_modified_time":"2025-10-24T08:46:50+00:00","og_image":[{"width":400,"height":600,"url":"https:\/\/molinspares.com\/wp-content\/uploads\/Abogado_1_Queralt-Cirre.jpg","type":"image\/jpeg"}],"twitter_card":"summary_large_image","twitter_misc":{"Dur\u00e9e de lecture estim\u00e9e":"2 minutes"},"schema":{"@context":"https:\/\/schema.org","@graph":[{"@type":"WebPage","@id":"https:\/\/molinspares.com\/fr\/queralt-cirre-jimenez\/","url":"https:\/\/molinspares.com\/fr\/queralt-cirre-jimenez\/","name":"Queralt Cirre Jim\u00e9nez : Avocat \u00e0 Barcelone : Molins Par\u00e9s","isPartOf":{"@id":"https:\/\/molinspares.com\/fr\/#website"},"primaryImageOfPage":{"@id":"https:\/\/molinspares.com\/fr\/queralt-cirre-jimenez\/#primaryimage"},"image":{"@id":"https:\/\/molinspares.com\/fr\/queralt-cirre-jimenez\/#primaryimage"},"thumbnailUrl":"https:\/\/molinspares.com\/wp-content\/uploads\/Abogado_1_Queralt-Cirre.jpg","datePublished":"2024-01-12T19:04:28+00:00","dateModified":"2025-10-24T08:46:50+00:00","description":"Queralt Cirre Jim\u00e9nez est un avocat \u00e0 Barcelone Vous cherchez un avocat \u00e0 Barcelone ? Molins Par\u00e9s est votre solution. Contactez-nous d\u00e8s maintenant pour obtenir des conseils.","breadcrumb":{"@id":"https:\/\/molinspares.com\/fr\/queralt-cirre-jimenez\/#breadcrumb"},"inLanguage":"fr-FR","potentialAction":[{"@type":"ReadAction","target":["https:\/\/molinspares.com\/fr\/queralt-cirre-jimenez\/"]}]},{"@type":"ImageObject","inLanguage":"fr-FR","@id":"https:\/\/molinspares.com\/fr\/queralt-cirre-jimenez\/#primaryimage","url":"https:\/\/molinspares.com\/wp-content\/uploads\/Abogado_1_Queralt-Cirre.jpg","contentUrl":"https:\/\/molinspares.com\/wp-content\/uploads\/Abogado_1_Queralt-Cirre.jpg","width":400,"height":600},{"@type":"BreadcrumbList","@id":"https:\/\/molinspares.com\/fr\/queralt-cirre-jimenez\/#breadcrumb","itemListElement":[{"@type":"ListItem","position":1,"name":"Portada","item":"https:\/\/molinspares.com\/fr\/"},{"@type":"ListItem","position":2,"name":"Queralt Cirre Jim\u00e9nez"}]},{"@type":"WebSite","@id":"https:\/\/molinspares.com\/fr\/#website","url":"https:\/\/molinspares.com\/fr\/","name":"Molins & Par\u00e9s - Despacho de Abogados Penalistas en Barcelona","description":"En Molins &amp; Par\u00e9s somos especialistas en derecho penal. Garantizamos la privacidad del cliente y la m\u00e1xima excelencia en cada caso. \u00a1Cont\u00e1ctanos!","publisher":{"@id":"https:\/\/molinspares.com\/fr\/#organization"},"alternateName":"Molins & Par\u00e9s","potentialAction":[{"@type":"SearchAction","target":{"@type":"EntryPoint","urlTemplate":"https:\/\/molinspares.com\/fr\/?s={search_term_string}"},"query-input":{"@type":"PropertyValueSpecification","valueRequired":true,"valueName":"search_term_string"}}],"inLanguage":"fr-FR"},{"@type":"Organization","@id":"https:\/\/molinspares.com\/fr\/#organization","name":"Molins & Par\u00e9s - Despacho de Abogados Penalistas en Barcelona","alternateName":"Molins & Par\u00e9s","url":"https:\/\/molinspares.com\/fr\/","logo":{"@type":"ImageObject","inLanguage":"fr-FR","@id":"https:\/\/molinspares.com\/fr\/#\/schema\/logo\/image\/","url":"https:\/\/molinspares.com\/wp-content\/uploads\/logo_MolinsPares-2.jpg","contentUrl":"https:\/\/molinspares.com\/wp-content\/uploads\/logo_MolinsPares-2.jpg","width":512,"height":512,"caption":"Molins & Par\u00e9s - Despacho de Abogados Penalistas en Barcelona"},"image":{"@id":"https:\/\/molinspares.com\/fr\/#\/schema\/logo\/image\/"},"sameAs":["https:\/\/www.facebook.com\/profile.php?id=100067944420137","https:\/\/www.linkedin.com\/in\/molins-pars-penal-compliance-44383b65\/"],"publishingPrinciples":"https:\/\/molinspares.com\/politica-privacidad\/","ownershipFundingInfo":"https:\/\/molinspares.com\/politica-privacidad\/","actionableFeedbackPolicy":"https:\/\/molinspares.com\/politica-privacidad\/","correctionsPolicy":"https:\/\/molinspares.com\/politica-privacidad\/","ethicsPolicy":"https:\/\/molinspares.com\/politica-privacidad\/","diversityPolicy":"https:\/\/molinspares.com\/politica-privacidad\/","diversityStaffingReport":"https:\/\/molinspares.com\/politica-privacidad\/"}]}},"_links":{"self":[{"href":"https:\/\/molinspares.com\/fr\/wp-json\/wp\/v2\/pages\/7150","targetHints":{"allow":["GET"]}}],"collection":[{"href":"https:\/\/molinspares.com\/fr\/wp-json\/wp\/v2\/pages"}],"about":[{"href":"https:\/\/molinspares.com\/fr\/wp-json\/wp\/v2\/types\/page"}],"author":[{"embeddable":true,"href":"https:\/\/molinspares.com\/fr\/wp-json\/wp\/v2\/users\/1"}],"replies":[{"embeddable":true,"href":"https:\/\/molinspares.com\/fr\/wp-json\/wp\/v2\/comments?post=7150"}],"version-history":[{"count":2,"href":"https:\/\/molinspares.com\/fr\/wp-json\/wp\/v2\/pages\/7150\/revisions"}],"predecessor-version":[{"id":8104,"href":"https:\/\/molinspares.com\/fr\/wp-json\/wp\/v2\/pages\/7150\/revisions\/8104"}],"wp:featuredmedia":[{"embeddable":true,"href":"https:\/\/molinspares.com\/fr\/wp-json\/wp\/v2\/media\/6495"}],"wp:attachment":[{"href":"https:\/\/molinspares.com\/fr\/wp-json\/wp\/v2\/media?parent=7150"}],"wp:term":[{"taxonomy":"category","embeddable":true,"href":"https:\/\/molinspares.com\/fr\/wp-json\/wp\/v2\/categories?post=7150"},{"taxonomy":"post_tag","embeddable":true,"href":"https:\/\/molinspares.com\/fr\/wp-json\/wp\/v2\/tags?post=7150"}],"curies":[{"name":"wp","href":"https:\/\/api.w.org\/{rel}","templated":true}]}}