{"id":7119,"date":"2024-01-12T17:45:38","date_gmt":"2024-01-12T16:45:38","guid":{"rendered":"https:\/\/molinspares.com\/infractions-contre-la-liberte\/"},"modified":"2025-06-19T22:37:46","modified_gmt":"2025-06-19T20:37:46","slug":"infractions-contre-la-liberte","status":"publish","type":"page","link":"https:\/\/molinspares.com\/fr\/infractions-contre-la-liberte\/","title":{"rendered":"Infractions contre la libert\u00e9"},"content":{"rendered":"\n<p><strong>CRIME DE MENACES<\/strong><strong> (art. 169 \u00e0 171 CP) :<\/strong> consiste \u00e0 annoncer \u00e0 une autre personne qu&rsquo;elle va lui causer du tort, \u00e0 sa famille ou \u00e0 d&rsquo;autres personnes avec lesquelles elle est intimement li\u00e9e.<\/p>\n\n<p><strong>CRIME DE COERCION<\/strong><strong> (art. 172 CP) :<\/strong> punit la personne qui contraint ou emp\u00eache un tiers d&rsquo;agir ou de faire, par l&rsquo;usage de la violence, de l&rsquo;intimidation ou de la force des choses, ce qu&rsquo;il ne veut pas ou ce que la loi n&rsquo;interdit pas.<\/p>\n\n<p><strong>STALKING <\/strong><strong>(art. 172 ter CP) :<\/strong> punit l&rsquo;action de quiconque surveille, poursuit, \u00e9tablit ou tente d&rsquo;\u00e9tablir un contact par quelque moyen que ce soit ou par l&rsquo;interm\u00e9diaire d&rsquo;une tierce personne, d\u00e8s lors que ces actions sont men\u00e9es de mani\u00e8re insistante et affectent la vie de la personne qui subit ces comportements.<\/p>\n\n<p><strong>INFRACTION DE \u00ab\u00a0MOOBING AU TRAVAIL\u00a0\u00bb<\/strong><strong> (art. 173 CP) :<\/strong>punit toute personne qui, profitant d&rsquo;une relation de sup\u00e9riorit\u00e9 sur le lieu de travail ou dans la fonction publique, commet des actes hostiles ou humiliants \u00e0 l&rsquo;\u00e9gard d&rsquo;une personne.<\/p>\n\n<p><strong>CRIME DE \u00ab\u00a0MOBIEN DE PROPRI\u00c9T\u00c9<\/strong>\u00ab\u00a0<strong><\/strong> <strong>(art. 173 CP) :<\/strong>punit celui qui accomplit constamment des actes hostiles ou humiliants \u00e0 l&rsquo;\u00e9gard d&rsquo;une personne, dans le but de l&#8217;emp\u00eacher d&rsquo;avoir la jouissance l\u00e9gitime de son domicile.<\/p>\n","protected":false},"excerpt":{"rendered":"<p>CRIME DE MENACES (art. 169 \u00e0 171 CP) : consiste \u00e0 annoncer \u00e0 une autre personne qu&rsquo;elle va lui causer du tort, \u00e0 sa famille ou \u00e0 d&rsquo;autres personnes avec lesquelles elle est intimement li\u00e9e. CRIME DE COERCION (art. 172 CP) : punit la personne qui contraint ou emp\u00eache un tiers d&rsquo;agir ou de faire, [&hellip;]<\/p>\n","protected":false},"author":1,"featured_media":5963,"parent":0,"menu_order":64,"comment_status":"closed","ping_status":"closed","template":"","meta":{"footnotes":""},"categories":[162],"tags":[],"class_list":["post-7119","page","type-page","status-publish","has-post-thumbnail","hentry","category-defense-penale"],"yoast_head":"<!-- This site is optimized with the Yoast SEO Premium plugin v26.1 (Yoast SEO v27.2) - https:\/\/yoast.com\/product\/yoast-seo-premium-wordpress\/ -->\n<title>Avocat Crimes de menaces, coercition, harc\u00e8lement ou mobbing \u00e0 Barcelone<\/title>\n<meta name=\"description\" content=\"Molis Par\u00e9s est un cabinet d&#039;avocats de Barcelone sp\u00e9cialis\u00e9 dans les crimes contre les libert\u00e9s. Nous d\u00e9fendons vos droits. Prenez contact avec nous !\" \/>\n<meta name=\"robots\" content=\"index, follow, max-snippet:-1, max-image-preview:large, max-video-preview:-1\" \/>\n<link rel=\"canonical\" href=\"https:\/\/molinspares.com\/fr\/infractions-contre-la-liberte\/\" \/>\n<meta property=\"og:locale\" content=\"fr_FR\" \/>\n<meta property=\"og:type\" content=\"article\" \/>\n<meta property=\"og:title\" content=\"Infractions contre la libert\u00e9\" \/>\n<meta property=\"og:description\" content=\"Molis Par\u00e9s est un cabinet d&#039;avocats de Barcelone sp\u00e9cialis\u00e9 dans les crimes contre les libert\u00e9s. Nous d\u00e9fendons vos droits. Prenez contact avec nous !\" \/>\n<meta property=\"og:url\" content=\"https:\/\/molinspares.com\/fr\/infractions-contre-la-liberte\/\" \/>\n<meta property=\"og:site_name\" content=\"Molins Par\u00e9s - Despacho de Abogados Penalistas en Barcelona | Excelencia y Privacidad\" \/>\n<meta property=\"article:publisher\" content=\"https:\/\/www.facebook.com\/profile.php?id=100067944420137\" \/>\n<meta property=\"article:modified_time\" content=\"2025-06-19T20:37:46+00:00\" \/>\n<meta property=\"og:image\" content=\"https:\/\/molinspares.com\/wp-content\/uploads\/Delitos-contra-el-patrimonio-y-contra-el-orden-socio-economico.jpg\" \/>\n\t<meta property=\"og:image:width\" content=\"600\" \/>\n\t<meta property=\"og:image:height\" content=\"900\" \/>\n\t<meta property=\"og:image:type\" content=\"image\/jpeg\" \/>\n<meta name=\"twitter:card\" content=\"summary_large_image\" \/>\n<meta name=\"twitter:label1\" content=\"Dur\u00e9e de lecture estim\u00e9e\" \/>\n\t<meta name=\"twitter:data1\" content=\"1 minute\" \/>\n<script type=\"application\/ld+json\" class=\"yoast-schema-graph\">{\"@context\":\"https:\/\/schema.org\",\"@graph\":[{\"@type\":\"WebPage\",\"@id\":\"https:\/\/molinspares.com\/fr\/infractions-contre-la-liberte\/\",\"url\":\"https:\/\/molinspares.com\/fr\/infractions-contre-la-liberte\/\",\"name\":\"Avocat Crimes de menaces, coercition, harc\u00e8lement ou mobbing \u00e0 Barcelone\",\"isPartOf\":{\"@id\":\"https:\/\/molinspares.com\/fr\/#website\"},\"primaryImageOfPage\":{\"@id\":\"https:\/\/molinspares.com\/fr\/infractions-contre-la-liberte\/#primaryimage\"},\"image\":{\"@id\":\"https:\/\/molinspares.com\/fr\/infractions-contre-la-liberte\/#primaryimage\"},\"thumbnailUrl\":\"https:\/\/molinspares.com\/wp-content\/uploads\/Delitos-contra-el-patrimonio-y-contra-el-orden-socio-economico.jpg\",\"datePublished\":\"2024-01-12T16:45:38+00:00\",\"dateModified\":\"2025-06-19T20:37:46+00:00\",\"description\":\"Molis Par\u00e9s est un cabinet d'avocats de Barcelone sp\u00e9cialis\u00e9 dans les crimes contre les libert\u00e9s. Nous d\u00e9fendons vos droits. Prenez contact avec nous !\",\"breadcrumb\":{\"@id\":\"https:\/\/molinspares.com\/fr\/infractions-contre-la-liberte\/#breadcrumb\"},\"inLanguage\":\"fr-FR\",\"potentialAction\":[{\"@type\":\"ReadAction\",\"target\":[\"https:\/\/molinspares.com\/fr\/infractions-contre-la-liberte\/\"]}]},{\"@type\":\"ImageObject\",\"inLanguage\":\"fr-FR\",\"@id\":\"https:\/\/molinspares.com\/fr\/infractions-contre-la-liberte\/#primaryimage\",\"url\":\"https:\/\/molinspares.com\/wp-content\/uploads\/Delitos-contra-el-patrimonio-y-contra-el-orden-socio-economico.jpg\",\"contentUrl\":\"https:\/\/molinspares.com\/wp-content\/uploads\/Delitos-contra-el-patrimonio-y-contra-el-orden-socio-economico.jpg\",\"width\":600,\"height\":900},{\"@type\":\"BreadcrumbList\",\"@id\":\"https:\/\/molinspares.com\/fr\/infractions-contre-la-liberte\/#breadcrumb\",\"itemListElement\":[{\"@type\":\"ListItem\",\"position\":1,\"name\":\"Portada\",\"item\":\"https:\/\/molinspares.com\/fr\/\"},{\"@type\":\"ListItem\",\"position\":2,\"name\":\"Infractions contre la libert\u00e9\"}]},{\"@type\":\"WebSite\",\"@id\":\"https:\/\/molinspares.com\/fr\/#website\",\"url\":\"https:\/\/molinspares.com\/fr\/\",\"name\":\"Molins & Par\u00e9s - Despacho de Abogados Penalistas en Barcelona\",\"description\":\"En Molins &amp; Par\u00e9s somos especialistas en derecho penal. Garantizamos la privacidad del cliente y la m\u00e1xima excelencia en cada caso. \u00a1Cont\u00e1ctanos!\",\"publisher\":{\"@id\":\"https:\/\/molinspares.com\/fr\/#organization\"},\"alternateName\":\"Molins & Par\u00e9s\",\"potentialAction\":[{\"@type\":\"SearchAction\",\"target\":{\"@type\":\"EntryPoint\",\"urlTemplate\":\"https:\/\/molinspares.com\/fr\/?s={search_term_string}\"},\"query-input\":{\"@type\":\"PropertyValueSpecification\",\"valueRequired\":true,\"valueName\":\"search_term_string\"}}],\"inLanguage\":\"fr-FR\"},{\"@type\":\"Organization\",\"@id\":\"https:\/\/molinspares.com\/fr\/#organization\",\"name\":\"Molins & Par\u00e9s - Despacho de Abogados Penalistas en Barcelona\",\"alternateName\":\"Molins & Par\u00e9s\",\"url\":\"https:\/\/molinspares.com\/fr\/\",\"logo\":{\"@type\":\"ImageObject\",\"inLanguage\":\"fr-FR\",\"@id\":\"https:\/\/molinspares.com\/fr\/#\/schema\/logo\/image\/\",\"url\":\"https:\/\/molinspares.com\/wp-content\/uploads\/logo_MolinsPares-2.jpg\",\"contentUrl\":\"https:\/\/molinspares.com\/wp-content\/uploads\/logo_MolinsPares-2.jpg\",\"width\":512,\"height\":512,\"caption\":\"Molins & Par\u00e9s - Despacho de Abogados Penalistas en Barcelona\"},\"image\":{\"@id\":\"https:\/\/molinspares.com\/fr\/#\/schema\/logo\/image\/\"},\"sameAs\":[\"https:\/\/www.facebook.com\/profile.php?id=100067944420137\",\"https:\/\/www.linkedin.com\/in\/molins-pars-penal-compliance-44383b65\/\"],\"publishingPrinciples\":\"https:\/\/molinspares.com\/politica-privacidad\/\",\"ownershipFundingInfo\":\"https:\/\/molinspares.com\/politica-privacidad\/\",\"actionableFeedbackPolicy\":\"https:\/\/molinspares.com\/politica-privacidad\/\",\"correctionsPolicy\":\"https:\/\/molinspares.com\/politica-privacidad\/\",\"ethicsPolicy\":\"https:\/\/molinspares.com\/politica-privacidad\/\",\"diversityPolicy\":\"https:\/\/molinspares.com\/politica-privacidad\/\",\"diversityStaffingReport\":\"https:\/\/molinspares.com\/politica-privacidad\/\"}]}<\/script>\n<!-- \/ Yoast SEO Premium plugin. -->","yoast_head_json":{"title":"Avocat Crimes de menaces, coercition, harc\u00e8lement ou mobbing \u00e0 Barcelone","description":"Molis Par\u00e9s est un cabinet d'avocats de Barcelone sp\u00e9cialis\u00e9 dans les crimes contre les libert\u00e9s. Nous d\u00e9fendons vos droits. Prenez contact avec nous !","robots":{"index":"index","follow":"follow","max-snippet":"max-snippet:-1","max-image-preview":"max-image-preview:large","max-video-preview":"max-video-preview:-1"},"canonical":"https:\/\/molinspares.com\/fr\/infractions-contre-la-liberte\/","og_locale":"fr_FR","og_type":"article","og_title":"Infractions contre la libert\u00e9","og_description":"Molis Par\u00e9s est un cabinet d'avocats de Barcelone sp\u00e9cialis\u00e9 dans les crimes contre les libert\u00e9s. Nous d\u00e9fendons vos droits. Prenez contact avec nous !","og_url":"https:\/\/molinspares.com\/fr\/infractions-contre-la-liberte\/","og_site_name":"Molins Par\u00e9s - Despacho de Abogados Penalistas en Barcelona | Excelencia y Privacidad","article_publisher":"https:\/\/www.facebook.com\/profile.php?id=100067944420137","article_modified_time":"2025-06-19T20:37:46+00:00","og_image":[{"width":600,"height":900,"url":"https:\/\/molinspares.com\/wp-content\/uploads\/Delitos-contra-el-patrimonio-y-contra-el-orden-socio-economico.jpg","type":"image\/jpeg"}],"twitter_card":"summary_large_image","twitter_misc":{"Dur\u00e9e de lecture estim\u00e9e":"1 minute"},"schema":{"@context":"https:\/\/schema.org","@graph":[{"@type":"WebPage","@id":"https:\/\/molinspares.com\/fr\/infractions-contre-la-liberte\/","url":"https:\/\/molinspares.com\/fr\/infractions-contre-la-liberte\/","name":"Avocat Crimes de menaces, coercition, harc\u00e8lement ou mobbing \u00e0 Barcelone","isPartOf":{"@id":"https:\/\/molinspares.com\/fr\/#website"},"primaryImageOfPage":{"@id":"https:\/\/molinspares.com\/fr\/infractions-contre-la-liberte\/#primaryimage"},"image":{"@id":"https:\/\/molinspares.com\/fr\/infractions-contre-la-liberte\/#primaryimage"},"thumbnailUrl":"https:\/\/molinspares.com\/wp-content\/uploads\/Delitos-contra-el-patrimonio-y-contra-el-orden-socio-economico.jpg","datePublished":"2024-01-12T16:45:38+00:00","dateModified":"2025-06-19T20:37:46+00:00","description":"Molis Par\u00e9s est un cabinet d'avocats de Barcelone sp\u00e9cialis\u00e9 dans les crimes contre les libert\u00e9s. Nous d\u00e9fendons vos droits. Prenez contact avec nous !","breadcrumb":{"@id":"https:\/\/molinspares.com\/fr\/infractions-contre-la-liberte\/#breadcrumb"},"inLanguage":"fr-FR","potentialAction":[{"@type":"ReadAction","target":["https:\/\/molinspares.com\/fr\/infractions-contre-la-liberte\/"]}]},{"@type":"ImageObject","inLanguage":"fr-FR","@id":"https:\/\/molinspares.com\/fr\/infractions-contre-la-liberte\/#primaryimage","url":"https:\/\/molinspares.com\/wp-content\/uploads\/Delitos-contra-el-patrimonio-y-contra-el-orden-socio-economico.jpg","contentUrl":"https:\/\/molinspares.com\/wp-content\/uploads\/Delitos-contra-el-patrimonio-y-contra-el-orden-socio-economico.jpg","width":600,"height":900},{"@type":"BreadcrumbList","@id":"https:\/\/molinspares.com\/fr\/infractions-contre-la-liberte\/#breadcrumb","itemListElement":[{"@type":"ListItem","position":1,"name":"Portada","item":"https:\/\/molinspares.com\/fr\/"},{"@type":"ListItem","position":2,"name":"Infractions contre la libert\u00e9"}]},{"@type":"WebSite","@id":"https:\/\/molinspares.com\/fr\/#website","url":"https:\/\/molinspares.com\/fr\/","name":"Molins & Par\u00e9s - Despacho de Abogados Penalistas en Barcelona","description":"En Molins &amp; Par\u00e9s somos especialistas en derecho penal. Garantizamos la privacidad del cliente y la m\u00e1xima excelencia en cada caso. \u00a1Cont\u00e1ctanos!","publisher":{"@id":"https:\/\/molinspares.com\/fr\/#organization"},"alternateName":"Molins & Par\u00e9s","potentialAction":[{"@type":"SearchAction","target":{"@type":"EntryPoint","urlTemplate":"https:\/\/molinspares.com\/fr\/?s={search_term_string}"},"query-input":{"@type":"PropertyValueSpecification","valueRequired":true,"valueName":"search_term_string"}}],"inLanguage":"fr-FR"},{"@type":"Organization","@id":"https:\/\/molinspares.com\/fr\/#organization","name":"Molins & Par\u00e9s - Despacho de Abogados Penalistas en Barcelona","alternateName":"Molins & Par\u00e9s","url":"https:\/\/molinspares.com\/fr\/","logo":{"@type":"ImageObject","inLanguage":"fr-FR","@id":"https:\/\/molinspares.com\/fr\/#\/schema\/logo\/image\/","url":"https:\/\/molinspares.com\/wp-content\/uploads\/logo_MolinsPares-2.jpg","contentUrl":"https:\/\/molinspares.com\/wp-content\/uploads\/logo_MolinsPares-2.jpg","width":512,"height":512,"caption":"Molins & Par\u00e9s - Despacho de Abogados Penalistas en Barcelona"},"image":{"@id":"https:\/\/molinspares.com\/fr\/#\/schema\/logo\/image\/"},"sameAs":["https:\/\/www.facebook.com\/profile.php?id=100067944420137","https:\/\/www.linkedin.com\/in\/molins-pars-penal-compliance-44383b65\/"],"publishingPrinciples":"https:\/\/molinspares.com\/politica-privacidad\/","ownershipFundingInfo":"https:\/\/molinspares.com\/politica-privacidad\/","actionableFeedbackPolicy":"https:\/\/molinspares.com\/politica-privacidad\/","correctionsPolicy":"https:\/\/molinspares.com\/politica-privacidad\/","ethicsPolicy":"https:\/\/molinspares.com\/politica-privacidad\/","diversityPolicy":"https:\/\/molinspares.com\/politica-privacidad\/","diversityStaffingReport":"https:\/\/molinspares.com\/politica-privacidad\/"}]}},"_links":{"self":[{"href":"https:\/\/molinspares.com\/fr\/wp-json\/wp\/v2\/pages\/7119","targetHints":{"allow":["GET"]}}],"collection":[{"href":"https:\/\/molinspares.com\/fr\/wp-json\/wp\/v2\/pages"}],"about":[{"href":"https:\/\/molinspares.com\/fr\/wp-json\/wp\/v2\/types\/page"}],"author":[{"embeddable":true,"href":"https:\/\/molinspares.com\/fr\/wp-json\/wp\/v2\/users\/1"}],"replies":[{"embeddable":true,"href":"https:\/\/molinspares.com\/fr\/wp-json\/wp\/v2\/comments?post=7119"}],"version-history":[{"count":1,"href":"https:\/\/molinspares.com\/fr\/wp-json\/wp\/v2\/pages\/7119\/revisions"}],"predecessor-version":[{"id":7120,"href":"https:\/\/molinspares.com\/fr\/wp-json\/wp\/v2\/pages\/7119\/revisions\/7120"}],"wp:featuredmedia":[{"embeddable":true,"href":"https:\/\/molinspares.com\/fr\/wp-json\/wp\/v2\/media\/5963"}],"wp:attachment":[{"href":"https:\/\/molinspares.com\/fr\/wp-json\/wp\/v2\/media?parent=7119"}],"wp:term":[{"taxonomy":"category","embeddable":true,"href":"https:\/\/molinspares.com\/fr\/wp-json\/wp\/v2\/categories?post=7119"},{"taxonomy":"post_tag","embeddable":true,"href":"https:\/\/molinspares.com\/fr\/wp-json\/wp\/v2\/tags?post=7119"}],"curies":[{"name":"wp","href":"https:\/\/api.w.org\/{rel}","templated":true}]}}