{"id":7105,"date":"2023-10-20T12:45:10","date_gmt":"2023-10-20T10:45:10","guid":{"rendered":"https:\/\/molinspares.com\/infractions-a-lordre-public\/"},"modified":"2025-06-19T22:37:46","modified_gmt":"2025-06-19T20:37:46","slug":"infractions-a-lordre-public","status":"publish","type":"page","link":"https:\/\/molinspares.com\/fr\/infractions-a-lordre-public\/","title":{"rendered":"Infractions \u00e0 l&rsquo;ordre public"},"content":{"rendered":"\n<ul class=\"wp-block-list\">\n<li><strong>INFRACTION D&rsquo;AGRESSION CONTRE L&rsquo;AUTORIT\u00c9 <\/strong><strong>(articles 550 \u00e0 556 du code p\u00e9nal) :<\/strong> consiste \u00e0 agresser ou \u00e0 r\u00e9sister (avec une intimidation ou une violence grave) \u00e0 l&rsquo;autorit\u00e9, \u00e0 ses agents ou \u00e0 des fonctionnaires publics dans l&rsquo;exercice de leurs fonctions.<\/li>\n\n\n\n<li><strong>CRIME DE D\u00c9TENTION D&rsquo;ARMES ILLICITES<\/strong><strong> (art. 563 \u00e0 570 CP) : <\/strong>Il s&rsquo;agit de la d\u00e9tention d&rsquo;armes dont la d\u00e9tention est interdite par la loi, ainsi que d&rsquo;armes r\u00e9glementaires dont les caract\u00e9ristiques de fabrication ont \u00e9t\u00e9 modifi\u00e9es.  <\/li>\n\n\n\n<li><strong>INFRACTION D&rsquo;ORGANISATION CRIMINELLE <\/strong><strong>(art. 570 bis) :<\/strong> punit les groupes compos\u00e9s de plus de deux personnes qui, de mani\u00e8re concert\u00e9e et coordonn\u00e9e, se r\u00e9partissent diverses t\u00e2ches ou fonctions dans le but de commettre des crimes.<\/li>\n\n\n\n<li><strong>CRIME D&rsquo;ENHALEMENT DU TERRORISME <\/strong><strong>(art. 578 CP) :<\/strong> Consiste \u00e0 faire publiquement l&rsquo;\u00e9loge ou la justification d&rsquo;actes de nature terroriste. Cette infraction comprend les actes de d\u00e9valorisation ou d&rsquo;humiliation des victimes d&rsquo;infractions terroristes ou de leurs proches.  <strong> <\/strong><\/li>\n<\/ul>\n","protected":false},"excerpt":{"rendered":"<p>Texte en vedette lorem ipsum dolor sit amet, consectetuer adipiscing eli adipiscing elit.<\/p>\n","protected":false},"author":1,"featured_media":5963,"parent":0,"menu_order":61,"comment_status":"closed","ping_status":"closed","template":"","meta":{"footnotes":""},"categories":[162],"tags":[],"class_list":["post-7105","page","type-page","status-publish","has-post-thumbnail","hentry","category-defense-penale"],"yoast_head":"<!-- This site is optimized with the Yoast SEO Premium plugin v26.1 (Yoast SEO v27.2) - https:\/\/yoast.com\/product\/yoast-seo-premium-wordpress\/ -->\n<title>Avocat D\u00e9lits d&#039;ordre public Barcelone | Molis Par\u00e9s<\/title>\n<meta name=\"description\" content=\"Molis Par\u00e9s est un cabinet d&#039;avocats de Barcelone sp\u00e9cialis\u00e9 dans les d\u00e9lits contre l&#039;ordre public. Nous d\u00e9fendons la s\u00e9curit\u00e9 et la tranquillit\u00e9 d&#039;esprit de la soci\u00e9t\u00e9. Contactez nous maintenant !\" \/>\n<meta name=\"robots\" content=\"index, follow, max-snippet:-1, max-image-preview:large, max-video-preview:-1\" \/>\n<link rel=\"canonical\" href=\"https:\/\/molinspares.com\/fr\/infractions-a-lordre-public\/\" \/>\n<meta property=\"og:locale\" content=\"fr_FR\" \/>\n<meta property=\"og:type\" content=\"article\" \/>\n<meta property=\"og:title\" content=\"Infractions \u00e0 l&#039;ordre public\" \/>\n<meta property=\"og:description\" content=\"Molis Par\u00e9s est un cabinet d&#039;avocats de Barcelone sp\u00e9cialis\u00e9 dans les d\u00e9lits contre l&#039;ordre public. Nous d\u00e9fendons la s\u00e9curit\u00e9 et la tranquillit\u00e9 d&#039;esprit de la soci\u00e9t\u00e9. Contactez nous maintenant !\" \/>\n<meta property=\"og:url\" content=\"https:\/\/molinspares.com\/fr\/infractions-a-lordre-public\/\" \/>\n<meta property=\"og:site_name\" content=\"Molins Par\u00e9s - Despacho de Abogados Penalistas en Barcelona | Excelencia y Privacidad\" \/>\n<meta property=\"article:publisher\" content=\"https:\/\/www.facebook.com\/profile.php?id=100067944420137\" \/>\n<meta property=\"article:modified_time\" content=\"2025-06-19T20:37:46+00:00\" \/>\n<meta property=\"og:image\" content=\"https:\/\/molinspares.com\/wp-content\/uploads\/Delitos-contra-el-patrimonio-y-contra-el-orden-socio-economico.jpg\" \/>\n\t<meta property=\"og:image:width\" content=\"600\" \/>\n\t<meta property=\"og:image:height\" content=\"900\" \/>\n\t<meta property=\"og:image:type\" content=\"image\/jpeg\" \/>\n<meta name=\"twitter:card\" content=\"summary_large_image\" \/>\n<meta name=\"twitter:label1\" content=\"Dur\u00e9e de lecture estim\u00e9e\" \/>\n\t<meta name=\"twitter:data1\" content=\"1 minute\" \/>\n<script type=\"application\/ld+json\" class=\"yoast-schema-graph\">{\"@context\":\"https:\/\/schema.org\",\"@graph\":[{\"@type\":\"WebPage\",\"@id\":\"https:\/\/molinspares.com\/fr\/infractions-a-lordre-public\/\",\"url\":\"https:\/\/molinspares.com\/fr\/infractions-a-lordre-public\/\",\"name\":\"Avocat D\u00e9lits d'ordre public Barcelone | Molis Par\u00e9s\",\"isPartOf\":{\"@id\":\"https:\/\/molinspares.com\/fr\/#website\"},\"primaryImageOfPage\":{\"@id\":\"https:\/\/molinspares.com\/fr\/infractions-a-lordre-public\/#primaryimage\"},\"image\":{\"@id\":\"https:\/\/molinspares.com\/fr\/infractions-a-lordre-public\/#primaryimage\"},\"thumbnailUrl\":\"https:\/\/molinspares.com\/wp-content\/uploads\/Delitos-contra-el-patrimonio-y-contra-el-orden-socio-economico.jpg\",\"datePublished\":\"2023-10-20T10:45:10+00:00\",\"dateModified\":\"2025-06-19T20:37:46+00:00\",\"description\":\"Molis Par\u00e9s est un cabinet d'avocats de Barcelone sp\u00e9cialis\u00e9 dans les d\u00e9lits contre l'ordre public. Nous d\u00e9fendons la s\u00e9curit\u00e9 et la tranquillit\u00e9 d'esprit de la soci\u00e9t\u00e9. Contactez nous maintenant !\",\"breadcrumb\":{\"@id\":\"https:\/\/molinspares.com\/fr\/infractions-a-lordre-public\/#breadcrumb\"},\"inLanguage\":\"fr-FR\",\"potentialAction\":[{\"@type\":\"ReadAction\",\"target\":[\"https:\/\/molinspares.com\/fr\/infractions-a-lordre-public\/\"]}]},{\"@type\":\"ImageObject\",\"inLanguage\":\"fr-FR\",\"@id\":\"https:\/\/molinspares.com\/fr\/infractions-a-lordre-public\/#primaryimage\",\"url\":\"https:\/\/molinspares.com\/wp-content\/uploads\/Delitos-contra-el-patrimonio-y-contra-el-orden-socio-economico.jpg\",\"contentUrl\":\"https:\/\/molinspares.com\/wp-content\/uploads\/Delitos-contra-el-patrimonio-y-contra-el-orden-socio-economico.jpg\",\"width\":600,\"height\":900},{\"@type\":\"BreadcrumbList\",\"@id\":\"https:\/\/molinspares.com\/fr\/infractions-a-lordre-public\/#breadcrumb\",\"itemListElement\":[{\"@type\":\"ListItem\",\"position\":1,\"name\":\"Portada\",\"item\":\"https:\/\/molinspares.com\/fr\/\"},{\"@type\":\"ListItem\",\"position\":2,\"name\":\"Infractions \u00e0 l&#8217;ordre public\"}]},{\"@type\":\"WebSite\",\"@id\":\"https:\/\/molinspares.com\/fr\/#website\",\"url\":\"https:\/\/molinspares.com\/fr\/\",\"name\":\"Molins & Par\u00e9s - Despacho de Abogados Penalistas en Barcelona\",\"description\":\"En Molins &amp; Par\u00e9s somos especialistas en derecho penal. Garantizamos la privacidad del cliente y la m\u00e1xima excelencia en cada caso. \u00a1Cont\u00e1ctanos!\",\"publisher\":{\"@id\":\"https:\/\/molinspares.com\/fr\/#organization\"},\"alternateName\":\"Molins & Par\u00e9s\",\"potentialAction\":[{\"@type\":\"SearchAction\",\"target\":{\"@type\":\"EntryPoint\",\"urlTemplate\":\"https:\/\/molinspares.com\/fr\/?s={search_term_string}\"},\"query-input\":{\"@type\":\"PropertyValueSpecification\",\"valueRequired\":true,\"valueName\":\"search_term_string\"}}],\"inLanguage\":\"fr-FR\"},{\"@type\":\"Organization\",\"@id\":\"https:\/\/molinspares.com\/fr\/#organization\",\"name\":\"Molins & Par\u00e9s - Despacho de Abogados Penalistas en Barcelona\",\"alternateName\":\"Molins & Par\u00e9s\",\"url\":\"https:\/\/molinspares.com\/fr\/\",\"logo\":{\"@type\":\"ImageObject\",\"inLanguage\":\"fr-FR\",\"@id\":\"https:\/\/molinspares.com\/fr\/#\/schema\/logo\/image\/\",\"url\":\"https:\/\/molinspares.com\/wp-content\/uploads\/logo_MolinsPares-2.jpg\",\"contentUrl\":\"https:\/\/molinspares.com\/wp-content\/uploads\/logo_MolinsPares-2.jpg\",\"width\":512,\"height\":512,\"caption\":\"Molins & Par\u00e9s - Despacho de Abogados Penalistas en Barcelona\"},\"image\":{\"@id\":\"https:\/\/molinspares.com\/fr\/#\/schema\/logo\/image\/\"},\"sameAs\":[\"https:\/\/www.facebook.com\/profile.php?id=100067944420137\",\"https:\/\/www.linkedin.com\/in\/molins-pars-penal-compliance-44383b65\/\"],\"publishingPrinciples\":\"https:\/\/molinspares.com\/politica-privacidad\/\",\"ownershipFundingInfo\":\"https:\/\/molinspares.com\/politica-privacidad\/\",\"actionableFeedbackPolicy\":\"https:\/\/molinspares.com\/politica-privacidad\/\",\"correctionsPolicy\":\"https:\/\/molinspares.com\/politica-privacidad\/\",\"ethicsPolicy\":\"https:\/\/molinspares.com\/politica-privacidad\/\",\"diversityPolicy\":\"https:\/\/molinspares.com\/politica-privacidad\/\",\"diversityStaffingReport\":\"https:\/\/molinspares.com\/politica-privacidad\/\"}]}<\/script>\n<!-- \/ Yoast SEO Premium plugin. -->","yoast_head_json":{"title":"Avocat D\u00e9lits d'ordre public Barcelone | Molis Par\u00e9s","description":"Molis Par\u00e9s est un cabinet d'avocats de Barcelone sp\u00e9cialis\u00e9 dans les d\u00e9lits contre l'ordre public. Nous d\u00e9fendons la s\u00e9curit\u00e9 et la tranquillit\u00e9 d'esprit de la soci\u00e9t\u00e9. Contactez nous maintenant !","robots":{"index":"index","follow":"follow","max-snippet":"max-snippet:-1","max-image-preview":"max-image-preview:large","max-video-preview":"max-video-preview:-1"},"canonical":"https:\/\/molinspares.com\/fr\/infractions-a-lordre-public\/","og_locale":"fr_FR","og_type":"article","og_title":"Infractions \u00e0 l'ordre public","og_description":"Molis Par\u00e9s est un cabinet d'avocats de Barcelone sp\u00e9cialis\u00e9 dans les d\u00e9lits contre l'ordre public. Nous d\u00e9fendons la s\u00e9curit\u00e9 et la tranquillit\u00e9 d'esprit de la soci\u00e9t\u00e9. Contactez nous maintenant !","og_url":"https:\/\/molinspares.com\/fr\/infractions-a-lordre-public\/","og_site_name":"Molins Par\u00e9s - Despacho de Abogados Penalistas en Barcelona | Excelencia y Privacidad","article_publisher":"https:\/\/www.facebook.com\/profile.php?id=100067944420137","article_modified_time":"2025-06-19T20:37:46+00:00","og_image":[{"width":600,"height":900,"url":"https:\/\/molinspares.com\/wp-content\/uploads\/Delitos-contra-el-patrimonio-y-contra-el-orden-socio-economico.jpg","type":"image\/jpeg"}],"twitter_card":"summary_large_image","twitter_misc":{"Dur\u00e9e de lecture estim\u00e9e":"1 minute"},"schema":{"@context":"https:\/\/schema.org","@graph":[{"@type":"WebPage","@id":"https:\/\/molinspares.com\/fr\/infractions-a-lordre-public\/","url":"https:\/\/molinspares.com\/fr\/infractions-a-lordre-public\/","name":"Avocat D\u00e9lits d'ordre public Barcelone | Molis Par\u00e9s","isPartOf":{"@id":"https:\/\/molinspares.com\/fr\/#website"},"primaryImageOfPage":{"@id":"https:\/\/molinspares.com\/fr\/infractions-a-lordre-public\/#primaryimage"},"image":{"@id":"https:\/\/molinspares.com\/fr\/infractions-a-lordre-public\/#primaryimage"},"thumbnailUrl":"https:\/\/molinspares.com\/wp-content\/uploads\/Delitos-contra-el-patrimonio-y-contra-el-orden-socio-economico.jpg","datePublished":"2023-10-20T10:45:10+00:00","dateModified":"2025-06-19T20:37:46+00:00","description":"Molis Par\u00e9s est un cabinet d'avocats de Barcelone sp\u00e9cialis\u00e9 dans les d\u00e9lits contre l'ordre public. Nous d\u00e9fendons la s\u00e9curit\u00e9 et la tranquillit\u00e9 d'esprit de la soci\u00e9t\u00e9. Contactez nous maintenant !","breadcrumb":{"@id":"https:\/\/molinspares.com\/fr\/infractions-a-lordre-public\/#breadcrumb"},"inLanguage":"fr-FR","potentialAction":[{"@type":"ReadAction","target":["https:\/\/molinspares.com\/fr\/infractions-a-lordre-public\/"]}]},{"@type":"ImageObject","inLanguage":"fr-FR","@id":"https:\/\/molinspares.com\/fr\/infractions-a-lordre-public\/#primaryimage","url":"https:\/\/molinspares.com\/wp-content\/uploads\/Delitos-contra-el-patrimonio-y-contra-el-orden-socio-economico.jpg","contentUrl":"https:\/\/molinspares.com\/wp-content\/uploads\/Delitos-contra-el-patrimonio-y-contra-el-orden-socio-economico.jpg","width":600,"height":900},{"@type":"BreadcrumbList","@id":"https:\/\/molinspares.com\/fr\/infractions-a-lordre-public\/#breadcrumb","itemListElement":[{"@type":"ListItem","position":1,"name":"Portada","item":"https:\/\/molinspares.com\/fr\/"},{"@type":"ListItem","position":2,"name":"Infractions \u00e0 l&#8217;ordre public"}]},{"@type":"WebSite","@id":"https:\/\/molinspares.com\/fr\/#website","url":"https:\/\/molinspares.com\/fr\/","name":"Molins & Par\u00e9s - Despacho de Abogados Penalistas en Barcelona","description":"En Molins &amp; Par\u00e9s somos especialistas en derecho penal. Garantizamos la privacidad del cliente y la m\u00e1xima excelencia en cada caso. \u00a1Cont\u00e1ctanos!","publisher":{"@id":"https:\/\/molinspares.com\/fr\/#organization"},"alternateName":"Molins & Par\u00e9s","potentialAction":[{"@type":"SearchAction","target":{"@type":"EntryPoint","urlTemplate":"https:\/\/molinspares.com\/fr\/?s={search_term_string}"},"query-input":{"@type":"PropertyValueSpecification","valueRequired":true,"valueName":"search_term_string"}}],"inLanguage":"fr-FR"},{"@type":"Organization","@id":"https:\/\/molinspares.com\/fr\/#organization","name":"Molins & Par\u00e9s - Despacho de Abogados Penalistas en Barcelona","alternateName":"Molins & Par\u00e9s","url":"https:\/\/molinspares.com\/fr\/","logo":{"@type":"ImageObject","inLanguage":"fr-FR","@id":"https:\/\/molinspares.com\/fr\/#\/schema\/logo\/image\/","url":"https:\/\/molinspares.com\/wp-content\/uploads\/logo_MolinsPares-2.jpg","contentUrl":"https:\/\/molinspares.com\/wp-content\/uploads\/logo_MolinsPares-2.jpg","width":512,"height":512,"caption":"Molins & Par\u00e9s - Despacho de Abogados Penalistas en Barcelona"},"image":{"@id":"https:\/\/molinspares.com\/fr\/#\/schema\/logo\/image\/"},"sameAs":["https:\/\/www.facebook.com\/profile.php?id=100067944420137","https:\/\/www.linkedin.com\/in\/molins-pars-penal-compliance-44383b65\/"],"publishingPrinciples":"https:\/\/molinspares.com\/politica-privacidad\/","ownershipFundingInfo":"https:\/\/molinspares.com\/politica-privacidad\/","actionableFeedbackPolicy":"https:\/\/molinspares.com\/politica-privacidad\/","correctionsPolicy":"https:\/\/molinspares.com\/politica-privacidad\/","ethicsPolicy":"https:\/\/molinspares.com\/politica-privacidad\/","diversityPolicy":"https:\/\/molinspares.com\/politica-privacidad\/","diversityStaffingReport":"https:\/\/molinspares.com\/politica-privacidad\/"}]}},"_links":{"self":[{"href":"https:\/\/molinspares.com\/fr\/wp-json\/wp\/v2\/pages\/7105","targetHints":{"allow":["GET"]}}],"collection":[{"href":"https:\/\/molinspares.com\/fr\/wp-json\/wp\/v2\/pages"}],"about":[{"href":"https:\/\/molinspares.com\/fr\/wp-json\/wp\/v2\/types\/page"}],"author":[{"embeddable":true,"href":"https:\/\/molinspares.com\/fr\/wp-json\/wp\/v2\/users\/1"}],"replies":[{"embeddable":true,"href":"https:\/\/molinspares.com\/fr\/wp-json\/wp\/v2\/comments?post=7105"}],"version-history":[{"count":1,"href":"https:\/\/molinspares.com\/fr\/wp-json\/wp\/v2\/pages\/7105\/revisions"}],"predecessor-version":[{"id":7106,"href":"https:\/\/molinspares.com\/fr\/wp-json\/wp\/v2\/pages\/7105\/revisions\/7106"}],"wp:featuredmedia":[{"embeddable":true,"href":"https:\/\/molinspares.com\/fr\/wp-json\/wp\/v2\/media\/5963"}],"wp:attachment":[{"href":"https:\/\/molinspares.com\/fr\/wp-json\/wp\/v2\/media?parent=7105"}],"wp:term":[{"taxonomy":"category","embeddable":true,"href":"https:\/\/molinspares.com\/fr\/wp-json\/wp\/v2\/categories?post=7105"},{"taxonomy":"post_tag","embeddable":true,"href":"https:\/\/molinspares.com\/fr\/wp-json\/wp\/v2\/tags?post=7105"}],"curies":[{"name":"wp","href":"https:\/\/api.w.org\/{rel}","templated":true}]}}