{"id":7094,"date":"2023-10-20T12:43:59","date_gmt":"2023-10-20T10:43:59","guid":{"rendered":"https:\/\/molinspares.com\/infractions-de-financement-illegal-des-partis-politiques\/"},"modified":"2025-06-19T22:37:42","modified_gmt":"2025-06-19T20:37:42","slug":"infractions-de-financement-illegal-des-partis-politiques","status":"publish","type":"page","link":"https:\/\/molinspares.com\/fr\/infractions-de-financement-illegal-des-partis-politiques\/","title":{"rendered":"Infractions de financement ill\u00e9gal des partis politiques"},"content":{"rendered":"\n<ul class=\"wp-block-list\">\n<li><strong>INFRACTION DE FINANCEMENT ILL\u00c9GAL DES PARTIS POLITIQUES <\/strong><strong>(art. 304 bis) : <\/strong>Consiste \u00e0 recevoir des dons ou des contributions destin\u00e9s \u00e0 un parti politique, une f\u00e9d\u00e9ration, une coalition ou un groupement d&rsquo;\u00e9lecteurs dans les cas suivants :  <br><br>\n<ul class=\"wp-block-list\">\n<li>Dons anonymes, d\u00e9finitifs ou r\u00e9vocables.<\/li>\n\n\n\n<li>Les dons d&rsquo;une m\u00eame personne d\u00e9passant 50 000 euros par an.<\/li>\n\n\n\n<li>Dons de personnes morales et d&rsquo;entit\u00e9s non constitu\u00e9es en soci\u00e9t\u00e9.<\/li>\n<\/ul>\n<\/li>\n<\/ul>\n","protected":false},"excerpt":{"rendered":"<p>Texte en vedette lorem ipsum dolor sit amet, consectetuer adipiscing eli adipiscing elit.<\/p>\n","protected":false},"author":1,"featured_media":5963,"parent":0,"menu_order":59,"comment_status":"closed","ping_status":"closed","template":"","meta":{"footnotes":""},"categories":[162],"tags":[],"class_list":["post-7094","page","type-page","status-publish","has-post-thumbnail","hentry","category-defense-penale"],"yoast_head":"<!-- This site is optimized with the Yoast SEO Premium plugin v26.1 (Yoast SEO v27.2) - https:\/\/yoast.com\/product\/yoast-seo-premium-wordpress\/ -->\n<title>Avocat Financement ill\u00e9gal de partis politiques \u00e0 Barcelone | Crimes politiques<\/title>\n<meta name=\"description\" content=\"Avocats sp\u00e9cialis\u00e9s dans les d\u00e9lits de financement ill\u00e9gal de partis politiques \u00e0 Barcelone. Nous d\u00e9fendons vos droits en cas de d\u00e9lits politiques. Contactez-nous d\u00e8s aujourd&#039;hui !\" \/>\n<meta name=\"robots\" content=\"index, follow, max-snippet:-1, max-image-preview:large, max-video-preview:-1\" \/>\n<link rel=\"canonical\" href=\"https:\/\/molinspares.com\/fr\/infractions-de-financement-illegal-des-partis-politiques\/\" \/>\n<meta property=\"og:locale\" content=\"fr_FR\" \/>\n<meta property=\"og:type\" content=\"article\" \/>\n<meta property=\"og:title\" content=\"Infractions de financement ill\u00e9gal des partis politiques\" \/>\n<meta property=\"og:description\" content=\"Avocats sp\u00e9cialis\u00e9s dans les d\u00e9lits de financement ill\u00e9gal de partis politiques \u00e0 Barcelone. Nous d\u00e9fendons vos droits en cas de d\u00e9lits politiques. Contactez-nous d\u00e8s aujourd&#039;hui !\" \/>\n<meta property=\"og:url\" content=\"https:\/\/molinspares.com\/fr\/infractions-de-financement-illegal-des-partis-politiques\/\" \/>\n<meta property=\"og:site_name\" content=\"Molins Par\u00e9s - Despacho de Abogados Penalistas en Barcelona | Excelencia y Privacidad\" \/>\n<meta property=\"article:publisher\" content=\"https:\/\/www.facebook.com\/profile.php?id=100067944420137\" \/>\n<meta property=\"article:modified_time\" content=\"2025-06-19T20:37:42+00:00\" \/>\n<meta property=\"og:image\" content=\"https:\/\/molinspares.com\/wp-content\/uploads\/Delitos-contra-el-patrimonio-y-contra-el-orden-socio-economico.jpg\" \/>\n\t<meta property=\"og:image:width\" content=\"600\" \/>\n\t<meta property=\"og:image:height\" content=\"900\" \/>\n\t<meta property=\"og:image:type\" content=\"image\/jpeg\" \/>\n<meta name=\"twitter:card\" content=\"summary_large_image\" \/>\n<script type=\"application\/ld+json\" class=\"yoast-schema-graph\">{\"@context\":\"https:\/\/schema.org\",\"@graph\":[{\"@type\":\"WebPage\",\"@id\":\"https:\/\/molinspares.com\/fr\/infractions-de-financement-illegal-des-partis-politiques\/\",\"url\":\"https:\/\/molinspares.com\/fr\/infractions-de-financement-illegal-des-partis-politiques\/\",\"name\":\"Avocat Financement ill\u00e9gal de partis politiques \u00e0 Barcelone | Crimes politiques\",\"isPartOf\":{\"@id\":\"https:\/\/molinspares.com\/fr\/#website\"},\"primaryImageOfPage\":{\"@id\":\"https:\/\/molinspares.com\/fr\/infractions-de-financement-illegal-des-partis-politiques\/#primaryimage\"},\"image\":{\"@id\":\"https:\/\/molinspares.com\/fr\/infractions-de-financement-illegal-des-partis-politiques\/#primaryimage\"},\"thumbnailUrl\":\"https:\/\/molinspares.com\/wp-content\/uploads\/Delitos-contra-el-patrimonio-y-contra-el-orden-socio-economico.jpg\",\"datePublished\":\"2023-10-20T10:43:59+00:00\",\"dateModified\":\"2025-06-19T20:37:42+00:00\",\"description\":\"Avocats sp\u00e9cialis\u00e9s dans les d\u00e9lits de financement ill\u00e9gal de partis politiques \u00e0 Barcelone. Nous d\u00e9fendons vos droits en cas de d\u00e9lits politiques. Contactez-nous d\u00e8s aujourd'hui !\",\"breadcrumb\":{\"@id\":\"https:\/\/molinspares.com\/fr\/infractions-de-financement-illegal-des-partis-politiques\/#breadcrumb\"},\"inLanguage\":\"fr-FR\",\"potentialAction\":[{\"@type\":\"ReadAction\",\"target\":[\"https:\/\/molinspares.com\/fr\/infractions-de-financement-illegal-des-partis-politiques\/\"]}]},{\"@type\":\"ImageObject\",\"inLanguage\":\"fr-FR\",\"@id\":\"https:\/\/molinspares.com\/fr\/infractions-de-financement-illegal-des-partis-politiques\/#primaryimage\",\"url\":\"https:\/\/molinspares.com\/wp-content\/uploads\/Delitos-contra-el-patrimonio-y-contra-el-orden-socio-economico.jpg\",\"contentUrl\":\"https:\/\/molinspares.com\/wp-content\/uploads\/Delitos-contra-el-patrimonio-y-contra-el-orden-socio-economico.jpg\",\"width\":600,\"height\":900},{\"@type\":\"BreadcrumbList\",\"@id\":\"https:\/\/molinspares.com\/fr\/infractions-de-financement-illegal-des-partis-politiques\/#breadcrumb\",\"itemListElement\":[{\"@type\":\"ListItem\",\"position\":1,\"name\":\"Portada\",\"item\":\"https:\/\/molinspares.com\/fr\/\"},{\"@type\":\"ListItem\",\"position\":2,\"name\":\"Infractions de financement ill\u00e9gal des partis politiques\"}]},{\"@type\":\"WebSite\",\"@id\":\"https:\/\/molinspares.com\/fr\/#website\",\"url\":\"https:\/\/molinspares.com\/fr\/\",\"name\":\"Molins & Par\u00e9s - Despacho de Abogados Penalistas en Barcelona\",\"description\":\"En Molins &amp; Par\u00e9s somos especialistas en derecho penal. Garantizamos la privacidad del cliente y la m\u00e1xima excelencia en cada caso. \u00a1Cont\u00e1ctanos!\",\"publisher\":{\"@id\":\"https:\/\/molinspares.com\/fr\/#organization\"},\"alternateName\":\"Molins & Par\u00e9s\",\"potentialAction\":[{\"@type\":\"SearchAction\",\"target\":{\"@type\":\"EntryPoint\",\"urlTemplate\":\"https:\/\/molinspares.com\/fr\/?s={search_term_string}\"},\"query-input\":{\"@type\":\"PropertyValueSpecification\",\"valueRequired\":true,\"valueName\":\"search_term_string\"}}],\"inLanguage\":\"fr-FR\"},{\"@type\":\"Organization\",\"@id\":\"https:\/\/molinspares.com\/fr\/#organization\",\"name\":\"Molins & Par\u00e9s - Despacho de Abogados Penalistas en Barcelona\",\"alternateName\":\"Molins & Par\u00e9s\",\"url\":\"https:\/\/molinspares.com\/fr\/\",\"logo\":{\"@type\":\"ImageObject\",\"inLanguage\":\"fr-FR\",\"@id\":\"https:\/\/molinspares.com\/fr\/#\/schema\/logo\/image\/\",\"url\":\"https:\/\/molinspares.com\/wp-content\/uploads\/logo_MolinsPares-2.jpg\",\"contentUrl\":\"https:\/\/molinspares.com\/wp-content\/uploads\/logo_MolinsPares-2.jpg\",\"width\":512,\"height\":512,\"caption\":\"Molins & Par\u00e9s - Despacho de Abogados Penalistas en Barcelona\"},\"image\":{\"@id\":\"https:\/\/molinspares.com\/fr\/#\/schema\/logo\/image\/\"},\"sameAs\":[\"https:\/\/www.facebook.com\/profile.php?id=100067944420137\",\"https:\/\/www.linkedin.com\/in\/molins-pars-penal-compliance-44383b65\/\"],\"publishingPrinciples\":\"https:\/\/molinspares.com\/politica-privacidad\/\",\"ownershipFundingInfo\":\"https:\/\/molinspares.com\/politica-privacidad\/\",\"actionableFeedbackPolicy\":\"https:\/\/molinspares.com\/politica-privacidad\/\",\"correctionsPolicy\":\"https:\/\/molinspares.com\/politica-privacidad\/\",\"ethicsPolicy\":\"https:\/\/molinspares.com\/politica-privacidad\/\",\"diversityPolicy\":\"https:\/\/molinspares.com\/politica-privacidad\/\",\"diversityStaffingReport\":\"https:\/\/molinspares.com\/politica-privacidad\/\"}]}<\/script>\n<!-- \/ Yoast SEO Premium plugin. -->","yoast_head_json":{"title":"Avocat Financement ill\u00e9gal de partis politiques \u00e0 Barcelone | Crimes politiques","description":"Avocats sp\u00e9cialis\u00e9s dans les d\u00e9lits de financement ill\u00e9gal de partis politiques \u00e0 Barcelone. Nous d\u00e9fendons vos droits en cas de d\u00e9lits politiques. Contactez-nous d\u00e8s aujourd'hui !","robots":{"index":"index","follow":"follow","max-snippet":"max-snippet:-1","max-image-preview":"max-image-preview:large","max-video-preview":"max-video-preview:-1"},"canonical":"https:\/\/molinspares.com\/fr\/infractions-de-financement-illegal-des-partis-politiques\/","og_locale":"fr_FR","og_type":"article","og_title":"Infractions de financement ill\u00e9gal des partis politiques","og_description":"Avocats sp\u00e9cialis\u00e9s dans les d\u00e9lits de financement ill\u00e9gal de partis politiques \u00e0 Barcelone. Nous d\u00e9fendons vos droits en cas de d\u00e9lits politiques. Contactez-nous d\u00e8s aujourd'hui !","og_url":"https:\/\/molinspares.com\/fr\/infractions-de-financement-illegal-des-partis-politiques\/","og_site_name":"Molins Par\u00e9s - Despacho de Abogados Penalistas en Barcelona | Excelencia y Privacidad","article_publisher":"https:\/\/www.facebook.com\/profile.php?id=100067944420137","article_modified_time":"2025-06-19T20:37:42+00:00","og_image":[{"width":600,"height":900,"url":"https:\/\/molinspares.com\/wp-content\/uploads\/Delitos-contra-el-patrimonio-y-contra-el-orden-socio-economico.jpg","type":"image\/jpeg"}],"twitter_card":"summary_large_image","schema":{"@context":"https:\/\/schema.org","@graph":[{"@type":"WebPage","@id":"https:\/\/molinspares.com\/fr\/infractions-de-financement-illegal-des-partis-politiques\/","url":"https:\/\/molinspares.com\/fr\/infractions-de-financement-illegal-des-partis-politiques\/","name":"Avocat Financement ill\u00e9gal de partis politiques \u00e0 Barcelone | Crimes politiques","isPartOf":{"@id":"https:\/\/molinspares.com\/fr\/#website"},"primaryImageOfPage":{"@id":"https:\/\/molinspares.com\/fr\/infractions-de-financement-illegal-des-partis-politiques\/#primaryimage"},"image":{"@id":"https:\/\/molinspares.com\/fr\/infractions-de-financement-illegal-des-partis-politiques\/#primaryimage"},"thumbnailUrl":"https:\/\/molinspares.com\/wp-content\/uploads\/Delitos-contra-el-patrimonio-y-contra-el-orden-socio-economico.jpg","datePublished":"2023-10-20T10:43:59+00:00","dateModified":"2025-06-19T20:37:42+00:00","description":"Avocats sp\u00e9cialis\u00e9s dans les d\u00e9lits de financement ill\u00e9gal de partis politiques \u00e0 Barcelone. Nous d\u00e9fendons vos droits en cas de d\u00e9lits politiques. Contactez-nous d\u00e8s aujourd'hui !","breadcrumb":{"@id":"https:\/\/molinspares.com\/fr\/infractions-de-financement-illegal-des-partis-politiques\/#breadcrumb"},"inLanguage":"fr-FR","potentialAction":[{"@type":"ReadAction","target":["https:\/\/molinspares.com\/fr\/infractions-de-financement-illegal-des-partis-politiques\/"]}]},{"@type":"ImageObject","inLanguage":"fr-FR","@id":"https:\/\/molinspares.com\/fr\/infractions-de-financement-illegal-des-partis-politiques\/#primaryimage","url":"https:\/\/molinspares.com\/wp-content\/uploads\/Delitos-contra-el-patrimonio-y-contra-el-orden-socio-economico.jpg","contentUrl":"https:\/\/molinspares.com\/wp-content\/uploads\/Delitos-contra-el-patrimonio-y-contra-el-orden-socio-economico.jpg","width":600,"height":900},{"@type":"BreadcrumbList","@id":"https:\/\/molinspares.com\/fr\/infractions-de-financement-illegal-des-partis-politiques\/#breadcrumb","itemListElement":[{"@type":"ListItem","position":1,"name":"Portada","item":"https:\/\/molinspares.com\/fr\/"},{"@type":"ListItem","position":2,"name":"Infractions de financement ill\u00e9gal des partis politiques"}]},{"@type":"WebSite","@id":"https:\/\/molinspares.com\/fr\/#website","url":"https:\/\/molinspares.com\/fr\/","name":"Molins & Par\u00e9s - Despacho de Abogados Penalistas en Barcelona","description":"En Molins &amp; Par\u00e9s somos especialistas en derecho penal. Garantizamos la privacidad del cliente y la m\u00e1xima excelencia en cada caso. \u00a1Cont\u00e1ctanos!","publisher":{"@id":"https:\/\/molinspares.com\/fr\/#organization"},"alternateName":"Molins & Par\u00e9s","potentialAction":[{"@type":"SearchAction","target":{"@type":"EntryPoint","urlTemplate":"https:\/\/molinspares.com\/fr\/?s={search_term_string}"},"query-input":{"@type":"PropertyValueSpecification","valueRequired":true,"valueName":"search_term_string"}}],"inLanguage":"fr-FR"},{"@type":"Organization","@id":"https:\/\/molinspares.com\/fr\/#organization","name":"Molins & Par\u00e9s - Despacho de Abogados Penalistas en Barcelona","alternateName":"Molins & Par\u00e9s","url":"https:\/\/molinspares.com\/fr\/","logo":{"@type":"ImageObject","inLanguage":"fr-FR","@id":"https:\/\/molinspares.com\/fr\/#\/schema\/logo\/image\/","url":"https:\/\/molinspares.com\/wp-content\/uploads\/logo_MolinsPares-2.jpg","contentUrl":"https:\/\/molinspares.com\/wp-content\/uploads\/logo_MolinsPares-2.jpg","width":512,"height":512,"caption":"Molins & Par\u00e9s - Despacho de Abogados Penalistas en Barcelona"},"image":{"@id":"https:\/\/molinspares.com\/fr\/#\/schema\/logo\/image\/"},"sameAs":["https:\/\/www.facebook.com\/profile.php?id=100067944420137","https:\/\/www.linkedin.com\/in\/molins-pars-penal-compliance-44383b65\/"],"publishingPrinciples":"https:\/\/molinspares.com\/politica-privacidad\/","ownershipFundingInfo":"https:\/\/molinspares.com\/politica-privacidad\/","actionableFeedbackPolicy":"https:\/\/molinspares.com\/politica-privacidad\/","correctionsPolicy":"https:\/\/molinspares.com\/politica-privacidad\/","ethicsPolicy":"https:\/\/molinspares.com\/politica-privacidad\/","diversityPolicy":"https:\/\/molinspares.com\/politica-privacidad\/","diversityStaffingReport":"https:\/\/molinspares.com\/politica-privacidad\/"}]}},"_links":{"self":[{"href":"https:\/\/molinspares.com\/fr\/wp-json\/wp\/v2\/pages\/7094","targetHints":{"allow":["GET"]}}],"collection":[{"href":"https:\/\/molinspares.com\/fr\/wp-json\/wp\/v2\/pages"}],"about":[{"href":"https:\/\/molinspares.com\/fr\/wp-json\/wp\/v2\/types\/page"}],"author":[{"embeddable":true,"href":"https:\/\/molinspares.com\/fr\/wp-json\/wp\/v2\/users\/1"}],"replies":[{"embeddable":true,"href":"https:\/\/molinspares.com\/fr\/wp-json\/wp\/v2\/comments?post=7094"}],"version-history":[{"count":1,"href":"https:\/\/molinspares.com\/fr\/wp-json\/wp\/v2\/pages\/7094\/revisions"}],"predecessor-version":[{"id":7097,"href":"https:\/\/molinspares.com\/fr\/wp-json\/wp\/v2\/pages\/7094\/revisions\/7097"}],"wp:featuredmedia":[{"embeddable":true,"href":"https:\/\/molinspares.com\/fr\/wp-json\/wp\/v2\/media\/5963"}],"wp:attachment":[{"href":"https:\/\/molinspares.com\/fr\/wp-json\/wp\/v2\/media?parent=7094"}],"wp:term":[{"taxonomy":"category","embeddable":true,"href":"https:\/\/molinspares.com\/fr\/wp-json\/wp\/v2\/categories?post=7094"},{"taxonomy":"post_tag","embeddable":true,"href":"https:\/\/molinspares.com\/fr\/wp-json\/wp\/v2\/tags?post=7094"}],"curies":[{"name":"wp","href":"https:\/\/api.w.org\/{rel}","templated":true}]}}