{"id":7088,"date":"2023-10-20T12:44:36","date_gmt":"2023-10-20T10:44:36","guid":{"rendered":"https:\/\/molinspares.com\/infractions-relatives-a-lexercice-des-droits-fondamentaux-et-des-libertes-publiques\/"},"modified":"2025-06-19T22:37:41","modified_gmt":"2025-06-19T20:37:41","slug":"infractions-relatives-a-lexercice-des-droits-fondamentaux-et-des-libertes-publiques","status":"publish","type":"page","link":"https:\/\/molinspares.com\/fr\/infractions-relatives-a-lexercice-des-droits-fondamentaux-et-des-libertes-publiques\/","title":{"rendered":"Infractions relatives \u00e0 l&rsquo;exercice des droits fondamentaux et des libert\u00e9s publiques"},"content":{"rendered":"\n<ul class=\"wp-block-list\">\n<li><strong>CRIME DE HAINE<\/strong><strong> (art. 510 CP) : <\/strong>Il est commis par toute personne qui, publiquement et directement ou indirectement, encourage, promeut ou incite \u00e0 la haine, \u00e0 l&rsquo;hostilit\u00e9, \u00e0 la discrimination ou \u00e0 la violence envers un groupe pour des raisons racistes, antis\u00e9mites, id\u00e9ologiques, religieuses ou de croyance, en raison de sa situation familiale, de son appartenance \u00e0 un groupe ethnique, de sa race, de sa nation, de son origine nationale, de son sexe, de son orientation ou de son identit\u00e9 sexuelle, de son genre, de sa maladie ou de son handicap.<\/li>\n\n\n\n<li><strong>CRIME D&rsquo;ASSOCIATION ILL\u00c9GALE<\/strong><strong> (art. 515 CP) : <\/strong> punit les associations qui ont l&rsquo;un des objectifs suivants :<br><br>\n<ul class=\"wp-block-list\">\n<li>Celles qui ont pour objet de commettre une infraction ou qui, apr\u00e8s leur constitution, favorisent la commission d&rsquo;une infraction<\/li>\n\n\n\n<li>Ceux qui, tout en ayant un but licite, utilisent des moyens violents ou des moyens d&rsquo;alt\u00e9ration ou de contr\u00f4le de la personnalit\u00e9 pour y parvenir.<\/li>\n\n\n\n<li>Organisations paramilitaires (organisation civile dot\u00e9e d&rsquo;une structure ou d&rsquo;une discipline de type militaire)<\/li>\n\n\n\n<li>Ceux qui encouragent d&rsquo;une mani\u00e8re ou d&rsquo;une autre le type fondamental de crime de haine d\u00e9crit ci-dessus dans la section 510.1<\/li>\n<\/ul>\n<\/li>\n<\/ul>\n","protected":false},"excerpt":{"rendered":"<p>Texte en vedette lorem ipsum dolor sit amet, consectetuer adipiscing eli adipiscing elit.<\/p>\n","protected":false},"author":1,"featured_media":5963,"parent":0,"menu_order":60,"comment_status":"closed","ping_status":"closed","template":"","meta":{"footnotes":""},"categories":[162],"tags":[],"class_list":["post-7088","page","type-page","status-publish","has-post-thumbnail","hentry","category-defense-penale"],"yoast_head":"<!-- This site is optimized with the Yoast SEO Premium plugin v26.1 (Yoast SEO v27.2) - https:\/\/yoast.com\/product\/yoast-seo-premium-wordpress\/ -->\n<title>Avocat Droits fondamentaux Crimes Barcelone | Molis Par\u00e9s<\/title>\n<meta name=\"description\" content=\"Molis Par\u00e9s est un cabinet d&#039;avocats de Barcelone sp\u00e9cialis\u00e9 dans les d\u00e9lits li\u00e9s \u00e0 l&#039;exercice des droits fondamentaux. Nous d\u00e9fendons vos droits et libert\u00e9s. Contactez nous maintenant !\" \/>\n<meta name=\"robots\" content=\"index, follow, max-snippet:-1, max-image-preview:large, max-video-preview:-1\" \/>\n<link rel=\"canonical\" href=\"https:\/\/molinspares.com\/fr\/infractions-relatives-a-lexercice-des-droits-fondamentaux-et-des-libertes-publiques\/\" \/>\n<meta property=\"og:locale\" content=\"fr_FR\" \/>\n<meta property=\"og:type\" content=\"article\" \/>\n<meta property=\"og:title\" content=\"Infractions relatives \u00e0 l&#039;exercice des droits fondamentaux et des libert\u00e9s publiques\" \/>\n<meta property=\"og:description\" content=\"Molis Par\u00e9s est un cabinet d&#039;avocats de Barcelone sp\u00e9cialis\u00e9 dans les d\u00e9lits li\u00e9s \u00e0 l&#039;exercice des droits fondamentaux. Nous d\u00e9fendons vos droits et libert\u00e9s. Contactez nous maintenant !\" \/>\n<meta property=\"og:url\" content=\"https:\/\/molinspares.com\/fr\/infractions-relatives-a-lexercice-des-droits-fondamentaux-et-des-libertes-publiques\/\" \/>\n<meta property=\"og:site_name\" content=\"Molins Par\u00e9s - Despacho de Abogados Penalistas en Barcelona | Excelencia y Privacidad\" \/>\n<meta property=\"article:publisher\" content=\"https:\/\/www.facebook.com\/profile.php?id=100067944420137\" \/>\n<meta property=\"article:modified_time\" content=\"2025-06-19T20:37:41+00:00\" \/>\n<meta property=\"og:image\" content=\"https:\/\/molinspares.com\/wp-content\/uploads\/Delitos-contra-el-patrimonio-y-contra-el-orden-socio-economico.jpg\" \/>\n\t<meta property=\"og:image:width\" content=\"600\" \/>\n\t<meta property=\"og:image:height\" content=\"900\" \/>\n\t<meta property=\"og:image:type\" content=\"image\/jpeg\" \/>\n<meta name=\"twitter:card\" content=\"summary_large_image\" \/>\n<meta name=\"twitter:label1\" content=\"Dur\u00e9e de lecture estim\u00e9e\" \/>\n\t<meta name=\"twitter:data1\" content=\"1 minute\" \/>\n<script type=\"application\/ld+json\" class=\"yoast-schema-graph\">{\"@context\":\"https:\/\/schema.org\",\"@graph\":[{\"@type\":\"WebPage\",\"@id\":\"https:\/\/molinspares.com\/fr\/infractions-relatives-a-lexercice-des-droits-fondamentaux-et-des-libertes-publiques\/\",\"url\":\"https:\/\/molinspares.com\/fr\/infractions-relatives-a-lexercice-des-droits-fondamentaux-et-des-libertes-publiques\/\",\"name\":\"Avocat Droits fondamentaux Crimes Barcelone | Molis Par\u00e9s\",\"isPartOf\":{\"@id\":\"https:\/\/molinspares.com\/fr\/#website\"},\"primaryImageOfPage\":{\"@id\":\"https:\/\/molinspares.com\/fr\/infractions-relatives-a-lexercice-des-droits-fondamentaux-et-des-libertes-publiques\/#primaryimage\"},\"image\":{\"@id\":\"https:\/\/molinspares.com\/fr\/infractions-relatives-a-lexercice-des-droits-fondamentaux-et-des-libertes-publiques\/#primaryimage\"},\"thumbnailUrl\":\"https:\/\/molinspares.com\/wp-content\/uploads\/Delitos-contra-el-patrimonio-y-contra-el-orden-socio-economico.jpg\",\"datePublished\":\"2023-10-20T10:44:36+00:00\",\"dateModified\":\"2025-06-19T20:37:41+00:00\",\"description\":\"Molis Par\u00e9s est un cabinet d'avocats de Barcelone sp\u00e9cialis\u00e9 dans les d\u00e9lits li\u00e9s \u00e0 l'exercice des droits fondamentaux. Nous d\u00e9fendons vos droits et libert\u00e9s. Contactez nous maintenant !\",\"breadcrumb\":{\"@id\":\"https:\/\/molinspares.com\/fr\/infractions-relatives-a-lexercice-des-droits-fondamentaux-et-des-libertes-publiques\/#breadcrumb\"},\"inLanguage\":\"fr-FR\",\"potentialAction\":[{\"@type\":\"ReadAction\",\"target\":[\"https:\/\/molinspares.com\/fr\/infractions-relatives-a-lexercice-des-droits-fondamentaux-et-des-libertes-publiques\/\"]}]},{\"@type\":\"ImageObject\",\"inLanguage\":\"fr-FR\",\"@id\":\"https:\/\/molinspares.com\/fr\/infractions-relatives-a-lexercice-des-droits-fondamentaux-et-des-libertes-publiques\/#primaryimage\",\"url\":\"https:\/\/molinspares.com\/wp-content\/uploads\/Delitos-contra-el-patrimonio-y-contra-el-orden-socio-economico.jpg\",\"contentUrl\":\"https:\/\/molinspares.com\/wp-content\/uploads\/Delitos-contra-el-patrimonio-y-contra-el-orden-socio-economico.jpg\",\"width\":600,\"height\":900},{\"@type\":\"BreadcrumbList\",\"@id\":\"https:\/\/molinspares.com\/fr\/infractions-relatives-a-lexercice-des-droits-fondamentaux-et-des-libertes-publiques\/#breadcrumb\",\"itemListElement\":[{\"@type\":\"ListItem\",\"position\":1,\"name\":\"Portada\",\"item\":\"https:\/\/molinspares.com\/fr\/\"},{\"@type\":\"ListItem\",\"position\":2,\"name\":\"Infractions relatives \u00e0 l&#8217;exercice des droits fondamentaux et des libert\u00e9s publiques\"}]},{\"@type\":\"WebSite\",\"@id\":\"https:\/\/molinspares.com\/fr\/#website\",\"url\":\"https:\/\/molinspares.com\/fr\/\",\"name\":\"Molins & Par\u00e9s - Despacho de Abogados Penalistas en Barcelona\",\"description\":\"En Molins &amp; Par\u00e9s somos especialistas en derecho penal. Garantizamos la privacidad del cliente y la m\u00e1xima excelencia en cada caso. \u00a1Cont\u00e1ctanos!\",\"publisher\":{\"@id\":\"https:\/\/molinspares.com\/fr\/#organization\"},\"alternateName\":\"Molins & Par\u00e9s\",\"potentialAction\":[{\"@type\":\"SearchAction\",\"target\":{\"@type\":\"EntryPoint\",\"urlTemplate\":\"https:\/\/molinspares.com\/fr\/?s={search_term_string}\"},\"query-input\":{\"@type\":\"PropertyValueSpecification\",\"valueRequired\":true,\"valueName\":\"search_term_string\"}}],\"inLanguage\":\"fr-FR\"},{\"@type\":\"Organization\",\"@id\":\"https:\/\/molinspares.com\/fr\/#organization\",\"name\":\"Molins & Par\u00e9s - Despacho de Abogados Penalistas en Barcelona\",\"alternateName\":\"Molins & Par\u00e9s\",\"url\":\"https:\/\/molinspares.com\/fr\/\",\"logo\":{\"@type\":\"ImageObject\",\"inLanguage\":\"fr-FR\",\"@id\":\"https:\/\/molinspares.com\/fr\/#\/schema\/logo\/image\/\",\"url\":\"https:\/\/molinspares.com\/wp-content\/uploads\/logo_MolinsPares-2.jpg\",\"contentUrl\":\"https:\/\/molinspares.com\/wp-content\/uploads\/logo_MolinsPares-2.jpg\",\"width\":512,\"height\":512,\"caption\":\"Molins & Par\u00e9s - Despacho de Abogados Penalistas en Barcelona\"},\"image\":{\"@id\":\"https:\/\/molinspares.com\/fr\/#\/schema\/logo\/image\/\"},\"sameAs\":[\"https:\/\/www.facebook.com\/profile.php?id=100067944420137\",\"https:\/\/www.linkedin.com\/in\/molins-pars-penal-compliance-44383b65\/\"],\"publishingPrinciples\":\"https:\/\/molinspares.com\/politica-privacidad\/\",\"ownershipFundingInfo\":\"https:\/\/molinspares.com\/politica-privacidad\/\",\"actionableFeedbackPolicy\":\"https:\/\/molinspares.com\/politica-privacidad\/\",\"correctionsPolicy\":\"https:\/\/molinspares.com\/politica-privacidad\/\",\"ethicsPolicy\":\"https:\/\/molinspares.com\/politica-privacidad\/\",\"diversityPolicy\":\"https:\/\/molinspares.com\/politica-privacidad\/\",\"diversityStaffingReport\":\"https:\/\/molinspares.com\/politica-privacidad\/\"}]}<\/script>\n<!-- \/ Yoast SEO Premium plugin. -->","yoast_head_json":{"title":"Avocat Droits fondamentaux Crimes Barcelone | Molis Par\u00e9s","description":"Molis Par\u00e9s est un cabinet d'avocats de Barcelone sp\u00e9cialis\u00e9 dans les d\u00e9lits li\u00e9s \u00e0 l'exercice des droits fondamentaux. Nous d\u00e9fendons vos droits et libert\u00e9s. Contactez nous maintenant !","robots":{"index":"index","follow":"follow","max-snippet":"max-snippet:-1","max-image-preview":"max-image-preview:large","max-video-preview":"max-video-preview:-1"},"canonical":"https:\/\/molinspares.com\/fr\/infractions-relatives-a-lexercice-des-droits-fondamentaux-et-des-libertes-publiques\/","og_locale":"fr_FR","og_type":"article","og_title":"Infractions relatives \u00e0 l'exercice des droits fondamentaux et des libert\u00e9s publiques","og_description":"Molis Par\u00e9s est un cabinet d'avocats de Barcelone sp\u00e9cialis\u00e9 dans les d\u00e9lits li\u00e9s \u00e0 l'exercice des droits fondamentaux. Nous d\u00e9fendons vos droits et libert\u00e9s. Contactez nous maintenant !","og_url":"https:\/\/molinspares.com\/fr\/infractions-relatives-a-lexercice-des-droits-fondamentaux-et-des-libertes-publiques\/","og_site_name":"Molins Par\u00e9s - Despacho de Abogados Penalistas en Barcelona | Excelencia y Privacidad","article_publisher":"https:\/\/www.facebook.com\/profile.php?id=100067944420137","article_modified_time":"2025-06-19T20:37:41+00:00","og_image":[{"width":600,"height":900,"url":"https:\/\/molinspares.com\/wp-content\/uploads\/Delitos-contra-el-patrimonio-y-contra-el-orden-socio-economico.jpg","type":"image\/jpeg"}],"twitter_card":"summary_large_image","twitter_misc":{"Dur\u00e9e de lecture estim\u00e9e":"1 minute"},"schema":{"@context":"https:\/\/schema.org","@graph":[{"@type":"WebPage","@id":"https:\/\/molinspares.com\/fr\/infractions-relatives-a-lexercice-des-droits-fondamentaux-et-des-libertes-publiques\/","url":"https:\/\/molinspares.com\/fr\/infractions-relatives-a-lexercice-des-droits-fondamentaux-et-des-libertes-publiques\/","name":"Avocat Droits fondamentaux Crimes Barcelone | Molis Par\u00e9s","isPartOf":{"@id":"https:\/\/molinspares.com\/fr\/#website"},"primaryImageOfPage":{"@id":"https:\/\/molinspares.com\/fr\/infractions-relatives-a-lexercice-des-droits-fondamentaux-et-des-libertes-publiques\/#primaryimage"},"image":{"@id":"https:\/\/molinspares.com\/fr\/infractions-relatives-a-lexercice-des-droits-fondamentaux-et-des-libertes-publiques\/#primaryimage"},"thumbnailUrl":"https:\/\/molinspares.com\/wp-content\/uploads\/Delitos-contra-el-patrimonio-y-contra-el-orden-socio-economico.jpg","datePublished":"2023-10-20T10:44:36+00:00","dateModified":"2025-06-19T20:37:41+00:00","description":"Molis Par\u00e9s est un cabinet d'avocats de Barcelone sp\u00e9cialis\u00e9 dans les d\u00e9lits li\u00e9s \u00e0 l'exercice des droits fondamentaux. Nous d\u00e9fendons vos droits et libert\u00e9s. Contactez nous maintenant !","breadcrumb":{"@id":"https:\/\/molinspares.com\/fr\/infractions-relatives-a-lexercice-des-droits-fondamentaux-et-des-libertes-publiques\/#breadcrumb"},"inLanguage":"fr-FR","potentialAction":[{"@type":"ReadAction","target":["https:\/\/molinspares.com\/fr\/infractions-relatives-a-lexercice-des-droits-fondamentaux-et-des-libertes-publiques\/"]}]},{"@type":"ImageObject","inLanguage":"fr-FR","@id":"https:\/\/molinspares.com\/fr\/infractions-relatives-a-lexercice-des-droits-fondamentaux-et-des-libertes-publiques\/#primaryimage","url":"https:\/\/molinspares.com\/wp-content\/uploads\/Delitos-contra-el-patrimonio-y-contra-el-orden-socio-economico.jpg","contentUrl":"https:\/\/molinspares.com\/wp-content\/uploads\/Delitos-contra-el-patrimonio-y-contra-el-orden-socio-economico.jpg","width":600,"height":900},{"@type":"BreadcrumbList","@id":"https:\/\/molinspares.com\/fr\/infractions-relatives-a-lexercice-des-droits-fondamentaux-et-des-libertes-publiques\/#breadcrumb","itemListElement":[{"@type":"ListItem","position":1,"name":"Portada","item":"https:\/\/molinspares.com\/fr\/"},{"@type":"ListItem","position":2,"name":"Infractions relatives \u00e0 l&#8217;exercice des droits fondamentaux et des libert\u00e9s publiques"}]},{"@type":"WebSite","@id":"https:\/\/molinspares.com\/fr\/#website","url":"https:\/\/molinspares.com\/fr\/","name":"Molins & Par\u00e9s - Despacho de Abogados Penalistas en Barcelona","description":"En Molins &amp; Par\u00e9s somos especialistas en derecho penal. Garantizamos la privacidad del cliente y la m\u00e1xima excelencia en cada caso. \u00a1Cont\u00e1ctanos!","publisher":{"@id":"https:\/\/molinspares.com\/fr\/#organization"},"alternateName":"Molins & Par\u00e9s","potentialAction":[{"@type":"SearchAction","target":{"@type":"EntryPoint","urlTemplate":"https:\/\/molinspares.com\/fr\/?s={search_term_string}"},"query-input":{"@type":"PropertyValueSpecification","valueRequired":true,"valueName":"search_term_string"}}],"inLanguage":"fr-FR"},{"@type":"Organization","@id":"https:\/\/molinspares.com\/fr\/#organization","name":"Molins & Par\u00e9s - Despacho de Abogados Penalistas en Barcelona","alternateName":"Molins & Par\u00e9s","url":"https:\/\/molinspares.com\/fr\/","logo":{"@type":"ImageObject","inLanguage":"fr-FR","@id":"https:\/\/molinspares.com\/fr\/#\/schema\/logo\/image\/","url":"https:\/\/molinspares.com\/wp-content\/uploads\/logo_MolinsPares-2.jpg","contentUrl":"https:\/\/molinspares.com\/wp-content\/uploads\/logo_MolinsPares-2.jpg","width":512,"height":512,"caption":"Molins & Par\u00e9s - Despacho de Abogados Penalistas en Barcelona"},"image":{"@id":"https:\/\/molinspares.com\/fr\/#\/schema\/logo\/image\/"},"sameAs":["https:\/\/www.facebook.com\/profile.php?id=100067944420137","https:\/\/www.linkedin.com\/in\/molins-pars-penal-compliance-44383b65\/"],"publishingPrinciples":"https:\/\/molinspares.com\/politica-privacidad\/","ownershipFundingInfo":"https:\/\/molinspares.com\/politica-privacidad\/","actionableFeedbackPolicy":"https:\/\/molinspares.com\/politica-privacidad\/","correctionsPolicy":"https:\/\/molinspares.com\/politica-privacidad\/","ethicsPolicy":"https:\/\/molinspares.com\/politica-privacidad\/","diversityPolicy":"https:\/\/molinspares.com\/politica-privacidad\/","diversityStaffingReport":"https:\/\/molinspares.com\/politica-privacidad\/"}]}},"_links":{"self":[{"href":"https:\/\/molinspares.com\/fr\/wp-json\/wp\/v2\/pages\/7088","targetHints":{"allow":["GET"]}}],"collection":[{"href":"https:\/\/molinspares.com\/fr\/wp-json\/wp\/v2\/pages"}],"about":[{"href":"https:\/\/molinspares.com\/fr\/wp-json\/wp\/v2\/types\/page"}],"author":[{"embeddable":true,"href":"https:\/\/molinspares.com\/fr\/wp-json\/wp\/v2\/users\/1"}],"replies":[{"embeddable":true,"href":"https:\/\/molinspares.com\/fr\/wp-json\/wp\/v2\/comments?post=7088"}],"version-history":[{"count":1,"href":"https:\/\/molinspares.com\/fr\/wp-json\/wp\/v2\/pages\/7088\/revisions"}],"predecessor-version":[{"id":7090,"href":"https:\/\/molinspares.com\/fr\/wp-json\/wp\/v2\/pages\/7088\/revisions\/7090"}],"wp:featuredmedia":[{"embeddable":true,"href":"https:\/\/molinspares.com\/fr\/wp-json\/wp\/v2\/media\/5963"}],"wp:attachment":[{"href":"https:\/\/molinspares.com\/fr\/wp-json\/wp\/v2\/media?parent=7088"}],"wp:term":[{"taxonomy":"category","embeddable":true,"href":"https:\/\/molinspares.com\/fr\/wp-json\/wp\/v2\/categories?post=7088"},{"taxonomy":"post_tag","embeddable":true,"href":"https:\/\/molinspares.com\/fr\/wp-json\/wp\/v2\/tags?post=7088"}],"curies":[{"name":"wp","href":"https:\/\/api.w.org\/{rel}","templated":true}]}}