{"id":7559,"date":"2023-10-20T12:32:42","date_gmt":"2023-10-20T10:32:42","guid":{"rendered":"https:\/\/molinspares.com\/intellectual-and-industrial-property-crimes\/"},"modified":"2025-06-19T22:56:57","modified_gmt":"2025-06-19T20:56:57","slug":"intellectual-and-industrial-property-crimes","status":"publish","type":"page","link":"https:\/\/molinspares.com\/en\/intellectual-and-industrial-property-crimes\/","title":{"rendered":"Intellectual and industrial property crimes"},"content":{"rendered":"\n<ul class=\"wp-block-list\">\n<li><strong>CRIME AGAINST INTELLECTUAL PROPERTY <\/strong> ( <strong>art. 270 PC): <\/strong>Punishes the person who reproduces, plagiarizes, distributes, publicly communicates or economically exploits, in any way, a literary, artistic or scientific work or performance without the authorization of the owners.<\/li>\n\n\n\n<li><strong>CRIME AGAINST INDUSTRIAL PROPERTY <\/strong> ( <strong>art. 273 et seq. PC): <\/strong>Punishes the person who makes a use not consented by the holder (manufacture, importation, possession, use, etc.) of a patent or a utility model &#8211; registered in the pertinent registry &#8211; for an industrial or commercial purpose.<\/li>\n<\/ul>\n\n<p><\/p>\n","protected":false},"excerpt":{"rendered":"<p>Featured Text lorem ipsum dolor sit amet, consectetuer adipiscing eli adipiscing elit.<\/p>\n","protected":false},"author":1,"featured_media":5962,"parent":0,"menu_order":44,"comment_status":"closed","ping_status":"closed","template":"","meta":{"footnotes":""},"categories":[160],"tags":[],"class_list":["post-7559","page","type-page","status-publish","has-post-thumbnail","hentry","category-criminal-defense"],"yoast_head":"<!-- This site is optimized with the Yoast SEO Premium plugin v26.1 (Yoast SEO v27.2) - https:\/\/yoast.com\/product\/yoast-seo-premium-wordpress\/ -->\n<title>Intellectual and Industrial Property Lawyer in Barcelona | Molins Par\u00e9s<\/title>\n<meta name=\"description\" content=\"Molins Par\u00e9s is a law firm specialized in intellectual and industrial property matters in Barcelona. Contact us to protect your rights.\" \/>\n<meta name=\"robots\" content=\"index, follow, max-snippet:-1, max-image-preview:large, max-video-preview:-1\" \/>\n<link rel=\"canonical\" href=\"https:\/\/molinspares.com\/en\/intellectual-and-industrial-property-crimes\/\" \/>\n<meta property=\"og:locale\" content=\"en_US\" \/>\n<meta property=\"og:type\" content=\"article\" \/>\n<meta property=\"og:title\" content=\"Intellectual and industrial property crimes\" \/>\n<meta property=\"og:description\" content=\"Molins Par\u00e9s is a law firm specialized in intellectual and industrial property matters in Barcelona. Contact us to protect your rights.\" \/>\n<meta property=\"og:url\" content=\"https:\/\/molinspares.com\/en\/intellectual-and-industrial-property-crimes\/\" \/>\n<meta property=\"og:site_name\" content=\"Molins Par\u00e9s - Despacho de Abogados Penalistas en Barcelona | Excelencia y Privacidad\" \/>\n<meta property=\"article:publisher\" content=\"https:\/\/www.facebook.com\/profile.php?id=100067944420137\" \/>\n<meta property=\"article:modified_time\" content=\"2025-06-19T20:56:57+00:00\" \/>\n<meta property=\"og:image\" content=\"https:\/\/molinspares.com\/wp-content\/uploads\/Delitos-contra-el-patrimonio-y-contra-el-orden-socio-economico.jpg\" \/>\n\t<meta property=\"og:image:width\" content=\"600\" \/>\n\t<meta property=\"og:image:height\" content=\"900\" \/>\n\t<meta property=\"og:image:type\" content=\"image\/jpeg\" \/>\n<meta name=\"twitter:card\" content=\"summary_large_image\" \/>\n<script type=\"application\/ld+json\" class=\"yoast-schema-graph\">{\"@context\":\"https:\/\/schema.org\",\"@graph\":[{\"@type\":\"WebPage\",\"@id\":\"https:\/\/molinspares.com\/en\/intellectual-and-industrial-property-crimes\/\",\"url\":\"https:\/\/molinspares.com\/en\/intellectual-and-industrial-property-crimes\/\",\"name\":\"Intellectual and Industrial Property Lawyer in Barcelona | Molins Par\u00e9s\",\"isPartOf\":{\"@id\":\"https:\/\/molinspares.com\/en\/#website\"},\"primaryImageOfPage\":{\"@id\":\"https:\/\/molinspares.com\/en\/intellectual-and-industrial-property-crimes\/#primaryimage\"},\"image\":{\"@id\":\"https:\/\/molinspares.com\/en\/intellectual-and-industrial-property-crimes\/#primaryimage\"},\"thumbnailUrl\":\"https:\/\/molinspares.com\/wp-content\/uploads\/Delitos-contra-el-patrimonio-y-contra-el-orden-socio-economico.jpg\",\"datePublished\":\"2023-10-20T10:32:42+00:00\",\"dateModified\":\"2025-06-19T20:56:57+00:00\",\"description\":\"Molins Par\u00e9s is a law firm specialized in intellectual and industrial property matters in Barcelona. Contact us to protect your rights.\",\"breadcrumb\":{\"@id\":\"https:\/\/molinspares.com\/en\/intellectual-and-industrial-property-crimes\/#breadcrumb\"},\"inLanguage\":\"en-US\",\"potentialAction\":[{\"@type\":\"ReadAction\",\"target\":[\"https:\/\/molinspares.com\/en\/intellectual-and-industrial-property-crimes\/\"]}]},{\"@type\":\"ImageObject\",\"inLanguage\":\"en-US\",\"@id\":\"https:\/\/molinspares.com\/en\/intellectual-and-industrial-property-crimes\/#primaryimage\",\"url\":\"https:\/\/molinspares.com\/wp-content\/uploads\/Delitos-contra-el-patrimonio-y-contra-el-orden-socio-economico.jpg\",\"contentUrl\":\"https:\/\/molinspares.com\/wp-content\/uploads\/Delitos-contra-el-patrimonio-y-contra-el-orden-socio-economico.jpg\",\"width\":600,\"height\":900},{\"@type\":\"BreadcrumbList\",\"@id\":\"https:\/\/molinspares.com\/en\/intellectual-and-industrial-property-crimes\/#breadcrumb\",\"itemListElement\":[{\"@type\":\"ListItem\",\"position\":1,\"name\":\"Portada\",\"item\":\"https:\/\/molinspares.com\/en\/\"},{\"@type\":\"ListItem\",\"position\":2,\"name\":\"Intellectual and industrial property crimes\"}]},{\"@type\":\"WebSite\",\"@id\":\"https:\/\/molinspares.com\/en\/#website\",\"url\":\"https:\/\/molinspares.com\/en\/\",\"name\":\"Molins & Par\u00e9s - Despacho de Abogados Penalistas en Barcelona\",\"description\":\"En Molins &amp; Par\u00e9s somos especialistas en derecho penal. Garantizamos la privacidad del cliente y la m\u00e1xima excelencia en cada caso. \u00a1Cont\u00e1ctanos!\",\"publisher\":{\"@id\":\"https:\/\/molinspares.com\/en\/#organization\"},\"alternateName\":\"Molins & Par\u00e9s\",\"potentialAction\":[{\"@type\":\"SearchAction\",\"target\":{\"@type\":\"EntryPoint\",\"urlTemplate\":\"https:\/\/molinspares.com\/en\/?s={search_term_string}\"},\"query-input\":{\"@type\":\"PropertyValueSpecification\",\"valueRequired\":true,\"valueName\":\"search_term_string\"}}],\"inLanguage\":\"en-US\"},{\"@type\":\"Organization\",\"@id\":\"https:\/\/molinspares.com\/en\/#organization\",\"name\":\"Molins & Par\u00e9s - Despacho de Abogados Penalistas en Barcelona\",\"alternateName\":\"Molins & Par\u00e9s\",\"url\":\"https:\/\/molinspares.com\/en\/\",\"logo\":{\"@type\":\"ImageObject\",\"inLanguage\":\"en-US\",\"@id\":\"https:\/\/molinspares.com\/en\/#\/schema\/logo\/image\/\",\"url\":\"https:\/\/molinspares.com\/wp-content\/uploads\/logo_MolinsPares-2.jpg\",\"contentUrl\":\"https:\/\/molinspares.com\/wp-content\/uploads\/logo_MolinsPares-2.jpg\",\"width\":512,\"height\":512,\"caption\":\"Molins & Par\u00e9s - Despacho de Abogados Penalistas en Barcelona\"},\"image\":{\"@id\":\"https:\/\/molinspares.com\/en\/#\/schema\/logo\/image\/\"},\"sameAs\":[\"https:\/\/www.facebook.com\/profile.php?id=100067944420137\",\"https:\/\/www.linkedin.com\/in\/molins-pars-penal-compliance-44383b65\/\"],\"publishingPrinciples\":\"https:\/\/molinspares.com\/politica-privacidad\/\",\"ownershipFundingInfo\":\"https:\/\/molinspares.com\/politica-privacidad\/\",\"actionableFeedbackPolicy\":\"https:\/\/molinspares.com\/politica-privacidad\/\",\"correctionsPolicy\":\"https:\/\/molinspares.com\/politica-privacidad\/\",\"ethicsPolicy\":\"https:\/\/molinspares.com\/politica-privacidad\/\",\"diversityPolicy\":\"https:\/\/molinspares.com\/politica-privacidad\/\",\"diversityStaffingReport\":\"https:\/\/molinspares.com\/politica-privacidad\/\"}]}<\/script>\n<!-- \/ Yoast SEO Premium plugin. -->","yoast_head_json":{"title":"Intellectual and Industrial Property Lawyer in Barcelona | Molins Par\u00e9s","description":"Molins Par\u00e9s is a law firm specialized in intellectual and industrial property matters in Barcelona. Contact us to protect your rights.","robots":{"index":"index","follow":"follow","max-snippet":"max-snippet:-1","max-image-preview":"max-image-preview:large","max-video-preview":"max-video-preview:-1"},"canonical":"https:\/\/molinspares.com\/en\/intellectual-and-industrial-property-crimes\/","og_locale":"en_US","og_type":"article","og_title":"Intellectual and industrial property crimes","og_description":"Molins Par\u00e9s is a law firm specialized in intellectual and industrial property matters in Barcelona. Contact us to protect your rights.","og_url":"https:\/\/molinspares.com\/en\/intellectual-and-industrial-property-crimes\/","og_site_name":"Molins Par\u00e9s - Despacho de Abogados Penalistas en Barcelona | Excelencia y Privacidad","article_publisher":"https:\/\/www.facebook.com\/profile.php?id=100067944420137","article_modified_time":"2025-06-19T20:56:57+00:00","og_image":[{"width":600,"height":900,"url":"https:\/\/molinspares.com\/wp-content\/uploads\/Delitos-contra-el-patrimonio-y-contra-el-orden-socio-economico.jpg","type":"image\/jpeg"}],"twitter_card":"summary_large_image","schema":{"@context":"https:\/\/schema.org","@graph":[{"@type":"WebPage","@id":"https:\/\/molinspares.com\/en\/intellectual-and-industrial-property-crimes\/","url":"https:\/\/molinspares.com\/en\/intellectual-and-industrial-property-crimes\/","name":"Intellectual and Industrial Property Lawyer in Barcelona | Molins Par\u00e9s","isPartOf":{"@id":"https:\/\/molinspares.com\/en\/#website"},"primaryImageOfPage":{"@id":"https:\/\/molinspares.com\/en\/intellectual-and-industrial-property-crimes\/#primaryimage"},"image":{"@id":"https:\/\/molinspares.com\/en\/intellectual-and-industrial-property-crimes\/#primaryimage"},"thumbnailUrl":"https:\/\/molinspares.com\/wp-content\/uploads\/Delitos-contra-el-patrimonio-y-contra-el-orden-socio-economico.jpg","datePublished":"2023-10-20T10:32:42+00:00","dateModified":"2025-06-19T20:56:57+00:00","description":"Molins Par\u00e9s is a law firm specialized in intellectual and industrial property matters in Barcelona. Contact us to protect your rights.","breadcrumb":{"@id":"https:\/\/molinspares.com\/en\/intellectual-and-industrial-property-crimes\/#breadcrumb"},"inLanguage":"en-US","potentialAction":[{"@type":"ReadAction","target":["https:\/\/molinspares.com\/en\/intellectual-and-industrial-property-crimes\/"]}]},{"@type":"ImageObject","inLanguage":"en-US","@id":"https:\/\/molinspares.com\/en\/intellectual-and-industrial-property-crimes\/#primaryimage","url":"https:\/\/molinspares.com\/wp-content\/uploads\/Delitos-contra-el-patrimonio-y-contra-el-orden-socio-economico.jpg","contentUrl":"https:\/\/molinspares.com\/wp-content\/uploads\/Delitos-contra-el-patrimonio-y-contra-el-orden-socio-economico.jpg","width":600,"height":900},{"@type":"BreadcrumbList","@id":"https:\/\/molinspares.com\/en\/intellectual-and-industrial-property-crimes\/#breadcrumb","itemListElement":[{"@type":"ListItem","position":1,"name":"Portada","item":"https:\/\/molinspares.com\/en\/"},{"@type":"ListItem","position":2,"name":"Intellectual and industrial property crimes"}]},{"@type":"WebSite","@id":"https:\/\/molinspares.com\/en\/#website","url":"https:\/\/molinspares.com\/en\/","name":"Molins & Par\u00e9s - Despacho de Abogados Penalistas en Barcelona","description":"En Molins &amp; Par\u00e9s somos especialistas en derecho penal. Garantizamos la privacidad del cliente y la m\u00e1xima excelencia en cada caso. \u00a1Cont\u00e1ctanos!","publisher":{"@id":"https:\/\/molinspares.com\/en\/#organization"},"alternateName":"Molins & Par\u00e9s","potentialAction":[{"@type":"SearchAction","target":{"@type":"EntryPoint","urlTemplate":"https:\/\/molinspares.com\/en\/?s={search_term_string}"},"query-input":{"@type":"PropertyValueSpecification","valueRequired":true,"valueName":"search_term_string"}}],"inLanguage":"en-US"},{"@type":"Organization","@id":"https:\/\/molinspares.com\/en\/#organization","name":"Molins & Par\u00e9s - Despacho de Abogados Penalistas en Barcelona","alternateName":"Molins & Par\u00e9s","url":"https:\/\/molinspares.com\/en\/","logo":{"@type":"ImageObject","inLanguage":"en-US","@id":"https:\/\/molinspares.com\/en\/#\/schema\/logo\/image\/","url":"https:\/\/molinspares.com\/wp-content\/uploads\/logo_MolinsPares-2.jpg","contentUrl":"https:\/\/molinspares.com\/wp-content\/uploads\/logo_MolinsPares-2.jpg","width":512,"height":512,"caption":"Molins & Par\u00e9s - Despacho de Abogados Penalistas en Barcelona"},"image":{"@id":"https:\/\/molinspares.com\/en\/#\/schema\/logo\/image\/"},"sameAs":["https:\/\/www.facebook.com\/profile.php?id=100067944420137","https:\/\/www.linkedin.com\/in\/molins-pars-penal-compliance-44383b65\/"],"publishingPrinciples":"https:\/\/molinspares.com\/politica-privacidad\/","ownershipFundingInfo":"https:\/\/molinspares.com\/politica-privacidad\/","actionableFeedbackPolicy":"https:\/\/molinspares.com\/politica-privacidad\/","correctionsPolicy":"https:\/\/molinspares.com\/politica-privacidad\/","ethicsPolicy":"https:\/\/molinspares.com\/politica-privacidad\/","diversityPolicy":"https:\/\/molinspares.com\/politica-privacidad\/","diversityStaffingReport":"https:\/\/molinspares.com\/politica-privacidad\/"}]}},"_links":{"self":[{"href":"https:\/\/molinspares.com\/en\/wp-json\/wp\/v2\/pages\/7559","targetHints":{"allow":["GET"]}}],"collection":[{"href":"https:\/\/molinspares.com\/en\/wp-json\/wp\/v2\/pages"}],"about":[{"href":"https:\/\/molinspares.com\/en\/wp-json\/wp\/v2\/types\/page"}],"author":[{"embeddable":true,"href":"https:\/\/molinspares.com\/en\/wp-json\/wp\/v2\/users\/1"}],"replies":[{"embeddable":true,"href":"https:\/\/molinspares.com\/en\/wp-json\/wp\/v2\/comments?post=7559"}],"version-history":[{"count":1,"href":"https:\/\/molinspares.com\/en\/wp-json\/wp\/v2\/pages\/7559\/revisions"}],"predecessor-version":[{"id":7562,"href":"https:\/\/molinspares.com\/en\/wp-json\/wp\/v2\/pages\/7559\/revisions\/7562"}],"wp:featuredmedia":[{"embeddable":true,"href":"https:\/\/molinspares.com\/en\/wp-json\/wp\/v2\/media\/5962"}],"wp:attachment":[{"href":"https:\/\/molinspares.com\/en\/wp-json\/wp\/v2\/media?parent=7559"}],"wp:term":[{"taxonomy":"category","embeddable":true,"href":"https:\/\/molinspares.com\/en\/wp-json\/wp\/v2\/categories?post=7559"},{"taxonomy":"post_tag","embeddable":true,"href":"https:\/\/molinspares.com\/en\/wp-json\/wp\/v2\/tags?post=7559"}],"curies":[{"name":"wp","href":"https:\/\/api.w.org\/{rel}","templated":true}]}}