{"id":7532,"date":"2023-10-20T12:29:09","date_gmt":"2023-10-20T10:29:09","guid":{"rendered":"https:\/\/molinspares.com\/crimes-against-property-and-against-the-socio-economic-order\/"},"modified":"2025-06-19T22:56:51","modified_gmt":"2025-06-19T20:56:51","slug":"crimes-against-property-and-against-the-socio-economic-order","status":"publish","type":"page","link":"https:\/\/molinspares.com\/en\/crimes-against-property-and-against-the-socio-economic-order\/","title":{"rendered":"Crimes against property and against the socio-economic order"},"content":{"rendered":"\n<div class=\"wp-block-group is-vertical is-layout-flex wp-container-core-group-is-layout-fe9cc265 wp-block-group-is-layout-flex\">\n<div class=\"wp-block-group is-vertical is-layout-flex wp-container-core-group-is-layout-fe9cc265 wp-block-group-is-layout-flex\">\n<ul class=\"wp-block-list\">\n<li><strong>THEFT CRIME <\/strong><strong>(arts. 234 et seq. PC):<\/strong> Consists of the seizure of someone else&#8217;s property without the consent of the owner and without the need to use violence, intimidation or force, with the intention of making a profit.<\/li>\n\n\n\n<li><strong>CRIME OF THEFT <\/strong><strong>(art. 237 et seq. PC):<\/strong> Consists of the seizure of property belonging to another person, through the use of violence or intimidation against the latter or, using force against things, with the intention of making a profit.<\/li>\n\n\n\n<li><strong>FELONY OF USURPATION<\/strong><strong> (art. 245.2 PC):<\/strong> Punishes whoever occupies or maintains without authorization, a property, dwelling or building belonging to another person that does not constitute a dwelling, against the will of its owner.<\/li>\n\n\n\n<li><strong>FRAUD CRIME <\/strong><strong>(art. 248 et seq. PC):<\/strong> Consists of the action of obtaining with the intent to profit, by means of deception, that someone performs an act of patrimonial disposition (for example, a payment or the signing of a contract, among others) by which he\/she harms him\/herself or a third party.<\/li>\n\n\n\n<li><strong>CRIME OF UNFAIR ADMINISTRATION<\/strong> <strong>(art. 252 PC):<\/strong> Punishes those persons who infringe the faculties of administering another&#8217;s patrimony, exceeding them and with such action causing a patrimonial prejudice.<\/li>\n\n\n\n<li><strong>CRIME OF UNDUE APPROPRIATION<\/strong><strong> (art. 253 et seq. PC):<\/strong> Punishes whoever takes possession -for himself or a third person- of a property entrusted by means of a title that obliged him to deliver or return it.<\/li>\n\n\n\n<li><strong>CRIME OF ASSETS ASSESSMENT<\/strong><strong> (art. 257): <\/strong>Consists of any action or maneuver that a debtor performs in order to make it difficult for his creditors to collect what is owed.<\/li>\n\n\n\n<li><strong>CRIME OF PUNISHABLE INSOLVENCY<\/strong><strong> (art. 259 PC):<\/strong> Consists of conduct to the detriment of creditors on the part of a person who is in a situation of actual or imminent bankruptcy. Said conducts may consist, among others, of hiding, damaging or destroying property of the assets subject to seizure, as well as making donations of property, money and other assets thereof in order to divert them. <\/li>\n<\/ul>\n<\/div>\n<\/div>\n","protected":false},"excerpt":{"rendered":"<p>Featured Text lorem ipsum dolor sit amet, consectetuer adipiscing eli adipiscing elit.<\/p>\n","protected":false},"author":1,"featured_media":5962,"parent":0,"menu_order":41,"comment_status":"closed","ping_status":"closed","template":"","meta":{"footnotes":""},"categories":[160],"tags":[],"class_list":["post-7532","page","type-page","status-publish","has-post-thumbnail","hentry","category-criminal-defense"],"yoast_head":"<!-- This site is optimized with the Yoast SEO Premium plugin v26.1 (Yoast SEO v27.2) - https:\/\/yoast.com\/product\/yoast-seo-premium-wordpress\/ -->\n<title>Theft and Fraud Lawyer in Barcelona | Molins Par\u00e9s<\/title>\n<meta name=\"description\" content=\"Are you looking for a lawyer specialized in property and socio-economic crimes? Molins Par\u00e9s is your solution, contact us now!\" \/>\n<meta name=\"robots\" content=\"index, follow, max-snippet:-1, max-image-preview:large, max-video-preview:-1\" \/>\n<link rel=\"canonical\" href=\"https:\/\/molinspares.com\/en\/crimes-against-property-and-against-the-socio-economic-order\/\" \/>\n<meta property=\"og:locale\" content=\"en_US\" \/>\n<meta property=\"og:type\" content=\"article\" \/>\n<meta property=\"og:title\" content=\"Crimes against property and against the socio-economic order\" \/>\n<meta property=\"og:description\" content=\"Are you looking for a lawyer specialized in property and socio-economic crimes? Molins Par\u00e9s is your solution, contact us now!\" \/>\n<meta property=\"og:url\" content=\"https:\/\/molinspares.com\/en\/crimes-against-property-and-against-the-socio-economic-order\/\" \/>\n<meta property=\"og:site_name\" content=\"Molins Par\u00e9s - Despacho de Abogados Penalistas en Barcelona | Excelencia y Privacidad\" \/>\n<meta property=\"article:publisher\" content=\"https:\/\/www.facebook.com\/profile.php?id=100067944420137\" \/>\n<meta property=\"article:modified_time\" content=\"2025-06-19T20:56:51+00:00\" \/>\n<meta property=\"og:image\" content=\"https:\/\/molinspares.com\/wp-content\/uploads\/Delitos-contra-el-patrimonio-y-contra-el-orden-socio-economico.jpg\" \/>\n\t<meta property=\"og:image:width\" content=\"600\" \/>\n\t<meta property=\"og:image:height\" content=\"900\" \/>\n\t<meta property=\"og:image:type\" content=\"image\/jpeg\" \/>\n<meta name=\"twitter:card\" content=\"summary_large_image\" \/>\n<meta name=\"twitter:label1\" content=\"Est. reading time\" \/>\n\t<meta name=\"twitter:data1\" content=\"2 minutes\" \/>\n<script type=\"application\/ld+json\" class=\"yoast-schema-graph\">{\"@context\":\"https:\/\/schema.org\",\"@graph\":[{\"@type\":\"WebPage\",\"@id\":\"https:\/\/molinspares.com\/en\/crimes-against-property-and-against-the-socio-economic-order\/\",\"url\":\"https:\/\/molinspares.com\/en\/crimes-against-property-and-against-the-socio-economic-order\/\",\"name\":\"Theft and Fraud Lawyer in Barcelona | Molins Par\u00e9s\",\"isPartOf\":{\"@id\":\"https:\/\/molinspares.com\/en\/#website\"},\"primaryImageOfPage\":{\"@id\":\"https:\/\/molinspares.com\/en\/crimes-against-property-and-against-the-socio-economic-order\/#primaryimage\"},\"image\":{\"@id\":\"https:\/\/molinspares.com\/en\/crimes-against-property-and-against-the-socio-economic-order\/#primaryimage\"},\"thumbnailUrl\":\"https:\/\/molinspares.com\/wp-content\/uploads\/Delitos-contra-el-patrimonio-y-contra-el-orden-socio-economico.jpg\",\"datePublished\":\"2023-10-20T10:29:09+00:00\",\"dateModified\":\"2025-06-19T20:56:51+00:00\",\"description\":\"Are you looking for a lawyer specialized in property and socio-economic crimes? Molins Par\u00e9s is your solution, contact us now!\",\"breadcrumb\":{\"@id\":\"https:\/\/molinspares.com\/en\/crimes-against-property-and-against-the-socio-economic-order\/#breadcrumb\"},\"inLanguage\":\"en-US\",\"potentialAction\":[{\"@type\":\"ReadAction\",\"target\":[\"https:\/\/molinspares.com\/en\/crimes-against-property-and-against-the-socio-economic-order\/\"]}]},{\"@type\":\"ImageObject\",\"inLanguage\":\"en-US\",\"@id\":\"https:\/\/molinspares.com\/en\/crimes-against-property-and-against-the-socio-economic-order\/#primaryimage\",\"url\":\"https:\/\/molinspares.com\/wp-content\/uploads\/Delitos-contra-el-patrimonio-y-contra-el-orden-socio-economico.jpg\",\"contentUrl\":\"https:\/\/molinspares.com\/wp-content\/uploads\/Delitos-contra-el-patrimonio-y-contra-el-orden-socio-economico.jpg\",\"width\":600,\"height\":900},{\"@type\":\"BreadcrumbList\",\"@id\":\"https:\/\/molinspares.com\/en\/crimes-against-property-and-against-the-socio-economic-order\/#breadcrumb\",\"itemListElement\":[{\"@type\":\"ListItem\",\"position\":1,\"name\":\"Portada\",\"item\":\"https:\/\/molinspares.com\/en\/\"},{\"@type\":\"ListItem\",\"position\":2,\"name\":\"Crimes against property and against the socio-economic order\"}]},{\"@type\":\"WebSite\",\"@id\":\"https:\/\/molinspares.com\/en\/#website\",\"url\":\"https:\/\/molinspares.com\/en\/\",\"name\":\"Molins & Par\u00e9s - Despacho de Abogados Penalistas en Barcelona\",\"description\":\"En Molins &amp; Par\u00e9s somos especialistas en derecho penal. Garantizamos la privacidad del cliente y la m\u00e1xima excelencia en cada caso. \u00a1Cont\u00e1ctanos!\",\"publisher\":{\"@id\":\"https:\/\/molinspares.com\/en\/#organization\"},\"alternateName\":\"Molins & Par\u00e9s\",\"potentialAction\":[{\"@type\":\"SearchAction\",\"target\":{\"@type\":\"EntryPoint\",\"urlTemplate\":\"https:\/\/molinspares.com\/en\/?s={search_term_string}\"},\"query-input\":{\"@type\":\"PropertyValueSpecification\",\"valueRequired\":true,\"valueName\":\"search_term_string\"}}],\"inLanguage\":\"en-US\"},{\"@type\":\"Organization\",\"@id\":\"https:\/\/molinspares.com\/en\/#organization\",\"name\":\"Molins & Par\u00e9s - Despacho de Abogados Penalistas en Barcelona\",\"alternateName\":\"Molins & Par\u00e9s\",\"url\":\"https:\/\/molinspares.com\/en\/\",\"logo\":{\"@type\":\"ImageObject\",\"inLanguage\":\"en-US\",\"@id\":\"https:\/\/molinspares.com\/en\/#\/schema\/logo\/image\/\",\"url\":\"https:\/\/molinspares.com\/wp-content\/uploads\/logo_MolinsPares-2.jpg\",\"contentUrl\":\"https:\/\/molinspares.com\/wp-content\/uploads\/logo_MolinsPares-2.jpg\",\"width\":512,\"height\":512,\"caption\":\"Molins & Par\u00e9s - Despacho de Abogados Penalistas en Barcelona\"},\"image\":{\"@id\":\"https:\/\/molinspares.com\/en\/#\/schema\/logo\/image\/\"},\"sameAs\":[\"https:\/\/www.facebook.com\/profile.php?id=100067944420137\",\"https:\/\/www.linkedin.com\/in\/molins-pars-penal-compliance-44383b65\/\"],\"publishingPrinciples\":\"https:\/\/molinspares.com\/politica-privacidad\/\",\"ownershipFundingInfo\":\"https:\/\/molinspares.com\/politica-privacidad\/\",\"actionableFeedbackPolicy\":\"https:\/\/molinspares.com\/politica-privacidad\/\",\"correctionsPolicy\":\"https:\/\/molinspares.com\/politica-privacidad\/\",\"ethicsPolicy\":\"https:\/\/molinspares.com\/politica-privacidad\/\",\"diversityPolicy\":\"https:\/\/molinspares.com\/politica-privacidad\/\",\"diversityStaffingReport\":\"https:\/\/molinspares.com\/politica-privacidad\/\"}]}<\/script>\n<!-- \/ Yoast SEO Premium plugin. -->","yoast_head_json":{"title":"Theft and Fraud Lawyer in Barcelona | Molins Par\u00e9s","description":"Are you looking for a lawyer specialized in property and socio-economic crimes? Molins Par\u00e9s is your solution, contact us now!","robots":{"index":"index","follow":"follow","max-snippet":"max-snippet:-1","max-image-preview":"max-image-preview:large","max-video-preview":"max-video-preview:-1"},"canonical":"https:\/\/molinspares.com\/en\/crimes-against-property-and-against-the-socio-economic-order\/","og_locale":"en_US","og_type":"article","og_title":"Crimes against property and against the socio-economic order","og_description":"Are you looking for a lawyer specialized in property and socio-economic crimes? Molins Par\u00e9s is your solution, contact us now!","og_url":"https:\/\/molinspares.com\/en\/crimes-against-property-and-against-the-socio-economic-order\/","og_site_name":"Molins Par\u00e9s - Despacho de Abogados Penalistas en Barcelona | Excelencia y Privacidad","article_publisher":"https:\/\/www.facebook.com\/profile.php?id=100067944420137","article_modified_time":"2025-06-19T20:56:51+00:00","og_image":[{"width":600,"height":900,"url":"https:\/\/molinspares.com\/wp-content\/uploads\/Delitos-contra-el-patrimonio-y-contra-el-orden-socio-economico.jpg","type":"image\/jpeg"}],"twitter_card":"summary_large_image","twitter_misc":{"Est. reading time":"2 minutes"},"schema":{"@context":"https:\/\/schema.org","@graph":[{"@type":"WebPage","@id":"https:\/\/molinspares.com\/en\/crimes-against-property-and-against-the-socio-economic-order\/","url":"https:\/\/molinspares.com\/en\/crimes-against-property-and-against-the-socio-economic-order\/","name":"Theft and Fraud Lawyer in Barcelona | Molins Par\u00e9s","isPartOf":{"@id":"https:\/\/molinspares.com\/en\/#website"},"primaryImageOfPage":{"@id":"https:\/\/molinspares.com\/en\/crimes-against-property-and-against-the-socio-economic-order\/#primaryimage"},"image":{"@id":"https:\/\/molinspares.com\/en\/crimes-against-property-and-against-the-socio-economic-order\/#primaryimage"},"thumbnailUrl":"https:\/\/molinspares.com\/wp-content\/uploads\/Delitos-contra-el-patrimonio-y-contra-el-orden-socio-economico.jpg","datePublished":"2023-10-20T10:29:09+00:00","dateModified":"2025-06-19T20:56:51+00:00","description":"Are you looking for a lawyer specialized in property and socio-economic crimes? Molins Par\u00e9s is your solution, contact us now!","breadcrumb":{"@id":"https:\/\/molinspares.com\/en\/crimes-against-property-and-against-the-socio-economic-order\/#breadcrumb"},"inLanguage":"en-US","potentialAction":[{"@type":"ReadAction","target":["https:\/\/molinspares.com\/en\/crimes-against-property-and-against-the-socio-economic-order\/"]}]},{"@type":"ImageObject","inLanguage":"en-US","@id":"https:\/\/molinspares.com\/en\/crimes-against-property-and-against-the-socio-economic-order\/#primaryimage","url":"https:\/\/molinspares.com\/wp-content\/uploads\/Delitos-contra-el-patrimonio-y-contra-el-orden-socio-economico.jpg","contentUrl":"https:\/\/molinspares.com\/wp-content\/uploads\/Delitos-contra-el-patrimonio-y-contra-el-orden-socio-economico.jpg","width":600,"height":900},{"@type":"BreadcrumbList","@id":"https:\/\/molinspares.com\/en\/crimes-against-property-and-against-the-socio-economic-order\/#breadcrumb","itemListElement":[{"@type":"ListItem","position":1,"name":"Portada","item":"https:\/\/molinspares.com\/en\/"},{"@type":"ListItem","position":2,"name":"Crimes against property and against the socio-economic order"}]},{"@type":"WebSite","@id":"https:\/\/molinspares.com\/en\/#website","url":"https:\/\/molinspares.com\/en\/","name":"Molins & Par\u00e9s - Despacho de Abogados Penalistas en Barcelona","description":"En Molins &amp; Par\u00e9s somos especialistas en derecho penal. Garantizamos la privacidad del cliente y la m\u00e1xima excelencia en cada caso. \u00a1Cont\u00e1ctanos!","publisher":{"@id":"https:\/\/molinspares.com\/en\/#organization"},"alternateName":"Molins & Par\u00e9s","potentialAction":[{"@type":"SearchAction","target":{"@type":"EntryPoint","urlTemplate":"https:\/\/molinspares.com\/en\/?s={search_term_string}"},"query-input":{"@type":"PropertyValueSpecification","valueRequired":true,"valueName":"search_term_string"}}],"inLanguage":"en-US"},{"@type":"Organization","@id":"https:\/\/molinspares.com\/en\/#organization","name":"Molins & Par\u00e9s - Despacho de Abogados Penalistas en Barcelona","alternateName":"Molins & Par\u00e9s","url":"https:\/\/molinspares.com\/en\/","logo":{"@type":"ImageObject","inLanguage":"en-US","@id":"https:\/\/molinspares.com\/en\/#\/schema\/logo\/image\/","url":"https:\/\/molinspares.com\/wp-content\/uploads\/logo_MolinsPares-2.jpg","contentUrl":"https:\/\/molinspares.com\/wp-content\/uploads\/logo_MolinsPares-2.jpg","width":512,"height":512,"caption":"Molins & Par\u00e9s - Despacho de Abogados Penalistas en Barcelona"},"image":{"@id":"https:\/\/molinspares.com\/en\/#\/schema\/logo\/image\/"},"sameAs":["https:\/\/www.facebook.com\/profile.php?id=100067944420137","https:\/\/www.linkedin.com\/in\/molins-pars-penal-compliance-44383b65\/"],"publishingPrinciples":"https:\/\/molinspares.com\/politica-privacidad\/","ownershipFundingInfo":"https:\/\/molinspares.com\/politica-privacidad\/","actionableFeedbackPolicy":"https:\/\/molinspares.com\/politica-privacidad\/","correctionsPolicy":"https:\/\/molinspares.com\/politica-privacidad\/","ethicsPolicy":"https:\/\/molinspares.com\/politica-privacidad\/","diversityPolicy":"https:\/\/molinspares.com\/politica-privacidad\/","diversityStaffingReport":"https:\/\/molinspares.com\/politica-privacidad\/"}]}},"_links":{"self":[{"href":"https:\/\/molinspares.com\/en\/wp-json\/wp\/v2\/pages\/7532","targetHints":{"allow":["GET"]}}],"collection":[{"href":"https:\/\/molinspares.com\/en\/wp-json\/wp\/v2\/pages"}],"about":[{"href":"https:\/\/molinspares.com\/en\/wp-json\/wp\/v2\/types\/page"}],"author":[{"embeddable":true,"href":"https:\/\/molinspares.com\/en\/wp-json\/wp\/v2\/users\/1"}],"replies":[{"embeddable":true,"href":"https:\/\/molinspares.com\/en\/wp-json\/wp\/v2\/comments?post=7532"}],"version-history":[{"count":1,"href":"https:\/\/molinspares.com\/en\/wp-json\/wp\/v2\/pages\/7532\/revisions"}],"predecessor-version":[{"id":7534,"href":"https:\/\/molinspares.com\/en\/wp-json\/wp\/v2\/pages\/7532\/revisions\/7534"}],"wp:featuredmedia":[{"embeddable":true,"href":"https:\/\/molinspares.com\/en\/wp-json\/wp\/v2\/media\/5962"}],"wp:attachment":[{"href":"https:\/\/molinspares.com\/en\/wp-json\/wp\/v2\/media?parent=7532"}],"wp:term":[{"taxonomy":"category","embeddable":true,"href":"https:\/\/molinspares.com\/en\/wp-json\/wp\/v2\/categories?post=7532"},{"taxonomy":"post_tag","embeddable":true,"href":"https:\/\/molinspares.com\/en\/wp-json\/wp\/v2\/tags?post=7532"}],"curies":[{"name":"wp","href":"https:\/\/api.w.org\/{rel}","templated":true}]}}