{"id":7142,"date":"2024-01-12T20:01:59","date_gmt":"2024-01-12T19:01:59","guid":{"rendered":"https:\/\/molinspares.com\/ainoa-sanchis-colominas\/"},"modified":"2025-06-19T22:38:01","modified_gmt":"2025-06-19T20:38:01","slug":"ainoa-sanchis-colominas","status":"publish","type":"page","link":"https:\/\/molinspares.com\/en\/ainoa-sanchis-colominas\/","title":{"rendered":"Ainoa Sanch\u00eds Colominas"},"content":{"rendered":"\t\t<div data-elementor-type=\"wp-page\" data-elementor-id=\"7142\" class=\"elementor elementor-7142 elementor-3820\" data-elementor-post-type=\"page\">\n\t\t\t\t<div class=\"elementor-element elementor-element-6174028e e-flex e-con-boxed e-con e-parent\" data-id=\"6174028e\" data-element_type=\"container\" data-e-type=\"container\" data-settings=\"{&quot;background_background&quot;:&quot;classic&quot;}\">\n\t\t\t\t\t<div class=\"e-con-inner\">\n\t\t\t\t<div class=\"elementor-element elementor-element-230250f5 elementor-widget elementor-widget-heading\" data-id=\"230250f5\" data-element_type=\"widget\" data-e-type=\"widget\" data-widget_type=\"heading.default\">\n\t\t\t\t<div class=\"elementor-widget-container\">\n\t\t\t\t\t<h2 class=\"elementor-heading-title elementor-size-default\">Our Team<\/h2>\t\t\t\t<\/div>\n\t\t\t\t<\/div>\n\t\t\t\t\t<\/div>\n\t\t\t\t<\/div>\n\t\t<div class=\"elementor-element elementor-element-90f4d94 e-flex e-con-boxed e-con e-parent\" data-id=\"90f4d94\" data-element_type=\"container\" data-e-type=\"container\" data-settings=\"{&quot;background_background&quot;:&quot;classic&quot;}\">\n\t\t\t\t\t<div class=\"e-con-inner\">\n\t\t<div class=\"elementor-element elementor-element-f945401 e-con-full e-flex e-con e-child\" data-id=\"f945401\" data-element_type=\"container\" data-e-type=\"container\">\n\t\t\t\t<div class=\"elementor-element elementor-element-3f6c32e9 elementor-widget-divider--view-line elementor-widget elementor-widget-divider\" data-id=\"3f6c32e9\" data-element_type=\"widget\" data-e-type=\"widget\" data-widget_type=\"divider.default\">\n\t\t\t\t<div class=\"elementor-widget-container\">\n\t\t\t\t\t\t\t<div class=\"elementor-divider\">\n\t\t\t<span class=\"elementor-divider-separator\">\n\t\t\t\t\t\t<\/span>\n\t\t<\/div>\n\t\t\t\t\t\t<\/div>\n\t\t\t\t<\/div>\n\t\t\t\t<div class=\"elementor-element elementor-element-276b62cd elementor-widget elementor-widget-heading\" data-id=\"276b62cd\" data-element_type=\"widget\" data-e-type=\"widget\" data-widget_type=\"heading.default\">\n\t\t\t\t<div class=\"elementor-widget-container\">\n\t\t\t\t\t<h1 class=\"elementor-heading-title elementor-size-default\">Ainoa Sanch\u00eds Colominas<\/h1>\t\t\t\t<\/div>\n\t\t\t\t<\/div>\n\t\t\t\t<\/div>\n\t\t\t\t\t<\/div>\n\t\t\t\t<\/div>\n\t\t<div class=\"elementor-element elementor-element-29195bbd e-flex e-con-boxed e-con e-parent\" data-id=\"29195bbd\" data-element_type=\"container\" data-e-type=\"container\">\n\t\t\t\t\t<div class=\"e-con-inner\">\n\t\t<div class=\"elementor-element elementor-element-459567c7 e-con-full e-flex e-con e-child\" data-id=\"459567c7\" data-element_type=\"container\" data-e-type=\"container\">\n\t\t\t\t<div class=\"elementor-element elementor-element-13b08e6 elementor-widget-tablet__width-inherit elementor-icon-list--layout-traditional elementor-list-item-link-full_width elementor-widget elementor-widget-icon-list\" data-id=\"13b08e6\" data-element_type=\"widget\" data-e-type=\"widget\" data-widget_type=\"icon-list.default\">\n\t\t\t\t<div class=\"elementor-widget-container\">\n\t\t\t\t\t\t\t<ul class=\"elementor-icon-list-items\">\n\t\t\t\t\t\t\t<li class=\"elementor-icon-list-item\">\n\t\t\t\t\t\t\t\t\t\t\t<span class=\"elementor-icon-list-icon\">\n\t\t\t\t\t\t\t<i aria-hidden=\"true\" class=\"fas fa-chevron-right\"><\/i>\t\t\t\t\t\t<\/span>\n\t\t\t\t\t\t\t\t\t\t<span class=\"elementor-icon-list-text\">Lawyer<\/span>\n\t\t\t\t\t\t\t\t\t<\/li>\n\t\t\t\t\t\t\t\t<li class=\"elementor-icon-list-item\">\n\t\t\t\t\t\t\t\t\t\t\t<a href=\"mailto:a.sanchis@molinspares.com\">\n\n\t\t\t\t\t\t\t\t\t\t\t\t<span class=\"elementor-icon-list-icon\">\n\t\t\t\t\t\t\t<i aria-hidden=\"true\" class=\"icon icon-envelope2\"><\/i>\t\t\t\t\t\t<\/span>\n\t\t\t\t\t\t\t\t\t\t<span class=\"elementor-icon-list-text\">a.sanchis@molinspares.com<\/span>\n\t\t\t\t\t\t\t\t\t\t\t<\/a>\n\t\t\t\t\t\t\t\t\t<\/li>\n\t\t\t\t\t\t\t\t<li class=\"elementor-icon-list-item\">\n\t\t\t\t\t\t\t\t\t\t\t<a href=\"https:\/\/www.linkedin.com\/in\/ainoa-sanch%C3%ADs-colominas-692118220\/\" target=\"_blank\">\n\n\t\t\t\t\t\t\t\t\t\t\t\t<span class=\"elementor-icon-list-icon\">\n\t\t\t\t\t\t\t<i aria-hidden=\"true\" class=\"icon icon-linkedin\"><\/i>\t\t\t\t\t\t<\/span>\n\t\t\t\t\t\t\t\t\t\t<span class=\"elementor-icon-list-text\"><\/span>\n\t\t\t\t\t\t\t\t\t\t\t<\/a>\n\t\t\t\t\t\t\t\t\t<\/li>\n\t\t\t\t\t\t<\/ul>\n\t\t\t\t\t\t<\/div>\n\t\t\t\t<\/div>\n\t\t\t\t<div class=\"elementor-element elementor-element-429a07ab elementor-widget-tablet__width-initial elementor-widget elementor-widget-image\" data-id=\"429a07ab\" data-element_type=\"widget\" data-e-type=\"widget\" data-widget_type=\"image.default\">\n\t\t\t\t<div class=\"elementor-widget-container\">\n\t\t\t\t\t\t\t\t\t\t\t\t\t\t\t<img fetchpriority=\"high\" decoding=\"async\" width=\"800\" height=\"275\" src=\"https:\/\/molinspares.com\/wp-content\/uploads\/certificaciones-abogados-barcelona-2025-Best-layers.jpg\" class=\"attachment-large size-large wp-image-6690\" alt=\"\" srcset=\"https:\/\/molinspares.com\/wp-content\/uploads\/certificaciones-abogados-barcelona-2025-Best-layers.jpg 800w, https:\/\/molinspares.com\/wp-content\/uploads\/certificaciones-abogados-barcelona-2025-Best-layers-300x103.jpg 300w, https:\/\/molinspares.com\/wp-content\/uploads\/certificaciones-abogados-barcelona-2025-Best-layers-768x264.jpg 768w\" sizes=\"(max-width: 800px) 100vw, 800px\" \/>\t\t\t\t\t\t\t\t\t\t\t\t\t\t\t<\/div>\n\t\t\t\t<\/div>\n\t\t\t\t<\/div>\n\t\t<div class=\"elementor-element elementor-element-14d76a44 e-con-full e-flex e-con e-child\" data-id=\"14d76a44\" data-element_type=\"container\" data-e-type=\"container\">\n\t\t\t\t<div class=\"elementor-element elementor-element-f00153e e-transform elementor-widget elementor-widget-heading\" data-id=\"f00153e\" data-element_type=\"widget\" data-e-type=\"widget\" data-settings=\"{&quot;_transform_translateY_effect_mobile&quot;:{&quot;unit&quot;:&quot;px&quot;,&quot;size&quot;:0,&quot;sizes&quot;:[]},&quot;_transform_translateX_effect&quot;:{&quot;unit&quot;:&quot;px&quot;,&quot;size&quot;:&quot;&quot;,&quot;sizes&quot;:[]},&quot;_transform_translateX_effect_laptop&quot;:{&quot;unit&quot;:&quot;px&quot;,&quot;size&quot;:&quot;&quot;,&quot;sizes&quot;:[]},&quot;_transform_translateX_effect_tablet&quot;:{&quot;unit&quot;:&quot;px&quot;,&quot;size&quot;:&quot;&quot;,&quot;sizes&quot;:[]},&quot;_transform_translateX_effect_mobile&quot;:{&quot;unit&quot;:&quot;px&quot;,&quot;size&quot;:&quot;&quot;,&quot;sizes&quot;:[]},&quot;_transform_translateY_effect&quot;:{&quot;unit&quot;:&quot;px&quot;,&quot;size&quot;:&quot;&quot;,&quot;sizes&quot;:[]},&quot;_transform_translateY_effect_laptop&quot;:{&quot;unit&quot;:&quot;px&quot;,&quot;size&quot;:&quot;&quot;,&quot;sizes&quot;:[]},&quot;_transform_translateY_effect_tablet&quot;:{&quot;unit&quot;:&quot;px&quot;,&quot;size&quot;:&quot;&quot;,&quot;sizes&quot;:[]}}\" data-widget_type=\"heading.default\">\n\t\t\t\t<div class=\"elementor-widget-container\">\n\t\t\t\t\t<h4 class=\"elementor-heading-title elementor-size-default\">Ainoa Sanch\u00eds Colominas is a criminal lawyer and criminologist with experience in the defense of individuals and legal entities in criminal proceedings, specializing in juvenile and jury court. He has participated as a speaker at conferences on the pre-trial phase of criminal proceedings, organized by the Young Lawyers Group and the Criminal Law Section of the Barcelona Bar Association (ICAB).\"<\/h4>\t\t\t\t<\/div>\n\t\t\t\t<\/div>\n\t\t\t\t<div class=\"elementor-element elementor-element-68919d7d lista-con-chevron elementor-widget elementor-widget-text-editor\" data-id=\"68919d7d\" data-element_type=\"widget\" data-e-type=\"widget\" data-widget_type=\"text-editor.default\">\n\t\t\t\t<div class=\"elementor-widget-container\">\n\t\t\t\t\t\t\t\t\t<ul><li>Criminal lawyer and criminologist with extensive experience in criminal proceedings, specializing in juvenile jurisdiction and the Jury Court. He has participated as a speaker in several conferences on criminal procedure at the Barcelona Bar Association, organized by the Young Lawyers Group (GAJ) and the Criminal Law Section.<\/li><li>During the years 2019 and 2020 she attended the Master of Access to the Legal Profession at the Universitat Pompeu Fabra &#8211; Barcelona School of Management.<\/li><li>Having started her internship at the law firm Molins &amp; Par\u00e9s, she joined the same firm as a licensed criminal lawyer in 2021. Since then, he has continued with his training by attending courses and conferences related to the different areas that make up Criminal Law, giving him, among others, specialization in Juvenile Jurisdiction and the Jury Court.<\/li><li>He is currently pursuing a Master&#8217;s Degree in Criminal Law and Criminal Sciences at the Universitat de Barcelona and the Universitat Pompeu Fabra.<\/li><\/ul>\t\t\t\t\t\t\t\t<\/div>\n\t\t\t\t<\/div>\n\t\t\t\t<\/div>\n\t\t<div class=\"elementor-element elementor-element-1a94429f e-con-full e-flex e-con e-child\" data-id=\"1a94429f\" data-element_type=\"container\" data-e-type=\"container\">\n\t\t\t\t<div class=\"elementor-element elementor-element-59622bb9 elementor-widget elementor-widget-image\" data-id=\"59622bb9\" data-element_type=\"widget\" data-e-type=\"widget\" data-widget_type=\"image.default\">\n\t\t\t\t<div class=\"elementor-widget-container\">\n\t\t\t\t\t\t\t\t\t\t\t\t\t\t\t<img decoding=\"async\" width=\"600\" height=\"900\" src=\"https:\/\/molinspares.com\/wp-content\/uploads\/Abogado_2_Ainoa-Sanchis-Colominas.jpg\" class=\"attachment-large size-large wp-image-6526\" alt=\"\" srcset=\"https:\/\/molinspares.com\/wp-content\/uploads\/Abogado_2_Ainoa-Sanchis-Colominas.jpg 600w, https:\/\/molinspares.com\/wp-content\/uploads\/Abogado_2_Ainoa-Sanchis-Colominas-200x300.jpg 200w\" sizes=\"(max-width: 600px) 100vw, 600px\" \/>\t\t\t\t\t\t\t\t\t\t\t\t\t\t\t<\/div>\n\t\t\t\t<\/div>\n\t\t\t\t<\/div>\n\t\t\t\t\t<\/div>\n\t\t\t\t<\/div>\n\t\t\t\t<\/div>\n\t\t","protected":false},"excerpt":{"rendered":"<p>Lawyer<\/p>\n","protected":false},"author":1,"featured_media":6818,"parent":0,"menu_order":27,"comment_status":"closed","ping_status":"closed","template":"","meta":{"footnotes":""},"categories":[157],"tags":[],"class_list":["post-7142","page","type-page","status-publish","has-post-thumbnail","hentry","category-team"],"yoast_head":"<!-- This site is optimized with the Yoast SEO Premium plugin v26.1 (Yoast SEO v27.2) - https:\/\/yoast.com\/product\/yoast-seo-premium-wordpress\/ -->\n<title>Ainoa Sanch\u00eds Colominas : Lawyer in Barcelona : Molins Par\u00e9s<\/title>\n<meta name=\"description\" content=\"Ainoa Sanch\u00eds Colominas is a lawyer in Barcelona Are you looking for a lawyer in Barcelona? Molins Par\u00e9s is your solution. Contact us now for advice.\" \/>\n<meta name=\"robots\" content=\"index, follow, max-snippet:-1, max-image-preview:large, max-video-preview:-1\" \/>\n<link rel=\"canonical\" href=\"https:\/\/molinspares.com\/en\/ainoa-sanchis-colominas\/\" \/>\n<meta property=\"og:locale\" content=\"en_US\" \/>\n<meta property=\"og:type\" content=\"article\" \/>\n<meta property=\"og:title\" content=\"Ainoa Sanch\u00eds Colominas\" \/>\n<meta property=\"og:description\" content=\"Ainoa Sanch\u00eds Colominas is a lawyer in Barcelona Are you looking for a lawyer in Barcelona? Molins Par\u00e9s is your solution. Contact us now for advice.\" \/>\n<meta property=\"og:url\" content=\"https:\/\/molinspares.com\/en\/ainoa-sanchis-colominas\/\" \/>\n<meta property=\"og:site_name\" content=\"Molins Par\u00e9s - Despacho de Abogados Penalistas en Barcelona | Excelencia y Privacidad\" \/>\n<meta property=\"article:publisher\" content=\"https:\/\/www.facebook.com\/profile.php?id=100067944420137\" \/>\n<meta property=\"article:modified_time\" content=\"2025-06-19T20:38:01+00:00\" \/>\n<meta property=\"og:image\" content=\"https:\/\/molinspares.com\/wp-content\/uploads\/Abogado_1_Ainoa-Sanchis-Colominas-3.jpg\" \/>\n\t<meta property=\"og:image:width\" content=\"400\" \/>\n\t<meta property=\"og:image:height\" content=\"600\" \/>\n\t<meta property=\"og:image:type\" content=\"image\/jpeg\" \/>\n<meta name=\"twitter:card\" content=\"summary_large_image\" \/>\n<meta name=\"twitter:label1\" content=\"Est. reading time\" \/>\n\t<meta name=\"twitter:data1\" content=\"1 minute\" \/>\n<script type=\"application\/ld+json\" class=\"yoast-schema-graph\">{\"@context\":\"https:\/\/schema.org\",\"@graph\":[{\"@type\":\"WebPage\",\"@id\":\"https:\/\/molinspares.com\/en\/ainoa-sanchis-colominas\/\",\"url\":\"https:\/\/molinspares.com\/en\/ainoa-sanchis-colominas\/\",\"name\":\"Ainoa Sanch\u00eds Colominas : Lawyer in Barcelona : Molins Par\u00e9s\",\"isPartOf\":{\"@id\":\"https:\/\/molinspares.com\/en\/#website\"},\"primaryImageOfPage\":{\"@id\":\"https:\/\/molinspares.com\/en\/ainoa-sanchis-colominas\/#primaryimage\"},\"image\":{\"@id\":\"https:\/\/molinspares.com\/en\/ainoa-sanchis-colominas\/#primaryimage\"},\"thumbnailUrl\":\"https:\/\/molinspares.com\/wp-content\/uploads\/Abogado_1_Ainoa-Sanchis-Colominas-3.jpg\",\"datePublished\":\"2024-01-12T19:01:59+00:00\",\"dateModified\":\"2025-06-19T20:38:01+00:00\",\"description\":\"Ainoa Sanch\u00eds Colominas is a lawyer in Barcelona Are you looking for a lawyer in Barcelona? Molins Par\u00e9s is your solution. Contact us now for advice.\",\"breadcrumb\":{\"@id\":\"https:\/\/molinspares.com\/en\/ainoa-sanchis-colominas\/#breadcrumb\"},\"inLanguage\":\"en-US\",\"potentialAction\":[{\"@type\":\"ReadAction\",\"target\":[\"https:\/\/molinspares.com\/en\/ainoa-sanchis-colominas\/\"]}]},{\"@type\":\"ImageObject\",\"inLanguage\":\"en-US\",\"@id\":\"https:\/\/molinspares.com\/en\/ainoa-sanchis-colominas\/#primaryimage\",\"url\":\"https:\/\/molinspares.com\/wp-content\/uploads\/Abogado_1_Ainoa-Sanchis-Colominas-3.jpg\",\"contentUrl\":\"https:\/\/molinspares.com\/wp-content\/uploads\/Abogado_1_Ainoa-Sanchis-Colominas-3.jpg\",\"width\":400,\"height\":600},{\"@type\":\"BreadcrumbList\",\"@id\":\"https:\/\/molinspares.com\/en\/ainoa-sanchis-colominas\/#breadcrumb\",\"itemListElement\":[{\"@type\":\"ListItem\",\"position\":1,\"name\":\"Portada\",\"item\":\"https:\/\/molinspares.com\/en\/\"},{\"@type\":\"ListItem\",\"position\":2,\"name\":\"Ainoa Sanch\u00eds Colominas\"}]},{\"@type\":\"WebSite\",\"@id\":\"https:\/\/molinspares.com\/en\/#website\",\"url\":\"https:\/\/molinspares.com\/en\/\",\"name\":\"Molins & Par\u00e9s - Despacho de Abogados Penalistas en Barcelona\",\"description\":\"En Molins &amp; Par\u00e9s somos especialistas en derecho penal. Garantizamos la privacidad del cliente y la m\u00e1xima excelencia en cada caso. \u00a1Cont\u00e1ctanos!\",\"publisher\":{\"@id\":\"https:\/\/molinspares.com\/en\/#organization\"},\"alternateName\":\"Molins & Par\u00e9s\",\"potentialAction\":[{\"@type\":\"SearchAction\",\"target\":{\"@type\":\"EntryPoint\",\"urlTemplate\":\"https:\/\/molinspares.com\/en\/?s={search_term_string}\"},\"query-input\":{\"@type\":\"PropertyValueSpecification\",\"valueRequired\":true,\"valueName\":\"search_term_string\"}}],\"inLanguage\":\"en-US\"},{\"@type\":\"Organization\",\"@id\":\"https:\/\/molinspares.com\/en\/#organization\",\"name\":\"Molins & Par\u00e9s - Despacho de Abogados Penalistas en Barcelona\",\"alternateName\":\"Molins & Par\u00e9s\",\"url\":\"https:\/\/molinspares.com\/en\/\",\"logo\":{\"@type\":\"ImageObject\",\"inLanguage\":\"en-US\",\"@id\":\"https:\/\/molinspares.com\/en\/#\/schema\/logo\/image\/\",\"url\":\"https:\/\/molinspares.com\/wp-content\/uploads\/logo_MolinsPares-2.jpg\",\"contentUrl\":\"https:\/\/molinspares.com\/wp-content\/uploads\/logo_MolinsPares-2.jpg\",\"width\":512,\"height\":512,\"caption\":\"Molins & Par\u00e9s - Despacho de Abogados Penalistas en Barcelona\"},\"image\":{\"@id\":\"https:\/\/molinspares.com\/en\/#\/schema\/logo\/image\/\"},\"sameAs\":[\"https:\/\/www.facebook.com\/profile.php?id=100067944420137\",\"https:\/\/www.linkedin.com\/in\/molins-pars-penal-compliance-44383b65\/\"],\"publishingPrinciples\":\"https:\/\/molinspares.com\/politica-privacidad\/\",\"ownershipFundingInfo\":\"https:\/\/molinspares.com\/politica-privacidad\/\",\"actionableFeedbackPolicy\":\"https:\/\/molinspares.com\/politica-privacidad\/\",\"correctionsPolicy\":\"https:\/\/molinspares.com\/politica-privacidad\/\",\"ethicsPolicy\":\"https:\/\/molinspares.com\/politica-privacidad\/\",\"diversityPolicy\":\"https:\/\/molinspares.com\/politica-privacidad\/\",\"diversityStaffingReport\":\"https:\/\/molinspares.com\/politica-privacidad\/\"}]}<\/script>\n<!-- \/ Yoast SEO Premium plugin. -->","yoast_head_json":{"title":"Ainoa Sanch\u00eds Colominas : Lawyer in Barcelona : Molins Par\u00e9s","description":"Ainoa Sanch\u00eds Colominas is a lawyer in Barcelona Are you looking for a lawyer in Barcelona? Molins Par\u00e9s is your solution. Contact us now for advice.","robots":{"index":"index","follow":"follow","max-snippet":"max-snippet:-1","max-image-preview":"max-image-preview:large","max-video-preview":"max-video-preview:-1"},"canonical":"https:\/\/molinspares.com\/en\/ainoa-sanchis-colominas\/","og_locale":"en_US","og_type":"article","og_title":"Ainoa Sanch\u00eds Colominas","og_description":"Ainoa Sanch\u00eds Colominas is a lawyer in Barcelona Are you looking for a lawyer in Barcelona? Molins Par\u00e9s is your solution. Contact us now for advice.","og_url":"https:\/\/molinspares.com\/en\/ainoa-sanchis-colominas\/","og_site_name":"Molins Par\u00e9s - Despacho de Abogados Penalistas en Barcelona | Excelencia y Privacidad","article_publisher":"https:\/\/www.facebook.com\/profile.php?id=100067944420137","article_modified_time":"2025-06-19T20:38:01+00:00","og_image":[{"width":400,"height":600,"url":"https:\/\/molinspares.com\/wp-content\/uploads\/Abogado_1_Ainoa-Sanchis-Colominas-3.jpg","type":"image\/jpeg"}],"twitter_card":"summary_large_image","twitter_misc":{"Est. reading time":"1 minute"},"schema":{"@context":"https:\/\/schema.org","@graph":[{"@type":"WebPage","@id":"https:\/\/molinspares.com\/en\/ainoa-sanchis-colominas\/","url":"https:\/\/molinspares.com\/en\/ainoa-sanchis-colominas\/","name":"Ainoa Sanch\u00eds Colominas : Lawyer in Barcelona : Molins Par\u00e9s","isPartOf":{"@id":"https:\/\/molinspares.com\/en\/#website"},"primaryImageOfPage":{"@id":"https:\/\/molinspares.com\/en\/ainoa-sanchis-colominas\/#primaryimage"},"image":{"@id":"https:\/\/molinspares.com\/en\/ainoa-sanchis-colominas\/#primaryimage"},"thumbnailUrl":"https:\/\/molinspares.com\/wp-content\/uploads\/Abogado_1_Ainoa-Sanchis-Colominas-3.jpg","datePublished":"2024-01-12T19:01:59+00:00","dateModified":"2025-06-19T20:38:01+00:00","description":"Ainoa Sanch\u00eds Colominas is a lawyer in Barcelona Are you looking for a lawyer in Barcelona? Molins Par\u00e9s is your solution. Contact us now for advice.","breadcrumb":{"@id":"https:\/\/molinspares.com\/en\/ainoa-sanchis-colominas\/#breadcrumb"},"inLanguage":"en-US","potentialAction":[{"@type":"ReadAction","target":["https:\/\/molinspares.com\/en\/ainoa-sanchis-colominas\/"]}]},{"@type":"ImageObject","inLanguage":"en-US","@id":"https:\/\/molinspares.com\/en\/ainoa-sanchis-colominas\/#primaryimage","url":"https:\/\/molinspares.com\/wp-content\/uploads\/Abogado_1_Ainoa-Sanchis-Colominas-3.jpg","contentUrl":"https:\/\/molinspares.com\/wp-content\/uploads\/Abogado_1_Ainoa-Sanchis-Colominas-3.jpg","width":400,"height":600},{"@type":"BreadcrumbList","@id":"https:\/\/molinspares.com\/en\/ainoa-sanchis-colominas\/#breadcrumb","itemListElement":[{"@type":"ListItem","position":1,"name":"Portada","item":"https:\/\/molinspares.com\/en\/"},{"@type":"ListItem","position":2,"name":"Ainoa Sanch\u00eds Colominas"}]},{"@type":"WebSite","@id":"https:\/\/molinspares.com\/en\/#website","url":"https:\/\/molinspares.com\/en\/","name":"Molins & Par\u00e9s - Despacho de Abogados Penalistas en Barcelona","description":"En Molins &amp; Par\u00e9s somos especialistas en derecho penal. Garantizamos la privacidad del cliente y la m\u00e1xima excelencia en cada caso. \u00a1Cont\u00e1ctanos!","publisher":{"@id":"https:\/\/molinspares.com\/en\/#organization"},"alternateName":"Molins & Par\u00e9s","potentialAction":[{"@type":"SearchAction","target":{"@type":"EntryPoint","urlTemplate":"https:\/\/molinspares.com\/en\/?s={search_term_string}"},"query-input":{"@type":"PropertyValueSpecification","valueRequired":true,"valueName":"search_term_string"}}],"inLanguage":"en-US"},{"@type":"Organization","@id":"https:\/\/molinspares.com\/en\/#organization","name":"Molins & Par\u00e9s - Despacho de Abogados Penalistas en Barcelona","alternateName":"Molins & Par\u00e9s","url":"https:\/\/molinspares.com\/en\/","logo":{"@type":"ImageObject","inLanguage":"en-US","@id":"https:\/\/molinspares.com\/en\/#\/schema\/logo\/image\/","url":"https:\/\/molinspares.com\/wp-content\/uploads\/logo_MolinsPares-2.jpg","contentUrl":"https:\/\/molinspares.com\/wp-content\/uploads\/logo_MolinsPares-2.jpg","width":512,"height":512,"caption":"Molins & Par\u00e9s - Despacho de Abogados Penalistas en Barcelona"},"image":{"@id":"https:\/\/molinspares.com\/en\/#\/schema\/logo\/image\/"},"sameAs":["https:\/\/www.facebook.com\/profile.php?id=100067944420137","https:\/\/www.linkedin.com\/in\/molins-pars-penal-compliance-44383b65\/"],"publishingPrinciples":"https:\/\/molinspares.com\/politica-privacidad\/","ownershipFundingInfo":"https:\/\/molinspares.com\/politica-privacidad\/","actionableFeedbackPolicy":"https:\/\/molinspares.com\/politica-privacidad\/","correctionsPolicy":"https:\/\/molinspares.com\/politica-privacidad\/","ethicsPolicy":"https:\/\/molinspares.com\/politica-privacidad\/","diversityPolicy":"https:\/\/molinspares.com\/politica-privacidad\/","diversityStaffingReport":"https:\/\/molinspares.com\/politica-privacidad\/"}]}},"_links":{"self":[{"href":"https:\/\/molinspares.com\/en\/wp-json\/wp\/v2\/pages\/7142","targetHints":{"allow":["GET"]}}],"collection":[{"href":"https:\/\/molinspares.com\/en\/wp-json\/wp\/v2\/pages"}],"about":[{"href":"https:\/\/molinspares.com\/en\/wp-json\/wp\/v2\/types\/page"}],"author":[{"embeddable":true,"href":"https:\/\/molinspares.com\/en\/wp-json\/wp\/v2\/users\/1"}],"replies":[{"embeddable":true,"href":"https:\/\/molinspares.com\/en\/wp-json\/wp\/v2\/comments?post=7142"}],"version-history":[{"count":1,"href":"https:\/\/molinspares.com\/en\/wp-json\/wp\/v2\/pages\/7142\/revisions"}],"predecessor-version":[{"id":7144,"href":"https:\/\/molinspares.com\/en\/wp-json\/wp\/v2\/pages\/7142\/revisions\/7144"}],"wp:featuredmedia":[{"embeddable":true,"href":"https:\/\/molinspares.com\/en\/wp-json\/wp\/v2\/media\/6818"}],"wp:attachment":[{"href":"https:\/\/molinspares.com\/en\/wp-json\/wp\/v2\/media?parent=7142"}],"wp:term":[{"taxonomy":"category","embeddable":true,"href":"https:\/\/molinspares.com\/en\/wp-json\/wp\/v2\/categories?post=7142"},{"taxonomy":"post_tag","embeddable":true,"href":"https:\/\/molinspares.com\/en\/wp-json\/wp\/v2\/tags?post=7142"}],"curies":[{"name":"wp","href":"https:\/\/api.w.org\/{rel}","templated":true}]}}