{"id":7053,"date":"2024-01-12T17:59:04","date_gmt":"2024-01-12T16:59:04","guid":{"rendered":"https:\/\/molinspares.com\/crimes-against-privacy-the-right-to-ones-own-image-and-the-inviolability-of-the-home\/"},"modified":"2025-06-19T22:36:58","modified_gmt":"2025-06-19T20:36:58","slug":"crimes-against-privacy-the-right-to-ones-own-image-and-the-inviolability-of-the-home","status":"publish","type":"page","link":"https:\/\/molinspares.com\/en\/crimes-against-privacy-the-right-to-ones-own-image-and-the-inviolability-of-the-home\/","title":{"rendered":"Crimes against privacy, the right to one&#8217;s own image and the inviolability of the home"},"content":{"rendered":"\n<ul class=\"wp-block-list\">\n<li><strong>CRIME OF DISCOVERY AND DISCLOSURE OF SECRETS<\/strong><strong> (arts. 197 to 201 PC): <\/strong>Different conducts of apprehension and interception of communications of those who lack consent and intend to discover secrets or violate the privacy of another person are punished.  <strong><\/strong><\/li>\n\n\n\n<li><strong>CRIME OF \u201cSEXTING\u201d<\/strong> <strong>(art. 197.7 PC):<\/strong> This specific modality punishes whoever, without the authorization of the affected person and even having received them from the affected person, disseminates, discloses or transfers to third parties images or recordings that undermine the personal privacy of such person.<\/li>\n\n\n\n<li><strong>CRIME OF BURGLARY OF DWELLING<\/strong><strong> (arts. 202 and 203 PC): <\/strong>Punishes the action of entering or remaining in the dwelling (place where one lives, domicile) of a physical or juridical person against his or her will.<\/li>\n<\/ul>\n","protected":false},"excerpt":{"rendered":"","protected":false},"author":1,"featured_media":5962,"parent":0,"menu_order":63,"comment_status":"closed","ping_status":"closed","template":"","meta":{"footnotes":""},"categories":[160],"tags":[],"class_list":["post-7053","page","type-page","status-publish","has-post-thumbnail","hentry","category-criminal-defense"],"yoast_head":"<!-- This site is optimized with the Yoast SEO Premium plugin v26.1 (Yoast SEO v27.2) - https:\/\/yoast.com\/product\/yoast-seo-premium-wordpress\/ -->\n<title>Lawyer disclosure of secrets, sexting, right to privacy Barcelona<\/title>\n<meta name=\"description\" content=\"Molins Par\u00e9s is an expert law firm in crimes against privacy, the right to one&#039;s own image and the inviolability of the home Barcelona.\" \/>\n<meta name=\"robots\" content=\"index, follow, max-snippet:-1, max-image-preview:large, max-video-preview:-1\" \/>\n<link rel=\"canonical\" href=\"https:\/\/molinspares.com\/en\/crimes-against-privacy-the-right-to-ones-own-image-and-the-inviolability-of-the-home\/\" \/>\n<meta property=\"og:locale\" content=\"en_US\" \/>\n<meta property=\"og:type\" content=\"article\" \/>\n<meta property=\"og:title\" content=\"Crimes against privacy, the right to one&#039;s own image and the inviolability of the home\" \/>\n<meta property=\"og:description\" content=\"Molins Par\u00e9s is an expert law firm in crimes against privacy, the right to one&#039;s own image and the inviolability of the home Barcelona.\" \/>\n<meta property=\"og:url\" content=\"https:\/\/molinspares.com\/en\/crimes-against-privacy-the-right-to-ones-own-image-and-the-inviolability-of-the-home\/\" \/>\n<meta property=\"og:site_name\" content=\"Molins Par\u00e9s - Despacho de Abogados Penalistas en Barcelona | Excelencia y Privacidad\" \/>\n<meta property=\"article:publisher\" content=\"https:\/\/www.facebook.com\/profile.php?id=100067944420137\" \/>\n<meta property=\"article:modified_time\" content=\"2025-06-19T20:36:58+00:00\" \/>\n<meta property=\"og:image\" content=\"https:\/\/molinspares.com\/wp-content\/uploads\/Delitos-contra-el-patrimonio-y-contra-el-orden-socio-economico.jpg\" \/>\n\t<meta property=\"og:image:width\" content=\"600\" \/>\n\t<meta property=\"og:image:height\" content=\"900\" \/>\n\t<meta property=\"og:image:type\" content=\"image\/jpeg\" \/>\n<meta name=\"twitter:card\" content=\"summary_large_image\" \/>\n<meta name=\"twitter:label1\" content=\"Est. reading time\" \/>\n\t<meta name=\"twitter:data1\" content=\"1 minute\" \/>\n<script type=\"application\/ld+json\" class=\"yoast-schema-graph\">{\"@context\":\"https:\/\/schema.org\",\"@graph\":[{\"@type\":\"WebPage\",\"@id\":\"https:\/\/molinspares.com\/en\/crimes-against-privacy-the-right-to-ones-own-image-and-the-inviolability-of-the-home\/\",\"url\":\"https:\/\/molinspares.com\/en\/crimes-against-privacy-the-right-to-ones-own-image-and-the-inviolability-of-the-home\/\",\"name\":\"Lawyer disclosure of secrets, sexting, right to privacy Barcelona\",\"isPartOf\":{\"@id\":\"https:\/\/molinspares.com\/en\/#website\"},\"primaryImageOfPage\":{\"@id\":\"https:\/\/molinspares.com\/en\/crimes-against-privacy-the-right-to-ones-own-image-and-the-inviolability-of-the-home\/#primaryimage\"},\"image\":{\"@id\":\"https:\/\/molinspares.com\/en\/crimes-against-privacy-the-right-to-ones-own-image-and-the-inviolability-of-the-home\/#primaryimage\"},\"thumbnailUrl\":\"https:\/\/molinspares.com\/wp-content\/uploads\/Delitos-contra-el-patrimonio-y-contra-el-orden-socio-economico.jpg\",\"datePublished\":\"2024-01-12T16:59:04+00:00\",\"dateModified\":\"2025-06-19T20:36:58+00:00\",\"description\":\"Molins Par\u00e9s is an expert law firm in crimes against privacy, the right to one's own image and the inviolability of the home Barcelona.\",\"breadcrumb\":{\"@id\":\"https:\/\/molinspares.com\/en\/crimes-against-privacy-the-right-to-ones-own-image-and-the-inviolability-of-the-home\/#breadcrumb\"},\"inLanguage\":\"en-US\",\"potentialAction\":[{\"@type\":\"ReadAction\",\"target\":[\"https:\/\/molinspares.com\/en\/crimes-against-privacy-the-right-to-ones-own-image-and-the-inviolability-of-the-home\/\"]}]},{\"@type\":\"ImageObject\",\"inLanguage\":\"en-US\",\"@id\":\"https:\/\/molinspares.com\/en\/crimes-against-privacy-the-right-to-ones-own-image-and-the-inviolability-of-the-home\/#primaryimage\",\"url\":\"https:\/\/molinspares.com\/wp-content\/uploads\/Delitos-contra-el-patrimonio-y-contra-el-orden-socio-economico.jpg\",\"contentUrl\":\"https:\/\/molinspares.com\/wp-content\/uploads\/Delitos-contra-el-patrimonio-y-contra-el-orden-socio-economico.jpg\",\"width\":600,\"height\":900},{\"@type\":\"BreadcrumbList\",\"@id\":\"https:\/\/molinspares.com\/en\/crimes-against-privacy-the-right-to-ones-own-image-and-the-inviolability-of-the-home\/#breadcrumb\",\"itemListElement\":[{\"@type\":\"ListItem\",\"position\":1,\"name\":\"Portada\",\"item\":\"https:\/\/molinspares.com\/en\/\"},{\"@type\":\"ListItem\",\"position\":2,\"name\":\"Crimes against privacy, the right to one&#8217;s own image and the inviolability of the home\"}]},{\"@type\":\"WebSite\",\"@id\":\"https:\/\/molinspares.com\/en\/#website\",\"url\":\"https:\/\/molinspares.com\/en\/\",\"name\":\"Molins & Par\u00e9s - Despacho de Abogados Penalistas en Barcelona\",\"description\":\"En Molins &amp; Par\u00e9s somos especialistas en derecho penal. Garantizamos la privacidad del cliente y la m\u00e1xima excelencia en cada caso. \u00a1Cont\u00e1ctanos!\",\"publisher\":{\"@id\":\"https:\/\/molinspares.com\/en\/#organization\"},\"alternateName\":\"Molins & Par\u00e9s\",\"potentialAction\":[{\"@type\":\"SearchAction\",\"target\":{\"@type\":\"EntryPoint\",\"urlTemplate\":\"https:\/\/molinspares.com\/en\/?s={search_term_string}\"},\"query-input\":{\"@type\":\"PropertyValueSpecification\",\"valueRequired\":true,\"valueName\":\"search_term_string\"}}],\"inLanguage\":\"en-US\"},{\"@type\":\"Organization\",\"@id\":\"https:\/\/molinspares.com\/en\/#organization\",\"name\":\"Molins & Par\u00e9s - Despacho de Abogados Penalistas en Barcelona\",\"alternateName\":\"Molins & Par\u00e9s\",\"url\":\"https:\/\/molinspares.com\/en\/\",\"logo\":{\"@type\":\"ImageObject\",\"inLanguage\":\"en-US\",\"@id\":\"https:\/\/molinspares.com\/en\/#\/schema\/logo\/image\/\",\"url\":\"https:\/\/molinspares.com\/wp-content\/uploads\/logo_MolinsPares-2.jpg\",\"contentUrl\":\"https:\/\/molinspares.com\/wp-content\/uploads\/logo_MolinsPares-2.jpg\",\"width\":512,\"height\":512,\"caption\":\"Molins & Par\u00e9s - Despacho de Abogados Penalistas en Barcelona\"},\"image\":{\"@id\":\"https:\/\/molinspares.com\/en\/#\/schema\/logo\/image\/\"},\"sameAs\":[\"https:\/\/www.facebook.com\/profile.php?id=100067944420137\",\"https:\/\/www.linkedin.com\/in\/molins-pars-penal-compliance-44383b65\/\"],\"publishingPrinciples\":\"https:\/\/molinspares.com\/politica-privacidad\/\",\"ownershipFundingInfo\":\"https:\/\/molinspares.com\/politica-privacidad\/\",\"actionableFeedbackPolicy\":\"https:\/\/molinspares.com\/politica-privacidad\/\",\"correctionsPolicy\":\"https:\/\/molinspares.com\/politica-privacidad\/\",\"ethicsPolicy\":\"https:\/\/molinspares.com\/politica-privacidad\/\",\"diversityPolicy\":\"https:\/\/molinspares.com\/politica-privacidad\/\",\"diversityStaffingReport\":\"https:\/\/molinspares.com\/politica-privacidad\/\"}]}<\/script>\n<!-- \/ Yoast SEO Premium plugin. -->","yoast_head_json":{"title":"Lawyer disclosure of secrets, sexting, right to privacy Barcelona","description":"Molins Par\u00e9s is an expert law firm in crimes against privacy, the right to one's own image and the inviolability of the home Barcelona.","robots":{"index":"index","follow":"follow","max-snippet":"max-snippet:-1","max-image-preview":"max-image-preview:large","max-video-preview":"max-video-preview:-1"},"canonical":"https:\/\/molinspares.com\/en\/crimes-against-privacy-the-right-to-ones-own-image-and-the-inviolability-of-the-home\/","og_locale":"en_US","og_type":"article","og_title":"Crimes against privacy, the right to one's own image and the inviolability of the home","og_description":"Molins Par\u00e9s is an expert law firm in crimes against privacy, the right to one's own image and the inviolability of the home Barcelona.","og_url":"https:\/\/molinspares.com\/en\/crimes-against-privacy-the-right-to-ones-own-image-and-the-inviolability-of-the-home\/","og_site_name":"Molins Par\u00e9s - Despacho de Abogados Penalistas en Barcelona | Excelencia y Privacidad","article_publisher":"https:\/\/www.facebook.com\/profile.php?id=100067944420137","article_modified_time":"2025-06-19T20:36:58+00:00","og_image":[{"width":600,"height":900,"url":"https:\/\/molinspares.com\/wp-content\/uploads\/Delitos-contra-el-patrimonio-y-contra-el-orden-socio-economico.jpg","type":"image\/jpeg"}],"twitter_card":"summary_large_image","twitter_misc":{"Est. reading time":"1 minute"},"schema":{"@context":"https:\/\/schema.org","@graph":[{"@type":"WebPage","@id":"https:\/\/molinspares.com\/en\/crimes-against-privacy-the-right-to-ones-own-image-and-the-inviolability-of-the-home\/","url":"https:\/\/molinspares.com\/en\/crimes-against-privacy-the-right-to-ones-own-image-and-the-inviolability-of-the-home\/","name":"Lawyer disclosure of secrets, sexting, right to privacy Barcelona","isPartOf":{"@id":"https:\/\/molinspares.com\/en\/#website"},"primaryImageOfPage":{"@id":"https:\/\/molinspares.com\/en\/crimes-against-privacy-the-right-to-ones-own-image-and-the-inviolability-of-the-home\/#primaryimage"},"image":{"@id":"https:\/\/molinspares.com\/en\/crimes-against-privacy-the-right-to-ones-own-image-and-the-inviolability-of-the-home\/#primaryimage"},"thumbnailUrl":"https:\/\/molinspares.com\/wp-content\/uploads\/Delitos-contra-el-patrimonio-y-contra-el-orden-socio-economico.jpg","datePublished":"2024-01-12T16:59:04+00:00","dateModified":"2025-06-19T20:36:58+00:00","description":"Molins Par\u00e9s is an expert law firm in crimes against privacy, the right to one's own image and the inviolability of the home Barcelona.","breadcrumb":{"@id":"https:\/\/molinspares.com\/en\/crimes-against-privacy-the-right-to-ones-own-image-and-the-inviolability-of-the-home\/#breadcrumb"},"inLanguage":"en-US","potentialAction":[{"@type":"ReadAction","target":["https:\/\/molinspares.com\/en\/crimes-against-privacy-the-right-to-ones-own-image-and-the-inviolability-of-the-home\/"]}]},{"@type":"ImageObject","inLanguage":"en-US","@id":"https:\/\/molinspares.com\/en\/crimes-against-privacy-the-right-to-ones-own-image-and-the-inviolability-of-the-home\/#primaryimage","url":"https:\/\/molinspares.com\/wp-content\/uploads\/Delitos-contra-el-patrimonio-y-contra-el-orden-socio-economico.jpg","contentUrl":"https:\/\/molinspares.com\/wp-content\/uploads\/Delitos-contra-el-patrimonio-y-contra-el-orden-socio-economico.jpg","width":600,"height":900},{"@type":"BreadcrumbList","@id":"https:\/\/molinspares.com\/en\/crimes-against-privacy-the-right-to-ones-own-image-and-the-inviolability-of-the-home\/#breadcrumb","itemListElement":[{"@type":"ListItem","position":1,"name":"Portada","item":"https:\/\/molinspares.com\/en\/"},{"@type":"ListItem","position":2,"name":"Crimes against privacy, the right to one&#8217;s own image and the inviolability of the home"}]},{"@type":"WebSite","@id":"https:\/\/molinspares.com\/en\/#website","url":"https:\/\/molinspares.com\/en\/","name":"Molins & Par\u00e9s - Despacho de Abogados Penalistas en Barcelona","description":"En Molins &amp; Par\u00e9s somos especialistas en derecho penal. Garantizamos la privacidad del cliente y la m\u00e1xima excelencia en cada caso. \u00a1Cont\u00e1ctanos!","publisher":{"@id":"https:\/\/molinspares.com\/en\/#organization"},"alternateName":"Molins & Par\u00e9s","potentialAction":[{"@type":"SearchAction","target":{"@type":"EntryPoint","urlTemplate":"https:\/\/molinspares.com\/en\/?s={search_term_string}"},"query-input":{"@type":"PropertyValueSpecification","valueRequired":true,"valueName":"search_term_string"}}],"inLanguage":"en-US"},{"@type":"Organization","@id":"https:\/\/molinspares.com\/en\/#organization","name":"Molins & Par\u00e9s - Despacho de Abogados Penalistas en Barcelona","alternateName":"Molins & Par\u00e9s","url":"https:\/\/molinspares.com\/en\/","logo":{"@type":"ImageObject","inLanguage":"en-US","@id":"https:\/\/molinspares.com\/en\/#\/schema\/logo\/image\/","url":"https:\/\/molinspares.com\/wp-content\/uploads\/logo_MolinsPares-2.jpg","contentUrl":"https:\/\/molinspares.com\/wp-content\/uploads\/logo_MolinsPares-2.jpg","width":512,"height":512,"caption":"Molins & Par\u00e9s - Despacho de Abogados Penalistas en Barcelona"},"image":{"@id":"https:\/\/molinspares.com\/en\/#\/schema\/logo\/image\/"},"sameAs":["https:\/\/www.facebook.com\/profile.php?id=100067944420137","https:\/\/www.linkedin.com\/in\/molins-pars-penal-compliance-44383b65\/"],"publishingPrinciples":"https:\/\/molinspares.com\/politica-privacidad\/","ownershipFundingInfo":"https:\/\/molinspares.com\/politica-privacidad\/","actionableFeedbackPolicy":"https:\/\/molinspares.com\/politica-privacidad\/","correctionsPolicy":"https:\/\/molinspares.com\/politica-privacidad\/","ethicsPolicy":"https:\/\/molinspares.com\/politica-privacidad\/","diversityPolicy":"https:\/\/molinspares.com\/politica-privacidad\/","diversityStaffingReport":"https:\/\/molinspares.com\/politica-privacidad\/"}]}},"_links":{"self":[{"href":"https:\/\/molinspares.com\/en\/wp-json\/wp\/v2\/pages\/7053","targetHints":{"allow":["GET"]}}],"collection":[{"href":"https:\/\/molinspares.com\/en\/wp-json\/wp\/v2\/pages"}],"about":[{"href":"https:\/\/molinspares.com\/en\/wp-json\/wp\/v2\/types\/page"}],"author":[{"embeddable":true,"href":"https:\/\/molinspares.com\/en\/wp-json\/wp\/v2\/users\/1"}],"replies":[{"embeddable":true,"href":"https:\/\/molinspares.com\/en\/wp-json\/wp\/v2\/comments?post=7053"}],"version-history":[{"count":1,"href":"https:\/\/molinspares.com\/en\/wp-json\/wp\/v2\/pages\/7053\/revisions"}],"predecessor-version":[{"id":7055,"href":"https:\/\/molinspares.com\/en\/wp-json\/wp\/v2\/pages\/7053\/revisions\/7055"}],"wp:featuredmedia":[{"embeddable":true,"href":"https:\/\/molinspares.com\/en\/wp-json\/wp\/v2\/media\/5962"}],"wp:attachment":[{"href":"https:\/\/molinspares.com\/en\/wp-json\/wp\/v2\/media?parent=7053"}],"wp:term":[{"taxonomy":"category","embeddable":true,"href":"https:\/\/molinspares.com\/en\/wp-json\/wp\/v2\/categories?post=7053"},{"taxonomy":"post_tag","embeddable":true,"href":"https:\/\/molinspares.com\/en\/wp-json\/wp\/v2\/tags?post=7053"}],"curies":[{"name":"wp","href":"https:\/\/api.w.org\/{rel}","templated":true}]}}