{"id":7584,"date":"2023-10-20T12:35:40","date_gmt":"2023-10-20T10:35:40","guid":{"rendered":"https:\/\/molinspares.com\/delictes-contra-ladministracio-publica\/"},"modified":"2025-06-19T22:57:10","modified_gmt":"2025-06-19T20:57:10","slug":"delictes-contra-ladministracio-publica","status":"publish","type":"page","link":"https:\/\/molinspares.com\/ca\/delictes-contra-ladministracio-publica\/","title":{"rendered":"Delictes contra l&#8217;Administraci\u00f3 p\u00fablica"},"content":{"rendered":"\n<ul class=\"wp-block-list\">\n<li><strong>DELICTE DE PREVARICACI\u00d3<\/strong> <strong>(arts. 404 a 406 CP):<\/strong> C\u00e0stiga quan una autoritat o funcionari p\u00fablic dicta una resoluci\u00f3 arbitr\u00e0ria sabent la seva injust\u00edcia.<\/li>\n\n\n\n<li><strong>DELICTE D \u201cABAND\u00d3 DE DESTINACI\u00d3<\/strong> <strong>(art. 407 CP):<\/strong> C\u00e0stig a l\u201d autoritat o funcionari p\u00fablic que abandona la seva destinaci\u00f3 a fi de no impedir\/perseguir alguns delictes concrets.<\/li>\n\n\n\n<li><strong>DELICTE DE DESOBEDI\u00c8NCIA I DENEGACI\u00d3 D&#8217;AUXILI<\/strong> <strong>(arts. 410 a 412 CP):<\/strong> Castiga aquelles autoritats o funcionaris p\u00fablics que es neguen obertament a donar compliment a resolucions judicials, decisions o ordres d&#8217;autoritats superiors o que, sent requerits per una autoritat competent, no prestin l&#8217;auxili degut.<\/li>\n\n\n\n<li><strong>DELICTE INFIDELITAT EN LA CUST\u00d2DIA DE DOCUMENTS I DE LA VIOLACI\u00d3 DE SECRETS<\/strong> <strong>(arts. 413 a 48 CP):<\/strong> C\u00e0stiga les autoritats o funcionaris p\u00fablics que sostreguessin, destru\u00efssin, inutilitzessin documents la cust\u00f2dia dels quals est\u00e0 encomanada per ra\u00f3 del seu c\u00e0rrec.<\/li>\n\n\n\n<li>Aix\u00ed mateix, tamb\u00e9 es castiga les autoritats o els funcionaris p\u00fablics que revelin secrets o informacions als quals tinguin coneixement per ra\u00f3 del seu ofici o c\u00e0rrec.<\/li>\n\n\n\n<li><strong>DELICTES DE COFET<\/strong> <strong>(arts. 419 a 427 bis CP):<\/strong> Es comet quan una autoritat o funcionari p\u00fablic, en benefici propi o d&#8217;un tercer, rep o sol\u00b7licita regals, favors o retribucions de qualsevol tipus a canvi de realitzar o prometre actes contraris o no als deures del seu c\u00e0rrec, no realitzar-los o retardar-los injustament.<\/li>\n\n\n\n<li>Tamb\u00e9 es penalitza la conducta del particular que realitza aquests oferiments.<\/li>\n\n\n\n<li><strong>DELICTE DE TR\u00c0NSIT D \u201cINFLU\u00c8NCIES<\/strong> <strong>(arts. 428 a 431 CP):<\/strong> Es comet quan un subjecte es beneficia de la seva superioritat jer\u00e0rquica o b\u00e9 d\u201d una relaci\u00f3 personal per influenciar una autoritat o funcionari p\u00fablic perqu\u00e8 dicti una resoluci\u00f3 que li generar\u00e0 un benefici econ\u00f2mic directe o indirecte.<\/li>\n\n\n\n<li><strong>DELICTE DE MALVERSACI\u00d3 DE CABALS P\u00daBLICS<\/strong> <strong>(arts. 432 a 435 CP):<\/strong> Castiga el funcionari o autoritat p\u00fablica que s \u201capropia o consenteix que un altre s\u201d apropi\u00ef de diners p\u00fablics de manera indeguda o, disposant-lo de forma leg\u00edtima, aquest el destina a fins diferents dels quals havia de ser.<strong><\/strong><\/li>\n<\/ul>\n","protected":false},"excerpt":{"rendered":"<p>Text Destacat lorem ipsum dolor sit amet, consectetuer adipiscing eli adipiscing elit.<\/p>\n","protected":false},"author":1,"featured_media":5961,"parent":0,"menu_order":49,"comment_status":"closed","ping_status":"closed","template":"","meta":{"footnotes":""},"categories":[161],"tags":[],"class_list":["post-7584","page","type-page","status-publish","has-post-thumbnail","hentry","category-defensa-penal-ca"],"yoast_head":"<!-- This site is optimized with the Yoast SEO Premium plugin v26.1 (Yoast SEO v27.2) - https:\/\/yoast.com\/product\/yoast-seo-premium-wordpress\/ -->\n<title>Advocats Malversaci\u00f3 Barcelona | Molins Par\u00e9s<\/title>\n<meta name=\"description\" content=\"Molins Par\u00e9s, experts en delictes contra l\u00bfAdministraci\u00f3 p\u00fablica. Consulta amb els nostres advocats especialitzats en malversaci\u00f3 a Barcelona\" \/>\n<meta name=\"robots\" content=\"index, follow, max-snippet:-1, max-image-preview:large, max-video-preview:-1\" \/>\n<link rel=\"canonical\" href=\"https:\/\/molinspares.com\/ca\/delictes-contra-ladministracio-publica\/\" \/>\n<meta property=\"og:locale\" content=\"ca_ES\" \/>\n<meta property=\"og:type\" content=\"article\" \/>\n<meta property=\"og:title\" content=\"Delictes contra l&#039;Administraci\u00f3 p\u00fablica\" \/>\n<meta property=\"og:description\" content=\"Molins Par\u00e9s, experts en delictes contra l\u00bfAdministraci\u00f3 p\u00fablica. Consulta amb els nostres advocats especialitzats en malversaci\u00f3 a Barcelona\" \/>\n<meta property=\"og:url\" content=\"https:\/\/molinspares.com\/ca\/delictes-contra-ladministracio-publica\/\" \/>\n<meta property=\"og:site_name\" content=\"Molins Par\u00e9s - Despacho de Abogados Penalistas en Barcelona | Excelencia y Privacidad\" \/>\n<meta property=\"article:publisher\" content=\"https:\/\/www.facebook.com\/profile.php?id=100067944420137\" \/>\n<meta property=\"article:modified_time\" content=\"2025-06-19T20:57:10+00:00\" \/>\n<meta property=\"og:image\" content=\"https:\/\/molinspares.com\/wp-content\/uploads\/Delitos-contra-el-patrimonio-y-contra-el-orden-socio-economico.jpg\" \/>\n\t<meta property=\"og:image:width\" content=\"600\" \/>\n\t<meta property=\"og:image:height\" content=\"900\" \/>\n\t<meta property=\"og:image:type\" content=\"image\/jpeg\" \/>\n<meta name=\"twitter:card\" content=\"summary_large_image\" \/>\n<meta name=\"twitter:label1\" content=\"Temps estimat de lectura\" \/>\n\t<meta name=\"twitter:data1\" content=\"2 minuts\" \/>\n<script type=\"application\/ld+json\" class=\"yoast-schema-graph\">{\"@context\":\"https:\/\/schema.org\",\"@graph\":[{\"@type\":\"WebPage\",\"@id\":\"https:\/\/molinspares.com\/ca\/delictes-contra-ladministracio-publica\/\",\"url\":\"https:\/\/molinspares.com\/ca\/delictes-contra-ladministracio-publica\/\",\"name\":\"Advocats Malversaci\u00f3 Barcelona | Molins Par\u00e9s\",\"isPartOf\":{\"@id\":\"https:\/\/molinspares.com\/ca\/#website\"},\"primaryImageOfPage\":{\"@id\":\"https:\/\/molinspares.com\/ca\/delictes-contra-ladministracio-publica\/#primaryimage\"},\"image\":{\"@id\":\"https:\/\/molinspares.com\/ca\/delictes-contra-ladministracio-publica\/#primaryimage\"},\"thumbnailUrl\":\"https:\/\/molinspares.com\/wp-content\/uploads\/Delitos-contra-el-patrimonio-y-contra-el-orden-socio-economico.jpg\",\"datePublished\":\"2023-10-20T10:35:40+00:00\",\"dateModified\":\"2025-06-19T20:57:10+00:00\",\"description\":\"Molins Par\u00e9s, experts en delictes contra l\u00bfAdministraci\u00f3 p\u00fablica. Consulta amb els nostres advocats especialitzats en malversaci\u00f3 a Barcelona\",\"breadcrumb\":{\"@id\":\"https:\/\/molinspares.com\/ca\/delictes-contra-ladministracio-publica\/#breadcrumb\"},\"inLanguage\":\"ca\",\"potentialAction\":[{\"@type\":\"ReadAction\",\"target\":[\"https:\/\/molinspares.com\/ca\/delictes-contra-ladministracio-publica\/\"]}]},{\"@type\":\"ImageObject\",\"inLanguage\":\"ca\",\"@id\":\"https:\/\/molinspares.com\/ca\/delictes-contra-ladministracio-publica\/#primaryimage\",\"url\":\"https:\/\/molinspares.com\/wp-content\/uploads\/Delitos-contra-el-patrimonio-y-contra-el-orden-socio-economico.jpg\",\"contentUrl\":\"https:\/\/molinspares.com\/wp-content\/uploads\/Delitos-contra-el-patrimonio-y-contra-el-orden-socio-economico.jpg\",\"width\":600,\"height\":900},{\"@type\":\"BreadcrumbList\",\"@id\":\"https:\/\/molinspares.com\/ca\/delictes-contra-ladministracio-publica\/#breadcrumb\",\"itemListElement\":[{\"@type\":\"ListItem\",\"position\":1,\"name\":\"Portada\",\"item\":\"https:\/\/molinspares.com\/ca\/\"},{\"@type\":\"ListItem\",\"position\":2,\"name\":\"Delictes contra l&#8217;Administraci\u00f3 p\u00fablica\"}]},{\"@type\":\"WebSite\",\"@id\":\"https:\/\/molinspares.com\/ca\/#website\",\"url\":\"https:\/\/molinspares.com\/ca\/\",\"name\":\"Molins & Par\u00e9s - Despacho de Abogados Penalistas en Barcelona\",\"description\":\"En Molins &amp; Par\u00e9s somos especialistas en derecho penal. Garantizamos la privacidad del cliente y la m\u00e1xima excelencia en cada caso. \u00a1Cont\u00e1ctanos!\",\"publisher\":{\"@id\":\"https:\/\/molinspares.com\/ca\/#organization\"},\"alternateName\":\"Molins & Par\u00e9s\",\"potentialAction\":[{\"@type\":\"SearchAction\",\"target\":{\"@type\":\"EntryPoint\",\"urlTemplate\":\"https:\/\/molinspares.com\/ca\/?s={search_term_string}\"},\"query-input\":{\"@type\":\"PropertyValueSpecification\",\"valueRequired\":true,\"valueName\":\"search_term_string\"}}],\"inLanguage\":\"ca\"},{\"@type\":\"Organization\",\"@id\":\"https:\/\/molinspares.com\/ca\/#organization\",\"name\":\"Molins & Par\u00e9s - Despacho de Abogados Penalistas en Barcelona\",\"alternateName\":\"Molins & Par\u00e9s\",\"url\":\"https:\/\/molinspares.com\/ca\/\",\"logo\":{\"@type\":\"ImageObject\",\"inLanguage\":\"ca\",\"@id\":\"https:\/\/molinspares.com\/ca\/#\/schema\/logo\/image\/\",\"url\":\"https:\/\/molinspares.com\/wp-content\/uploads\/logo_MolinsPares-2.jpg\",\"contentUrl\":\"https:\/\/molinspares.com\/wp-content\/uploads\/logo_MolinsPares-2.jpg\",\"width\":512,\"height\":512,\"caption\":\"Molins & Par\u00e9s - Despacho de Abogados Penalistas en Barcelona\"},\"image\":{\"@id\":\"https:\/\/molinspares.com\/ca\/#\/schema\/logo\/image\/\"},\"sameAs\":[\"https:\/\/www.facebook.com\/profile.php?id=100067944420137\",\"https:\/\/www.linkedin.com\/in\/molins-pars-penal-compliance-44383b65\/\"],\"publishingPrinciples\":\"https:\/\/molinspares.com\/politica-privacidad\/\",\"ownershipFundingInfo\":\"https:\/\/molinspares.com\/politica-privacidad\/\",\"actionableFeedbackPolicy\":\"https:\/\/molinspares.com\/politica-privacidad\/\",\"correctionsPolicy\":\"https:\/\/molinspares.com\/politica-privacidad\/\",\"ethicsPolicy\":\"https:\/\/molinspares.com\/politica-privacidad\/\",\"diversityPolicy\":\"https:\/\/molinspares.com\/politica-privacidad\/\",\"diversityStaffingReport\":\"https:\/\/molinspares.com\/politica-privacidad\/\"}]}<\/script>\n<!-- \/ Yoast SEO Premium plugin. -->","yoast_head_json":{"title":"Advocats Malversaci\u00f3 Barcelona | Molins Par\u00e9s","description":"Molins Par\u00e9s, experts en delictes contra l\u00bfAdministraci\u00f3 p\u00fablica. Consulta amb els nostres advocats especialitzats en malversaci\u00f3 a Barcelona","robots":{"index":"index","follow":"follow","max-snippet":"max-snippet:-1","max-image-preview":"max-image-preview:large","max-video-preview":"max-video-preview:-1"},"canonical":"https:\/\/molinspares.com\/ca\/delictes-contra-ladministracio-publica\/","og_locale":"ca_ES","og_type":"article","og_title":"Delictes contra l'Administraci\u00f3 p\u00fablica","og_description":"Molins Par\u00e9s, experts en delictes contra l\u00bfAdministraci\u00f3 p\u00fablica. Consulta amb els nostres advocats especialitzats en malversaci\u00f3 a Barcelona","og_url":"https:\/\/molinspares.com\/ca\/delictes-contra-ladministracio-publica\/","og_site_name":"Molins Par\u00e9s - Despacho de Abogados Penalistas en Barcelona | Excelencia y Privacidad","article_publisher":"https:\/\/www.facebook.com\/profile.php?id=100067944420137","article_modified_time":"2025-06-19T20:57:10+00:00","og_image":[{"width":600,"height":900,"url":"https:\/\/molinspares.com\/wp-content\/uploads\/Delitos-contra-el-patrimonio-y-contra-el-orden-socio-economico.jpg","type":"image\/jpeg"}],"twitter_card":"summary_large_image","twitter_misc":{"Temps estimat de lectura":"2 minuts"},"schema":{"@context":"https:\/\/schema.org","@graph":[{"@type":"WebPage","@id":"https:\/\/molinspares.com\/ca\/delictes-contra-ladministracio-publica\/","url":"https:\/\/molinspares.com\/ca\/delictes-contra-ladministracio-publica\/","name":"Advocats Malversaci\u00f3 Barcelona | Molins Par\u00e9s","isPartOf":{"@id":"https:\/\/molinspares.com\/ca\/#website"},"primaryImageOfPage":{"@id":"https:\/\/molinspares.com\/ca\/delictes-contra-ladministracio-publica\/#primaryimage"},"image":{"@id":"https:\/\/molinspares.com\/ca\/delictes-contra-ladministracio-publica\/#primaryimage"},"thumbnailUrl":"https:\/\/molinspares.com\/wp-content\/uploads\/Delitos-contra-el-patrimonio-y-contra-el-orden-socio-economico.jpg","datePublished":"2023-10-20T10:35:40+00:00","dateModified":"2025-06-19T20:57:10+00:00","description":"Molins Par\u00e9s, experts en delictes contra l\u00bfAdministraci\u00f3 p\u00fablica. Consulta amb els nostres advocats especialitzats en malversaci\u00f3 a Barcelona","breadcrumb":{"@id":"https:\/\/molinspares.com\/ca\/delictes-contra-ladministracio-publica\/#breadcrumb"},"inLanguage":"ca","potentialAction":[{"@type":"ReadAction","target":["https:\/\/molinspares.com\/ca\/delictes-contra-ladministracio-publica\/"]}]},{"@type":"ImageObject","inLanguage":"ca","@id":"https:\/\/molinspares.com\/ca\/delictes-contra-ladministracio-publica\/#primaryimage","url":"https:\/\/molinspares.com\/wp-content\/uploads\/Delitos-contra-el-patrimonio-y-contra-el-orden-socio-economico.jpg","contentUrl":"https:\/\/molinspares.com\/wp-content\/uploads\/Delitos-contra-el-patrimonio-y-contra-el-orden-socio-economico.jpg","width":600,"height":900},{"@type":"BreadcrumbList","@id":"https:\/\/molinspares.com\/ca\/delictes-contra-ladministracio-publica\/#breadcrumb","itemListElement":[{"@type":"ListItem","position":1,"name":"Portada","item":"https:\/\/molinspares.com\/ca\/"},{"@type":"ListItem","position":2,"name":"Delictes contra l&#8217;Administraci\u00f3 p\u00fablica"}]},{"@type":"WebSite","@id":"https:\/\/molinspares.com\/ca\/#website","url":"https:\/\/molinspares.com\/ca\/","name":"Molins & Par\u00e9s - Despacho de Abogados Penalistas en Barcelona","description":"En Molins &amp; Par\u00e9s somos especialistas en derecho penal. Garantizamos la privacidad del cliente y la m\u00e1xima excelencia en cada caso. \u00a1Cont\u00e1ctanos!","publisher":{"@id":"https:\/\/molinspares.com\/ca\/#organization"},"alternateName":"Molins & Par\u00e9s","potentialAction":[{"@type":"SearchAction","target":{"@type":"EntryPoint","urlTemplate":"https:\/\/molinspares.com\/ca\/?s={search_term_string}"},"query-input":{"@type":"PropertyValueSpecification","valueRequired":true,"valueName":"search_term_string"}}],"inLanguage":"ca"},{"@type":"Organization","@id":"https:\/\/molinspares.com\/ca\/#organization","name":"Molins & Par\u00e9s - Despacho de Abogados Penalistas en Barcelona","alternateName":"Molins & Par\u00e9s","url":"https:\/\/molinspares.com\/ca\/","logo":{"@type":"ImageObject","inLanguage":"ca","@id":"https:\/\/molinspares.com\/ca\/#\/schema\/logo\/image\/","url":"https:\/\/molinspares.com\/wp-content\/uploads\/logo_MolinsPares-2.jpg","contentUrl":"https:\/\/molinspares.com\/wp-content\/uploads\/logo_MolinsPares-2.jpg","width":512,"height":512,"caption":"Molins & Par\u00e9s - Despacho de Abogados Penalistas en Barcelona"},"image":{"@id":"https:\/\/molinspares.com\/ca\/#\/schema\/logo\/image\/"},"sameAs":["https:\/\/www.facebook.com\/profile.php?id=100067944420137","https:\/\/www.linkedin.com\/in\/molins-pars-penal-compliance-44383b65\/"],"publishingPrinciples":"https:\/\/molinspares.com\/politica-privacidad\/","ownershipFundingInfo":"https:\/\/molinspares.com\/politica-privacidad\/","actionableFeedbackPolicy":"https:\/\/molinspares.com\/politica-privacidad\/","correctionsPolicy":"https:\/\/molinspares.com\/politica-privacidad\/","ethicsPolicy":"https:\/\/molinspares.com\/politica-privacidad\/","diversityPolicy":"https:\/\/molinspares.com\/politica-privacidad\/","diversityStaffingReport":"https:\/\/molinspares.com\/politica-privacidad\/"}]}},"_links":{"self":[{"href":"https:\/\/molinspares.com\/ca\/wp-json\/wp\/v2\/pages\/7584","targetHints":{"allow":["GET"]}}],"collection":[{"href":"https:\/\/molinspares.com\/ca\/wp-json\/wp\/v2\/pages"}],"about":[{"href":"https:\/\/molinspares.com\/ca\/wp-json\/wp\/v2\/types\/page"}],"author":[{"embeddable":true,"href":"https:\/\/molinspares.com\/ca\/wp-json\/wp\/v2\/users\/1"}],"replies":[{"embeddable":true,"href":"https:\/\/molinspares.com\/ca\/wp-json\/wp\/v2\/comments?post=7584"}],"version-history":[{"count":1,"href":"https:\/\/molinspares.com\/ca\/wp-json\/wp\/v2\/pages\/7584\/revisions"}],"predecessor-version":[{"id":7586,"href":"https:\/\/molinspares.com\/ca\/wp-json\/wp\/v2\/pages\/7584\/revisions\/7586"}],"wp:featuredmedia":[{"embeddable":true,"href":"https:\/\/molinspares.com\/ca\/wp-json\/wp\/v2\/media\/5961"}],"wp:attachment":[{"href":"https:\/\/molinspares.com\/ca\/wp-json\/wp\/v2\/media?parent=7584"}],"wp:term":[{"taxonomy":"category","embeddable":true,"href":"https:\/\/molinspares.com\/ca\/wp-json\/wp\/v2\/categories?post=7584"},{"taxonomy":"post_tag","embeddable":true,"href":"https:\/\/molinspares.com\/ca\/wp-json\/wp\/v2\/tags?post=7584"}],"curies":[{"name":"wp","href":"https:\/\/api.w.org\/{rel}","templated":true}]}}