{"id":7315,"date":"2023-10-19T19:50:11","date_gmt":"2023-10-19T17:50:11","guid":{"rendered":"https:\/\/molinspares.com\/politica-de-privadesa\/"},"modified":"2025-07-01T10:56:41","modified_gmt":"2025-07-01T08:56:41","slug":"politica-de-privadesa","status":"publish","type":"page","link":"https:\/\/molinspares.com\/ca\/politica-de-privadesa\/","title":{"rendered":"Pol\u00edtica de privadesa"},"content":{"rendered":"\t\t<div data-elementor-type=\"wp-page\" data-elementor-id=\"7315\" class=\"elementor elementor-7315 elementor-3\" data-elementor-post-type=\"page\">\n\t\t\t\t<div class=\"elementor-element elementor-element-561cf3bb e-flex e-con-boxed e-con e-parent\" data-id=\"561cf3bb\" data-element_type=\"container\" data-e-type=\"container\">\n\t\t\t\t\t<div class=\"e-con-inner\">\n\t\t\t\t<div class=\"elementor-element elementor-element-2ad96296 elementor-widget elementor-widget-text-editor\" data-id=\"2ad96296\" data-element_type=\"widget\" data-e-type=\"widget\" data-widget_type=\"text-editor.default\">\n\t\t\t\t<div class=\"elementor-widget-container\">\n\t\t\t\t\t\t\t\t\t<p>A <a href=\"https:\/\/molinspares.com\/ca\/\">www.molinspares.com<\/a> ens preocupem per la privadesa i la transpar\u00e8ncia.<\/p><p>Les dades personals vinculades a aquest Lloc web respecten les exig\u00e8ncies del Reglament General de Protecci\u00f3 de Dades i de la legislaci\u00f3 i normativa vigent en mat\u00e8ria de protecci\u00f3 de dades personals.<\/p><p>MOLINS-PARES, SLP tractar\u00e0 les dades de car\u00e0cter personal que es recullin a trav\u00e9s d&#8217;aquest Lloc web complint la normativa del REGLAMENT (UE) 2016\/679 DEL PARLAMENT EUROPEU I DEL CONSELL, de 27 d&#8217;abril de 2016, relatiu a la protecci\u00f3 de les persones f\u00edsiques pel que fa al tractament de dades personals ia la 95\/46\/CE (Reglament general de protecci\u00f3 de dades), la Llei org\u00e0nica 3\/2018, de 5 de desembre, de protecci\u00f3 de dades personals i garantia dels drets digitals. i la resta de la normativa vigent sobre protecci\u00f3 de dades. Aix\u00ed, la remissi\u00f3 de dades pels interessats \u00e9s absolutament volunt\u00e0ria i es degudament anunciada.  <\/p><h3> <\/h3><h3><strong>Responsable del tractament:<\/strong><\/h3><p>MOLINS-PARES, SLP<\/p><p>CIF: B65949984<\/p><p>Domicili C\/. Aribau, 175, 3r, *1a; (08036) Barcelona. <\/p><p>Dades registrals: Inscrita al Registre Mercantil de Barcelona, \u200b\u200bTom 43588, Foli 57, full B 432895: Inscrita al Registre de Societats Professionals de l&#8217;Il\u00b7lustre Col\u00b7legi de l&#8217;Advocacia de Barcelona, \u200b\u200bamb el n\u00fam. 969.<\/p><h3> <\/h3><h3><strong>Finalitats<\/strong><\/h3><p>En particular, les dades que es proporcionen a trav\u00e9s del Lloc web seran tractades per a la gesti\u00f3 del contacte o de la consulta realitzada, i si escau, si es produeix un enc\u00e0rrec posterior de la gesti\u00f3 professional, administrativa, comptable i fiscal de l&#8217;enc\u00e0rrec, aix\u00ed com l&#8217;arxiu d&#8217;expedients.<\/p><h3> <\/h3><h3><strong>Legitimaci\u00f3 del tractament<\/strong><\/h3><p>La legitimaci\u00f3 del tractament de dades \u00e9s el consentiment que presta enviant el formulari de contacte o la consulta. Si es produeix l&#8217;enc\u00e0rrec, la legitimaci\u00f3 del tractament \u00e9s la relaci\u00f3 contractual que s&#8217;estableixi i el compliment de les obligacions professionals i legals que se&#8217;n deriven. <\/p><h3> <\/h3><h3><strong>Comunicacions de les dades<\/strong><\/h3><p>Les dades derivades del contacte i la consulta no seran comunicades a tercers. En cas que posteriorment es produeixi un enc\u00e0rrec, les dades de car\u00e0cter personal proporcionades pel client podran ser comunicades als organismes p\u00fablics o entitats que siguin necess\u00e0ries per a la gesti\u00f3 del servei o enc\u00e0rrec. <\/p><h3> <\/h3><h3><strong>Drets dels interessats<\/strong><\/h3><p>Qualsevol persona t\u00e9 dret a obtenir confirmaci\u00f3 sobre si MOLINS-PARES, SLP tracta dades personals que l&#8217;afectin o no. Les persones interessades tenen dret a accedir a les dades personals ia obtenir copa de les dades personals objecte del tractament, a actualitzar-les, aix\u00ed com a sol\u00b7licitar la rectificaci\u00f3 de les dades inexactes, o si escau, sol\u00b7licitar la supressi\u00f3 quan, entre altres motius, les dades ja no siguin necess\u00e0ries per a les finalitats per a les quals van ser recollides. En determinades circumst\u00e0ncies previstes a l&#8217;article 18 RGPD, els interessats podran sol\u00b7licitar la limitaci\u00f3 del tractament de les seves dades i \u00fanicament es conservaran per a l&#8217;exercici o la defensa de reclamacions. Com a conseq\u00fc\u00e8ncia de l&#8217;aplicaci\u00f3 del dret a la supressi\u00f3 una oposici\u00f3 al tractament de dades personals a l&#8217;entorn en l\u00ednia els interessats tenen dret a l&#8217;oblit segons la jurisprud\u00e8ncia del Tribunal de Just\u00edcia de la UE. Els interessats podran oposar-se al tractament de les dades amb finalitats de m\u00e0rqueting, inclosa l&#8217;elaboraci\u00f3 de perfils.    <\/p><h3> <\/h3><h3><strong>Podeu exercir els vostres drets:<\/strong><\/h3><ol><li>Mitjan\u00e7ant escrit dirigit a: C\/. Aribau, 175, 3r, *1a; (08036) Barcelona. Mitjan\u00e7ant correu electr\u00f2nic adre\u00e7at a: <a href=\"mailto:compliance@molinspares.com\">compliance@molinspares.com<\/a>  <\/li><li>Contacte Delegat de Protecci\u00f3 de Dades: <a href=\"mailto:dpd@molinspares.com\">dpd@molinspares.com<\/a><\/li><\/ol><h3> <\/h3><h3><strong>Cookies  <\/strong><\/h3><p>OPCI\u00d3 A: MOLINS-PARES, SLP no utilitza cookies de cap tipus en aquest Lloc web<\/p><p>OPCI\u00d3 B: MOLINS-PARES, SLP utilitza galetes quan l&#8217;Usuari navega per les diferents pantalles del Lloc web. Aquestes cookies s&#8217;emmagatzemen al disc dur de l&#8217;Usuari, per\u00f2 no poden llegir les dades contingudes en aquell ni llegir els fitxers de tipus galeta que han creat altres prove\u00efdors. Tot i aix\u00f2, l&#8217;usuari podr\u00e0 impedir l&#8217;emmagatzematge de cookies configurant les opcions del vostre navegador. MOLINS-PARES, SLP utilitza cookies amb la finalitat de recon\u00e8ixer als usuaris que s&#8217;hagin registrat i facilitar la seva navegaci\u00f3, alhora que proporcionen informaci\u00f3 sobre la data i hora de l&#8217;\u00faltima visita de l&#8217;usuari, calculant alguns par\u00e0metres de tr\u00e0nsit dins del propi Lloc web i fent una estimaci\u00f3 de les visites rebudes, permetent a MOLINS-PARES, SLP enfocar i ajustar.   <\/p><p><a href=\"#_edn1\" name=\"_ednref1\"><\/a><\/p>\t\t\t\t\t\t\t\t<\/div>\n\t\t\t\t<\/div>\n\t\t\t\t\t<\/div>\n\t\t\t\t<\/div>\n\t\t\t\t<\/div>\n\t\t","protected":false},"excerpt":{"rendered":"<p>A www.molinspares.com ens preocupem per la privadesa i la transpar\u00e8ncia. Les dades personals vinculades a aquest Lloc web respecten les exig\u00e8ncies del Reglament General de Protecci\u00f3 de Dades i de la legislaci\u00f3 i normativa vigent en mat\u00e8ria de protecci\u00f3 de dades personals. MOLINS-PARES, SLP tractar\u00e0 les dades de car\u00e0cter personal que es recullin a trav\u00e9s [&hellip;]<\/p>\n","protected":false},"author":1,"featured_media":0,"parent":0,"menu_order":90,"comment_status":"closed","ping_status":"closed","template":"","meta":{"footnotes":""},"categories":[],"tags":[],"class_list":["post-7315","page","type-page","status-publish","hentry"],"yoast_head":"<!-- This site is optimized with the Yoast SEO Premium plugin v26.1 (Yoast SEO v27.2) - https:\/\/yoast.com\/product\/yoast-seo-premium-wordpress\/ -->\n<title>Pol\u00edtica de privadesa - Molins Par\u00e9s - Despacho de Abogados Penalistas en Barcelona | Excelencia y Privacidad<\/title>\n<meta name=\"robots\" content=\"index, follow, max-snippet:-1, max-image-preview:large, max-video-preview:-1\" \/>\n<link rel=\"canonical\" href=\"https:\/\/molinspares.com\/ca\/politica-de-privadesa\/\" \/>\n<meta property=\"og:locale\" content=\"ca_ES\" \/>\n<meta property=\"og:type\" content=\"article\" \/>\n<meta property=\"og:title\" content=\"Pol\u00edtica de privadesa\" \/>\n<meta property=\"og:description\" content=\"A www.molinspares.com ens preocupem per la privadesa i la transpar\u00e8ncia. Les dades personals vinculades a aquest Lloc web respecten les exig\u00e8ncies del Reglament General de Protecci\u00f3 de Dades i de la legislaci\u00f3 i normativa vigent en mat\u00e8ria de protecci\u00f3 de dades personals. MOLINS-PARES, SLP tractar\u00e0 les dades de car\u00e0cter personal que es recullin a trav\u00e9s [&hellip;]\" \/>\n<meta property=\"og:url\" content=\"https:\/\/molinspares.com\/ca\/politica-de-privadesa\/\" \/>\n<meta property=\"og:site_name\" content=\"Molins Par\u00e9s - Despacho de Abogados Penalistas en Barcelona | Excelencia y Privacidad\" \/>\n<meta property=\"article:publisher\" content=\"https:\/\/www.facebook.com\/profile.php?id=100067944420137\" \/>\n<meta property=\"article:modified_time\" content=\"2025-07-01T08:56:41+00:00\" \/>\n<meta property=\"og:image\" content=\"https:\/\/molinspares.com\/wp-content\/uploads\/Molins-Pares-Abogados-Barcelona-100.png\" \/>\n\t<meta property=\"og:image:width\" content=\"1200\" \/>\n\t<meta property=\"og:image:height\" content=\"675\" \/>\n\t<meta property=\"og:image:type\" content=\"image\/png\" \/>\n<meta name=\"twitter:card\" content=\"summary_large_image\" \/>\n<meta name=\"twitter:label1\" content=\"Temps estimat de lectura\" \/>\n\t<meta name=\"twitter:data1\" content=\"3 minuts\" \/>\n<script type=\"application\/ld+json\" class=\"yoast-schema-graph\">{\"@context\":\"https:\/\/schema.org\",\"@graph\":[{\"@type\":\"WebPage\",\"@id\":\"https:\/\/molinspares.com\/ca\/politica-de-privadesa\/\",\"url\":\"https:\/\/molinspares.com\/ca\/politica-de-privadesa\/\",\"name\":\"Pol\u00edtica de privadesa - Molins Par\u00e9s - Despacho de Abogados Penalistas en Barcelona | Excelencia y Privacidad\",\"isPartOf\":{\"@id\":\"https:\/\/molinspares.com\/ca\/#website\"},\"datePublished\":\"2023-10-19T17:50:11+00:00\",\"dateModified\":\"2025-07-01T08:56:41+00:00\",\"breadcrumb\":{\"@id\":\"https:\/\/molinspares.com\/ca\/politica-de-privadesa\/#breadcrumb\"},\"inLanguage\":\"ca\",\"potentialAction\":[{\"@type\":\"ReadAction\",\"target\":[\"https:\/\/molinspares.com\/ca\/politica-de-privadesa\/\"]}]},{\"@type\":\"BreadcrumbList\",\"@id\":\"https:\/\/molinspares.com\/ca\/politica-de-privadesa\/#breadcrumb\",\"itemListElement\":[{\"@type\":\"ListItem\",\"position\":1,\"name\":\"Portada\",\"item\":\"https:\/\/molinspares.com\/ca\/\"},{\"@type\":\"ListItem\",\"position\":2,\"name\":\"Pol\u00edtica de privadesa\"}]},{\"@type\":\"WebSite\",\"@id\":\"https:\/\/molinspares.com\/ca\/#website\",\"url\":\"https:\/\/molinspares.com\/ca\/\",\"name\":\"Molins & Par\u00e9s - Despacho de Abogados Penalistas en Barcelona\",\"description\":\"En Molins &amp; Par\u00e9s somos especialistas en derecho penal. Garantizamos la privacidad del cliente y la m\u00e1xima excelencia en cada caso. \u00a1Cont\u00e1ctanos!\",\"publisher\":{\"@id\":\"https:\/\/molinspares.com\/ca\/#organization\"},\"alternateName\":\"Molins & Par\u00e9s\",\"potentialAction\":[{\"@type\":\"SearchAction\",\"target\":{\"@type\":\"EntryPoint\",\"urlTemplate\":\"https:\/\/molinspares.com\/ca\/?s={search_term_string}\"},\"query-input\":{\"@type\":\"PropertyValueSpecification\",\"valueRequired\":true,\"valueName\":\"search_term_string\"}}],\"inLanguage\":\"ca\"},{\"@type\":\"Organization\",\"@id\":\"https:\/\/molinspares.com\/ca\/#organization\",\"name\":\"Molins & Par\u00e9s - Despacho de Abogados Penalistas en Barcelona\",\"alternateName\":\"Molins & Par\u00e9s\",\"url\":\"https:\/\/molinspares.com\/ca\/\",\"logo\":{\"@type\":\"ImageObject\",\"inLanguage\":\"ca\",\"@id\":\"https:\/\/molinspares.com\/ca\/#\/schema\/logo\/image\/\",\"url\":\"https:\/\/molinspares.com\/wp-content\/uploads\/logo_MolinsPares-2.jpg\",\"contentUrl\":\"https:\/\/molinspares.com\/wp-content\/uploads\/logo_MolinsPares-2.jpg\",\"width\":512,\"height\":512,\"caption\":\"Molins & Par\u00e9s - Despacho de Abogados Penalistas en Barcelona\"},\"image\":{\"@id\":\"https:\/\/molinspares.com\/ca\/#\/schema\/logo\/image\/\"},\"sameAs\":[\"https:\/\/www.facebook.com\/profile.php?id=100067944420137\",\"https:\/\/www.linkedin.com\/in\/molins-pars-penal-compliance-44383b65\/\"],\"publishingPrinciples\":\"https:\/\/molinspares.com\/politica-privacidad\/\",\"ownershipFundingInfo\":\"https:\/\/molinspares.com\/politica-privacidad\/\",\"actionableFeedbackPolicy\":\"https:\/\/molinspares.com\/politica-privacidad\/\",\"correctionsPolicy\":\"https:\/\/molinspares.com\/politica-privacidad\/\",\"ethicsPolicy\":\"https:\/\/molinspares.com\/politica-privacidad\/\",\"diversityPolicy\":\"https:\/\/molinspares.com\/politica-privacidad\/\",\"diversityStaffingReport\":\"https:\/\/molinspares.com\/politica-privacidad\/\"}]}<\/script>\n<!-- \/ Yoast SEO Premium plugin. -->","yoast_head_json":{"title":"Pol\u00edtica de privadesa - Molins Par\u00e9s - Despacho de Abogados Penalistas en Barcelona | Excelencia y Privacidad","robots":{"index":"index","follow":"follow","max-snippet":"max-snippet:-1","max-image-preview":"max-image-preview:large","max-video-preview":"max-video-preview:-1"},"canonical":"https:\/\/molinspares.com\/ca\/politica-de-privadesa\/","og_locale":"ca_ES","og_type":"article","og_title":"Pol\u00edtica de privadesa","og_description":"A www.molinspares.com ens preocupem per la privadesa i la transpar\u00e8ncia. Les dades personals vinculades a aquest Lloc web respecten les exig\u00e8ncies del Reglament General de Protecci\u00f3 de Dades i de la legislaci\u00f3 i normativa vigent en mat\u00e8ria de protecci\u00f3 de dades personals. MOLINS-PARES, SLP tractar\u00e0 les dades de car\u00e0cter personal que es recullin a trav\u00e9s [&hellip;]","og_url":"https:\/\/molinspares.com\/ca\/politica-de-privadesa\/","og_site_name":"Molins Par\u00e9s - Despacho de Abogados Penalistas en Barcelona | Excelencia y Privacidad","article_publisher":"https:\/\/www.facebook.com\/profile.php?id=100067944420137","article_modified_time":"2025-07-01T08:56:41+00:00","og_image":[{"width":1200,"height":675,"url":"https:\/\/molinspares.com\/wp-content\/uploads\/Molins-Pares-Abogados-Barcelona-100.png","type":"image\/png"}],"twitter_card":"summary_large_image","twitter_misc":{"Temps estimat de lectura":"3 minuts"},"schema":{"@context":"https:\/\/schema.org","@graph":[{"@type":"WebPage","@id":"https:\/\/molinspares.com\/ca\/politica-de-privadesa\/","url":"https:\/\/molinspares.com\/ca\/politica-de-privadesa\/","name":"Pol\u00edtica de privadesa - Molins Par\u00e9s - Despacho de Abogados Penalistas en Barcelona | Excelencia y Privacidad","isPartOf":{"@id":"https:\/\/molinspares.com\/ca\/#website"},"datePublished":"2023-10-19T17:50:11+00:00","dateModified":"2025-07-01T08:56:41+00:00","breadcrumb":{"@id":"https:\/\/molinspares.com\/ca\/politica-de-privadesa\/#breadcrumb"},"inLanguage":"ca","potentialAction":[{"@type":"ReadAction","target":["https:\/\/molinspares.com\/ca\/politica-de-privadesa\/"]}]},{"@type":"BreadcrumbList","@id":"https:\/\/molinspares.com\/ca\/politica-de-privadesa\/#breadcrumb","itemListElement":[{"@type":"ListItem","position":1,"name":"Portada","item":"https:\/\/molinspares.com\/ca\/"},{"@type":"ListItem","position":2,"name":"Pol\u00edtica de privadesa"}]},{"@type":"WebSite","@id":"https:\/\/molinspares.com\/ca\/#website","url":"https:\/\/molinspares.com\/ca\/","name":"Molins & Par\u00e9s - Despacho de Abogados Penalistas en Barcelona","description":"En Molins &amp; Par\u00e9s somos especialistas en derecho penal. Garantizamos la privacidad del cliente y la m\u00e1xima excelencia en cada caso. \u00a1Cont\u00e1ctanos!","publisher":{"@id":"https:\/\/molinspares.com\/ca\/#organization"},"alternateName":"Molins & Par\u00e9s","potentialAction":[{"@type":"SearchAction","target":{"@type":"EntryPoint","urlTemplate":"https:\/\/molinspares.com\/ca\/?s={search_term_string}"},"query-input":{"@type":"PropertyValueSpecification","valueRequired":true,"valueName":"search_term_string"}}],"inLanguage":"ca"},{"@type":"Organization","@id":"https:\/\/molinspares.com\/ca\/#organization","name":"Molins & Par\u00e9s - Despacho de Abogados Penalistas en Barcelona","alternateName":"Molins & Par\u00e9s","url":"https:\/\/molinspares.com\/ca\/","logo":{"@type":"ImageObject","inLanguage":"ca","@id":"https:\/\/molinspares.com\/ca\/#\/schema\/logo\/image\/","url":"https:\/\/molinspares.com\/wp-content\/uploads\/logo_MolinsPares-2.jpg","contentUrl":"https:\/\/molinspares.com\/wp-content\/uploads\/logo_MolinsPares-2.jpg","width":512,"height":512,"caption":"Molins & Par\u00e9s - Despacho de Abogados Penalistas en Barcelona"},"image":{"@id":"https:\/\/molinspares.com\/ca\/#\/schema\/logo\/image\/"},"sameAs":["https:\/\/www.facebook.com\/profile.php?id=100067944420137","https:\/\/www.linkedin.com\/in\/molins-pars-penal-compliance-44383b65\/"],"publishingPrinciples":"https:\/\/molinspares.com\/politica-privacidad\/","ownershipFundingInfo":"https:\/\/molinspares.com\/politica-privacidad\/","actionableFeedbackPolicy":"https:\/\/molinspares.com\/politica-privacidad\/","correctionsPolicy":"https:\/\/molinspares.com\/politica-privacidad\/","ethicsPolicy":"https:\/\/molinspares.com\/politica-privacidad\/","diversityPolicy":"https:\/\/molinspares.com\/politica-privacidad\/","diversityStaffingReport":"https:\/\/molinspares.com\/politica-privacidad\/"}]}},"_links":{"self":[{"href":"https:\/\/molinspares.com\/ca\/wp-json\/wp\/v2\/pages\/7315","targetHints":{"allow":["GET"]}}],"collection":[{"href":"https:\/\/molinspares.com\/ca\/wp-json\/wp\/v2\/pages"}],"about":[{"href":"https:\/\/molinspares.com\/ca\/wp-json\/wp\/v2\/types\/page"}],"author":[{"embeddable":true,"href":"https:\/\/molinspares.com\/ca\/wp-json\/wp\/v2\/users\/1"}],"replies":[{"embeddable":true,"href":"https:\/\/molinspares.com\/ca\/wp-json\/wp\/v2\/comments?post=7315"}],"version-history":[{"count":4,"href":"https:\/\/molinspares.com\/ca\/wp-json\/wp\/v2\/pages\/7315\/revisions"}],"predecessor-version":[{"id":7809,"href":"https:\/\/molinspares.com\/ca\/wp-json\/wp\/v2\/pages\/7315\/revisions\/7809"}],"wp:attachment":[{"href":"https:\/\/molinspares.com\/ca\/wp-json\/wp\/v2\/media?parent=7315"}],"wp:term":[{"taxonomy":"category","embeddable":true,"href":"https:\/\/molinspares.com\/ca\/wp-json\/wp\/v2\/categories?post=7315"},{"taxonomy":"post_tag","embeddable":true,"href":"https:\/\/molinspares.com\/ca\/wp-json\/wp\/v2\/tags?post=7315"}],"curies":[{"name":"wp","href":"https:\/\/api.w.org\/{rel}","templated":true}]}}