{"id":7232,"date":"2023-10-20T12:00:48","date_gmt":"2023-10-20T10:00:48","guid":{"rendered":"https:\/\/molinspares.com\/laura-pares-i-ravetllat\/"},"modified":"2025-10-24T10:48:32","modified_gmt":"2025-10-24T08:48:32","slug":"laura-pares-i-ravetllat","status":"publish","type":"page","link":"https:\/\/molinspares.com\/ca\/laura-pares-i-ravetllat\/","title":{"rendered":"Laura Par\u00e9s i Ravetllat"},"content":{"rendered":"\t\t<div data-elementor-type=\"wp-page\" data-elementor-id=\"7232\" class=\"elementor elementor-7232 elementor-61\" data-elementor-post-type=\"page\">\n\t\t\t\t<div class=\"elementor-element elementor-element-666ec873 e-flex e-con-boxed e-con e-parent\" data-id=\"666ec873\" data-element_type=\"container\" data-e-type=\"container\" data-settings=\"{&quot;background_background&quot;:&quot;classic&quot;}\">\n\t\t\t\t\t<div class=\"e-con-inner\">\n\t\t\t\t<div class=\"elementor-element elementor-element-5b4f4605 elementor-widget elementor-widget-heading\" data-id=\"5b4f4605\" data-element_type=\"widget\" data-e-type=\"widget\" data-widget_type=\"heading.default\">\n\t\t\t\t<div class=\"elementor-widget-container\">\n\t\t\t\t\t<h2 class=\"elementor-heading-title elementor-size-default\">El nostre Equip<\/h2>\t\t\t\t<\/div>\n\t\t\t\t<\/div>\n\t\t\t\t\t<\/div>\n\t\t\t\t<\/div>\n\t\t<div class=\"elementor-element elementor-element-7aff8ed4 e-flex e-con-boxed e-con e-parent\" data-id=\"7aff8ed4\" data-element_type=\"container\" data-e-type=\"container\" data-settings=\"{&quot;background_background&quot;:&quot;classic&quot;}\">\n\t\t\t\t\t<div class=\"e-con-inner\">\n\t\t<div class=\"elementor-element elementor-element-70542643 e-con-full e-flex e-con e-child\" data-id=\"70542643\" data-element_type=\"container\" data-e-type=\"container\">\n\t\t\t\t<div class=\"elementor-element elementor-element-14e0fa1b elementor-widget-divider--view-line elementor-widget elementor-widget-divider\" data-id=\"14e0fa1b\" data-element_type=\"widget\" data-e-type=\"widget\" data-widget_type=\"divider.default\">\n\t\t\t\t<div class=\"elementor-widget-container\">\n\t\t\t\t\t\t\t<div class=\"elementor-divider\">\n\t\t\t<span class=\"elementor-divider-separator\">\n\t\t\t\t\t\t<\/span>\n\t\t<\/div>\n\t\t\t\t\t\t<\/div>\n\t\t\t\t<\/div>\n\t\t\t\t<div class=\"elementor-element elementor-element-5616f8b3 elementor-widget elementor-widget-heading\" data-id=\"5616f8b3\" data-element_type=\"widget\" data-e-type=\"widget\" data-widget_type=\"heading.default\">\n\t\t\t\t<div class=\"elementor-widget-container\">\n\t\t\t\t\t<h1 class=\"elementor-heading-title elementor-size-default\">Laura Par\u00e9s i Ravetllat<\/h1>\t\t\t\t<\/div>\n\t\t\t\t<\/div>\n\t\t\t\t<\/div>\n\t\t\t\t\t<\/div>\n\t\t\t\t<\/div>\n\t\t<div class=\"elementor-element elementor-element-51b9cd76 e-flex e-con-boxed e-con e-parent\" data-id=\"51b9cd76\" data-element_type=\"container\" data-e-type=\"container\">\n\t\t\t\t\t<div class=\"e-con-inner\">\n\t\t<div class=\"elementor-element elementor-element-f717138 e-con-full e-flex e-con e-child\" data-id=\"f717138\" data-element_type=\"container\" data-e-type=\"container\">\n\t\t\t\t<div class=\"elementor-element elementor-element-62531abf elementor-icon-list--layout-traditional elementor-list-item-link-full_width elementor-widget elementor-widget-icon-list\" data-id=\"62531abf\" data-element_type=\"widget\" data-e-type=\"widget\" data-widget_type=\"icon-list.default\">\n\t\t\t\t<div class=\"elementor-widget-container\">\n\t\t\t\t\t\t\t<ul class=\"elementor-icon-list-items\">\n\t\t\t\t\t\t\t<li class=\"elementor-icon-list-item\">\n\t\t\t\t\t\t\t\t\t\t\t<span class=\"elementor-icon-list-icon\">\n\t\t\t\t\t\t\t<i aria-hidden=\"true\" class=\"fas fa-chevron-right\"><\/i>\t\t\t\t\t\t<\/span>\n\t\t\t\t\t\t\t\t\t\t<span class=\"elementor-icon-list-text\">S\u00f2cia<\/span>\n\t\t\t\t\t\t\t\t\t<\/li>\n\t\t\t\t\t\t\t\t<li class=\"elementor-icon-list-item\">\n\t\t\t\t\t\t\t\t\t\t\t<span class=\"elementor-icon-list-icon\">\n\t\t\t\t\t\t\t<i aria-hidden=\"true\" class=\"fas fa-graduation-cap\"><\/i>\t\t\t\t\t\t<\/span>\n\t\t\t\t\t\t\t\t\t\t<span class=\"elementor-icon-list-text\">Advocada<\/span>\n\t\t\t\t\t\t\t\t\t<\/li>\n\t\t\t\t\t\t\t\t<li class=\"elementor-icon-list-item\">\n\t\t\t\t\t\t\t\t\t\t\t<a href=\"mailto:l.pares@molinspares.com\">\n\n\t\t\t\t\t\t\t\t\t\t\t\t<span class=\"elementor-icon-list-icon\">\n\t\t\t\t\t\t\t<i aria-hidden=\"true\" class=\"icon icon-envelope2\"><\/i>\t\t\t\t\t\t<\/span>\n\t\t\t\t\t\t\t\t\t\t<span class=\"elementor-icon-list-text\">l.pares@molinspares.com<\/span>\n\t\t\t\t\t\t\t\t\t\t\t<\/a>\n\t\t\t\t\t\t\t\t\t<\/li>\n\t\t\t\t\t\t\t\t<li class=\"elementor-icon-list-item\">\n\t\t\t\t\t\t\t\t\t\t\t<a href=\"https:\/\/www.linkedin.com\/in\/laura-par%C3%A9s-i-ravetllat-b0931649\/\" target=\"_blank\">\n\n\t\t\t\t\t\t\t\t\t\t\t\t<span class=\"elementor-icon-list-icon\">\n\t\t\t\t\t\t\t<i aria-hidden=\"true\" class=\"icon icon-linkedin\"><\/i>\t\t\t\t\t\t<\/span>\n\t\t\t\t\t\t\t\t\t\t<span class=\"elementor-icon-list-text\"><\/span>\n\t\t\t\t\t\t\t\t\t\t\t<\/a>\n\t\t\t\t\t\t\t\t\t<\/li>\n\t\t\t\t\t\t<\/ul>\n\t\t\t\t\t\t<\/div>\n\t\t\t\t<\/div>\n\t\t\t\t<div class=\"elementor-element elementor-element-9993808 elementor-position-inline-start elementor-mobile-position-inline-start elementor-view-default elementor-widget elementor-widget-icon-box\" data-id=\"9993808\" data-element_type=\"widget\" data-e-type=\"widget\" data-widget_type=\"icon-box.default\">\n\t\t\t\t<div class=\"elementor-widget-container\">\n\t\t\t\t\t\t\t<div class=\"elementor-icon-box-wrapper\">\n\n\t\t\t\t\t\t<div class=\"elementor-icon-box-icon\">\n\t\t\t\t<span  class=\"elementor-icon\">\n\t\t\t\t<i aria-hidden=\"true\" class=\"icon icon-bookmark\"><\/i>\t\t\t\t<\/span>\n\t\t\t<\/div>\n\t\t\t\n\t\t\t\t\t\t<div class=\"elementor-icon-box-content\">\n\n\t\t\t\t\t\t\t\t\t<h3 class=\"elementor-icon-box-title\">\n\t\t\t\t\t\t<span  >\n\t\t\t\t\t\t\tEdici\u00f3 2025\t\t\t\t\t\t<\/span>\n\t\t\t\t\t<\/h3>\n\t\t\t\t\n\t\t\t\t\t\t\t\t\t<p class=\"elementor-icon-box-description\">\n\t\t\t\t\t\tReconegut per Chambers and Partners a la categoria <em>\u201cDispute Resolution: Corporate Crime\u201d<\/em>\t\t\t\t\t<\/p>\n\t\t\t\t\n\t\t\t<\/div>\n\t\t\t\n\t\t<\/div>\n\t\t\t\t\t\t<\/div>\n\t\t\t\t<\/div>\n\t\t\t\t<div class=\"elementor-element elementor-element-1c3ede1 elementor-widget-tablet__width-initial elementor-widget elementor-widget-image\" data-id=\"1c3ede1\" data-element_type=\"widget\" data-e-type=\"widget\" data-widget_type=\"image.default\">\n\t\t\t\t<div class=\"elementor-widget-container\">\n\t\t\t\t\t\t\t\t\t\t\t\t\t\t\t<img fetchpriority=\"high\" decoding=\"async\" width=\"314\" height=\"314\" src=\"https:\/\/molinspares.com\/wp-content\/uploads\/certificaciones-Chambers-and-Partners-2025-Laura-Pares.jpg\" class=\"attachment-large size-large wp-image-6749\" alt=\"\" srcset=\"https:\/\/molinspares.com\/wp-content\/uploads\/certificaciones-Chambers-and-Partners-2025-Laura-Pares.jpg 314w, https:\/\/molinspares.com\/wp-content\/uploads\/certificaciones-Chambers-and-Partners-2025-Laura-Pares-300x300.jpg 300w, https:\/\/molinspares.com\/wp-content\/uploads\/certificaciones-Chambers-and-Partners-2025-Laura-Pares-150x150.jpg 150w\" sizes=\"(max-width: 314px) 100vw, 314px\" \/>\t\t\t\t\t\t\t\t\t\t\t\t\t\t\t<\/div>\n\t\t\t\t<\/div>\n\t\t\t\t<div class=\"elementor-element elementor-element-5b4324c6 elementor-widget-tablet__width-initial elementor-hidden-desktop elementor-hidden-tablet elementor-hidden-mobile elementor-hidden-laptop elementor-widget elementor-widget-image\" data-id=\"5b4324c6\" data-element_type=\"widget\" data-e-type=\"widget\" data-widget_type=\"image.default\">\n\t\t\t\t<div class=\"elementor-widget-container\">\n\t\t\t\t\t\t\t\t\t\t\t\t\t\t\t<img decoding=\"async\" width=\"800\" height=\"242\" src=\"https:\/\/molinspares.com\/wp-content\/uploads\/Best-Lawyers-2025-Laura-Pares.jpg\" class=\"attachment-large size-large wp-image-6677\" alt=\"\" srcset=\"https:\/\/molinspares.com\/wp-content\/uploads\/Best-Lawyers-2025-Laura-Pares.jpg 800w, https:\/\/molinspares.com\/wp-content\/uploads\/Best-Lawyers-2025-Laura-Pares-300x91.jpg 300w, https:\/\/molinspares.com\/wp-content\/uploads\/Best-Lawyers-2025-Laura-Pares-768x232.jpg 768w\" sizes=\"(max-width: 800px) 100vw, 800px\" \/>\t\t\t\t\t\t\t\t\t\t\t\t\t\t\t<\/div>\n\t\t\t\t<\/div>\n\t\t\t\t<\/div>\n\t\t<div class=\"elementor-element elementor-element-482275b8 e-con-full e-flex e-con e-child\" data-id=\"482275b8\" data-element_type=\"container\" data-e-type=\"container\">\n\t\t\t\t<div class=\"elementor-element elementor-element-4f0101ae e-transform elementor-widget elementor-widget-heading\" data-id=\"4f0101ae\" data-element_type=\"widget\" data-e-type=\"widget\" data-settings=\"{&quot;_transform_translateY_effect_mobile&quot;:{&quot;unit&quot;:&quot;px&quot;,&quot;size&quot;:0,&quot;sizes&quot;:[]},&quot;_transform_translateX_effect&quot;:{&quot;unit&quot;:&quot;px&quot;,&quot;size&quot;:&quot;&quot;,&quot;sizes&quot;:[]},&quot;_transform_translateX_effect_laptop&quot;:{&quot;unit&quot;:&quot;px&quot;,&quot;size&quot;:&quot;&quot;,&quot;sizes&quot;:[]},&quot;_transform_translateX_effect_tablet&quot;:{&quot;unit&quot;:&quot;px&quot;,&quot;size&quot;:&quot;&quot;,&quot;sizes&quot;:[]},&quot;_transform_translateX_effect_mobile&quot;:{&quot;unit&quot;:&quot;px&quot;,&quot;size&quot;:&quot;&quot;,&quot;sizes&quot;:[]},&quot;_transform_translateY_effect&quot;:{&quot;unit&quot;:&quot;px&quot;,&quot;size&quot;:&quot;&quot;,&quot;sizes&quot;:[]},&quot;_transform_translateY_effect_laptop&quot;:{&quot;unit&quot;:&quot;px&quot;,&quot;size&quot;:&quot;&quot;,&quot;sizes&quot;:[]},&quot;_transform_translateY_effect_tablet&quot;:{&quot;unit&quot;:&quot;px&quot;,&quot;size&quot;:&quot;&quot;,&quot;sizes&quot;:[]}}\" data-widget_type=\"heading.default\">\n\t\t\t\t<div class=\"elementor-widget-container\">\n\t\t\t\t\t<h4 class=\"elementor-heading-title elementor-size-default\">Advocada penalista amb una s\u00f2lida traject\u00f2ria acad\u00e8mica i professional, combina la seva dedicaci\u00f3 a la defensa penal amb la tasca docent en institucions de prestigi com ESADE i l'Il\u00b7lustre Col\u00b7legi d'Advocats de Barcelona. <\/h4>\t\t\t\t<\/div>\n\t\t\t\t<\/div>\n\t\t\t\t<div class=\"elementor-element elementor-element-5b1394e8 lista-con-chevron elementor-widget elementor-widget-text-editor\" data-id=\"5b1394e8\" data-element_type=\"widget\" data-e-type=\"widget\" data-widget_type=\"text-editor.default\">\n\t\t\t\t<div class=\"elementor-widget-container\">\n\t\t\t\t\t\t\t\t\t<ul><li>Laura Par\u00e9s \u00e9s Llicenciada en Dret per la Universitat Pompeu Fabra (1998-2001). Posteriorment, un cop iniciat l&#8217;exercici professional, va realitzar el M\u00e0ster de Dret Penal i Ci\u00e8ncies Penals de la Universitat de Barcelona i la Universitat Pompeu Fabra (2002-2003), havent realitzat tamb\u00e9 el Postgrau de Compliance a la Universitat Pompeu Fabra (2017) i el m\u00e0ster en Dret probatori al procediment penal de la Universitat de Barcelona (202). <\/li><li>Ha estat durant molts anys professora a l&#8217;Il\u00b7ltre. Col\u00b7legi d&#8217;Advocats de Barcelona, \u200b\u200bon ha estat professora de l&#8217;Escola de Pr\u00e0ctica jur\u00eddica i actualment ho \u00e9s del m\u00e0ster de Dret Penal i on ha ofert diferents confer\u00e8ncies relacionades amb l&#8217;\u00e0mbit penal, havent ostentat, a m\u00e9s, el c\u00e0rrec de Presidenta de la Secci\u00f3 de Dret Penal i d&#8217;instructora a la Comissi\u00f3 de Deontologia. <\/li><li>Aix\u00ed mateix, ha estat professora a l&#8217;escola de Policia de Catalunya i, actualment, imparteix classes de litigaci\u00f3 penal a la Universitat Ramon Llull (ESADE) al M\u00e0ster Universitari d&#8217;Advocacia. La seva traject\u00f2ria professional s&#8217;ha caracteritzat per una aposta a la formaci\u00f3 continuada, que s&#8217;ha tradu\u00eft en la participaci\u00f3 en diferents m\u00e0sters, confer\u00e8ncies i debats doctrinals a diferents entitats i en la redacci\u00f3 de diferents articles publicats a revistes de reconegut prestigi. <\/li><li>Tamb\u00e9, ha estat reconeguda i inclosa, en consecutives edicions, al r\u00e0nquing internacional de Best Lawyers a les categories \u201cCriminal Defense\u201d i \u201cLitigation\u201d.<\/li><\/ul>\t\t\t\t\t\t\t\t<\/div>\n\t\t\t\t<\/div>\n\t\t\t\t<\/div>\n\t\t<div class=\"elementor-element elementor-element-10579b7b e-con-full e-flex e-con e-child\" data-id=\"10579b7b\" data-element_type=\"container\" data-e-type=\"container\">\n\t\t\t\t<div class=\"elementor-element elementor-element-419a8d8a elementor-widget elementor-widget-image\" data-id=\"419a8d8a\" data-element_type=\"widget\" data-e-type=\"widget\" data-widget_type=\"image.default\">\n\t\t\t\t<div class=\"elementor-widget-container\">\n\t\t\t\t\t\t\t\t\t\t\t\t\t\t\t<img decoding=\"async\" width=\"600\" height=\"900\" src=\"https:\/\/molinspares.com\/wp-content\/uploads\/Abogado_2_Laura-Pares-i-Ravetllat-2.jpg\" class=\"attachment-large size-large wp-image-6545\" alt=\"\" srcset=\"https:\/\/molinspares.com\/wp-content\/uploads\/Abogado_2_Laura-Pares-i-Ravetllat-2.jpg 600w, https:\/\/molinspares.com\/wp-content\/uploads\/Abogado_2_Laura-Pares-i-Ravetllat-2-200x300.jpg 200w\" sizes=\"(max-width: 600px) 100vw, 600px\" \/>\t\t\t\t\t\t\t\t\t\t\t\t\t\t\t<\/div>\n\t\t\t\t<\/div>\n\t\t\t\t<\/div>\n\t\t\t\t\t<\/div>\n\t\t\t\t<\/div>\n\t\t\t\t<\/div>\n\t\t","protected":false},"excerpt":{"rendered":"<p>S\u00f2cia<\/p>\n","protected":false},"author":1,"featured_media":6473,"parent":0,"menu_order":22,"comment_status":"closed","ping_status":"closed","template":"","meta":{"footnotes":""},"categories":[155],"tags":[],"class_list":["post-7232","page","type-page","status-publish","has-post-thumbnail","hentry","category-equip"],"yoast_head":"<!-- This site is optimized with the Yoast SEO Premium plugin v26.1 (Yoast SEO v27.2) - https:\/\/yoast.com\/product\/yoast-seo-premium-wordpress\/ -->\n<title>Laura Par\u00e9s i Ravetllat | Advocada a Barcelona | Molins Par\u00e9s<\/title>\n<meta name=\"description\" content=\"Laura Par\u00e9s i Ravetllat, advocada a Barcelona Busques un advocat a Barcelona? Molins Par\u00e9s \u00e9s la teva soluci\u00f3. Contacta&#039;ns ara per obtenir assessorament.\" \/>\n<meta name=\"robots\" content=\"index, follow, max-snippet:-1, max-image-preview:large, max-video-preview:-1\" \/>\n<link rel=\"canonical\" href=\"https:\/\/molinspares.com\/ca\/laura-pares-i-ravetllat\/\" \/>\n<meta property=\"og:locale\" content=\"ca_ES\" \/>\n<meta property=\"og:type\" content=\"article\" \/>\n<meta property=\"og:title\" content=\"Laura Par\u00e9s i Ravetllat\" \/>\n<meta property=\"og:description\" content=\"Laura Par\u00e9s i Ravetllat, advocada a Barcelona Busques un advocat a Barcelona? Molins Par\u00e9s \u00e9s la teva soluci\u00f3. Contacta&#039;ns ara per obtenir assessorament.\" \/>\n<meta property=\"og:url\" content=\"https:\/\/molinspares.com\/ca\/laura-pares-i-ravetllat\/\" \/>\n<meta property=\"og:site_name\" content=\"Molins Par\u00e9s - Despacho de Abogados Penalistas en Barcelona | Excelencia y Privacidad\" \/>\n<meta property=\"article:publisher\" content=\"https:\/\/www.facebook.com\/profile.php?id=100067944420137\" \/>\n<meta property=\"article:modified_time\" content=\"2025-10-24T08:48:32+00:00\" \/>\n<meta property=\"og:image\" content=\"https:\/\/molinspares.com\/wp-content\/uploads\/Abogado_1_Laura-Pares-i-Ravetllat.jpg\" \/>\n\t<meta property=\"og:image:width\" content=\"400\" \/>\n\t<meta property=\"og:image:height\" content=\"600\" \/>\n\t<meta property=\"og:image:type\" content=\"image\/jpeg\" \/>\n<meta name=\"twitter:card\" content=\"summary_large_image\" \/>\n<meta name=\"twitter:label1\" content=\"Temps estimat de lectura\" \/>\n\t<meta name=\"twitter:data1\" content=\"2 minuts\" \/>\n<script type=\"application\/ld+json\" class=\"yoast-schema-graph\">{\"@context\":\"https:\/\/schema.org\",\"@graph\":[{\"@type\":\"WebPage\",\"@id\":\"https:\/\/molinspares.com\/ca\/laura-pares-i-ravetllat\/\",\"url\":\"https:\/\/molinspares.com\/ca\/laura-pares-i-ravetllat\/\",\"name\":\"Laura Par\u00e9s i Ravetllat | Advocada a Barcelona | Molins Par\u00e9s\",\"isPartOf\":{\"@id\":\"https:\/\/molinspares.com\/ca\/#website\"},\"primaryImageOfPage\":{\"@id\":\"https:\/\/molinspares.com\/ca\/laura-pares-i-ravetllat\/#primaryimage\"},\"image\":{\"@id\":\"https:\/\/molinspares.com\/ca\/laura-pares-i-ravetllat\/#primaryimage\"},\"thumbnailUrl\":\"https:\/\/molinspares.com\/wp-content\/uploads\/Abogado_1_Laura-Pares-i-Ravetllat.jpg\",\"datePublished\":\"2023-10-20T10:00:48+00:00\",\"dateModified\":\"2025-10-24T08:48:32+00:00\",\"description\":\"Laura Par\u00e9s i Ravetllat, advocada a Barcelona Busques un advocat a Barcelona? Molins Par\u00e9s \u00e9s la teva soluci\u00f3. Contacta'ns ara per obtenir assessorament.\",\"breadcrumb\":{\"@id\":\"https:\/\/molinspares.com\/ca\/laura-pares-i-ravetllat\/#breadcrumb\"},\"inLanguage\":\"ca\",\"potentialAction\":[{\"@type\":\"ReadAction\",\"target\":[\"https:\/\/molinspares.com\/ca\/laura-pares-i-ravetllat\/\"]}]},{\"@type\":\"ImageObject\",\"inLanguage\":\"ca\",\"@id\":\"https:\/\/molinspares.com\/ca\/laura-pares-i-ravetllat\/#primaryimage\",\"url\":\"https:\/\/molinspares.com\/wp-content\/uploads\/Abogado_1_Laura-Pares-i-Ravetllat.jpg\",\"contentUrl\":\"https:\/\/molinspares.com\/wp-content\/uploads\/Abogado_1_Laura-Pares-i-Ravetllat.jpg\",\"width\":400,\"height\":600},{\"@type\":\"BreadcrumbList\",\"@id\":\"https:\/\/molinspares.com\/ca\/laura-pares-i-ravetllat\/#breadcrumb\",\"itemListElement\":[{\"@type\":\"ListItem\",\"position\":1,\"name\":\"Portada\",\"item\":\"https:\/\/molinspares.com\/ca\/\"},{\"@type\":\"ListItem\",\"position\":2,\"name\":\"Laura Par\u00e9s i Ravetllat\"}]},{\"@type\":\"WebSite\",\"@id\":\"https:\/\/molinspares.com\/ca\/#website\",\"url\":\"https:\/\/molinspares.com\/ca\/\",\"name\":\"Molins & Par\u00e9s - Despacho de Abogados Penalistas en Barcelona\",\"description\":\"En Molins &amp; Par\u00e9s somos especialistas en derecho penal. Garantizamos la privacidad del cliente y la m\u00e1xima excelencia en cada caso. \u00a1Cont\u00e1ctanos!\",\"publisher\":{\"@id\":\"https:\/\/molinspares.com\/ca\/#organization\"},\"alternateName\":\"Molins & Par\u00e9s\",\"potentialAction\":[{\"@type\":\"SearchAction\",\"target\":{\"@type\":\"EntryPoint\",\"urlTemplate\":\"https:\/\/molinspares.com\/ca\/?s={search_term_string}\"},\"query-input\":{\"@type\":\"PropertyValueSpecification\",\"valueRequired\":true,\"valueName\":\"search_term_string\"}}],\"inLanguage\":\"ca\"},{\"@type\":\"Organization\",\"@id\":\"https:\/\/molinspares.com\/ca\/#organization\",\"name\":\"Molins & Par\u00e9s - Despacho de Abogados Penalistas en Barcelona\",\"alternateName\":\"Molins & Par\u00e9s\",\"url\":\"https:\/\/molinspares.com\/ca\/\",\"logo\":{\"@type\":\"ImageObject\",\"inLanguage\":\"ca\",\"@id\":\"https:\/\/molinspares.com\/ca\/#\/schema\/logo\/image\/\",\"url\":\"https:\/\/molinspares.com\/wp-content\/uploads\/logo_MolinsPares-2.jpg\",\"contentUrl\":\"https:\/\/molinspares.com\/wp-content\/uploads\/logo_MolinsPares-2.jpg\",\"width\":512,\"height\":512,\"caption\":\"Molins & Par\u00e9s - Despacho de Abogados Penalistas en Barcelona\"},\"image\":{\"@id\":\"https:\/\/molinspares.com\/ca\/#\/schema\/logo\/image\/\"},\"sameAs\":[\"https:\/\/www.facebook.com\/profile.php?id=100067944420137\",\"https:\/\/www.linkedin.com\/in\/molins-pars-penal-compliance-44383b65\/\"],\"publishingPrinciples\":\"https:\/\/molinspares.com\/politica-privacidad\/\",\"ownershipFundingInfo\":\"https:\/\/molinspares.com\/politica-privacidad\/\",\"actionableFeedbackPolicy\":\"https:\/\/molinspares.com\/politica-privacidad\/\",\"correctionsPolicy\":\"https:\/\/molinspares.com\/politica-privacidad\/\",\"ethicsPolicy\":\"https:\/\/molinspares.com\/politica-privacidad\/\",\"diversityPolicy\":\"https:\/\/molinspares.com\/politica-privacidad\/\",\"diversityStaffingReport\":\"https:\/\/molinspares.com\/politica-privacidad\/\"}]}<\/script>\n<!-- \/ Yoast SEO Premium plugin. -->","yoast_head_json":{"title":"Laura Par\u00e9s i Ravetllat | Advocada a Barcelona | Molins Par\u00e9s","description":"Laura Par\u00e9s i Ravetllat, advocada a Barcelona Busques un advocat a Barcelona? Molins Par\u00e9s \u00e9s la teva soluci\u00f3. Contacta'ns ara per obtenir assessorament.","robots":{"index":"index","follow":"follow","max-snippet":"max-snippet:-1","max-image-preview":"max-image-preview:large","max-video-preview":"max-video-preview:-1"},"canonical":"https:\/\/molinspares.com\/ca\/laura-pares-i-ravetllat\/","og_locale":"ca_ES","og_type":"article","og_title":"Laura Par\u00e9s i Ravetllat","og_description":"Laura Par\u00e9s i Ravetllat, advocada a Barcelona Busques un advocat a Barcelona? Molins Par\u00e9s \u00e9s la teva soluci\u00f3. Contacta'ns ara per obtenir assessorament.","og_url":"https:\/\/molinspares.com\/ca\/laura-pares-i-ravetllat\/","og_site_name":"Molins Par\u00e9s - Despacho de Abogados Penalistas en Barcelona | Excelencia y Privacidad","article_publisher":"https:\/\/www.facebook.com\/profile.php?id=100067944420137","article_modified_time":"2025-10-24T08:48:32+00:00","og_image":[{"width":400,"height":600,"url":"https:\/\/molinspares.com\/wp-content\/uploads\/Abogado_1_Laura-Pares-i-Ravetllat.jpg","type":"image\/jpeg"}],"twitter_card":"summary_large_image","twitter_misc":{"Temps estimat de lectura":"2 minuts"},"schema":{"@context":"https:\/\/schema.org","@graph":[{"@type":"WebPage","@id":"https:\/\/molinspares.com\/ca\/laura-pares-i-ravetllat\/","url":"https:\/\/molinspares.com\/ca\/laura-pares-i-ravetllat\/","name":"Laura Par\u00e9s i Ravetllat | Advocada a Barcelona | Molins Par\u00e9s","isPartOf":{"@id":"https:\/\/molinspares.com\/ca\/#website"},"primaryImageOfPage":{"@id":"https:\/\/molinspares.com\/ca\/laura-pares-i-ravetllat\/#primaryimage"},"image":{"@id":"https:\/\/molinspares.com\/ca\/laura-pares-i-ravetllat\/#primaryimage"},"thumbnailUrl":"https:\/\/molinspares.com\/wp-content\/uploads\/Abogado_1_Laura-Pares-i-Ravetllat.jpg","datePublished":"2023-10-20T10:00:48+00:00","dateModified":"2025-10-24T08:48:32+00:00","description":"Laura Par\u00e9s i Ravetllat, advocada a Barcelona Busques un advocat a Barcelona? Molins Par\u00e9s \u00e9s la teva soluci\u00f3. Contacta'ns ara per obtenir assessorament.","breadcrumb":{"@id":"https:\/\/molinspares.com\/ca\/laura-pares-i-ravetllat\/#breadcrumb"},"inLanguage":"ca","potentialAction":[{"@type":"ReadAction","target":["https:\/\/molinspares.com\/ca\/laura-pares-i-ravetllat\/"]}]},{"@type":"ImageObject","inLanguage":"ca","@id":"https:\/\/molinspares.com\/ca\/laura-pares-i-ravetllat\/#primaryimage","url":"https:\/\/molinspares.com\/wp-content\/uploads\/Abogado_1_Laura-Pares-i-Ravetllat.jpg","contentUrl":"https:\/\/molinspares.com\/wp-content\/uploads\/Abogado_1_Laura-Pares-i-Ravetllat.jpg","width":400,"height":600},{"@type":"BreadcrumbList","@id":"https:\/\/molinspares.com\/ca\/laura-pares-i-ravetllat\/#breadcrumb","itemListElement":[{"@type":"ListItem","position":1,"name":"Portada","item":"https:\/\/molinspares.com\/ca\/"},{"@type":"ListItem","position":2,"name":"Laura Par\u00e9s i Ravetllat"}]},{"@type":"WebSite","@id":"https:\/\/molinspares.com\/ca\/#website","url":"https:\/\/molinspares.com\/ca\/","name":"Molins & Par\u00e9s - Despacho de Abogados Penalistas en Barcelona","description":"En Molins &amp; Par\u00e9s somos especialistas en derecho penal. Garantizamos la privacidad del cliente y la m\u00e1xima excelencia en cada caso. \u00a1Cont\u00e1ctanos!","publisher":{"@id":"https:\/\/molinspares.com\/ca\/#organization"},"alternateName":"Molins & Par\u00e9s","potentialAction":[{"@type":"SearchAction","target":{"@type":"EntryPoint","urlTemplate":"https:\/\/molinspares.com\/ca\/?s={search_term_string}"},"query-input":{"@type":"PropertyValueSpecification","valueRequired":true,"valueName":"search_term_string"}}],"inLanguage":"ca"},{"@type":"Organization","@id":"https:\/\/molinspares.com\/ca\/#organization","name":"Molins & Par\u00e9s - Despacho de Abogados Penalistas en Barcelona","alternateName":"Molins & Par\u00e9s","url":"https:\/\/molinspares.com\/ca\/","logo":{"@type":"ImageObject","inLanguage":"ca","@id":"https:\/\/molinspares.com\/ca\/#\/schema\/logo\/image\/","url":"https:\/\/molinspares.com\/wp-content\/uploads\/logo_MolinsPares-2.jpg","contentUrl":"https:\/\/molinspares.com\/wp-content\/uploads\/logo_MolinsPares-2.jpg","width":512,"height":512,"caption":"Molins & Par\u00e9s - Despacho de Abogados Penalistas en Barcelona"},"image":{"@id":"https:\/\/molinspares.com\/ca\/#\/schema\/logo\/image\/"},"sameAs":["https:\/\/www.facebook.com\/profile.php?id=100067944420137","https:\/\/www.linkedin.com\/in\/molins-pars-penal-compliance-44383b65\/"],"publishingPrinciples":"https:\/\/molinspares.com\/politica-privacidad\/","ownershipFundingInfo":"https:\/\/molinspares.com\/politica-privacidad\/","actionableFeedbackPolicy":"https:\/\/molinspares.com\/politica-privacidad\/","correctionsPolicy":"https:\/\/molinspares.com\/politica-privacidad\/","ethicsPolicy":"https:\/\/molinspares.com\/politica-privacidad\/","diversityPolicy":"https:\/\/molinspares.com\/politica-privacidad\/","diversityStaffingReport":"https:\/\/molinspares.com\/politica-privacidad\/"}]}},"_links":{"self":[{"href":"https:\/\/molinspares.com\/ca\/wp-json\/wp\/v2\/pages\/7232","targetHints":{"allow":["GET"]}}],"collection":[{"href":"https:\/\/molinspares.com\/ca\/wp-json\/wp\/v2\/pages"}],"about":[{"href":"https:\/\/molinspares.com\/ca\/wp-json\/wp\/v2\/types\/page"}],"author":[{"embeddable":true,"href":"https:\/\/molinspares.com\/ca\/wp-json\/wp\/v2\/users\/1"}],"replies":[{"embeddable":true,"href":"https:\/\/molinspares.com\/ca\/wp-json\/wp\/v2\/comments?post=7232"}],"version-history":[{"count":5,"href":"https:\/\/molinspares.com\/ca\/wp-json\/wp\/v2\/pages\/7232\/revisions"}],"predecessor-version":[{"id":8119,"href":"https:\/\/molinspares.com\/ca\/wp-json\/wp\/v2\/pages\/7232\/revisions\/8119"}],"wp:featuredmedia":[{"embeddable":true,"href":"https:\/\/molinspares.com\/ca\/wp-json\/wp\/v2\/media\/6473"}],"wp:attachment":[{"href":"https:\/\/molinspares.com\/ca\/wp-json\/wp\/v2\/media?parent=7232"}],"wp:term":[{"taxonomy":"category","embeddable":true,"href":"https:\/\/molinspares.com\/ca\/wp-json\/wp\/v2\/categories?post=7232"},{"taxonomy":"post_tag","embeddable":true,"href":"https:\/\/molinspares.com\/ca\/wp-json\/wp\/v2\/tags?post=7232"}],"curies":[{"name":"wp","href":"https:\/\/api.w.org\/{rel}","templated":true}]}}