{"id":7172,"date":"2024-01-12T20:05:19","date_gmt":"2024-01-12T19:05:19","guid":{"rendered":"https:\/\/molinspares.com\/clara-cornudella-i-giral\/"},"modified":"2025-10-24T10:46:45","modified_gmt":"2025-10-24T08:46:45","slug":"clara-cornudella-i-giral","status":"publish","type":"page","link":"https:\/\/molinspares.com\/ca\/clara-cornudella-i-giral\/","title":{"rendered":"Clara Cornudella i Giral"},"content":{"rendered":"\t\t<div data-elementor-type=\"wp-page\" data-elementor-id=\"7172\" class=\"elementor elementor-7172 elementor-3828\" data-elementor-post-type=\"page\">\n\t\t\t\t<div class=\"elementor-element elementor-element-1e515d00 e-flex e-con-boxed e-con e-parent\" data-id=\"1e515d00\" data-element_type=\"container\" data-e-type=\"container\" data-settings=\"{&quot;background_background&quot;:&quot;classic&quot;}\">\n\t\t\t\t\t<div class=\"e-con-inner\">\n\t\t\t\t<div class=\"elementor-element elementor-element-396dbc0 elementor-widget elementor-widget-heading\" data-id=\"396dbc0\" data-element_type=\"widget\" data-e-type=\"widget\" data-widget_type=\"heading.default\">\n\t\t\t\t<div class=\"elementor-widget-container\">\n\t\t\t\t\t<h2 class=\"elementor-heading-title elementor-size-default\">El nostre Equip<\/h2>\t\t\t\t<\/div>\n\t\t\t\t<\/div>\n\t\t\t\t\t<\/div>\n\t\t\t\t<\/div>\n\t\t<div class=\"elementor-element elementor-element-285a58dd e-flex e-con-boxed e-con e-parent\" data-id=\"285a58dd\" data-element_type=\"container\" data-e-type=\"container\" data-settings=\"{&quot;background_background&quot;:&quot;classic&quot;}\">\n\t\t\t\t\t<div class=\"e-con-inner\">\n\t\t<div class=\"elementor-element elementor-element-46496277 e-con-full e-flex e-con e-child\" data-id=\"46496277\" data-element_type=\"container\" data-e-type=\"container\">\n\t\t\t\t<div class=\"elementor-element elementor-element-7339839a elementor-widget-divider--view-line elementor-widget elementor-widget-divider\" data-id=\"7339839a\" data-element_type=\"widget\" data-e-type=\"widget\" data-widget_type=\"divider.default\">\n\t\t\t\t<div class=\"elementor-widget-container\">\n\t\t\t\t\t\t\t<div class=\"elementor-divider\">\n\t\t\t<span class=\"elementor-divider-separator\">\n\t\t\t\t\t\t<\/span>\n\t\t<\/div>\n\t\t\t\t\t\t<\/div>\n\t\t\t\t<\/div>\n\t\t\t\t<div class=\"elementor-element elementor-element-a18d09e elementor-widget elementor-widget-heading\" data-id=\"a18d09e\" data-element_type=\"widget\" data-e-type=\"widget\" data-widget_type=\"heading.default\">\n\t\t\t\t<div class=\"elementor-widget-container\">\n\t\t\t\t\t<h1 class=\"elementor-heading-title elementor-size-default\">Clara Cornudella i Giral<\/h1>\t\t\t\t<\/div>\n\t\t\t\t<\/div>\n\t\t\t\t<\/div>\n\t\t\t\t\t<\/div>\n\t\t\t\t<\/div>\n\t\t<div class=\"elementor-element elementor-element-4223f3ca e-flex e-con-boxed e-con e-parent\" data-id=\"4223f3ca\" data-element_type=\"container\" data-e-type=\"container\">\n\t\t\t\t\t<div class=\"e-con-inner\">\n\t\t<div class=\"elementor-element elementor-element-2b6c5a95 e-con-full e-flex e-con e-child\" data-id=\"2b6c5a95\" data-element_type=\"container\" data-e-type=\"container\">\n\t\t\t\t<div class=\"elementor-element elementor-element-48b4ed9c elementor-widget-tablet__width-inherit elementor-icon-list--layout-traditional elementor-list-item-link-full_width elementor-widget elementor-widget-icon-list\" data-id=\"48b4ed9c\" data-element_type=\"widget\" data-e-type=\"widget\" data-widget_type=\"icon-list.default\">\n\t\t\t\t<div class=\"elementor-widget-container\">\n\t\t\t\t\t\t\t<ul class=\"elementor-icon-list-items\">\n\t\t\t\t\t\t\t<li class=\"elementor-icon-list-item\">\n\t\t\t\t\t\t\t\t\t\t\t<span class=\"elementor-icon-list-icon\">\n\t\t\t\t\t\t\t<i aria-hidden=\"true\" class=\"fas fa-chevron-right\"><\/i>\t\t\t\t\t\t<\/span>\n\t\t\t\t\t\t\t\t\t\t<span class=\"elementor-icon-list-text\">Advocada<\/span>\n\t\t\t\t\t\t\t\t\t<\/li>\n\t\t\t\t\t\t\t\t<li class=\"elementor-icon-list-item\">\n\t\t\t\t\t\t\t\t\t\t\t<a href=\"mailto:c.cornudella@molinspares.com\">\n\n\t\t\t\t\t\t\t\t\t\t\t\t<span class=\"elementor-icon-list-icon\">\n\t\t\t\t\t\t\t<i aria-hidden=\"true\" class=\"icon icon-envelope2\"><\/i>\t\t\t\t\t\t<\/span>\n\t\t\t\t\t\t\t\t\t\t<span class=\"elementor-icon-list-text\">c.cornudella@molinspares.com<\/span>\n\t\t\t\t\t\t\t\t\t\t\t<\/a>\n\t\t\t\t\t\t\t\t\t<\/li>\n\t\t\t\t\t\t\t\t<li class=\"elementor-icon-list-item\">\n\t\t\t\t\t\t\t\t\t\t\t<a href=\"https:\/\/www.linkedin.com\/in\/clara-cornudella-giral-7bb696267\/\" target=\"_blank\">\n\n\t\t\t\t\t\t\t\t\t\t\t\t<span class=\"elementor-icon-list-icon\">\n\t\t\t\t\t\t\t<i aria-hidden=\"true\" class=\"icon icon-linkedin\"><\/i>\t\t\t\t\t\t<\/span>\n\t\t\t\t\t\t\t\t\t\t<span class=\"elementor-icon-list-text\"><\/span>\n\t\t\t\t\t\t\t\t\t\t\t<\/a>\n\t\t\t\t\t\t\t\t\t<\/li>\n\t\t\t\t\t\t<\/ul>\n\t\t\t\t\t\t<\/div>\n\t\t\t\t<\/div>\n\t\t\t\t<div class=\"elementor-element elementor-element-992efbb elementor-widget-tablet__width-initial elementor-hidden-desktop elementor-hidden-laptop elementor-hidden-tablet elementor-hidden-mobile elementor-widget elementor-widget-image\" data-id=\"992efbb\" data-element_type=\"widget\" data-e-type=\"widget\" data-widget_type=\"image.default\">\n\t\t\t\t<div class=\"elementor-widget-container\">\n\t\t\t\t\t\t\t\t\t\t\t\t\t\t\t<img fetchpriority=\"high\" decoding=\"async\" width=\"800\" height=\"275\" src=\"https:\/\/molinspares.com\/wp-content\/uploads\/certificaciones-abogados-barcelona-2025-Best-layers.jpg\" class=\"attachment-large size-large wp-image-6689\" alt=\"\" srcset=\"https:\/\/molinspares.com\/wp-content\/uploads\/certificaciones-abogados-barcelona-2025-Best-layers.jpg 800w, https:\/\/molinspares.com\/wp-content\/uploads\/certificaciones-abogados-barcelona-2025-Best-layers-300x103.jpg 300w, https:\/\/molinspares.com\/wp-content\/uploads\/certificaciones-abogados-barcelona-2025-Best-layers-768x264.jpg 768w\" sizes=\"(max-width: 800px) 100vw, 800px\" \/>\t\t\t\t\t\t\t\t\t\t\t\t\t\t\t<\/div>\n\t\t\t\t<\/div>\n\t\t\t\t<\/div>\n\t\t<div class=\"elementor-element elementor-element-6e4f54a e-con-full e-flex e-con e-child\" data-id=\"6e4f54a\" data-element_type=\"container\" data-e-type=\"container\">\n\t\t\t\t<div class=\"elementor-element elementor-element-1c8f3565 e-transform elementor-widget elementor-widget-heading\" data-id=\"1c8f3565\" data-element_type=\"widget\" data-e-type=\"widget\" data-settings=\"{&quot;_transform_translateY_effect_mobile&quot;:{&quot;unit&quot;:&quot;px&quot;,&quot;size&quot;:0,&quot;sizes&quot;:[]},&quot;_transform_translateX_effect&quot;:{&quot;unit&quot;:&quot;px&quot;,&quot;size&quot;:&quot;&quot;,&quot;sizes&quot;:[]},&quot;_transform_translateX_effect_laptop&quot;:{&quot;unit&quot;:&quot;px&quot;,&quot;size&quot;:&quot;&quot;,&quot;sizes&quot;:[]},&quot;_transform_translateX_effect_tablet&quot;:{&quot;unit&quot;:&quot;px&quot;,&quot;size&quot;:&quot;&quot;,&quot;sizes&quot;:[]},&quot;_transform_translateX_effect_mobile&quot;:{&quot;unit&quot;:&quot;px&quot;,&quot;size&quot;:&quot;&quot;,&quot;sizes&quot;:[]},&quot;_transform_translateY_effect&quot;:{&quot;unit&quot;:&quot;px&quot;,&quot;size&quot;:&quot;&quot;,&quot;sizes&quot;:[]},&quot;_transform_translateY_effect_laptop&quot;:{&quot;unit&quot;:&quot;px&quot;,&quot;size&quot;:&quot;&quot;,&quot;sizes&quot;:[]},&quot;_transform_translateY_effect_tablet&quot;:{&quot;unit&quot;:&quot;px&quot;,&quot;size&quot;:&quot;&quot;,&quot;sizes&quot;:[]}}\" data-widget_type=\"heading.default\">\n\t\t\t\t<div class=\"elementor-widget-container\">\n\t\t\t\t\t<h4 class=\"elementor-heading-title elementor-size-default\">Des de l'inici de la traject\u00f2ria, es va especialitzar en Dret Penal. Es va incorporar al despatx el juny del 2022 durant les pr\u00e0ctiques del M\u00e0ster d'Acc\u00e9s a l'Advocacia i, el setembre del 2023, va comen\u00e7ar a exercir com a advocada. <\/h4>\t\t\t\t<\/div>\n\t\t\t\t<\/div>\n\t\t\t\t<div class=\"elementor-element elementor-element-7af26c lista-con-chevron elementor-widget elementor-widget-text-editor\" data-id=\"7af26c\" data-element_type=\"widget\" data-e-type=\"widget\" data-widget_type=\"text-editor.default\">\n\t\t\t\t<div class=\"elementor-widget-container\">\n\t\t\t\t\t\t\t\t\t<ul><li>Clara Cornudella \u00e9s Graduada en Dret per la Universitat Aut\u00f2noma de Barcelona, \u200b\u200b2021 i Graduada en Ci\u00e8ncies Pol\u00edtiques i Gesti\u00f3 P\u00fablica per la Universitat Aut\u00f2noma de Barcelona, \u200b\u200b2021.<\/li><li>Durant els anys 2021 i 2022 va cursar el M\u00e0ster d&#8217;Acc\u00e9s a l&#8217;Advocacia a la Universitat Pompeu Fabra \u2013 Barcelona School of Management, i durant els anys 2022 i 2023 va cursar el M\u00e0ster d&#8217;especialitzaci\u00f3 de Dret Penal Econ\u00f2mic i Compliance a la Universitat Pompeu Fabra \u2013 Barcelona School of Management.<\/li><li>Clara ha assistit a nombrosos cursos i formacions a l&#8217;\u00e0mbit del Dret Penal, destacant-se el Curs d&#8217;especialitzaci\u00f3 en Viol\u00e8ncia de G\u00e8nere (2024) i el Curs d&#8217;especialitzaci\u00f3 en la Jurisdicci\u00f3 de Menors (2024), impartits per l&#8217;Il\u00b7lustre Col\u00b7legi d&#8217;Advocats de Barcelona.<\/li><\/ul>\t\t\t\t\t\t\t\t<\/div>\n\t\t\t\t<\/div>\n\t\t\t\t<\/div>\n\t\t<div class=\"elementor-element elementor-element-692b76e e-con-full e-flex e-con e-child\" data-id=\"692b76e\" data-element_type=\"container\" data-e-type=\"container\">\n\t\t\t\t<div class=\"elementor-element elementor-element-6c90fc32 elementor-widget elementor-widget-image\" data-id=\"6c90fc32\" data-element_type=\"widget\" data-e-type=\"widget\" data-widget_type=\"image.default\">\n\t\t\t\t<div class=\"elementor-widget-container\">\n\t\t\t\t\t\t\t\t\t\t\t\t\t\t\t<img decoding=\"async\" width=\"400\" height=\"600\" src=\"https:\/\/molinspares.com\/wp-content\/uploads\/Abogado_1_Clara-Cornudella-Giral-5.jpg\" class=\"attachment-large size-large wp-image-6825\" alt=\"\" srcset=\"https:\/\/molinspares.com\/wp-content\/uploads\/Abogado_1_Clara-Cornudella-Giral-5.jpg 400w, https:\/\/molinspares.com\/wp-content\/uploads\/Abogado_1_Clara-Cornudella-Giral-5-200x300.jpg 200w\" sizes=\"(max-width: 400px) 100vw, 400px\" \/>\t\t\t\t\t\t\t\t\t\t\t\t\t\t\t<\/div>\n\t\t\t\t<\/div>\n\t\t\t\t<\/div>\n\t\t\t\t\t<\/div>\n\t\t\t\t<\/div>\n\t\t\t\t<\/div>\n\t\t","protected":false},"excerpt":{"rendered":"<p>Advocada<\/p>\n","protected":false},"author":1,"featured_media":7917,"parent":0,"menu_order":30,"comment_status":"closed","ping_status":"closed","template":"","meta":{"footnotes":""},"categories":[155],"tags":[],"class_list":["post-7172","page","type-page","status-publish","has-post-thumbnail","hentry","category-equip"],"yoast_head":"<!-- This site is optimized with the Yoast SEO Premium plugin v26.1 (Yoast SEO v27.2) - https:\/\/yoast.com\/product\/yoast-seo-premium-wordpress\/ -->\n<title>Clara Cornudella i Giral | Advocada a Barcelona | Molins Par\u00e9s<\/title>\n<meta name=\"description\" content=\"Clara Cornudella i Giral \u00e9s Advocada a Barcelona Busques un advocat a Barcelona? Molins Par\u00e9s \u00e9s la teva soluci\u00f3. Contacta&#039;ns ara per obtenir assessorament.\" \/>\n<meta name=\"robots\" content=\"index, follow, max-snippet:-1, max-image-preview:large, max-video-preview:-1\" \/>\n<link rel=\"canonical\" href=\"https:\/\/molinspares.com\/ca\/clara-cornudella-i-giral\/\" \/>\n<meta property=\"og:locale\" content=\"ca_ES\" \/>\n<meta property=\"og:type\" content=\"article\" \/>\n<meta property=\"og:title\" content=\"Clara Cornudella i Giral\" \/>\n<meta property=\"og:description\" content=\"Clara Cornudella i Giral \u00e9s Advocada a Barcelona Busques un advocat a Barcelona? Molins Par\u00e9s \u00e9s la teva soluci\u00f3. Contacta&#039;ns ara per obtenir assessorament.\" \/>\n<meta property=\"og:url\" content=\"https:\/\/molinspares.com\/ca\/clara-cornudella-i-giral\/\" \/>\n<meta property=\"og:site_name\" content=\"Molins Par\u00e9s - Despacho de Abogados Penalistas en Barcelona | Excelencia y Privacidad\" \/>\n<meta property=\"article:publisher\" content=\"https:\/\/www.facebook.com\/profile.php?id=100067944420137\" \/>\n<meta property=\"article:modified_time\" content=\"2025-10-24T08:46:45+00:00\" \/>\n<meta property=\"og:image\" content=\"https:\/\/molinspares.com\/wp-content\/uploads\/Abogado_1_Clara-Cornudella-Giral-8.jpg\" \/>\n\t<meta property=\"og:image:width\" content=\"400\" \/>\n\t<meta property=\"og:image:height\" content=\"600\" \/>\n\t<meta property=\"og:image:type\" content=\"image\/jpeg\" \/>\n<meta name=\"twitter:card\" content=\"summary_large_image\" \/>\n<meta name=\"twitter:label1\" content=\"Temps estimat de lectura\" \/>\n\t<meta name=\"twitter:data1\" content=\"1 minut\" \/>\n<script type=\"application\/ld+json\" class=\"yoast-schema-graph\">{\"@context\":\"https:\/\/schema.org\",\"@graph\":[{\"@type\":\"WebPage\",\"@id\":\"https:\/\/molinspares.com\/ca\/clara-cornudella-i-giral\/\",\"url\":\"https:\/\/molinspares.com\/ca\/clara-cornudella-i-giral\/\",\"name\":\"Clara Cornudella i Giral | Advocada a Barcelona | Molins Par\u00e9s\",\"isPartOf\":{\"@id\":\"https:\/\/molinspares.com\/ca\/#website\"},\"primaryImageOfPage\":{\"@id\":\"https:\/\/molinspares.com\/ca\/clara-cornudella-i-giral\/#primaryimage\"},\"image\":{\"@id\":\"https:\/\/molinspares.com\/ca\/clara-cornudella-i-giral\/#primaryimage\"},\"thumbnailUrl\":\"https:\/\/molinspares.com\/wp-content\/uploads\/Abogado_1_Clara-Cornudella-Giral-8.jpg\",\"datePublished\":\"2024-01-12T19:05:19+00:00\",\"dateModified\":\"2025-10-24T08:46:45+00:00\",\"description\":\"Clara Cornudella i Giral \u00e9s Advocada a Barcelona Busques un advocat a Barcelona? Molins Par\u00e9s \u00e9s la teva soluci\u00f3. Contacta'ns ara per obtenir assessorament.\",\"breadcrumb\":{\"@id\":\"https:\/\/molinspares.com\/ca\/clara-cornudella-i-giral\/#breadcrumb\"},\"inLanguage\":\"ca\",\"potentialAction\":[{\"@type\":\"ReadAction\",\"target\":[\"https:\/\/molinspares.com\/ca\/clara-cornudella-i-giral\/\"]}]},{\"@type\":\"ImageObject\",\"inLanguage\":\"ca\",\"@id\":\"https:\/\/molinspares.com\/ca\/clara-cornudella-i-giral\/#primaryimage\",\"url\":\"https:\/\/molinspares.com\/wp-content\/uploads\/Abogado_1_Clara-Cornudella-Giral-8.jpg\",\"contentUrl\":\"https:\/\/molinspares.com\/wp-content\/uploads\/Abogado_1_Clara-Cornudella-Giral-8.jpg\",\"width\":400,\"height\":600,\"caption\":\"Abogada en Barcelona Clara Cornudella Giral\"},{\"@type\":\"BreadcrumbList\",\"@id\":\"https:\/\/molinspares.com\/ca\/clara-cornudella-i-giral\/#breadcrumb\",\"itemListElement\":[{\"@type\":\"ListItem\",\"position\":1,\"name\":\"Portada\",\"item\":\"https:\/\/molinspares.com\/ca\/\"},{\"@type\":\"ListItem\",\"position\":2,\"name\":\"Clara Cornudella i Giral\"}]},{\"@type\":\"WebSite\",\"@id\":\"https:\/\/molinspares.com\/ca\/#website\",\"url\":\"https:\/\/molinspares.com\/ca\/\",\"name\":\"Molins & Par\u00e9s - Despacho de Abogados Penalistas en Barcelona\",\"description\":\"En Molins &amp; Par\u00e9s somos especialistas en derecho penal. Garantizamos la privacidad del cliente y la m\u00e1xima excelencia en cada caso. \u00a1Cont\u00e1ctanos!\",\"publisher\":{\"@id\":\"https:\/\/molinspares.com\/ca\/#organization\"},\"alternateName\":\"Molins & Par\u00e9s\",\"potentialAction\":[{\"@type\":\"SearchAction\",\"target\":{\"@type\":\"EntryPoint\",\"urlTemplate\":\"https:\/\/molinspares.com\/ca\/?s={search_term_string}\"},\"query-input\":{\"@type\":\"PropertyValueSpecification\",\"valueRequired\":true,\"valueName\":\"search_term_string\"}}],\"inLanguage\":\"ca\"},{\"@type\":\"Organization\",\"@id\":\"https:\/\/molinspares.com\/ca\/#organization\",\"name\":\"Molins & Par\u00e9s - Despacho de Abogados Penalistas en Barcelona\",\"alternateName\":\"Molins & Par\u00e9s\",\"url\":\"https:\/\/molinspares.com\/ca\/\",\"logo\":{\"@type\":\"ImageObject\",\"inLanguage\":\"ca\",\"@id\":\"https:\/\/molinspares.com\/ca\/#\/schema\/logo\/image\/\",\"url\":\"https:\/\/molinspares.com\/wp-content\/uploads\/logo_MolinsPares-2.jpg\",\"contentUrl\":\"https:\/\/molinspares.com\/wp-content\/uploads\/logo_MolinsPares-2.jpg\",\"width\":512,\"height\":512,\"caption\":\"Molins & Par\u00e9s - Despacho de Abogados Penalistas en Barcelona\"},\"image\":{\"@id\":\"https:\/\/molinspares.com\/ca\/#\/schema\/logo\/image\/\"},\"sameAs\":[\"https:\/\/www.facebook.com\/profile.php?id=100067944420137\",\"https:\/\/www.linkedin.com\/in\/molins-pars-penal-compliance-44383b65\/\"],\"publishingPrinciples\":\"https:\/\/molinspares.com\/politica-privacidad\/\",\"ownershipFundingInfo\":\"https:\/\/molinspares.com\/politica-privacidad\/\",\"actionableFeedbackPolicy\":\"https:\/\/molinspares.com\/politica-privacidad\/\",\"correctionsPolicy\":\"https:\/\/molinspares.com\/politica-privacidad\/\",\"ethicsPolicy\":\"https:\/\/molinspares.com\/politica-privacidad\/\",\"diversityPolicy\":\"https:\/\/molinspares.com\/politica-privacidad\/\",\"diversityStaffingReport\":\"https:\/\/molinspares.com\/politica-privacidad\/\"}]}<\/script>\n<!-- \/ Yoast SEO Premium plugin. -->","yoast_head_json":{"title":"Clara Cornudella i Giral | Advocada a Barcelona | Molins Par\u00e9s","description":"Clara Cornudella i Giral \u00e9s Advocada a Barcelona Busques un advocat a Barcelona? Molins Par\u00e9s \u00e9s la teva soluci\u00f3. Contacta'ns ara per obtenir assessorament.","robots":{"index":"index","follow":"follow","max-snippet":"max-snippet:-1","max-image-preview":"max-image-preview:large","max-video-preview":"max-video-preview:-1"},"canonical":"https:\/\/molinspares.com\/ca\/clara-cornudella-i-giral\/","og_locale":"ca_ES","og_type":"article","og_title":"Clara Cornudella i Giral","og_description":"Clara Cornudella i Giral \u00e9s Advocada a Barcelona Busques un advocat a Barcelona? Molins Par\u00e9s \u00e9s la teva soluci\u00f3. Contacta'ns ara per obtenir assessorament.","og_url":"https:\/\/molinspares.com\/ca\/clara-cornudella-i-giral\/","og_site_name":"Molins Par\u00e9s - Despacho de Abogados Penalistas en Barcelona | Excelencia y Privacidad","article_publisher":"https:\/\/www.facebook.com\/profile.php?id=100067944420137","article_modified_time":"2025-10-24T08:46:45+00:00","og_image":[{"width":400,"height":600,"url":"https:\/\/molinspares.com\/wp-content\/uploads\/Abogado_1_Clara-Cornudella-Giral-8.jpg","type":"image\/jpeg"}],"twitter_card":"summary_large_image","twitter_misc":{"Temps estimat de lectura":"1 minut"},"schema":{"@context":"https:\/\/schema.org","@graph":[{"@type":"WebPage","@id":"https:\/\/molinspares.com\/ca\/clara-cornudella-i-giral\/","url":"https:\/\/molinspares.com\/ca\/clara-cornudella-i-giral\/","name":"Clara Cornudella i Giral | Advocada a Barcelona | Molins Par\u00e9s","isPartOf":{"@id":"https:\/\/molinspares.com\/ca\/#website"},"primaryImageOfPage":{"@id":"https:\/\/molinspares.com\/ca\/clara-cornudella-i-giral\/#primaryimage"},"image":{"@id":"https:\/\/molinspares.com\/ca\/clara-cornudella-i-giral\/#primaryimage"},"thumbnailUrl":"https:\/\/molinspares.com\/wp-content\/uploads\/Abogado_1_Clara-Cornudella-Giral-8.jpg","datePublished":"2024-01-12T19:05:19+00:00","dateModified":"2025-10-24T08:46:45+00:00","description":"Clara Cornudella i Giral \u00e9s Advocada a Barcelona Busques un advocat a Barcelona? Molins Par\u00e9s \u00e9s la teva soluci\u00f3. Contacta'ns ara per obtenir assessorament.","breadcrumb":{"@id":"https:\/\/molinspares.com\/ca\/clara-cornudella-i-giral\/#breadcrumb"},"inLanguage":"ca","potentialAction":[{"@type":"ReadAction","target":["https:\/\/molinspares.com\/ca\/clara-cornudella-i-giral\/"]}]},{"@type":"ImageObject","inLanguage":"ca","@id":"https:\/\/molinspares.com\/ca\/clara-cornudella-i-giral\/#primaryimage","url":"https:\/\/molinspares.com\/wp-content\/uploads\/Abogado_1_Clara-Cornudella-Giral-8.jpg","contentUrl":"https:\/\/molinspares.com\/wp-content\/uploads\/Abogado_1_Clara-Cornudella-Giral-8.jpg","width":400,"height":600,"caption":"Abogada en Barcelona Clara Cornudella Giral"},{"@type":"BreadcrumbList","@id":"https:\/\/molinspares.com\/ca\/clara-cornudella-i-giral\/#breadcrumb","itemListElement":[{"@type":"ListItem","position":1,"name":"Portada","item":"https:\/\/molinspares.com\/ca\/"},{"@type":"ListItem","position":2,"name":"Clara Cornudella i Giral"}]},{"@type":"WebSite","@id":"https:\/\/molinspares.com\/ca\/#website","url":"https:\/\/molinspares.com\/ca\/","name":"Molins & Par\u00e9s - Despacho de Abogados Penalistas en Barcelona","description":"En Molins &amp; Par\u00e9s somos especialistas en derecho penal. Garantizamos la privacidad del cliente y la m\u00e1xima excelencia en cada caso. \u00a1Cont\u00e1ctanos!","publisher":{"@id":"https:\/\/molinspares.com\/ca\/#organization"},"alternateName":"Molins & Par\u00e9s","potentialAction":[{"@type":"SearchAction","target":{"@type":"EntryPoint","urlTemplate":"https:\/\/molinspares.com\/ca\/?s={search_term_string}"},"query-input":{"@type":"PropertyValueSpecification","valueRequired":true,"valueName":"search_term_string"}}],"inLanguage":"ca"},{"@type":"Organization","@id":"https:\/\/molinspares.com\/ca\/#organization","name":"Molins & Par\u00e9s - Despacho de Abogados Penalistas en Barcelona","alternateName":"Molins & Par\u00e9s","url":"https:\/\/molinspares.com\/ca\/","logo":{"@type":"ImageObject","inLanguage":"ca","@id":"https:\/\/molinspares.com\/ca\/#\/schema\/logo\/image\/","url":"https:\/\/molinspares.com\/wp-content\/uploads\/logo_MolinsPares-2.jpg","contentUrl":"https:\/\/molinspares.com\/wp-content\/uploads\/logo_MolinsPares-2.jpg","width":512,"height":512,"caption":"Molins & Par\u00e9s - Despacho de Abogados Penalistas en Barcelona"},"image":{"@id":"https:\/\/molinspares.com\/ca\/#\/schema\/logo\/image\/"},"sameAs":["https:\/\/www.facebook.com\/profile.php?id=100067944420137","https:\/\/www.linkedin.com\/in\/molins-pars-penal-compliance-44383b65\/"],"publishingPrinciples":"https:\/\/molinspares.com\/politica-privacidad\/","ownershipFundingInfo":"https:\/\/molinspares.com\/politica-privacidad\/","actionableFeedbackPolicy":"https:\/\/molinspares.com\/politica-privacidad\/","correctionsPolicy":"https:\/\/molinspares.com\/politica-privacidad\/","ethicsPolicy":"https:\/\/molinspares.com\/politica-privacidad\/","diversityPolicy":"https:\/\/molinspares.com\/politica-privacidad\/","diversityStaffingReport":"https:\/\/molinspares.com\/politica-privacidad\/"}]}},"_links":{"self":[{"href":"https:\/\/molinspares.com\/ca\/wp-json\/wp\/v2\/pages\/7172","targetHints":{"allow":["GET"]}}],"collection":[{"href":"https:\/\/molinspares.com\/ca\/wp-json\/wp\/v2\/pages"}],"about":[{"href":"https:\/\/molinspares.com\/ca\/wp-json\/wp\/v2\/types\/page"}],"author":[{"embeddable":true,"href":"https:\/\/molinspares.com\/ca\/wp-json\/wp\/v2\/users\/1"}],"replies":[{"embeddable":true,"href":"https:\/\/molinspares.com\/ca\/wp-json\/wp\/v2\/comments?post=7172"}],"version-history":[{"count":6,"href":"https:\/\/molinspares.com\/ca\/wp-json\/wp\/v2\/pages\/7172\/revisions"}],"predecessor-version":[{"id":8092,"href":"https:\/\/molinspares.com\/ca\/wp-json\/wp\/v2\/pages\/7172\/revisions\/8092"}],"wp:featuredmedia":[{"embeddable":true,"href":"https:\/\/molinspares.com\/ca\/wp-json\/wp\/v2\/media\/7917"}],"wp:attachment":[{"href":"https:\/\/molinspares.com\/ca\/wp-json\/wp\/v2\/media?parent=7172"}],"wp:term":[{"taxonomy":"category","embeddable":true,"href":"https:\/\/molinspares.com\/ca\/wp-json\/wp\/v2\/categories?post=7172"},{"taxonomy":"post_tag","embeddable":true,"href":"https:\/\/molinspares.com\/ca\/wp-json\/wp\/v2\/tags?post=7172"}],"curies":[{"name":"wp","href":"https:\/\/api.w.org\/{rel}","templated":true}]}}