{"id":7141,"date":"2024-01-12T20:03:15","date_gmt":"2024-01-12T19:03:15","guid":{"rendered":"https:\/\/molinspares.com\/adriana-archs-mendiry\/"},"modified":"2025-10-24T10:46:45","modified_gmt":"2025-10-24T08:46:45","slug":"adriana-archs-mendiry","status":"publish","type":"page","link":"https:\/\/molinspares.com\/ca\/adriana-archs-mendiry\/","title":{"rendered":"Adriana Archs Mendiry"},"content":{"rendered":"\t\t<div data-elementor-type=\"wp-page\" data-elementor-id=\"7141\" class=\"elementor elementor-7141 elementor-3822\" data-elementor-post-type=\"page\">\n\t\t\t\t<div class=\"elementor-element elementor-element-1f3f5962 e-flex e-con-boxed e-con e-parent\" data-id=\"1f3f5962\" data-element_type=\"container\" data-e-type=\"container\" data-settings=\"{&quot;background_background&quot;:&quot;classic&quot;}\">\n\t\t\t\t\t<div class=\"e-con-inner\">\n\t\t\t\t<div class=\"elementor-element elementor-element-13c71999 elementor-widget elementor-widget-heading\" data-id=\"13c71999\" data-element_type=\"widget\" data-e-type=\"widget\" data-widget_type=\"heading.default\">\n\t\t\t\t<div class=\"elementor-widget-container\">\n\t\t\t\t\t<h2 class=\"elementor-heading-title elementor-size-default\">El nostre Equip<\/h2>\t\t\t\t<\/div>\n\t\t\t\t<\/div>\n\t\t\t\t\t<\/div>\n\t\t\t\t<\/div>\n\t\t<div class=\"elementor-element elementor-element-71663505 e-flex e-con-boxed e-con e-parent\" data-id=\"71663505\" data-element_type=\"container\" data-e-type=\"container\" data-settings=\"{&quot;background_background&quot;:&quot;classic&quot;}\">\n\t\t\t\t\t<div class=\"e-con-inner\">\n\t\t<div class=\"elementor-element elementor-element-41a65c71 e-con-full e-flex e-con e-child\" data-id=\"41a65c71\" data-element_type=\"container\" data-e-type=\"container\">\n\t\t\t\t<div class=\"elementor-element elementor-element-13c232ae elementor-widget-divider--view-line elementor-widget elementor-widget-divider\" data-id=\"13c232ae\" data-element_type=\"widget\" data-e-type=\"widget\" data-widget_type=\"divider.default\">\n\t\t\t\t<div class=\"elementor-widget-container\">\n\t\t\t\t\t\t\t<div class=\"elementor-divider\">\n\t\t\t<span class=\"elementor-divider-separator\">\n\t\t\t\t\t\t<\/span>\n\t\t<\/div>\n\t\t\t\t\t\t<\/div>\n\t\t\t\t<\/div>\n\t\t\t\t<div class=\"elementor-element elementor-element-272b1123 elementor-widget elementor-widget-heading\" data-id=\"272b1123\" data-element_type=\"widget\" data-e-type=\"widget\" data-widget_type=\"heading.default\">\n\t\t\t\t<div class=\"elementor-widget-container\">\n\t\t\t\t\t<h1 class=\"elementor-heading-title elementor-size-default\">Adriana Archs Mendiry<\/h1>\t\t\t\t<\/div>\n\t\t\t\t<\/div>\n\t\t\t\t<\/div>\n\t\t\t\t\t<\/div>\n\t\t\t\t<\/div>\n\t\t<div class=\"elementor-element elementor-element-74bf7097 e-flex e-con-boxed e-con e-parent\" data-id=\"74bf7097\" data-element_type=\"container\" data-e-type=\"container\">\n\t\t\t\t\t<div class=\"e-con-inner\">\n\t\t<div class=\"elementor-element elementor-element-470f8c82 e-con-full e-flex e-con e-child\" data-id=\"470f8c82\" data-element_type=\"container\" data-e-type=\"container\">\n\t\t\t\t<div class=\"elementor-element elementor-element-4e046942 elementor-widget-tablet__width-inherit elementor-icon-list--layout-traditional elementor-list-item-link-full_width elementor-widget elementor-widget-icon-list\" data-id=\"4e046942\" data-element_type=\"widget\" data-e-type=\"widget\" data-widget_type=\"icon-list.default\">\n\t\t\t\t<div class=\"elementor-widget-container\">\n\t\t\t\t\t\t\t<ul class=\"elementor-icon-list-items\">\n\t\t\t\t\t\t\t<li class=\"elementor-icon-list-item\">\n\t\t\t\t\t\t\t\t\t\t\t<span class=\"elementor-icon-list-icon\">\n\t\t\t\t\t\t\t<i aria-hidden=\"true\" class=\"fas fa-chevron-right\"><\/i>\t\t\t\t\t\t<\/span>\n\t\t\t\t\t\t\t\t\t\t<span class=\"elementor-icon-list-text\">Advocada<\/span>\n\t\t\t\t\t\t\t\t\t<\/li>\n\t\t\t\t\t\t\t\t<li class=\"elementor-icon-list-item\">\n\t\t\t\t\t\t\t\t\t\t\t<a href=\"https:\/\/www.linkedin.com\/in\/adriana-archs-mendiry-979a28a5\/\" target=\"_blank\">\n\n\t\t\t\t\t\t\t\t\t\t\t\t<span class=\"elementor-icon-list-icon\">\n\t\t\t\t\t\t\t<i aria-hidden=\"true\" class=\"icon icon-linkedin\"><\/i>\t\t\t\t\t\t<\/span>\n\t\t\t\t\t\t\t\t\t\t<span class=\"elementor-icon-list-text\"><\/span>\n\t\t\t\t\t\t\t\t\t\t\t<\/a>\n\t\t\t\t\t\t\t\t\t<\/li>\n\t\t\t\t\t\t<\/ul>\n\t\t\t\t\t\t<\/div>\n\t\t\t\t<\/div>\n\t\t\t\t<div class=\"elementor-element elementor-element-6f748166 elementor-widget-tablet__width-initial elementor-hidden-desktop elementor-hidden-laptop elementor-hidden-tablet elementor-hidden-mobile elementor-widget elementor-widget-image\" data-id=\"6f748166\" data-element_type=\"widget\" data-e-type=\"widget\" data-widget_type=\"image.default\">\n\t\t\t\t<div class=\"elementor-widget-container\">\n\t\t\t\t\t\t\t\t\t\t\t\t\t\t\t<img fetchpriority=\"high\" decoding=\"async\" width=\"800\" height=\"275\" src=\"https:\/\/molinspares.com\/wp-content\/uploads\/certificaciones-abogados-barcelona-2025-Best-layers.jpg\" class=\"attachment-large size-large wp-image-6689\" alt=\"\" srcset=\"https:\/\/molinspares.com\/wp-content\/uploads\/certificaciones-abogados-barcelona-2025-Best-layers.jpg 800w, https:\/\/molinspares.com\/wp-content\/uploads\/certificaciones-abogados-barcelona-2025-Best-layers-300x103.jpg 300w, https:\/\/molinspares.com\/wp-content\/uploads\/certificaciones-abogados-barcelona-2025-Best-layers-768x264.jpg 768w\" sizes=\"(max-width: 800px) 100vw, 800px\" \/>\t\t\t\t\t\t\t\t\t\t\t\t\t\t\t<\/div>\n\t\t\t\t<\/div>\n\t\t\t\t<\/div>\n\t\t<div class=\"elementor-element elementor-element-227cdfe5 e-con-full e-flex e-con e-child\" data-id=\"227cdfe5\" data-element_type=\"container\" data-e-type=\"container\">\n\t\t\t\t<div class=\"elementor-element elementor-element-6e20bd54 e-transform elementor-widget elementor-widget-heading\" data-id=\"6e20bd54\" data-element_type=\"widget\" data-e-type=\"widget\" data-settings=\"{&quot;_transform_translateY_effect_mobile&quot;:{&quot;unit&quot;:&quot;px&quot;,&quot;size&quot;:0,&quot;sizes&quot;:[]},&quot;_transform_translateX_effect&quot;:{&quot;unit&quot;:&quot;px&quot;,&quot;size&quot;:&quot;&quot;,&quot;sizes&quot;:[]},&quot;_transform_translateX_effect_laptop&quot;:{&quot;unit&quot;:&quot;px&quot;,&quot;size&quot;:&quot;&quot;,&quot;sizes&quot;:[]},&quot;_transform_translateX_effect_tablet&quot;:{&quot;unit&quot;:&quot;px&quot;,&quot;size&quot;:&quot;&quot;,&quot;sizes&quot;:[]},&quot;_transform_translateX_effect_mobile&quot;:{&quot;unit&quot;:&quot;px&quot;,&quot;size&quot;:&quot;&quot;,&quot;sizes&quot;:[]},&quot;_transform_translateY_effect&quot;:{&quot;unit&quot;:&quot;px&quot;,&quot;size&quot;:&quot;&quot;,&quot;sizes&quot;:[]},&quot;_transform_translateY_effect_laptop&quot;:{&quot;unit&quot;:&quot;px&quot;,&quot;size&quot;:&quot;&quot;,&quot;sizes&quot;:[]},&quot;_transform_translateY_effect_tablet&quot;:{&quot;unit&quot;:&quot;px&quot;,&quot;size&quot;:&quot;&quot;,&quot;sizes&quot;:[]}}\" data-widget_type=\"heading.default\">\n\t\t\t\t<div class=\"elementor-widget-container\">\n\t\t\t\t\t<h4 class=\"elementor-heading-title elementor-size-default\">Adriana Archs Mendiry es va especialitzar des de l'inici de la seva carrera professional al Dret Penal i al Compliance, incorporant-se com advocada al despatx Fieldfisher. Posteriorment, a l'octubre del 2022, va entrar a formar part de la firma Molins&amp;Par\u00e9s. Adriana va cursar l'any 2018 el M\u00e0ster de Dret Penal a l'Il\u00b7ltre. Col\u00b7legi de l'Advocacia de Barcelona i tamb\u00e9 compta amb nombrosos cursos d'especialitzaci\u00f3 a l'\u00e0mbit Penal com el curs d'especialitzaci\u00f3 en la jurisdicci\u00f3 de menors i el curs d'especialitzaci\u00f3 en viol\u00e8ncia masclista. Tamb\u00e9 \u00e9s vocal del Grup d'Advocats Joves i membre de la Comissi\u00f3 de Deontologia de l'ICAB.    <\/h4>\t\t\t\t<\/div>\n\t\t\t\t<\/div>\n\t\t\t\t<div class=\"elementor-element elementor-element-6f576281 lista-con-chevron elementor-widget elementor-widget-text-editor\" data-id=\"6f576281\" data-element_type=\"widget\" data-e-type=\"widget\" data-widget_type=\"text-editor.default\">\n\t\t\t\t<div class=\"elementor-widget-container\">\n\t\t\t\t\t\t\t\t\t<ul><li>Adriana Archs \u00e9s Graduada en Dret per la Universitat Pompeu Fabra de Barcelona, \u200b\u200b2016.<\/li><li>Durant els anys 2016 i 2017, va cursar el M\u00e0ster d&#8217;Acc\u00e9s a l&#8217;Advocacia a la Universitat Pompeu Fabra \u2013 Barcelona School of Management i, durant els anys 2017 i 2018, va cursar el M\u00e0ster d&#8217;especialitzaci\u00f3 jur\u00eddica a Advocacia Penal a l&#8217;Il\u00b7lustre Col\u00b7legi d&#8217;Advocats de Barcelona.<\/li><li>Des de l&#8217;inici de la seva traject\u00f2ria professional, Adriana es va especialitzar en Dret Penal i el Corporate Compliance, iniciant la seva carrera al Grup Indukern SL com a advocada interna i, posteriorment, al despatx Fieldfisher. L&#8217;any 2022, es va incorporar al despatx Molins &amp; Par\u00e9s com a advocada penalista i especialista a Corporate Compliance. <\/li><li>Adriana ha assistit a nombrosos cursos i formacions a l&#8217;\u00e0mbit del Dret Penal, destacant-se el Curs d&#8217;especialitzaci\u00f3 en Viol\u00e8ncia Machista, 2020, i el Curs d&#8217;especialitzaci\u00f3 a la Jurisdicci\u00f3 de Menors, 2022, impartits per l&#8217;Il\u00b7lustre Col\u00b7legi d&#8217;Advocats de Barcelona.<\/li><li>Adriana ha participat com a ponent en diverses confer\u00e8ncies sobre el procediment penal a l&#8217;Il\u00b7lustre Col\u00b7legi d&#8217;Advocats de Barcelona, \u200b\u200borganitzades pel Grup d&#8217;Advocats Joves (GAJ) i la Secci\u00f3 de Dret Penal.<\/li><\/ul>\t\t\t\t\t\t\t\t<\/div>\n\t\t\t\t<\/div>\n\t\t\t\t<\/div>\n\t\t<div class=\"elementor-element elementor-element-74d60c7b e-con-full e-flex e-con e-child\" data-id=\"74d60c7b\" data-element_type=\"container\" data-e-type=\"container\">\n\t\t\t\t<div class=\"elementor-element elementor-element-3a8efd3f elementor-widget elementor-widget-image\" data-id=\"3a8efd3f\" data-element_type=\"widget\" data-e-type=\"widget\" data-widget_type=\"image.default\">\n\t\t\t\t<div class=\"elementor-widget-container\">\n\t\t\t\t\t\t\t\t\t\t\t\t\t\t\t<img decoding=\"async\" width=\"600\" height=\"900\" src=\"https:\/\/molinspares.com\/wp-content\/uploads\/Abogado_2_Adriana-Archs-Mendiry-3.jpg\" class=\"attachment-large size-large wp-image-6781\" alt=\"\" srcset=\"https:\/\/molinspares.com\/wp-content\/uploads\/Abogado_2_Adriana-Archs-Mendiry-3.jpg 600w, https:\/\/molinspares.com\/wp-content\/uploads\/Abogado_2_Adriana-Archs-Mendiry-3-200x300.jpg 200w\" sizes=\"(max-width: 600px) 100vw, 600px\" \/>\t\t\t\t\t\t\t\t\t\t\t\t\t\t\t<\/div>\n\t\t\t\t<\/div>\n\t\t\t\t<\/div>\n\t\t\t\t\t<\/div>\n\t\t\t\t<\/div>\n\t\t\t\t<\/div>\n\t\t","protected":false},"excerpt":{"rendered":"<p>Advocada<\/p>\n","protected":false},"author":1,"featured_media":6841,"parent":0,"menu_order":28,"comment_status":"closed","ping_status":"closed","template":"","meta":{"footnotes":""},"categories":[155],"tags":[],"class_list":["post-7141","page","type-page","status-publish","has-post-thumbnail","hentry","category-equip"],"yoast_head":"<!-- This site is optimized with the Yoast SEO Premium plugin v26.1 (Yoast SEO v27.2) - https:\/\/yoast.com\/product\/yoast-seo-premium-wordpress\/ -->\n<title>Adriana Archs | Advocada a Barcelona | Molins Par\u00e9s<\/title>\n<meta name=\"description\" content=\"Adriana Archs \u00e9s Advocada a Barcelona Busques un advocat a Barcelona? Molins Par\u00e9s \u00e9s la teva soluci\u00f3. Contacta&#039;ns ara per obtenir assessorament.\" \/>\n<meta name=\"robots\" content=\"index, follow, max-snippet:-1, max-image-preview:large, max-video-preview:-1\" \/>\n<link rel=\"canonical\" href=\"https:\/\/molinspares.com\/ca\/adriana-archs-mendiry\/\" \/>\n<meta property=\"og:locale\" content=\"ca_ES\" \/>\n<meta property=\"og:type\" content=\"article\" \/>\n<meta property=\"og:title\" content=\"Adriana Archs Mendiry\" \/>\n<meta property=\"og:description\" content=\"Adriana Archs \u00e9s Advocada a Barcelona Busques un advocat a Barcelona? Molins Par\u00e9s \u00e9s la teva soluci\u00f3. Contacta&#039;ns ara per obtenir assessorament.\" \/>\n<meta property=\"og:url\" content=\"https:\/\/molinspares.com\/ca\/adriana-archs-mendiry\/\" \/>\n<meta property=\"og:site_name\" content=\"Molins Par\u00e9s - Despacho de Abogados Penalistas en Barcelona | Excelencia y Privacidad\" \/>\n<meta property=\"article:publisher\" content=\"https:\/\/www.facebook.com\/profile.php?id=100067944420137\" \/>\n<meta property=\"article:modified_time\" content=\"2025-10-24T08:46:45+00:00\" \/>\n<meta property=\"og:image\" content=\"https:\/\/molinspares.com\/wp-content\/uploads\/Abogado_5_Adriana-Archs-Mendiry-3.jpg\" \/>\n\t<meta property=\"og:image:width\" content=\"400\" \/>\n\t<meta property=\"og:image:height\" content=\"600\" \/>\n\t<meta property=\"og:image:type\" content=\"image\/jpeg\" \/>\n<meta name=\"twitter:card\" content=\"summary_large_image\" \/>\n<meta name=\"twitter:label1\" content=\"Temps estimat de lectura\" \/>\n\t<meta name=\"twitter:data1\" content=\"2 minuts\" \/>\n<script type=\"application\/ld+json\" class=\"yoast-schema-graph\">{\"@context\":\"https:\/\/schema.org\",\"@graph\":[{\"@type\":\"WebPage\",\"@id\":\"https:\/\/molinspares.com\/ca\/adriana-archs-mendiry\/\",\"url\":\"https:\/\/molinspares.com\/ca\/adriana-archs-mendiry\/\",\"name\":\"Adriana Archs | Advocada a Barcelona | Molins Par\u00e9s\",\"isPartOf\":{\"@id\":\"https:\/\/molinspares.com\/ca\/#website\"},\"primaryImageOfPage\":{\"@id\":\"https:\/\/molinspares.com\/ca\/adriana-archs-mendiry\/#primaryimage\"},\"image\":{\"@id\":\"https:\/\/molinspares.com\/ca\/adriana-archs-mendiry\/#primaryimage\"},\"thumbnailUrl\":\"https:\/\/molinspares.com\/wp-content\/uploads\/Abogado_5_Adriana-Archs-Mendiry-3.jpg\",\"datePublished\":\"2024-01-12T19:03:15+00:00\",\"dateModified\":\"2025-10-24T08:46:45+00:00\",\"description\":\"Adriana Archs \u00e9s Advocada a Barcelona Busques un advocat a Barcelona? Molins Par\u00e9s \u00e9s la teva soluci\u00f3. Contacta'ns ara per obtenir assessorament.\",\"breadcrumb\":{\"@id\":\"https:\/\/molinspares.com\/ca\/adriana-archs-mendiry\/#breadcrumb\"},\"inLanguage\":\"ca\",\"potentialAction\":[{\"@type\":\"ReadAction\",\"target\":[\"https:\/\/molinspares.com\/ca\/adriana-archs-mendiry\/\"]}]},{\"@type\":\"ImageObject\",\"inLanguage\":\"ca\",\"@id\":\"https:\/\/molinspares.com\/ca\/adriana-archs-mendiry\/#primaryimage\",\"url\":\"https:\/\/molinspares.com\/wp-content\/uploads\/Abogado_5_Adriana-Archs-Mendiry-3.jpg\",\"contentUrl\":\"https:\/\/molinspares.com\/wp-content\/uploads\/Abogado_5_Adriana-Archs-Mendiry-3.jpg\",\"width\":400,\"height\":600},{\"@type\":\"BreadcrumbList\",\"@id\":\"https:\/\/molinspares.com\/ca\/adriana-archs-mendiry\/#breadcrumb\",\"itemListElement\":[{\"@type\":\"ListItem\",\"position\":1,\"name\":\"Portada\",\"item\":\"https:\/\/molinspares.com\/ca\/\"},{\"@type\":\"ListItem\",\"position\":2,\"name\":\"Adriana Archs Mendiry\"}]},{\"@type\":\"WebSite\",\"@id\":\"https:\/\/molinspares.com\/ca\/#website\",\"url\":\"https:\/\/molinspares.com\/ca\/\",\"name\":\"Molins & Par\u00e9s - Despacho de Abogados Penalistas en Barcelona\",\"description\":\"En Molins &amp; Par\u00e9s somos especialistas en derecho penal. Garantizamos la privacidad del cliente y la m\u00e1xima excelencia en cada caso. \u00a1Cont\u00e1ctanos!\",\"publisher\":{\"@id\":\"https:\/\/molinspares.com\/ca\/#organization\"},\"alternateName\":\"Molins & Par\u00e9s\",\"potentialAction\":[{\"@type\":\"SearchAction\",\"target\":{\"@type\":\"EntryPoint\",\"urlTemplate\":\"https:\/\/molinspares.com\/ca\/?s={search_term_string}\"},\"query-input\":{\"@type\":\"PropertyValueSpecification\",\"valueRequired\":true,\"valueName\":\"search_term_string\"}}],\"inLanguage\":\"ca\"},{\"@type\":\"Organization\",\"@id\":\"https:\/\/molinspares.com\/ca\/#organization\",\"name\":\"Molins & Par\u00e9s - Despacho de Abogados Penalistas en Barcelona\",\"alternateName\":\"Molins & Par\u00e9s\",\"url\":\"https:\/\/molinspares.com\/ca\/\",\"logo\":{\"@type\":\"ImageObject\",\"inLanguage\":\"ca\",\"@id\":\"https:\/\/molinspares.com\/ca\/#\/schema\/logo\/image\/\",\"url\":\"https:\/\/molinspares.com\/wp-content\/uploads\/logo_MolinsPares-2.jpg\",\"contentUrl\":\"https:\/\/molinspares.com\/wp-content\/uploads\/logo_MolinsPares-2.jpg\",\"width\":512,\"height\":512,\"caption\":\"Molins & Par\u00e9s - Despacho de Abogados Penalistas en Barcelona\"},\"image\":{\"@id\":\"https:\/\/molinspares.com\/ca\/#\/schema\/logo\/image\/\"},\"sameAs\":[\"https:\/\/www.facebook.com\/profile.php?id=100067944420137\",\"https:\/\/www.linkedin.com\/in\/molins-pars-penal-compliance-44383b65\/\"],\"publishingPrinciples\":\"https:\/\/molinspares.com\/politica-privacidad\/\",\"ownershipFundingInfo\":\"https:\/\/molinspares.com\/politica-privacidad\/\",\"actionableFeedbackPolicy\":\"https:\/\/molinspares.com\/politica-privacidad\/\",\"correctionsPolicy\":\"https:\/\/molinspares.com\/politica-privacidad\/\",\"ethicsPolicy\":\"https:\/\/molinspares.com\/politica-privacidad\/\",\"diversityPolicy\":\"https:\/\/molinspares.com\/politica-privacidad\/\",\"diversityStaffingReport\":\"https:\/\/molinspares.com\/politica-privacidad\/\"}]}<\/script>\n<!-- \/ Yoast SEO Premium plugin. -->","yoast_head_json":{"title":"Adriana Archs | Advocada a Barcelona | Molins Par\u00e9s","description":"Adriana Archs \u00e9s Advocada a Barcelona Busques un advocat a Barcelona? Molins Par\u00e9s \u00e9s la teva soluci\u00f3. Contacta'ns ara per obtenir assessorament.","robots":{"index":"index","follow":"follow","max-snippet":"max-snippet:-1","max-image-preview":"max-image-preview:large","max-video-preview":"max-video-preview:-1"},"canonical":"https:\/\/molinspares.com\/ca\/adriana-archs-mendiry\/","og_locale":"ca_ES","og_type":"article","og_title":"Adriana Archs Mendiry","og_description":"Adriana Archs \u00e9s Advocada a Barcelona Busques un advocat a Barcelona? Molins Par\u00e9s \u00e9s la teva soluci\u00f3. Contacta'ns ara per obtenir assessorament.","og_url":"https:\/\/molinspares.com\/ca\/adriana-archs-mendiry\/","og_site_name":"Molins Par\u00e9s - Despacho de Abogados Penalistas en Barcelona | Excelencia y Privacidad","article_publisher":"https:\/\/www.facebook.com\/profile.php?id=100067944420137","article_modified_time":"2025-10-24T08:46:45+00:00","og_image":[{"width":400,"height":600,"url":"https:\/\/molinspares.com\/wp-content\/uploads\/Abogado_5_Adriana-Archs-Mendiry-3.jpg","type":"image\/jpeg"}],"twitter_card":"summary_large_image","twitter_misc":{"Temps estimat de lectura":"2 minuts"},"schema":{"@context":"https:\/\/schema.org","@graph":[{"@type":"WebPage","@id":"https:\/\/molinspares.com\/ca\/adriana-archs-mendiry\/","url":"https:\/\/molinspares.com\/ca\/adriana-archs-mendiry\/","name":"Adriana Archs | Advocada a Barcelona | Molins Par\u00e9s","isPartOf":{"@id":"https:\/\/molinspares.com\/ca\/#website"},"primaryImageOfPage":{"@id":"https:\/\/molinspares.com\/ca\/adriana-archs-mendiry\/#primaryimage"},"image":{"@id":"https:\/\/molinspares.com\/ca\/adriana-archs-mendiry\/#primaryimage"},"thumbnailUrl":"https:\/\/molinspares.com\/wp-content\/uploads\/Abogado_5_Adriana-Archs-Mendiry-3.jpg","datePublished":"2024-01-12T19:03:15+00:00","dateModified":"2025-10-24T08:46:45+00:00","description":"Adriana Archs \u00e9s Advocada a Barcelona Busques un advocat a Barcelona? Molins Par\u00e9s \u00e9s la teva soluci\u00f3. Contacta'ns ara per obtenir assessorament.","breadcrumb":{"@id":"https:\/\/molinspares.com\/ca\/adriana-archs-mendiry\/#breadcrumb"},"inLanguage":"ca","potentialAction":[{"@type":"ReadAction","target":["https:\/\/molinspares.com\/ca\/adriana-archs-mendiry\/"]}]},{"@type":"ImageObject","inLanguage":"ca","@id":"https:\/\/molinspares.com\/ca\/adriana-archs-mendiry\/#primaryimage","url":"https:\/\/molinspares.com\/wp-content\/uploads\/Abogado_5_Adriana-Archs-Mendiry-3.jpg","contentUrl":"https:\/\/molinspares.com\/wp-content\/uploads\/Abogado_5_Adriana-Archs-Mendiry-3.jpg","width":400,"height":600},{"@type":"BreadcrumbList","@id":"https:\/\/molinspares.com\/ca\/adriana-archs-mendiry\/#breadcrumb","itemListElement":[{"@type":"ListItem","position":1,"name":"Portada","item":"https:\/\/molinspares.com\/ca\/"},{"@type":"ListItem","position":2,"name":"Adriana Archs Mendiry"}]},{"@type":"WebSite","@id":"https:\/\/molinspares.com\/ca\/#website","url":"https:\/\/molinspares.com\/ca\/","name":"Molins & Par\u00e9s - Despacho de Abogados Penalistas en Barcelona","description":"En Molins &amp; Par\u00e9s somos especialistas en derecho penal. Garantizamos la privacidad del cliente y la m\u00e1xima excelencia en cada caso. \u00a1Cont\u00e1ctanos!","publisher":{"@id":"https:\/\/molinspares.com\/ca\/#organization"},"alternateName":"Molins & Par\u00e9s","potentialAction":[{"@type":"SearchAction","target":{"@type":"EntryPoint","urlTemplate":"https:\/\/molinspares.com\/ca\/?s={search_term_string}"},"query-input":{"@type":"PropertyValueSpecification","valueRequired":true,"valueName":"search_term_string"}}],"inLanguage":"ca"},{"@type":"Organization","@id":"https:\/\/molinspares.com\/ca\/#organization","name":"Molins & Par\u00e9s - Despacho de Abogados Penalistas en Barcelona","alternateName":"Molins & Par\u00e9s","url":"https:\/\/molinspares.com\/ca\/","logo":{"@type":"ImageObject","inLanguage":"ca","@id":"https:\/\/molinspares.com\/ca\/#\/schema\/logo\/image\/","url":"https:\/\/molinspares.com\/wp-content\/uploads\/logo_MolinsPares-2.jpg","contentUrl":"https:\/\/molinspares.com\/wp-content\/uploads\/logo_MolinsPares-2.jpg","width":512,"height":512,"caption":"Molins & Par\u00e9s - Despacho de Abogados Penalistas en Barcelona"},"image":{"@id":"https:\/\/molinspares.com\/ca\/#\/schema\/logo\/image\/"},"sameAs":["https:\/\/www.facebook.com\/profile.php?id=100067944420137","https:\/\/www.linkedin.com\/in\/molins-pars-penal-compliance-44383b65\/"],"publishingPrinciples":"https:\/\/molinspares.com\/politica-privacidad\/","ownershipFundingInfo":"https:\/\/molinspares.com\/politica-privacidad\/","actionableFeedbackPolicy":"https:\/\/molinspares.com\/politica-privacidad\/","correctionsPolicy":"https:\/\/molinspares.com\/politica-privacidad\/","ethicsPolicy":"https:\/\/molinspares.com\/politica-privacidad\/","diversityPolicy":"https:\/\/molinspares.com\/politica-privacidad\/","diversityStaffingReport":"https:\/\/molinspares.com\/politica-privacidad\/"}]}},"_links":{"self":[{"href":"https:\/\/molinspares.com\/ca\/wp-json\/wp\/v2\/pages\/7141","targetHints":{"allow":["GET"]}}],"collection":[{"href":"https:\/\/molinspares.com\/ca\/wp-json\/wp\/v2\/pages"}],"about":[{"href":"https:\/\/molinspares.com\/ca\/wp-json\/wp\/v2\/types\/page"}],"author":[{"embeddable":true,"href":"https:\/\/molinspares.com\/ca\/wp-json\/wp\/v2\/users\/1"}],"replies":[{"embeddable":true,"href":"https:\/\/molinspares.com\/ca\/wp-json\/wp\/v2\/comments?post=7141"}],"version-history":[{"count":4,"href":"https:\/\/molinspares.com\/ca\/wp-json\/wp\/v2\/pages\/7141\/revisions"}],"predecessor-version":[{"id":8093,"href":"https:\/\/molinspares.com\/ca\/wp-json\/wp\/v2\/pages\/7141\/revisions\/8093"}],"wp:featuredmedia":[{"embeddable":true,"href":"https:\/\/molinspares.com\/ca\/wp-json\/wp\/v2\/media\/6841"}],"wp:attachment":[{"href":"https:\/\/molinspares.com\/ca\/wp-json\/wp\/v2\/media?parent=7141"}],"wp:term":[{"taxonomy":"category","embeddable":true,"href":"https:\/\/molinspares.com\/ca\/wp-json\/wp\/v2\/categories?post=7141"},{"taxonomy":"post_tag","embeddable":true,"href":"https:\/\/molinspares.com\/ca\/wp-json\/wp\/v2\/tags?post=7141"}],"curies":[{"name":"wp","href":"https:\/\/api.w.org\/{rel}","templated":true}]}}