{"id":7126,"date":"2024-01-12T17:45:38","date_gmt":"2024-01-12T16:45:38","guid":{"rendered":"https:\/\/molinspares.com\/delictes-contra-la-llibertat\/"},"modified":"2025-07-01T11:46:16","modified_gmt":"2025-07-01T09:46:16","slug":"delictes-contra-la-llibertat","status":"publish","type":"page","link":"https:\/\/molinspares.com\/ca\/delictes-contra-la-llibertat\/","title":{"rendered":"Delictes contra la llibertat"},"content":{"rendered":"\n<p><strong>DELICTE D&#8217;AMENACES<\/strong> <strong>(arts. 169 a 171 CP):<\/strong> Consisteix a anunciar una altra persona de causar-li algun mal, ja sigui a ell, fam\u00edlia o altres persones amb qui estigui \u00edntimament vinculat.<\/p>\n\n<p><strong>DELICTE DE COACCIONS<\/strong> <strong>(art. 172 CP):<\/strong> Castiga la persona que obliga o impedeix una tercera persona a actuar o fer mitjan\u00e7ant l&#8217;\u00fas de la viol\u00e8ncia, intimidaci\u00f3 o for\u00e7a en les coses, all\u00f2 que no vol o que la llei no prohibeix.<\/p>\n\n<p><strong>DELICTE D&#8217;ASSETJAMENT o STALKING<\/strong> <strong>(art. 172 ter CP):<\/strong> Castiga l&#8217;acci\u00f3 de qui vigila, persegueix, estableixi o intenti establir contacte per qualsevol mitj\u00e0 oa trav\u00e9s d&#8217;una tercera persona, sempre que aquestes accions es realitzin de forma insistent i afectin la vida de qui pateix aquestes conductes.<\/p>\n\n<p><strong>DELICTE DE \u201cMOOBING LABORAL\u201d<\/strong> <strong>(art. 173 CP):<\/strong> C\u00e0stig a qui prevalent-se d&#8217;una relaci\u00f3 de superioritat en l&#8217;\u00e0mbit laboral o funcionarial comet actes hostils o humiliants cap a una persona.<\/p>\n\n<p><strong>DELICTE DE \u201cMOOBING IMMOBILIARI\u201d<\/strong><strong><\/strong> <strong>(art. 173 CP):<\/strong> C\u00e0stig a qui de forma constant duu a terme actes hostils o humiliants cap a una persona, a fi d&#8217;impedir-li el leg\u00edtim gaudi de l&#8217;habitatge.<\/p>\n","protected":false},"excerpt":{"rendered":"<p>DELICTE D&#8217;AMENACES (arts. 169 a 171 CP): Consisteix a anunciar una altra persona de causar-li algun mal, ja sigui a ell, fam\u00edlia o altres persones amb qui estigui \u00edntimament vinculat. DELICTE DE COACCIONS (art. 172 CP): Castiga la persona que obliga o impedeix una tercera persona a actuar o fer mitjan\u00e7ant l&#8217;\u00fas de la viol\u00e8ncia, [&hellip;]<\/p>\n","protected":false},"author":1,"featured_media":5961,"parent":0,"menu_order":64,"comment_status":"closed","ping_status":"closed","template":"","meta":{"footnotes":""},"categories":[161],"tags":[],"class_list":["post-7126","page","type-page","status-publish","has-post-thumbnail","hentry","category-defensa-penal-ca"],"yoast_head":"<!-- This site is optimized with the Yoast SEO Premium plugin v26.1 (Yoast SEO v27.2) - https:\/\/yoast.com\/product\/yoast-seo-premium-wordpress\/ -->\n<title>Advocat Delictes amenaces, coaccions, assetjament o mobbing a Barcelona<\/title>\n<meta name=\"description\" content=\"Molis Par\u00e9s \u00e9s un despatx d&#039;advocats a Barcelona especialitzat en delictes contra les llibertats. Defensem els teus drets. Contacta ara!\" \/>\n<meta name=\"robots\" content=\"index, follow, max-snippet:-1, max-image-preview:large, max-video-preview:-1\" \/>\n<link rel=\"canonical\" href=\"https:\/\/molinspares.com\/ca\/delictes-contra-la-llibertat\/\" \/>\n<meta property=\"og:locale\" content=\"ca_ES\" \/>\n<meta property=\"og:type\" content=\"article\" \/>\n<meta property=\"og:title\" content=\"Delictes contra la llibertat\" \/>\n<meta property=\"og:description\" content=\"Molis Par\u00e9s \u00e9s un despatx d&#039;advocats a Barcelona especialitzat en delictes contra les llibertats. Defensem els teus drets. Contacta ara!\" \/>\n<meta property=\"og:url\" content=\"https:\/\/molinspares.com\/ca\/delictes-contra-la-llibertat\/\" \/>\n<meta property=\"og:site_name\" content=\"Molins Par\u00e9s - Despacho de Abogados Penalistas en Barcelona | Excelencia y Privacidad\" \/>\n<meta property=\"article:publisher\" content=\"https:\/\/www.facebook.com\/profile.php?id=100067944420137\" \/>\n<meta property=\"article:modified_time\" content=\"2025-07-01T09:46:16+00:00\" \/>\n<meta property=\"og:image\" content=\"https:\/\/molinspares.com\/wp-content\/uploads\/Delitos-contra-el-patrimonio-y-contra-el-orden-socio-economico.jpg\" \/>\n\t<meta property=\"og:image:width\" content=\"600\" \/>\n\t<meta property=\"og:image:height\" content=\"900\" \/>\n\t<meta property=\"og:image:type\" content=\"image\/jpeg\" \/>\n<meta name=\"twitter:card\" content=\"summary_large_image\" \/>\n<meta name=\"twitter:label1\" content=\"Temps estimat de lectura\" \/>\n\t<meta name=\"twitter:data1\" content=\"1 minut\" \/>\n<script type=\"application\/ld+json\" class=\"yoast-schema-graph\">{\"@context\":\"https:\/\/schema.org\",\"@graph\":[{\"@type\":\"WebPage\",\"@id\":\"https:\/\/molinspares.com\/ca\/delictes-contra-la-llibertat\/\",\"url\":\"https:\/\/molinspares.com\/ca\/delictes-contra-la-llibertat\/\",\"name\":\"Advocat Delictes amenaces, coaccions, assetjament o mobbing a Barcelona\",\"isPartOf\":{\"@id\":\"https:\/\/molinspares.com\/ca\/#website\"},\"primaryImageOfPage\":{\"@id\":\"https:\/\/molinspares.com\/ca\/delictes-contra-la-llibertat\/#primaryimage\"},\"image\":{\"@id\":\"https:\/\/molinspares.com\/ca\/delictes-contra-la-llibertat\/#primaryimage\"},\"thumbnailUrl\":\"https:\/\/molinspares.com\/wp-content\/uploads\/Delitos-contra-el-patrimonio-y-contra-el-orden-socio-economico.jpg\",\"datePublished\":\"2024-01-12T16:45:38+00:00\",\"dateModified\":\"2025-07-01T09:46:16+00:00\",\"description\":\"Molis Par\u00e9s \u00e9s un despatx d'advocats a Barcelona especialitzat en delictes contra les llibertats. Defensem els teus drets. Contacta ara!\",\"breadcrumb\":{\"@id\":\"https:\/\/molinspares.com\/ca\/delictes-contra-la-llibertat\/#breadcrumb\"},\"inLanguage\":\"ca\",\"potentialAction\":[{\"@type\":\"ReadAction\",\"target\":[\"https:\/\/molinspares.com\/ca\/delictes-contra-la-llibertat\/\"]}]},{\"@type\":\"ImageObject\",\"inLanguage\":\"ca\",\"@id\":\"https:\/\/molinspares.com\/ca\/delictes-contra-la-llibertat\/#primaryimage\",\"url\":\"https:\/\/molinspares.com\/wp-content\/uploads\/Delitos-contra-el-patrimonio-y-contra-el-orden-socio-economico.jpg\",\"contentUrl\":\"https:\/\/molinspares.com\/wp-content\/uploads\/Delitos-contra-el-patrimonio-y-contra-el-orden-socio-economico.jpg\",\"width\":600,\"height\":900},{\"@type\":\"BreadcrumbList\",\"@id\":\"https:\/\/molinspares.com\/ca\/delictes-contra-la-llibertat\/#breadcrumb\",\"itemListElement\":[{\"@type\":\"ListItem\",\"position\":1,\"name\":\"Portada\",\"item\":\"https:\/\/molinspares.com\/ca\/\"},{\"@type\":\"ListItem\",\"position\":2,\"name\":\"Delictes contra la llibertat\"}]},{\"@type\":\"WebSite\",\"@id\":\"https:\/\/molinspares.com\/ca\/#website\",\"url\":\"https:\/\/molinspares.com\/ca\/\",\"name\":\"Molins & Par\u00e9s - Despacho de Abogados Penalistas en Barcelona\",\"description\":\"En Molins &amp; Par\u00e9s somos especialistas en derecho penal. Garantizamos la privacidad del cliente y la m\u00e1xima excelencia en cada caso. \u00a1Cont\u00e1ctanos!\",\"publisher\":{\"@id\":\"https:\/\/molinspares.com\/ca\/#organization\"},\"alternateName\":\"Molins & Par\u00e9s\",\"potentialAction\":[{\"@type\":\"SearchAction\",\"target\":{\"@type\":\"EntryPoint\",\"urlTemplate\":\"https:\/\/molinspares.com\/ca\/?s={search_term_string}\"},\"query-input\":{\"@type\":\"PropertyValueSpecification\",\"valueRequired\":true,\"valueName\":\"search_term_string\"}}],\"inLanguage\":\"ca\"},{\"@type\":\"Organization\",\"@id\":\"https:\/\/molinspares.com\/ca\/#organization\",\"name\":\"Molins & Par\u00e9s - Despacho de Abogados Penalistas en Barcelona\",\"alternateName\":\"Molins & Par\u00e9s\",\"url\":\"https:\/\/molinspares.com\/ca\/\",\"logo\":{\"@type\":\"ImageObject\",\"inLanguage\":\"ca\",\"@id\":\"https:\/\/molinspares.com\/ca\/#\/schema\/logo\/image\/\",\"url\":\"https:\/\/molinspares.com\/wp-content\/uploads\/logo_MolinsPares-2.jpg\",\"contentUrl\":\"https:\/\/molinspares.com\/wp-content\/uploads\/logo_MolinsPares-2.jpg\",\"width\":512,\"height\":512,\"caption\":\"Molins & Par\u00e9s - Despacho de Abogados Penalistas en Barcelona\"},\"image\":{\"@id\":\"https:\/\/molinspares.com\/ca\/#\/schema\/logo\/image\/\"},\"sameAs\":[\"https:\/\/www.facebook.com\/profile.php?id=100067944420137\",\"https:\/\/www.linkedin.com\/in\/molins-pars-penal-compliance-44383b65\/\"],\"publishingPrinciples\":\"https:\/\/molinspares.com\/politica-privacidad\/\",\"ownershipFundingInfo\":\"https:\/\/molinspares.com\/politica-privacidad\/\",\"actionableFeedbackPolicy\":\"https:\/\/molinspares.com\/politica-privacidad\/\",\"correctionsPolicy\":\"https:\/\/molinspares.com\/politica-privacidad\/\",\"ethicsPolicy\":\"https:\/\/molinspares.com\/politica-privacidad\/\",\"diversityPolicy\":\"https:\/\/molinspares.com\/politica-privacidad\/\",\"diversityStaffingReport\":\"https:\/\/molinspares.com\/politica-privacidad\/\"}]}<\/script>\n<!-- \/ Yoast SEO Premium plugin. -->","yoast_head_json":{"title":"Advocat Delictes amenaces, coaccions, assetjament o mobbing a Barcelona","description":"Molis Par\u00e9s \u00e9s un despatx d'advocats a Barcelona especialitzat en delictes contra les llibertats. Defensem els teus drets. Contacta ara!","robots":{"index":"index","follow":"follow","max-snippet":"max-snippet:-1","max-image-preview":"max-image-preview:large","max-video-preview":"max-video-preview:-1"},"canonical":"https:\/\/molinspares.com\/ca\/delictes-contra-la-llibertat\/","og_locale":"ca_ES","og_type":"article","og_title":"Delictes contra la llibertat","og_description":"Molis Par\u00e9s \u00e9s un despatx d'advocats a Barcelona especialitzat en delictes contra les llibertats. Defensem els teus drets. Contacta ara!","og_url":"https:\/\/molinspares.com\/ca\/delictes-contra-la-llibertat\/","og_site_name":"Molins Par\u00e9s - Despacho de Abogados Penalistas en Barcelona | Excelencia y Privacidad","article_publisher":"https:\/\/www.facebook.com\/profile.php?id=100067944420137","article_modified_time":"2025-07-01T09:46:16+00:00","og_image":[{"width":600,"height":900,"url":"https:\/\/molinspares.com\/wp-content\/uploads\/Delitos-contra-el-patrimonio-y-contra-el-orden-socio-economico.jpg","type":"image\/jpeg"}],"twitter_card":"summary_large_image","twitter_misc":{"Temps estimat de lectura":"1 minut"},"schema":{"@context":"https:\/\/schema.org","@graph":[{"@type":"WebPage","@id":"https:\/\/molinspares.com\/ca\/delictes-contra-la-llibertat\/","url":"https:\/\/molinspares.com\/ca\/delictes-contra-la-llibertat\/","name":"Advocat Delictes amenaces, coaccions, assetjament o mobbing a Barcelona","isPartOf":{"@id":"https:\/\/molinspares.com\/ca\/#website"},"primaryImageOfPage":{"@id":"https:\/\/molinspares.com\/ca\/delictes-contra-la-llibertat\/#primaryimage"},"image":{"@id":"https:\/\/molinspares.com\/ca\/delictes-contra-la-llibertat\/#primaryimage"},"thumbnailUrl":"https:\/\/molinspares.com\/wp-content\/uploads\/Delitos-contra-el-patrimonio-y-contra-el-orden-socio-economico.jpg","datePublished":"2024-01-12T16:45:38+00:00","dateModified":"2025-07-01T09:46:16+00:00","description":"Molis Par\u00e9s \u00e9s un despatx d'advocats a Barcelona especialitzat en delictes contra les llibertats. Defensem els teus drets. Contacta ara!","breadcrumb":{"@id":"https:\/\/molinspares.com\/ca\/delictes-contra-la-llibertat\/#breadcrumb"},"inLanguage":"ca","potentialAction":[{"@type":"ReadAction","target":["https:\/\/molinspares.com\/ca\/delictes-contra-la-llibertat\/"]}]},{"@type":"ImageObject","inLanguage":"ca","@id":"https:\/\/molinspares.com\/ca\/delictes-contra-la-llibertat\/#primaryimage","url":"https:\/\/molinspares.com\/wp-content\/uploads\/Delitos-contra-el-patrimonio-y-contra-el-orden-socio-economico.jpg","contentUrl":"https:\/\/molinspares.com\/wp-content\/uploads\/Delitos-contra-el-patrimonio-y-contra-el-orden-socio-economico.jpg","width":600,"height":900},{"@type":"BreadcrumbList","@id":"https:\/\/molinspares.com\/ca\/delictes-contra-la-llibertat\/#breadcrumb","itemListElement":[{"@type":"ListItem","position":1,"name":"Portada","item":"https:\/\/molinspares.com\/ca\/"},{"@type":"ListItem","position":2,"name":"Delictes contra la llibertat"}]},{"@type":"WebSite","@id":"https:\/\/molinspares.com\/ca\/#website","url":"https:\/\/molinspares.com\/ca\/","name":"Molins & Par\u00e9s - Despacho de Abogados Penalistas en Barcelona","description":"En Molins &amp; Par\u00e9s somos especialistas en derecho penal. Garantizamos la privacidad del cliente y la m\u00e1xima excelencia en cada caso. \u00a1Cont\u00e1ctanos!","publisher":{"@id":"https:\/\/molinspares.com\/ca\/#organization"},"alternateName":"Molins & Par\u00e9s","potentialAction":[{"@type":"SearchAction","target":{"@type":"EntryPoint","urlTemplate":"https:\/\/molinspares.com\/ca\/?s={search_term_string}"},"query-input":{"@type":"PropertyValueSpecification","valueRequired":true,"valueName":"search_term_string"}}],"inLanguage":"ca"},{"@type":"Organization","@id":"https:\/\/molinspares.com\/ca\/#organization","name":"Molins & Par\u00e9s - Despacho de Abogados Penalistas en Barcelona","alternateName":"Molins & Par\u00e9s","url":"https:\/\/molinspares.com\/ca\/","logo":{"@type":"ImageObject","inLanguage":"ca","@id":"https:\/\/molinspares.com\/ca\/#\/schema\/logo\/image\/","url":"https:\/\/molinspares.com\/wp-content\/uploads\/logo_MolinsPares-2.jpg","contentUrl":"https:\/\/molinspares.com\/wp-content\/uploads\/logo_MolinsPares-2.jpg","width":512,"height":512,"caption":"Molins & Par\u00e9s - Despacho de Abogados Penalistas en Barcelona"},"image":{"@id":"https:\/\/molinspares.com\/ca\/#\/schema\/logo\/image\/"},"sameAs":["https:\/\/www.facebook.com\/profile.php?id=100067944420137","https:\/\/www.linkedin.com\/in\/molins-pars-penal-compliance-44383b65\/"],"publishingPrinciples":"https:\/\/molinspares.com\/politica-privacidad\/","ownershipFundingInfo":"https:\/\/molinspares.com\/politica-privacidad\/","actionableFeedbackPolicy":"https:\/\/molinspares.com\/politica-privacidad\/","correctionsPolicy":"https:\/\/molinspares.com\/politica-privacidad\/","ethicsPolicy":"https:\/\/molinspares.com\/politica-privacidad\/","diversityPolicy":"https:\/\/molinspares.com\/politica-privacidad\/","diversityStaffingReport":"https:\/\/molinspares.com\/politica-privacidad\/"}]}},"_links":{"self":[{"href":"https:\/\/molinspares.com\/ca\/wp-json\/wp\/v2\/pages\/7126","targetHints":{"allow":["GET"]}}],"collection":[{"href":"https:\/\/molinspares.com\/ca\/wp-json\/wp\/v2\/pages"}],"about":[{"href":"https:\/\/molinspares.com\/ca\/wp-json\/wp\/v2\/types\/page"}],"author":[{"embeddable":true,"href":"https:\/\/molinspares.com\/ca\/wp-json\/wp\/v2\/users\/1"}],"replies":[{"embeddable":true,"href":"https:\/\/molinspares.com\/ca\/wp-json\/wp\/v2\/comments?post=7126"}],"version-history":[{"count":3,"href":"https:\/\/molinspares.com\/ca\/wp-json\/wp\/v2\/pages\/7126\/revisions"}],"predecessor-version":[{"id":7855,"href":"https:\/\/molinspares.com\/ca\/wp-json\/wp\/v2\/pages\/7126\/revisions\/7855"}],"wp:featuredmedia":[{"embeddable":true,"href":"https:\/\/molinspares.com\/ca\/wp-json\/wp\/v2\/media\/5961"}],"wp:attachment":[{"href":"https:\/\/molinspares.com\/ca\/wp-json\/wp\/v2\/media?parent=7126"}],"wp:term":[{"taxonomy":"category","embeddable":true,"href":"https:\/\/molinspares.com\/ca\/wp-json\/wp\/v2\/categories?post=7126"},{"taxonomy":"post_tag","embeddable":true,"href":"https:\/\/molinspares.com\/ca\/wp-json\/wp\/v2\/tags?post=7126"}],"curies":[{"name":"wp","href":"https:\/\/api.w.org\/{rel}","templated":true}]}}