{"id":7113,"date":"2023-10-20T12:45:10","date_gmt":"2023-10-20T10:45:10","guid":{"rendered":"https:\/\/molinspares.com\/delictes-contra-lordre-public\/"},"modified":"2025-07-01T11:45:03","modified_gmt":"2025-07-01T09:45:03","slug":"delictes-contra-lordre-public","status":"publish","type":"page","link":"https:\/\/molinspares.com\/ca\/delictes-contra-lordre-public\/","title":{"rendered":"Delictes contra l&#8217;ordre p\u00fablic"},"content":{"rendered":"\n<ul class=\"wp-block-list\">\n<li><strong>DELICTE D&#8217;ATEMPTAT CONTRA L&#8217;AUTORITAT<\/strong> <strong>(arts. 550 a 556 CP):<\/strong> Consisteix a agredir o resistir-se (amb intimidaci\u00f3 greu o viol\u00e8ncia) a l&#8217;autoritat, els seus agents o funcionaris p\u00fablics en l&#8217;exercici de les seves funcions.<\/li>\n\n\n\n<li><strong>DELICTE DE TINEN\u00c7A IL\u00b7L\u00cdCITA D&#8217;ARMES<\/strong> <strong>(arts. 563 a 570 CP):<\/strong> Consisteix en la tinen\u00e7a d&#8217;armes la possessi\u00f3 de les quals la llei prohibeix, aix\u00ed com d&#8217;armes reglament\u00e0ries que vegin modificades les seves caracter\u00edstiques de fabricaci\u00f3.  <\/li>\n\n\n\n<li><strong>DELICTE D&#8217;ORGANITZACI\u00d3 CRIMINAL<\/strong> <strong>(art. 570 bis):<\/strong> Castiga aquelles agrupacions formades per m\u00e9s de dues persones que, de manera concertada i coordinada, es reparteixin diverses tasques o funcions per tal de cometre delictes.<\/li>\n\n\n\n<li><strong>DELICTE D&#8217;ENNALITZAMENT AL TERRORISME<\/strong> <strong>(art. 578 CP):<\/strong> Consisteix a lloar o justificar p\u00fablicament els actes de car\u00e0cter terrorista. S&#8217;inclouen en aquest delicte els actes de menyspreu o humiliaci\u00f3 de les v\u00edctimes de delictes terroristes o dels familiars.  <strong> <\/strong><\/li>\n<\/ul>\n","protected":false},"excerpt":{"rendered":"<p>Text Destacat lorem ipsum dolor sit amet, consectetuer adipiscing eli adipiscing elit.<\/p>\n","protected":false},"author":1,"featured_media":5961,"parent":0,"menu_order":61,"comment_status":"closed","ping_status":"closed","template":"","meta":{"footnotes":""},"categories":[161],"tags":[],"class_list":["post-7113","page","type-page","status-publish","has-post-thumbnail","hentry","category-defensa-penal-ca"],"yoast_head":"<!-- This site is optimized with the Yoast SEO Premium plugin v26.1 (Yoast SEO v27.2) - https:\/\/yoast.com\/product\/yoast-seo-premium-wordpress\/ -->\n<title>Advocat Delictes Ordre P\u00fablic Barcelona | Molis Par\u00e9s<\/title>\n<meta name=\"description\" content=\"Molis Par\u00e9s \u00e9s un despatx d&#039;advocats a Barcelona especialitzat en delictes contra l&#039;ordre p\u00fablic. Defensem la seguretat i tranquil\u00b7litat de la societat. Contacta&#039;ns ara!\" \/>\n<meta name=\"robots\" content=\"index, follow, max-snippet:-1, max-image-preview:large, max-video-preview:-1\" \/>\n<link rel=\"canonical\" href=\"https:\/\/molinspares.com\/ca\/delictes-contra-lordre-public\/\" \/>\n<meta property=\"og:locale\" content=\"ca_ES\" \/>\n<meta property=\"og:type\" content=\"article\" \/>\n<meta property=\"og:title\" content=\"Delictes contra l&#039;ordre p\u00fablic\" \/>\n<meta property=\"og:description\" content=\"Molis Par\u00e9s \u00e9s un despatx d&#039;advocats a Barcelona especialitzat en delictes contra l&#039;ordre p\u00fablic. Defensem la seguretat i tranquil\u00b7litat de la societat. Contacta&#039;ns ara!\" \/>\n<meta property=\"og:url\" content=\"https:\/\/molinspares.com\/ca\/delictes-contra-lordre-public\/\" \/>\n<meta property=\"og:site_name\" content=\"Molins Par\u00e9s - Despacho de Abogados Penalistas en Barcelona | Excelencia y Privacidad\" \/>\n<meta property=\"article:publisher\" content=\"https:\/\/www.facebook.com\/profile.php?id=100067944420137\" \/>\n<meta property=\"article:modified_time\" content=\"2025-07-01T09:45:03+00:00\" \/>\n<meta property=\"og:image\" content=\"https:\/\/molinspares.com\/wp-content\/uploads\/Delitos-contra-el-patrimonio-y-contra-el-orden-socio-economico.jpg\" \/>\n\t<meta property=\"og:image:width\" content=\"600\" \/>\n\t<meta property=\"og:image:height\" content=\"900\" \/>\n\t<meta property=\"og:image:type\" content=\"image\/jpeg\" \/>\n<meta name=\"twitter:card\" content=\"summary_large_image\" \/>\n<meta name=\"twitter:label1\" content=\"Temps estimat de lectura\" \/>\n\t<meta name=\"twitter:data1\" content=\"1 minut\" \/>\n<script type=\"application\/ld+json\" class=\"yoast-schema-graph\">{\"@context\":\"https:\/\/schema.org\",\"@graph\":[{\"@type\":\"WebPage\",\"@id\":\"https:\/\/molinspares.com\/ca\/delictes-contra-lordre-public\/\",\"url\":\"https:\/\/molinspares.com\/ca\/delictes-contra-lordre-public\/\",\"name\":\"Advocat Delictes Ordre P\u00fablic Barcelona | Molis Par\u00e9s\",\"isPartOf\":{\"@id\":\"https:\/\/molinspares.com\/ca\/#website\"},\"primaryImageOfPage\":{\"@id\":\"https:\/\/molinspares.com\/ca\/delictes-contra-lordre-public\/#primaryimage\"},\"image\":{\"@id\":\"https:\/\/molinspares.com\/ca\/delictes-contra-lordre-public\/#primaryimage\"},\"thumbnailUrl\":\"https:\/\/molinspares.com\/wp-content\/uploads\/Delitos-contra-el-patrimonio-y-contra-el-orden-socio-economico.jpg\",\"datePublished\":\"2023-10-20T10:45:10+00:00\",\"dateModified\":\"2025-07-01T09:45:03+00:00\",\"description\":\"Molis Par\u00e9s \u00e9s un despatx d'advocats a Barcelona especialitzat en delictes contra l'ordre p\u00fablic. Defensem la seguretat i tranquil\u00b7litat de la societat. Contacta'ns ara!\",\"breadcrumb\":{\"@id\":\"https:\/\/molinspares.com\/ca\/delictes-contra-lordre-public\/#breadcrumb\"},\"inLanguage\":\"ca\",\"potentialAction\":[{\"@type\":\"ReadAction\",\"target\":[\"https:\/\/molinspares.com\/ca\/delictes-contra-lordre-public\/\"]}]},{\"@type\":\"ImageObject\",\"inLanguage\":\"ca\",\"@id\":\"https:\/\/molinspares.com\/ca\/delictes-contra-lordre-public\/#primaryimage\",\"url\":\"https:\/\/molinspares.com\/wp-content\/uploads\/Delitos-contra-el-patrimonio-y-contra-el-orden-socio-economico.jpg\",\"contentUrl\":\"https:\/\/molinspares.com\/wp-content\/uploads\/Delitos-contra-el-patrimonio-y-contra-el-orden-socio-economico.jpg\",\"width\":600,\"height\":900},{\"@type\":\"BreadcrumbList\",\"@id\":\"https:\/\/molinspares.com\/ca\/delictes-contra-lordre-public\/#breadcrumb\",\"itemListElement\":[{\"@type\":\"ListItem\",\"position\":1,\"name\":\"Portada\",\"item\":\"https:\/\/molinspares.com\/ca\/\"},{\"@type\":\"ListItem\",\"position\":2,\"name\":\"Delictes contra l&#8217;ordre p\u00fablic\"}]},{\"@type\":\"WebSite\",\"@id\":\"https:\/\/molinspares.com\/ca\/#website\",\"url\":\"https:\/\/molinspares.com\/ca\/\",\"name\":\"Molins & Par\u00e9s - Despacho de Abogados Penalistas en Barcelona\",\"description\":\"En Molins &amp; Par\u00e9s somos especialistas en derecho penal. Garantizamos la privacidad del cliente y la m\u00e1xima excelencia en cada caso. \u00a1Cont\u00e1ctanos!\",\"publisher\":{\"@id\":\"https:\/\/molinspares.com\/ca\/#organization\"},\"alternateName\":\"Molins & Par\u00e9s\",\"potentialAction\":[{\"@type\":\"SearchAction\",\"target\":{\"@type\":\"EntryPoint\",\"urlTemplate\":\"https:\/\/molinspares.com\/ca\/?s={search_term_string}\"},\"query-input\":{\"@type\":\"PropertyValueSpecification\",\"valueRequired\":true,\"valueName\":\"search_term_string\"}}],\"inLanguage\":\"ca\"},{\"@type\":\"Organization\",\"@id\":\"https:\/\/molinspares.com\/ca\/#organization\",\"name\":\"Molins & Par\u00e9s - Despacho de Abogados Penalistas en Barcelona\",\"alternateName\":\"Molins & Par\u00e9s\",\"url\":\"https:\/\/molinspares.com\/ca\/\",\"logo\":{\"@type\":\"ImageObject\",\"inLanguage\":\"ca\",\"@id\":\"https:\/\/molinspares.com\/ca\/#\/schema\/logo\/image\/\",\"url\":\"https:\/\/molinspares.com\/wp-content\/uploads\/logo_MolinsPares-2.jpg\",\"contentUrl\":\"https:\/\/molinspares.com\/wp-content\/uploads\/logo_MolinsPares-2.jpg\",\"width\":512,\"height\":512,\"caption\":\"Molins & Par\u00e9s - Despacho de Abogados Penalistas en Barcelona\"},\"image\":{\"@id\":\"https:\/\/molinspares.com\/ca\/#\/schema\/logo\/image\/\"},\"sameAs\":[\"https:\/\/www.facebook.com\/profile.php?id=100067944420137\",\"https:\/\/www.linkedin.com\/in\/molins-pars-penal-compliance-44383b65\/\"],\"publishingPrinciples\":\"https:\/\/molinspares.com\/politica-privacidad\/\",\"ownershipFundingInfo\":\"https:\/\/molinspares.com\/politica-privacidad\/\",\"actionableFeedbackPolicy\":\"https:\/\/molinspares.com\/politica-privacidad\/\",\"correctionsPolicy\":\"https:\/\/molinspares.com\/politica-privacidad\/\",\"ethicsPolicy\":\"https:\/\/molinspares.com\/politica-privacidad\/\",\"diversityPolicy\":\"https:\/\/molinspares.com\/politica-privacidad\/\",\"diversityStaffingReport\":\"https:\/\/molinspares.com\/politica-privacidad\/\"}]}<\/script>\n<!-- \/ Yoast SEO Premium plugin. -->","yoast_head_json":{"title":"Advocat Delictes Ordre P\u00fablic Barcelona | Molis Par\u00e9s","description":"Molis Par\u00e9s \u00e9s un despatx d'advocats a Barcelona especialitzat en delictes contra l'ordre p\u00fablic. Defensem la seguretat i tranquil\u00b7litat de la societat. Contacta'ns ara!","robots":{"index":"index","follow":"follow","max-snippet":"max-snippet:-1","max-image-preview":"max-image-preview:large","max-video-preview":"max-video-preview:-1"},"canonical":"https:\/\/molinspares.com\/ca\/delictes-contra-lordre-public\/","og_locale":"ca_ES","og_type":"article","og_title":"Delictes contra l'ordre p\u00fablic","og_description":"Molis Par\u00e9s \u00e9s un despatx d'advocats a Barcelona especialitzat en delictes contra l'ordre p\u00fablic. Defensem la seguretat i tranquil\u00b7litat de la societat. Contacta'ns ara!","og_url":"https:\/\/molinspares.com\/ca\/delictes-contra-lordre-public\/","og_site_name":"Molins Par\u00e9s - Despacho de Abogados Penalistas en Barcelona | Excelencia y Privacidad","article_publisher":"https:\/\/www.facebook.com\/profile.php?id=100067944420137","article_modified_time":"2025-07-01T09:45:03+00:00","og_image":[{"width":600,"height":900,"url":"https:\/\/molinspares.com\/wp-content\/uploads\/Delitos-contra-el-patrimonio-y-contra-el-orden-socio-economico.jpg","type":"image\/jpeg"}],"twitter_card":"summary_large_image","twitter_misc":{"Temps estimat de lectura":"1 minut"},"schema":{"@context":"https:\/\/schema.org","@graph":[{"@type":"WebPage","@id":"https:\/\/molinspares.com\/ca\/delictes-contra-lordre-public\/","url":"https:\/\/molinspares.com\/ca\/delictes-contra-lordre-public\/","name":"Advocat Delictes Ordre P\u00fablic Barcelona | Molis Par\u00e9s","isPartOf":{"@id":"https:\/\/molinspares.com\/ca\/#website"},"primaryImageOfPage":{"@id":"https:\/\/molinspares.com\/ca\/delictes-contra-lordre-public\/#primaryimage"},"image":{"@id":"https:\/\/molinspares.com\/ca\/delictes-contra-lordre-public\/#primaryimage"},"thumbnailUrl":"https:\/\/molinspares.com\/wp-content\/uploads\/Delitos-contra-el-patrimonio-y-contra-el-orden-socio-economico.jpg","datePublished":"2023-10-20T10:45:10+00:00","dateModified":"2025-07-01T09:45:03+00:00","description":"Molis Par\u00e9s \u00e9s un despatx d'advocats a Barcelona especialitzat en delictes contra l'ordre p\u00fablic. Defensem la seguretat i tranquil\u00b7litat de la societat. Contacta'ns ara!","breadcrumb":{"@id":"https:\/\/molinspares.com\/ca\/delictes-contra-lordre-public\/#breadcrumb"},"inLanguage":"ca","potentialAction":[{"@type":"ReadAction","target":["https:\/\/molinspares.com\/ca\/delictes-contra-lordre-public\/"]}]},{"@type":"ImageObject","inLanguage":"ca","@id":"https:\/\/molinspares.com\/ca\/delictes-contra-lordre-public\/#primaryimage","url":"https:\/\/molinspares.com\/wp-content\/uploads\/Delitos-contra-el-patrimonio-y-contra-el-orden-socio-economico.jpg","contentUrl":"https:\/\/molinspares.com\/wp-content\/uploads\/Delitos-contra-el-patrimonio-y-contra-el-orden-socio-economico.jpg","width":600,"height":900},{"@type":"BreadcrumbList","@id":"https:\/\/molinspares.com\/ca\/delictes-contra-lordre-public\/#breadcrumb","itemListElement":[{"@type":"ListItem","position":1,"name":"Portada","item":"https:\/\/molinspares.com\/ca\/"},{"@type":"ListItem","position":2,"name":"Delictes contra l&#8217;ordre p\u00fablic"}]},{"@type":"WebSite","@id":"https:\/\/molinspares.com\/ca\/#website","url":"https:\/\/molinspares.com\/ca\/","name":"Molins & Par\u00e9s - Despacho de Abogados Penalistas en Barcelona","description":"En Molins &amp; Par\u00e9s somos especialistas en derecho penal. Garantizamos la privacidad del cliente y la m\u00e1xima excelencia en cada caso. \u00a1Cont\u00e1ctanos!","publisher":{"@id":"https:\/\/molinspares.com\/ca\/#organization"},"alternateName":"Molins & Par\u00e9s","potentialAction":[{"@type":"SearchAction","target":{"@type":"EntryPoint","urlTemplate":"https:\/\/molinspares.com\/ca\/?s={search_term_string}"},"query-input":{"@type":"PropertyValueSpecification","valueRequired":true,"valueName":"search_term_string"}}],"inLanguage":"ca"},{"@type":"Organization","@id":"https:\/\/molinspares.com\/ca\/#organization","name":"Molins & Par\u00e9s - Despacho de Abogados Penalistas en Barcelona","alternateName":"Molins & Par\u00e9s","url":"https:\/\/molinspares.com\/ca\/","logo":{"@type":"ImageObject","inLanguage":"ca","@id":"https:\/\/molinspares.com\/ca\/#\/schema\/logo\/image\/","url":"https:\/\/molinspares.com\/wp-content\/uploads\/logo_MolinsPares-2.jpg","contentUrl":"https:\/\/molinspares.com\/wp-content\/uploads\/logo_MolinsPares-2.jpg","width":512,"height":512,"caption":"Molins & Par\u00e9s - Despacho de Abogados Penalistas en Barcelona"},"image":{"@id":"https:\/\/molinspares.com\/ca\/#\/schema\/logo\/image\/"},"sameAs":["https:\/\/www.facebook.com\/profile.php?id=100067944420137","https:\/\/www.linkedin.com\/in\/molins-pars-penal-compliance-44383b65\/"],"publishingPrinciples":"https:\/\/molinspares.com\/politica-privacidad\/","ownershipFundingInfo":"https:\/\/molinspares.com\/politica-privacidad\/","actionableFeedbackPolicy":"https:\/\/molinspares.com\/politica-privacidad\/","correctionsPolicy":"https:\/\/molinspares.com\/politica-privacidad\/","ethicsPolicy":"https:\/\/molinspares.com\/politica-privacidad\/","diversityPolicy":"https:\/\/molinspares.com\/politica-privacidad\/","diversityStaffingReport":"https:\/\/molinspares.com\/politica-privacidad\/"}]}},"_links":{"self":[{"href":"https:\/\/molinspares.com\/ca\/wp-json\/wp\/v2\/pages\/7113","targetHints":{"allow":["GET"]}}],"collection":[{"href":"https:\/\/molinspares.com\/ca\/wp-json\/wp\/v2\/pages"}],"about":[{"href":"https:\/\/molinspares.com\/ca\/wp-json\/wp\/v2\/types\/page"}],"author":[{"embeddable":true,"href":"https:\/\/molinspares.com\/ca\/wp-json\/wp\/v2\/users\/1"}],"replies":[{"embeddable":true,"href":"https:\/\/molinspares.com\/ca\/wp-json\/wp\/v2\/comments?post=7113"}],"version-history":[{"count":3,"href":"https:\/\/molinspares.com\/ca\/wp-json\/wp\/v2\/pages\/7113\/revisions"}],"predecessor-version":[{"id":7853,"href":"https:\/\/molinspares.com\/ca\/wp-json\/wp\/v2\/pages\/7113\/revisions\/7853"}],"wp:featuredmedia":[{"embeddable":true,"href":"https:\/\/molinspares.com\/ca\/wp-json\/wp\/v2\/media\/5961"}],"wp:attachment":[{"href":"https:\/\/molinspares.com\/ca\/wp-json\/wp\/v2\/media?parent=7113"}],"wp:term":[{"taxonomy":"category","embeddable":true,"href":"https:\/\/molinspares.com\/ca\/wp-json\/wp\/v2\/categories?post=7113"},{"taxonomy":"post_tag","embeddable":true,"href":"https:\/\/molinspares.com\/ca\/wp-json\/wp\/v2\/tags?post=7113"}],"curies":[{"name":"wp","href":"https:\/\/api.w.org\/{rel}","templated":true}]}}