{"id":7096,"date":"2023-10-20T12:44:36","date_gmt":"2023-10-20T10:44:36","guid":{"rendered":"https:\/\/molinspares.com\/delictes-relatius-a-lexercici-dels-drets-fonamentals-i-les-llibertats-publiques\/"},"modified":"2025-07-01T11:43:00","modified_gmt":"2025-07-01T09:43:00","slug":"delictes-relatius-a-lexercici-dels-drets-fonamentals-i-les-llibertats-publiques","status":"publish","type":"page","link":"https:\/\/molinspares.com\/ca\/delictes-relatius-a-lexercici-dels-drets-fonamentals-i-les-llibertats-publiques\/","title":{"rendered":"Delictes relatius a l&#8217;exercici dels drets fonamentals i les llibertats p\u00fabliques"},"content":{"rendered":"\n<ul class=\"wp-block-list\">\n<li><strong>DELICTE D&#8217;ODI<\/strong> <strong>(art. 510 CP):<\/strong> \u00c9s com\u00e8s per qui fomenti, promogui o inciti, p\u00fablicament i de manera directa o indirecta, l&#8217;odi, hostilitat, discriminaci\u00f3 o viol\u00e8ncia cap a un col\u00b7lectiu per motius racistes, antisemites, ideol\u00f2gics, religiosos o creients, per la seva situaci\u00f3 familiar, pertinen\u00e7a a una \u00e8tnia sexual, ra\u00f3 de g\u00e8nere, malaltia o discapacitat.<\/li>\n\n\n\n<li><strong>DELICTE D&#8217;ASSOCIACI\u00d3 IL\u00b7L\u00cdCITA<\/strong> <strong>(art. 515 CP):<\/strong> Castiga les associacions que tenen algun dels fins seg\u00fcents:<br><br>\n<ul class=\"wp-block-list\">\n<li>Les que tinguin com a finalitat cometre algun delicte o, despr\u00e9s de constitu\u00efdes, en promoguin la comissi\u00f3<\/li>\n\n\n\n<li>Les que, tot i tenir per objecte una finalitat l\u00edcita, emprin mitjans violents o d&#8217;alteraci\u00f3 o control de la personalitat per aconseguir-ho<\/li>\n\n\n\n<li>Organitzacions de car\u00e0cter paramilitar (organitzaci\u00f3 civil dotada d&#8217;estructura o disciplina de tipus militar)<\/li>\n\n\n\n<li>Les que fomentin d&#8217;alguna manera el tipus b\u00e0sic del delicte d&#8217;odi del 510.1 descrit anteriorment<\/li>\n<\/ul>\n<\/li>\n<\/ul>\n","protected":false},"excerpt":{"rendered":"<p>Text Destacat lorem ipsum dolor sit amet, consectetuer adipiscing eli adipiscing elit.<\/p>\n","protected":false},"author":1,"featured_media":5961,"parent":0,"menu_order":60,"comment_status":"closed","ping_status":"closed","template":"","meta":{"footnotes":""},"categories":[161],"tags":[],"class_list":["post-7096","page","type-page","status-publish","has-post-thumbnail","hentry","category-defensa-penal-ca"],"yoast_head":"<!-- This site is optimized with the Yoast SEO Premium plugin v26.1 (Yoast SEO v27.2) - https:\/\/yoast.com\/product\/yoast-seo-premium-wordpress\/ -->\n<title>Advocat Delictes Drets Fonamentals Barcelona | Molis Par\u00e9s<\/title>\n<meta name=\"description\" content=\"Molis Par\u00e9s \u00e9s un despatx d\u00b4advocats a Barcelona especialitzat en delictes relatius al\u00b4exercici dels drets fonamentals. Defensem els teus drets i llibertats. Contacta&#039;ns ara!\" \/>\n<meta name=\"robots\" content=\"index, follow, max-snippet:-1, max-image-preview:large, max-video-preview:-1\" \/>\n<link rel=\"canonical\" href=\"https:\/\/molinspares.com\/ca\/delictes-relatius-a-lexercici-dels-drets-fonamentals-i-les-llibertats-publiques\/\" \/>\n<meta property=\"og:locale\" content=\"ca_ES\" \/>\n<meta property=\"og:type\" content=\"article\" \/>\n<meta property=\"og:title\" content=\"Delictes relatius a l&#039;exercici dels drets fonamentals i les llibertats p\u00fabliques\" \/>\n<meta property=\"og:description\" content=\"Molis Par\u00e9s \u00e9s un despatx d\u00b4advocats a Barcelona especialitzat en delictes relatius al\u00b4exercici dels drets fonamentals. Defensem els teus drets i llibertats. Contacta&#039;ns ara!\" \/>\n<meta property=\"og:url\" content=\"https:\/\/molinspares.com\/ca\/delictes-relatius-a-lexercici-dels-drets-fonamentals-i-les-llibertats-publiques\/\" \/>\n<meta property=\"og:site_name\" content=\"Molins Par\u00e9s - Despacho de Abogados Penalistas en Barcelona | Excelencia y Privacidad\" \/>\n<meta property=\"article:publisher\" content=\"https:\/\/www.facebook.com\/profile.php?id=100067944420137\" \/>\n<meta property=\"article:modified_time\" content=\"2025-07-01T09:43:00+00:00\" \/>\n<meta property=\"og:image\" content=\"https:\/\/molinspares.com\/wp-content\/uploads\/Delitos-contra-el-patrimonio-y-contra-el-orden-socio-economico.jpg\" \/>\n\t<meta property=\"og:image:width\" content=\"600\" \/>\n\t<meta property=\"og:image:height\" content=\"900\" \/>\n\t<meta property=\"og:image:type\" content=\"image\/jpeg\" \/>\n<meta name=\"twitter:card\" content=\"summary_large_image\" \/>\n<meta name=\"twitter:label1\" content=\"Temps estimat de lectura\" \/>\n\t<meta name=\"twitter:data1\" content=\"1 minut\" \/>\n<script type=\"application\/ld+json\" class=\"yoast-schema-graph\">{\"@context\":\"https:\/\/schema.org\",\"@graph\":[{\"@type\":\"WebPage\",\"@id\":\"https:\/\/molinspares.com\/ca\/delictes-relatius-a-lexercici-dels-drets-fonamentals-i-les-llibertats-publiques\/\",\"url\":\"https:\/\/molinspares.com\/ca\/delictes-relatius-a-lexercici-dels-drets-fonamentals-i-les-llibertats-publiques\/\",\"name\":\"Advocat Delictes Drets Fonamentals Barcelona | Molis Par\u00e9s\",\"isPartOf\":{\"@id\":\"https:\/\/molinspares.com\/ca\/#website\"},\"primaryImageOfPage\":{\"@id\":\"https:\/\/molinspares.com\/ca\/delictes-relatius-a-lexercici-dels-drets-fonamentals-i-les-llibertats-publiques\/#primaryimage\"},\"image\":{\"@id\":\"https:\/\/molinspares.com\/ca\/delictes-relatius-a-lexercici-dels-drets-fonamentals-i-les-llibertats-publiques\/#primaryimage\"},\"thumbnailUrl\":\"https:\/\/molinspares.com\/wp-content\/uploads\/Delitos-contra-el-patrimonio-y-contra-el-orden-socio-economico.jpg\",\"datePublished\":\"2023-10-20T10:44:36+00:00\",\"dateModified\":\"2025-07-01T09:43:00+00:00\",\"description\":\"Molis Par\u00e9s \u00e9s un despatx d\u00b4advocats a Barcelona especialitzat en delictes relatius al\u00b4exercici dels drets fonamentals. Defensem els teus drets i llibertats. Contacta'ns ara!\",\"breadcrumb\":{\"@id\":\"https:\/\/molinspares.com\/ca\/delictes-relatius-a-lexercici-dels-drets-fonamentals-i-les-llibertats-publiques\/#breadcrumb\"},\"inLanguage\":\"ca\",\"potentialAction\":[{\"@type\":\"ReadAction\",\"target\":[\"https:\/\/molinspares.com\/ca\/delictes-relatius-a-lexercici-dels-drets-fonamentals-i-les-llibertats-publiques\/\"]}]},{\"@type\":\"ImageObject\",\"inLanguage\":\"ca\",\"@id\":\"https:\/\/molinspares.com\/ca\/delictes-relatius-a-lexercici-dels-drets-fonamentals-i-les-llibertats-publiques\/#primaryimage\",\"url\":\"https:\/\/molinspares.com\/wp-content\/uploads\/Delitos-contra-el-patrimonio-y-contra-el-orden-socio-economico.jpg\",\"contentUrl\":\"https:\/\/molinspares.com\/wp-content\/uploads\/Delitos-contra-el-patrimonio-y-contra-el-orden-socio-economico.jpg\",\"width\":600,\"height\":900},{\"@type\":\"BreadcrumbList\",\"@id\":\"https:\/\/molinspares.com\/ca\/delictes-relatius-a-lexercici-dels-drets-fonamentals-i-les-llibertats-publiques\/#breadcrumb\",\"itemListElement\":[{\"@type\":\"ListItem\",\"position\":1,\"name\":\"Portada\",\"item\":\"https:\/\/molinspares.com\/ca\/\"},{\"@type\":\"ListItem\",\"position\":2,\"name\":\"Delictes relatius a l&#8217;exercici dels drets fonamentals i les llibertats p\u00fabliques\"}]},{\"@type\":\"WebSite\",\"@id\":\"https:\/\/molinspares.com\/ca\/#website\",\"url\":\"https:\/\/molinspares.com\/ca\/\",\"name\":\"Molins & Par\u00e9s - Despacho de Abogados Penalistas en Barcelona\",\"description\":\"En Molins &amp; Par\u00e9s somos especialistas en derecho penal. Garantizamos la privacidad del cliente y la m\u00e1xima excelencia en cada caso. \u00a1Cont\u00e1ctanos!\",\"publisher\":{\"@id\":\"https:\/\/molinspares.com\/ca\/#organization\"},\"alternateName\":\"Molins & Par\u00e9s\",\"potentialAction\":[{\"@type\":\"SearchAction\",\"target\":{\"@type\":\"EntryPoint\",\"urlTemplate\":\"https:\/\/molinspares.com\/ca\/?s={search_term_string}\"},\"query-input\":{\"@type\":\"PropertyValueSpecification\",\"valueRequired\":true,\"valueName\":\"search_term_string\"}}],\"inLanguage\":\"ca\"},{\"@type\":\"Organization\",\"@id\":\"https:\/\/molinspares.com\/ca\/#organization\",\"name\":\"Molins & Par\u00e9s - Despacho de Abogados Penalistas en Barcelona\",\"alternateName\":\"Molins & Par\u00e9s\",\"url\":\"https:\/\/molinspares.com\/ca\/\",\"logo\":{\"@type\":\"ImageObject\",\"inLanguage\":\"ca\",\"@id\":\"https:\/\/molinspares.com\/ca\/#\/schema\/logo\/image\/\",\"url\":\"https:\/\/molinspares.com\/wp-content\/uploads\/logo_MolinsPares-2.jpg\",\"contentUrl\":\"https:\/\/molinspares.com\/wp-content\/uploads\/logo_MolinsPares-2.jpg\",\"width\":512,\"height\":512,\"caption\":\"Molins & Par\u00e9s - Despacho de Abogados Penalistas en Barcelona\"},\"image\":{\"@id\":\"https:\/\/molinspares.com\/ca\/#\/schema\/logo\/image\/\"},\"sameAs\":[\"https:\/\/www.facebook.com\/profile.php?id=100067944420137\",\"https:\/\/www.linkedin.com\/in\/molins-pars-penal-compliance-44383b65\/\"],\"publishingPrinciples\":\"https:\/\/molinspares.com\/politica-privacidad\/\",\"ownershipFundingInfo\":\"https:\/\/molinspares.com\/politica-privacidad\/\",\"actionableFeedbackPolicy\":\"https:\/\/molinspares.com\/politica-privacidad\/\",\"correctionsPolicy\":\"https:\/\/molinspares.com\/politica-privacidad\/\",\"ethicsPolicy\":\"https:\/\/molinspares.com\/politica-privacidad\/\",\"diversityPolicy\":\"https:\/\/molinspares.com\/politica-privacidad\/\",\"diversityStaffingReport\":\"https:\/\/molinspares.com\/politica-privacidad\/\"}]}<\/script>\n<!-- \/ Yoast SEO Premium plugin. -->","yoast_head_json":{"title":"Advocat Delictes Drets Fonamentals Barcelona | Molis Par\u00e9s","description":"Molis Par\u00e9s \u00e9s un despatx d\u00b4advocats a Barcelona especialitzat en delictes relatius al\u00b4exercici dels drets fonamentals. Defensem els teus drets i llibertats. Contacta'ns ara!","robots":{"index":"index","follow":"follow","max-snippet":"max-snippet:-1","max-image-preview":"max-image-preview:large","max-video-preview":"max-video-preview:-1"},"canonical":"https:\/\/molinspares.com\/ca\/delictes-relatius-a-lexercici-dels-drets-fonamentals-i-les-llibertats-publiques\/","og_locale":"ca_ES","og_type":"article","og_title":"Delictes relatius a l'exercici dels drets fonamentals i les llibertats p\u00fabliques","og_description":"Molis Par\u00e9s \u00e9s un despatx d\u00b4advocats a Barcelona especialitzat en delictes relatius al\u00b4exercici dels drets fonamentals. Defensem els teus drets i llibertats. Contacta'ns ara!","og_url":"https:\/\/molinspares.com\/ca\/delictes-relatius-a-lexercici-dels-drets-fonamentals-i-les-llibertats-publiques\/","og_site_name":"Molins Par\u00e9s - Despacho de Abogados Penalistas en Barcelona | Excelencia y Privacidad","article_publisher":"https:\/\/www.facebook.com\/profile.php?id=100067944420137","article_modified_time":"2025-07-01T09:43:00+00:00","og_image":[{"width":600,"height":900,"url":"https:\/\/molinspares.com\/wp-content\/uploads\/Delitos-contra-el-patrimonio-y-contra-el-orden-socio-economico.jpg","type":"image\/jpeg"}],"twitter_card":"summary_large_image","twitter_misc":{"Temps estimat de lectura":"1 minut"},"schema":{"@context":"https:\/\/schema.org","@graph":[{"@type":"WebPage","@id":"https:\/\/molinspares.com\/ca\/delictes-relatius-a-lexercici-dels-drets-fonamentals-i-les-llibertats-publiques\/","url":"https:\/\/molinspares.com\/ca\/delictes-relatius-a-lexercici-dels-drets-fonamentals-i-les-llibertats-publiques\/","name":"Advocat Delictes Drets Fonamentals Barcelona | Molis Par\u00e9s","isPartOf":{"@id":"https:\/\/molinspares.com\/ca\/#website"},"primaryImageOfPage":{"@id":"https:\/\/molinspares.com\/ca\/delictes-relatius-a-lexercici-dels-drets-fonamentals-i-les-llibertats-publiques\/#primaryimage"},"image":{"@id":"https:\/\/molinspares.com\/ca\/delictes-relatius-a-lexercici-dels-drets-fonamentals-i-les-llibertats-publiques\/#primaryimage"},"thumbnailUrl":"https:\/\/molinspares.com\/wp-content\/uploads\/Delitos-contra-el-patrimonio-y-contra-el-orden-socio-economico.jpg","datePublished":"2023-10-20T10:44:36+00:00","dateModified":"2025-07-01T09:43:00+00:00","description":"Molis Par\u00e9s \u00e9s un despatx d\u00b4advocats a Barcelona especialitzat en delictes relatius al\u00b4exercici dels drets fonamentals. Defensem els teus drets i llibertats. Contacta'ns ara!","breadcrumb":{"@id":"https:\/\/molinspares.com\/ca\/delictes-relatius-a-lexercici-dels-drets-fonamentals-i-les-llibertats-publiques\/#breadcrumb"},"inLanguage":"ca","potentialAction":[{"@type":"ReadAction","target":["https:\/\/molinspares.com\/ca\/delictes-relatius-a-lexercici-dels-drets-fonamentals-i-les-llibertats-publiques\/"]}]},{"@type":"ImageObject","inLanguage":"ca","@id":"https:\/\/molinspares.com\/ca\/delictes-relatius-a-lexercici-dels-drets-fonamentals-i-les-llibertats-publiques\/#primaryimage","url":"https:\/\/molinspares.com\/wp-content\/uploads\/Delitos-contra-el-patrimonio-y-contra-el-orden-socio-economico.jpg","contentUrl":"https:\/\/molinspares.com\/wp-content\/uploads\/Delitos-contra-el-patrimonio-y-contra-el-orden-socio-economico.jpg","width":600,"height":900},{"@type":"BreadcrumbList","@id":"https:\/\/molinspares.com\/ca\/delictes-relatius-a-lexercici-dels-drets-fonamentals-i-les-llibertats-publiques\/#breadcrumb","itemListElement":[{"@type":"ListItem","position":1,"name":"Portada","item":"https:\/\/molinspares.com\/ca\/"},{"@type":"ListItem","position":2,"name":"Delictes relatius a l&#8217;exercici dels drets fonamentals i les llibertats p\u00fabliques"}]},{"@type":"WebSite","@id":"https:\/\/molinspares.com\/ca\/#website","url":"https:\/\/molinspares.com\/ca\/","name":"Molins & Par\u00e9s - Despacho de Abogados Penalistas en Barcelona","description":"En Molins &amp; Par\u00e9s somos especialistas en derecho penal. Garantizamos la privacidad del cliente y la m\u00e1xima excelencia en cada caso. \u00a1Cont\u00e1ctanos!","publisher":{"@id":"https:\/\/molinspares.com\/ca\/#organization"},"alternateName":"Molins & Par\u00e9s","potentialAction":[{"@type":"SearchAction","target":{"@type":"EntryPoint","urlTemplate":"https:\/\/molinspares.com\/ca\/?s={search_term_string}"},"query-input":{"@type":"PropertyValueSpecification","valueRequired":true,"valueName":"search_term_string"}}],"inLanguage":"ca"},{"@type":"Organization","@id":"https:\/\/molinspares.com\/ca\/#organization","name":"Molins & Par\u00e9s - Despacho de Abogados Penalistas en Barcelona","alternateName":"Molins & Par\u00e9s","url":"https:\/\/molinspares.com\/ca\/","logo":{"@type":"ImageObject","inLanguage":"ca","@id":"https:\/\/molinspares.com\/ca\/#\/schema\/logo\/image\/","url":"https:\/\/molinspares.com\/wp-content\/uploads\/logo_MolinsPares-2.jpg","contentUrl":"https:\/\/molinspares.com\/wp-content\/uploads\/logo_MolinsPares-2.jpg","width":512,"height":512,"caption":"Molins & Par\u00e9s - Despacho de Abogados Penalistas en Barcelona"},"image":{"@id":"https:\/\/molinspares.com\/ca\/#\/schema\/logo\/image\/"},"sameAs":["https:\/\/www.facebook.com\/profile.php?id=100067944420137","https:\/\/www.linkedin.com\/in\/molins-pars-penal-compliance-44383b65\/"],"publishingPrinciples":"https:\/\/molinspares.com\/politica-privacidad\/","ownershipFundingInfo":"https:\/\/molinspares.com\/politica-privacidad\/","actionableFeedbackPolicy":"https:\/\/molinspares.com\/politica-privacidad\/","correctionsPolicy":"https:\/\/molinspares.com\/politica-privacidad\/","ethicsPolicy":"https:\/\/molinspares.com\/politica-privacidad\/","diversityPolicy":"https:\/\/molinspares.com\/politica-privacidad\/","diversityStaffingReport":"https:\/\/molinspares.com\/politica-privacidad\/"}]}},"_links":{"self":[{"href":"https:\/\/molinspares.com\/ca\/wp-json\/wp\/v2\/pages\/7096","targetHints":{"allow":["GET"]}}],"collection":[{"href":"https:\/\/molinspares.com\/ca\/wp-json\/wp\/v2\/pages"}],"about":[{"href":"https:\/\/molinspares.com\/ca\/wp-json\/wp\/v2\/types\/page"}],"author":[{"embeddable":true,"href":"https:\/\/molinspares.com\/ca\/wp-json\/wp\/v2\/users\/1"}],"replies":[{"embeddable":true,"href":"https:\/\/molinspares.com\/ca\/wp-json\/wp\/v2\/comments?post=7096"}],"version-history":[{"count":3,"href":"https:\/\/molinspares.com\/ca\/wp-json\/wp\/v2\/pages\/7096\/revisions"}],"predecessor-version":[{"id":7849,"href":"https:\/\/molinspares.com\/ca\/wp-json\/wp\/v2\/pages\/7096\/revisions\/7849"}],"wp:featuredmedia":[{"embeddable":true,"href":"https:\/\/molinspares.com\/ca\/wp-json\/wp\/v2\/media\/5961"}],"wp:attachment":[{"href":"https:\/\/molinspares.com\/ca\/wp-json\/wp\/v2\/media?parent=7096"}],"wp:term":[{"taxonomy":"category","embeddable":true,"href":"https:\/\/molinspares.com\/ca\/wp-json\/wp\/v2\/categories?post=7096"},{"taxonomy":"post_tag","embeddable":true,"href":"https:\/\/molinspares.com\/ca\/wp-json\/wp\/v2\/tags?post=7096"}],"curies":[{"name":"wp","href":"https:\/\/api.w.org\/{rel}","templated":true}]}}