{"id":7074,"date":"2023-10-20T12:42:35","date_gmt":"2023-10-20T10:42:35","guid":{"rendered":"https:\/\/molinspares.com\/delictes-contra-la-seguretat-viaria\/"},"modified":"2025-07-01T11:29:19","modified_gmt":"2025-07-01T09:29:19","slug":"delictes-contra-la-seguretat-viaria","status":"publish","type":"page","link":"https:\/\/molinspares.com\/ca\/delictes-contra-la-seguretat-viaria\/","title":{"rendered":"Delictes contra la seguretat vi\u00e0ria"},"content":{"rendered":"\n<ul class=\"wp-block-list\">\n<li><strong>DELICTE D&#8217;EXC\u00c9S DE VELOCITAT<\/strong> <strong>(art. 379.1 CP):<\/strong> C\u00e0stig a qui condueix d&#8217;un vehicle de motor o un ciclomotor a una velocitat excessiva. Concretament, qui en vies urbanes supera el l\u00edmit de la velocitat m\u00e0xima a 60 km\/h. i, a 80 km.\/h. la velocitat m\u00e0xima permesa a vies interurbanes.<\/li>\n\n\n\n<li><strong>DELICTE D&#8217;ALCOHOLEMIA<\/strong> <strong>(art. 379.2 CP):<\/strong> Consisteix en la conducci\u00f3 d&#8217;un vehicle de motor o ciclomotor sota la influ\u00e8ncia de drogues o begudes alcoh\u00f2liques. La taxa d&#8217;alcohol espirat (etil\u00f2metre) ha de ser superior a 0,6 mil\u00b7ligrams per litre en aire o una taxa d&#8217; alcohol a la sang superior a 1,2 grams per litre.<\/li>\n\n\n\n<li><strong>DELICTE DE CONDUCCI\u00d3 TEMER\u00c0RIA<\/strong> <strong>(art. 380 CP):<\/strong> Consisteix a generar un perill per a la vida o la integritat de les persones en conduir un vehicle de motor o ciclomotor incomplint les normes de tr\u00e0nsit.<\/li>\n<\/ul>\n","protected":false},"excerpt":{"rendered":"<p>Text Destacat lorem ipsum dolor sit amet, consectetuer adipiscing eli adipiscing elit.<\/p>\n","protected":false},"author":1,"featured_media":5961,"parent":0,"menu_order":56,"comment_status":"closed","ping_status":"closed","template":"","meta":{"footnotes":""},"categories":[161],"tags":[],"class_list":["post-7074","page","type-page","status-publish","has-post-thumbnail","hentry","category-defensa-penal-ca"],"yoast_head":"<!-- This site is optimized with the Yoast SEO Premium plugin v26.1 (Yoast SEO v27.2) - https:\/\/yoast.com\/product\/yoast-seo-premium-wordpress\/ -->\n<title>Advocats Alcohol\u00e8mia i Seguretat Vi\u00e0ria a Barcelona<\/title>\n<meta name=\"description\" content=\"Molins Par\u00e9s, experts en casos d?alcohol\u00e8mia i delictes contra la seguretat vi\u00e0ria a Barcelona. Assessorament legal especialitzat\" \/>\n<meta name=\"robots\" content=\"index, follow, max-snippet:-1, max-image-preview:large, max-video-preview:-1\" \/>\n<link rel=\"canonical\" href=\"https:\/\/molinspares.com\/ca\/delictes-contra-la-seguretat-viaria\/\" \/>\n<meta property=\"og:locale\" content=\"ca_ES\" \/>\n<meta property=\"og:type\" content=\"article\" \/>\n<meta property=\"og:title\" content=\"Delictes contra la seguretat vi\u00e0ria\" \/>\n<meta property=\"og:description\" content=\"Molins Par\u00e9s, experts en casos d?alcohol\u00e8mia i delictes contra la seguretat vi\u00e0ria a Barcelona. Assessorament legal especialitzat\" \/>\n<meta property=\"og:url\" content=\"https:\/\/molinspares.com\/ca\/delictes-contra-la-seguretat-viaria\/\" \/>\n<meta property=\"og:site_name\" content=\"Molins Par\u00e9s - Despacho de Abogados Penalistas en Barcelona | Excelencia y Privacidad\" \/>\n<meta property=\"article:publisher\" content=\"https:\/\/www.facebook.com\/profile.php?id=100067944420137\" \/>\n<meta property=\"article:modified_time\" content=\"2025-07-01T09:29:19+00:00\" \/>\n<meta property=\"og:image\" content=\"https:\/\/molinspares.com\/wp-content\/uploads\/Delitos-contra-el-patrimonio-y-contra-el-orden-socio-economico.jpg\" \/>\n\t<meta property=\"og:image:width\" content=\"600\" \/>\n\t<meta property=\"og:image:height\" content=\"900\" \/>\n\t<meta property=\"og:image:type\" content=\"image\/jpeg\" \/>\n<meta name=\"twitter:card\" content=\"summary_large_image\" \/>\n<meta name=\"twitter:label1\" content=\"Temps estimat de lectura\" \/>\n\t<meta name=\"twitter:data1\" content=\"1 minut\" \/>\n<script type=\"application\/ld+json\" class=\"yoast-schema-graph\">{\"@context\":\"https:\/\/schema.org\",\"@graph\":[{\"@type\":\"WebPage\",\"@id\":\"https:\/\/molinspares.com\/ca\/delictes-contra-la-seguretat-viaria\/\",\"url\":\"https:\/\/molinspares.com\/ca\/delictes-contra-la-seguretat-viaria\/\",\"name\":\"Advocats Alcohol\u00e8mia i Seguretat Vi\u00e0ria a Barcelona\",\"isPartOf\":{\"@id\":\"https:\/\/molinspares.com\/ca\/#website\"},\"primaryImageOfPage\":{\"@id\":\"https:\/\/molinspares.com\/ca\/delictes-contra-la-seguretat-viaria\/#primaryimage\"},\"image\":{\"@id\":\"https:\/\/molinspares.com\/ca\/delictes-contra-la-seguretat-viaria\/#primaryimage\"},\"thumbnailUrl\":\"https:\/\/molinspares.com\/wp-content\/uploads\/Delitos-contra-el-patrimonio-y-contra-el-orden-socio-economico.jpg\",\"datePublished\":\"2023-10-20T10:42:35+00:00\",\"dateModified\":\"2025-07-01T09:29:19+00:00\",\"description\":\"Molins Par\u00e9s, experts en casos d?alcohol\u00e8mia i delictes contra la seguretat vi\u00e0ria a Barcelona. Assessorament legal especialitzat\",\"breadcrumb\":{\"@id\":\"https:\/\/molinspares.com\/ca\/delictes-contra-la-seguretat-viaria\/#breadcrumb\"},\"inLanguage\":\"ca\",\"potentialAction\":[{\"@type\":\"ReadAction\",\"target\":[\"https:\/\/molinspares.com\/ca\/delictes-contra-la-seguretat-viaria\/\"]}]},{\"@type\":\"ImageObject\",\"inLanguage\":\"ca\",\"@id\":\"https:\/\/molinspares.com\/ca\/delictes-contra-la-seguretat-viaria\/#primaryimage\",\"url\":\"https:\/\/molinspares.com\/wp-content\/uploads\/Delitos-contra-el-patrimonio-y-contra-el-orden-socio-economico.jpg\",\"contentUrl\":\"https:\/\/molinspares.com\/wp-content\/uploads\/Delitos-contra-el-patrimonio-y-contra-el-orden-socio-economico.jpg\",\"width\":600,\"height\":900},{\"@type\":\"BreadcrumbList\",\"@id\":\"https:\/\/molinspares.com\/ca\/delictes-contra-la-seguretat-viaria\/#breadcrumb\",\"itemListElement\":[{\"@type\":\"ListItem\",\"position\":1,\"name\":\"Portada\",\"item\":\"https:\/\/molinspares.com\/ca\/\"},{\"@type\":\"ListItem\",\"position\":2,\"name\":\"Delictes contra la seguretat vi\u00e0ria\"}]},{\"@type\":\"WebSite\",\"@id\":\"https:\/\/molinspares.com\/ca\/#website\",\"url\":\"https:\/\/molinspares.com\/ca\/\",\"name\":\"Molins & Par\u00e9s - Despacho de Abogados Penalistas en Barcelona\",\"description\":\"En Molins &amp; Par\u00e9s somos especialistas en derecho penal. Garantizamos la privacidad del cliente y la m\u00e1xima excelencia en cada caso. \u00a1Cont\u00e1ctanos!\",\"publisher\":{\"@id\":\"https:\/\/molinspares.com\/ca\/#organization\"},\"alternateName\":\"Molins & Par\u00e9s\",\"potentialAction\":[{\"@type\":\"SearchAction\",\"target\":{\"@type\":\"EntryPoint\",\"urlTemplate\":\"https:\/\/molinspares.com\/ca\/?s={search_term_string}\"},\"query-input\":{\"@type\":\"PropertyValueSpecification\",\"valueRequired\":true,\"valueName\":\"search_term_string\"}}],\"inLanguage\":\"ca\"},{\"@type\":\"Organization\",\"@id\":\"https:\/\/molinspares.com\/ca\/#organization\",\"name\":\"Molins & Par\u00e9s - Despacho de Abogados Penalistas en Barcelona\",\"alternateName\":\"Molins & Par\u00e9s\",\"url\":\"https:\/\/molinspares.com\/ca\/\",\"logo\":{\"@type\":\"ImageObject\",\"inLanguage\":\"ca\",\"@id\":\"https:\/\/molinspares.com\/ca\/#\/schema\/logo\/image\/\",\"url\":\"https:\/\/molinspares.com\/wp-content\/uploads\/logo_MolinsPares-2.jpg\",\"contentUrl\":\"https:\/\/molinspares.com\/wp-content\/uploads\/logo_MolinsPares-2.jpg\",\"width\":512,\"height\":512,\"caption\":\"Molins & Par\u00e9s - Despacho de Abogados Penalistas en Barcelona\"},\"image\":{\"@id\":\"https:\/\/molinspares.com\/ca\/#\/schema\/logo\/image\/\"},\"sameAs\":[\"https:\/\/www.facebook.com\/profile.php?id=100067944420137\",\"https:\/\/www.linkedin.com\/in\/molins-pars-penal-compliance-44383b65\/\"],\"publishingPrinciples\":\"https:\/\/molinspares.com\/politica-privacidad\/\",\"ownershipFundingInfo\":\"https:\/\/molinspares.com\/politica-privacidad\/\",\"actionableFeedbackPolicy\":\"https:\/\/molinspares.com\/politica-privacidad\/\",\"correctionsPolicy\":\"https:\/\/molinspares.com\/politica-privacidad\/\",\"ethicsPolicy\":\"https:\/\/molinspares.com\/politica-privacidad\/\",\"diversityPolicy\":\"https:\/\/molinspares.com\/politica-privacidad\/\",\"diversityStaffingReport\":\"https:\/\/molinspares.com\/politica-privacidad\/\"}]}<\/script>\n<!-- \/ Yoast SEO Premium plugin. -->","yoast_head_json":{"title":"Advocats Alcohol\u00e8mia i Seguretat Vi\u00e0ria a Barcelona","description":"Molins Par\u00e9s, experts en casos d?alcohol\u00e8mia i delictes contra la seguretat vi\u00e0ria a Barcelona. Assessorament legal especialitzat","robots":{"index":"index","follow":"follow","max-snippet":"max-snippet:-1","max-image-preview":"max-image-preview:large","max-video-preview":"max-video-preview:-1"},"canonical":"https:\/\/molinspares.com\/ca\/delictes-contra-la-seguretat-viaria\/","og_locale":"ca_ES","og_type":"article","og_title":"Delictes contra la seguretat vi\u00e0ria","og_description":"Molins Par\u00e9s, experts en casos d?alcohol\u00e8mia i delictes contra la seguretat vi\u00e0ria a Barcelona. Assessorament legal especialitzat","og_url":"https:\/\/molinspares.com\/ca\/delictes-contra-la-seguretat-viaria\/","og_site_name":"Molins Par\u00e9s - Despacho de Abogados Penalistas en Barcelona | Excelencia y Privacidad","article_publisher":"https:\/\/www.facebook.com\/profile.php?id=100067944420137","article_modified_time":"2025-07-01T09:29:19+00:00","og_image":[{"width":600,"height":900,"url":"https:\/\/molinspares.com\/wp-content\/uploads\/Delitos-contra-el-patrimonio-y-contra-el-orden-socio-economico.jpg","type":"image\/jpeg"}],"twitter_card":"summary_large_image","twitter_misc":{"Temps estimat de lectura":"1 minut"},"schema":{"@context":"https:\/\/schema.org","@graph":[{"@type":"WebPage","@id":"https:\/\/molinspares.com\/ca\/delictes-contra-la-seguretat-viaria\/","url":"https:\/\/molinspares.com\/ca\/delictes-contra-la-seguretat-viaria\/","name":"Advocats Alcohol\u00e8mia i Seguretat Vi\u00e0ria a Barcelona","isPartOf":{"@id":"https:\/\/molinspares.com\/ca\/#website"},"primaryImageOfPage":{"@id":"https:\/\/molinspares.com\/ca\/delictes-contra-la-seguretat-viaria\/#primaryimage"},"image":{"@id":"https:\/\/molinspares.com\/ca\/delictes-contra-la-seguretat-viaria\/#primaryimage"},"thumbnailUrl":"https:\/\/molinspares.com\/wp-content\/uploads\/Delitos-contra-el-patrimonio-y-contra-el-orden-socio-economico.jpg","datePublished":"2023-10-20T10:42:35+00:00","dateModified":"2025-07-01T09:29:19+00:00","description":"Molins Par\u00e9s, experts en casos d?alcohol\u00e8mia i delictes contra la seguretat vi\u00e0ria a Barcelona. Assessorament legal especialitzat","breadcrumb":{"@id":"https:\/\/molinspares.com\/ca\/delictes-contra-la-seguretat-viaria\/#breadcrumb"},"inLanguage":"ca","potentialAction":[{"@type":"ReadAction","target":["https:\/\/molinspares.com\/ca\/delictes-contra-la-seguretat-viaria\/"]}]},{"@type":"ImageObject","inLanguage":"ca","@id":"https:\/\/molinspares.com\/ca\/delictes-contra-la-seguretat-viaria\/#primaryimage","url":"https:\/\/molinspares.com\/wp-content\/uploads\/Delitos-contra-el-patrimonio-y-contra-el-orden-socio-economico.jpg","contentUrl":"https:\/\/molinspares.com\/wp-content\/uploads\/Delitos-contra-el-patrimonio-y-contra-el-orden-socio-economico.jpg","width":600,"height":900},{"@type":"BreadcrumbList","@id":"https:\/\/molinspares.com\/ca\/delictes-contra-la-seguretat-viaria\/#breadcrumb","itemListElement":[{"@type":"ListItem","position":1,"name":"Portada","item":"https:\/\/molinspares.com\/ca\/"},{"@type":"ListItem","position":2,"name":"Delictes contra la seguretat vi\u00e0ria"}]},{"@type":"WebSite","@id":"https:\/\/molinspares.com\/ca\/#website","url":"https:\/\/molinspares.com\/ca\/","name":"Molins & Par\u00e9s - Despacho de Abogados Penalistas en Barcelona","description":"En Molins &amp; Par\u00e9s somos especialistas en derecho penal. Garantizamos la privacidad del cliente y la m\u00e1xima excelencia en cada caso. \u00a1Cont\u00e1ctanos!","publisher":{"@id":"https:\/\/molinspares.com\/ca\/#organization"},"alternateName":"Molins & Par\u00e9s","potentialAction":[{"@type":"SearchAction","target":{"@type":"EntryPoint","urlTemplate":"https:\/\/molinspares.com\/ca\/?s={search_term_string}"},"query-input":{"@type":"PropertyValueSpecification","valueRequired":true,"valueName":"search_term_string"}}],"inLanguage":"ca"},{"@type":"Organization","@id":"https:\/\/molinspares.com\/ca\/#organization","name":"Molins & Par\u00e9s - Despacho de Abogados Penalistas en Barcelona","alternateName":"Molins & Par\u00e9s","url":"https:\/\/molinspares.com\/ca\/","logo":{"@type":"ImageObject","inLanguage":"ca","@id":"https:\/\/molinspares.com\/ca\/#\/schema\/logo\/image\/","url":"https:\/\/molinspares.com\/wp-content\/uploads\/logo_MolinsPares-2.jpg","contentUrl":"https:\/\/molinspares.com\/wp-content\/uploads\/logo_MolinsPares-2.jpg","width":512,"height":512,"caption":"Molins & Par\u00e9s - Despacho de Abogados Penalistas en Barcelona"},"image":{"@id":"https:\/\/molinspares.com\/ca\/#\/schema\/logo\/image\/"},"sameAs":["https:\/\/www.facebook.com\/profile.php?id=100067944420137","https:\/\/www.linkedin.com\/in\/molins-pars-penal-compliance-44383b65\/"],"publishingPrinciples":"https:\/\/molinspares.com\/politica-privacidad\/","ownershipFundingInfo":"https:\/\/molinspares.com\/politica-privacidad\/","actionableFeedbackPolicy":"https:\/\/molinspares.com\/politica-privacidad\/","correctionsPolicy":"https:\/\/molinspares.com\/politica-privacidad\/","ethicsPolicy":"https:\/\/molinspares.com\/politica-privacidad\/","diversityPolicy":"https:\/\/molinspares.com\/politica-privacidad\/","diversityStaffingReport":"https:\/\/molinspares.com\/politica-privacidad\/"}]}},"_links":{"self":[{"href":"https:\/\/molinspares.com\/ca\/wp-json\/wp\/v2\/pages\/7074","targetHints":{"allow":["GET"]}}],"collection":[{"href":"https:\/\/molinspares.com\/ca\/wp-json\/wp\/v2\/pages"}],"about":[{"href":"https:\/\/molinspares.com\/ca\/wp-json\/wp\/v2\/types\/page"}],"author":[{"embeddable":true,"href":"https:\/\/molinspares.com\/ca\/wp-json\/wp\/v2\/users\/1"}],"replies":[{"embeddable":true,"href":"https:\/\/molinspares.com\/ca\/wp-json\/wp\/v2\/comments?post=7074"}],"version-history":[{"count":3,"href":"https:\/\/molinspares.com\/ca\/wp-json\/wp\/v2\/pages\/7074\/revisions"}],"predecessor-version":[{"id":7843,"href":"https:\/\/molinspares.com\/ca\/wp-json\/wp\/v2\/pages\/7074\/revisions\/7843"}],"wp:featuredmedia":[{"embeddable":true,"href":"https:\/\/molinspares.com\/ca\/wp-json\/wp\/v2\/media\/5961"}],"wp:attachment":[{"href":"https:\/\/molinspares.com\/ca\/wp-json\/wp\/v2\/media?parent=7074"}],"wp:term":[{"taxonomy":"category","embeddable":true,"href":"https:\/\/molinspares.com\/ca\/wp-json\/wp\/v2\/categories?post=7074"},{"taxonomy":"post_tag","embeddable":true,"href":"https:\/\/molinspares.com\/ca\/wp-json\/wp\/v2\/tags?post=7074"}],"curies":[{"name":"wp","href":"https:\/\/api.w.org\/{rel}","templated":true}]}}